{"id":54281,"date":"2018-04-16T10:56:07","date_gmt":"2018-04-16T10:56:07","guid":{"rendered":"https:\/\/business.roovi.com\/joc-magnetic-sa-imbracam-papusa-clasic\/p\/"},"modified":"2022-07-13T10:53:23","modified_gmt":"2022-07-13T10:53:23","slug":"habille-la-poupee-jeu-classique-jeu-educatif-magnetique-2","status":"publish","type":"product","link":"https:\/\/business.roovi.com\/fr\/habille-la-poupee-jeu-classique-jeu-educatif-magnetique-2\/p\/","title":{"rendered":"Habille la poup\u00e9e, jeu classique &#8211; Jeu \u00e9ducatif magn\u00e9tique"},"content":{"rendered":"<p>L&rsquo;une des activit\u00e9s les plus appr\u00e9ci\u00e9es des petites filles et pas seulement ! C&rsquo;est un moyen efficace de d\u00e9velopper l&rsquo;imagination. Les enfants sont invit\u00e9s \u00e0 faire preuve de cr\u00e9ativit\u00e9 en confectionnant les plus beaux costumes pour leurs superbes poup\u00e9es \u00e0 l&rsquo;aide des pi\u00e8ces magn\u00e9tiques incluses. Les petits peuvent habiller et accessoiriser les poup\u00e9es en fonction de leur personnalit\u00e9 et de leurs pr\u00e9f\u00e9rences.<\/p>\n","protected":false},"excerpt":{"rendered":"<p>L&rsquo;une des activit\u00e9s les plus appr\u00e9ci\u00e9es des petites filles et pas seulement ! C&rsquo;est un moyen efficace de d\u00e9velopper l&rsquo;imagination.<\/p>\n","protected":false},"featured_media":45012,"template":"","meta":[],"product_brand":[],"product_cat":[2320,2336],"product_tag":[],"class_list":{"0":"post-54281","1":"product","2":"type-product","3":"status-publish","4":"has-post-thumbnail","6":"product_cat-jeux-magnetiques","7":"product_cat-plus-de-categories","8":"pa_bax-10-fr","9":"pa_brand-d_toys-fr","10":"pa_country_of_manufacture-ro-fr","11":"pa_filter_age-3_5-fr","12":"pa_filter_age-5_7-fr","13":"pa_tip_ambalaj-boite","15":"first","16":"instock","17":"taxable","18":"shipping-taxable","19":"product-type-simple"},"yoast_head":"<!-- This site is optimized with the Yoast SEO plugin v20.1 - https:\/\/yoast.com\/wordpress\/plugins\/seo\/ -->\n<title>Habille la poup\u00e9e, jeu classique - Jeu \u00e9ducatif magn\u00e9tique<\/title>\n<meta name=\"description\" content=\"Habille la poup\u00e9e, jeu classique - Jeu \u00e9ducatif magn\u00e9tique\" \/>\n<meta name=\"robots\" content=\"index, follow, max-snippet:-1, max-image-preview:large, max-video-preview:-1\" \/>\n<link rel=\"canonical\" href=\"https:\/\/business.roovi.com\/fr\/habille-la-poupee-jeu-classique-jeu-educatif-magnetique-2\/p\/\" \/>\n<meta property=\"og:locale\" content=\"fr_FR\" \/>\n<meta property=\"og:type\" content=\"article\" \/>\n<meta property=\"og:title\" content=\"Habille la poup\u00e9e, jeu classique - Jeu \u00e9ducatif magn\u00e9tique\" \/>\n<meta property=\"og:description\" content=\"Habille la poup\u00e9e, jeu classique - Jeu \u00e9ducatif magn\u00e9tique\" \/>\n<meta property=\"og:url\" content=\"https:\/\/business.roovi.com\/fr\/habille-la-poupee-jeu-classique-jeu-educatif-magnetique-2\/p\/\" \/>\n<meta property=\"og:site_name\" content=\"Roovi B2B\" \/>\n<meta property=\"article:publisher\" content=\"https:\/\/www.facebook.com\/wwwjucariero\" \/>\n<meta property=\"article:modified_time\" content=\"2022-07-13T10:53:23+00:00\" \/>\n<meta property=\"og:image\" content=\"https:\/\/business.roovi.com\/wp-content\/uploads\/2018\/04\/60662_elo.jpg\" \/>\n\t<meta property=\"og:image:width\" content=\"1200\" \/>\n\t<meta property=\"og:image:height\" content=\"1200\" \/>\n\t<meta property=\"og:image:type\" content=\"image\/jpeg\" \/>\n<script type=\"application\/ld+json\" class=\"yoast-schema-graph\">{\"@context\":\"https:\/\/schema.org\",\"@graph\":[{\"@type\":\"WebPage\",\"@id\":\"https:\/\/business.roovi.com\/fr\/habille-la-poupee-jeu-classique-jeu-educatif-magnetique-2\/p\/\",\"url\":\"https:\/\/business.roovi.com\/fr\/habille-la-poupee-jeu-classique-jeu-educatif-magnetique-2\/p\/\",\"name\":\"Habille la poup\u00e9e, jeu classique - Jeu \u00e9ducatif magn\u00e9tique\",\"isPartOf\":{\"@id\":\"https:\/\/business.roovi.com\/fr\/#website\"},\"datePublished\":\"2018-04-16T10:56:07+00:00\",\"dateModified\":\"2022-07-13T10:53:23+00:00\",\"description\":\"Habille la poup\u00e9e, jeu classique - Jeu \u00e9ducatif magn\u00e9tique\",\"breadcrumb\":{\"@id\":\"https:\/\/business.roovi.com\/fr\/habille-la-poupee-jeu-classique-jeu-educatif-magnetique-2\/p\/#breadcrumb\"},\"inLanguage\":\"fr-FR\",\"potentialAction\":[{\"@type\":\"ReadAction\",\"target\":[\"https:\/\/business.roovi.com\/fr\/habille-la-poupee-jeu-classique-jeu-educatif-magnetique-2\/p\/\"]}]},{\"@type\":\"BreadcrumbList\",\"@id\":\"https:\/\/business.roovi.com\/fr\/habille-la-poupee-jeu-classique-jeu-educatif-magnetique-2\/p\/#breadcrumb\",\"itemListElement\":[{\"@type\":\"ListItem\",\"position\":1,\"name\":\"Home\",\"item\":\"https:\/\/business.roovi.com\/fr\/\"},{\"@type\":\"ListItem\",\"position\":2,\"name\":\"Boutique\",\"item\":\"https:\/\/business.roovi.com\/fr\/boutique\/\"},{\"@type\":\"ListItem\",\"position\":3,\"name\":\"Habille la poup\u00e9e, jeu classique &#8211; Jeu \u00e9ducatif magn\u00e9tique\"}]},{\"@type\":\"WebSite\",\"@id\":\"https:\/\/business.roovi.com\/fr\/#website\",\"url\":\"https:\/\/business.roovi.com\/fr\/\",\"name\":\"Roovi B2B\",\"description\":\"Roovi Business Website\",\"potentialAction\":[{\"@type\":\"SearchAction\",\"target\":{\"@type\":\"EntryPoint\",\"urlTemplate\":\"https:\/\/business.roovi.com\/fr\/?s={search_term_string}\"},\"query-input\":\"required name=search_term_string\"}],\"inLanguage\":\"fr-FR\"}]}<\/script>\n<!-- \/ Yoast SEO plugin. -->","yoast_head_json":{"title":"Habille la poup\u00e9e, jeu classique - Jeu \u00e9ducatif magn\u00e9tique","description":"Habille la poup\u00e9e, jeu classique - Jeu \u00e9ducatif magn\u00e9tique","robots":{"index":"index","follow":"follow","max-snippet":"max-snippet:-1","max-image-preview":"max-image-preview:large","max-video-preview":"max-video-preview:-1"},"canonical":"https:\/\/business.roovi.com\/fr\/habille-la-poupee-jeu-classique-jeu-educatif-magnetique-2\/p\/","og_locale":"fr_FR","og_type":"article","og_title":"Habille la poup\u00e9e, jeu classique - Jeu \u00e9ducatif magn\u00e9tique","og_description":"Habille la poup\u00e9e, jeu classique - Jeu \u00e9ducatif magn\u00e9tique","og_url":"https:\/\/business.roovi.com\/fr\/habille-la-poupee-jeu-classique-jeu-educatif-magnetique-2\/p\/","og_site_name":"Roovi B2B","article_publisher":"https:\/\/www.facebook.com\/wwwjucariero","article_modified_time":"2022-07-13T10:53:23+00:00","og_image":[{"width":1200,"height":1200,"url":"https:\/\/business.roovi.com\/wp-content\/uploads\/2018\/04\/60662_elo.jpg","type":"image\/jpeg"}],"schema":{"@context":"https:\/\/schema.org","@graph":[{"@type":"WebPage","@id":"https:\/\/business.roovi.com\/fr\/habille-la-poupee-jeu-classique-jeu-educatif-magnetique-2\/p\/","url":"https:\/\/business.roovi.com\/fr\/habille-la-poupee-jeu-classique-jeu-educatif-magnetique-2\/p\/","name":"Habille la poup\u00e9e, jeu classique - Jeu \u00e9ducatif magn\u00e9tique","isPartOf":{"@id":"https:\/\/business.roovi.com\/fr\/#website"},"datePublished":"2018-04-16T10:56:07+00:00","dateModified":"2022-07-13T10:53:23+00:00","description":"Habille la poup\u00e9e, jeu classique - Jeu \u00e9ducatif magn\u00e9tique","breadcrumb":{"@id":"https:\/\/business.roovi.com\/fr\/habille-la-poupee-jeu-classique-jeu-educatif-magnetique-2\/p\/#breadcrumb"},"inLanguage":"fr-FR","potentialAction":[{"@type":"ReadAction","target":["https:\/\/business.roovi.com\/fr\/habille-la-poupee-jeu-classique-jeu-educatif-magnetique-2\/p\/"]}]},{"@type":"BreadcrumbList","@id":"https:\/\/business.roovi.com\/fr\/habille-la-poupee-jeu-classique-jeu-educatif-magnetique-2\/p\/#breadcrumb","itemListElement":[{"@type":"ListItem","position":1,"name":"Home","item":"https:\/\/business.roovi.com\/fr\/"},{"@type":"ListItem","position":2,"name":"Boutique","item":"https:\/\/business.roovi.com\/fr\/boutique\/"},{"@type":"ListItem","position":3,"name":"Habille la poup\u00e9e, jeu classique &#8211; Jeu \u00e9ducatif magn\u00e9tique"}]},{"@type":"WebSite","@id":"https:\/\/business.roovi.com\/fr\/#website","url":"https:\/\/business.roovi.com\/fr\/","name":"Roovi B2B","description":"Roovi Business Website","potentialAction":[{"@type":"SearchAction","target":{"@type":"EntryPoint","urlTemplate":"https:\/\/business.roovi.com\/fr\/?s={search_term_string}"},"query-input":"required name=search_term_string"}],"inLanguage":"fr-FR"}]}},"_links":{"self":[{"href":"https:\/\/business.roovi.com\/fr\/wp-json\/wp\/v2\/product\/54281","targetHints":{"allow":["GET"]}}],"collection":[{"href":"https:\/\/business.roovi.com\/fr\/wp-json\/wp\/v2\/product"}],"about":[{"href":"https:\/\/business.roovi.com\/fr\/wp-json\/wp\/v2\/types\/product"}],"version-history":[{"count":0,"href":"https:\/\/business.roovi.com\/fr\/wp-json\/wp\/v2\/product\/54281\/revisions"}],"wp:featuredmedia":[{"embeddable":true,"href":"https:\/\/business.roovi.com\/fr\/wp-json\/wp\/v2\/media\/45012"}],"wp:attachment":[{"href":"https:\/\/business.roovi.com\/fr\/wp-json\/wp\/v2\/media?parent=54281"}],"wp:term":[{"taxonomy":"product_brand","embeddable":true,"href":"https:\/\/business.roovi.com\/fr\/wp-json\/wp\/v2\/product_brand?post=54281"},{"taxonomy":"product_cat","embeddable":true,"href":"https:\/\/business.roovi.com\/fr\/wp-json\/wp\/v2\/product_cat?post=54281"},{"taxonomy":"product_tag","embeddable":true,"href":"https:\/\/business.roovi.com\/fr\/wp-json\/wp\/v2\/product_tag?post=54281"}],"curies":[{"name":"wp","href":"https:\/\/api.w.org\/{rel}","templated":true}]}}