{"id":54287,"date":"2018-04-16T10:56:07","date_gmt":"2018-04-16T10:56:07","guid":{"rendered":"https:\/\/business.roovi.com\/joc-magnetic-sa-construim-scene-animale-domestice-si-salbatice\/p\/"},"modified":"2022-07-13T10:53:25","modified_gmt":"2022-07-13T10:53:25","slug":"jeu-magnetique-scenes-avec-des-animaux-domestiques-et-sauvages-jeu-educatif","status":"publish","type":"product","link":"https:\/\/business.roovi.com\/fr\/jeu-magnetique-scenes-avec-des-animaux-domestiques-et-sauvages-jeu-educatif\/p\/","title":{"rendered":"Jeu magn\u00e9tique Sc\u00e8nes avec des animaux domestiques et sauvages &#8211; Jeu \u00e9ducatif"},"content":{"rendered":"<p>Un jeu \u00e9ducatif magn\u00e9tique qui apprend aux enfants l&rsquo;apparence et le nom des animaux domestiques et sauvages. Les figurines magn\u00e9tiques doivent \u00eatre plac\u00e9es aux bons endroits sur le tableau m\u00e9tallique pour pouvoir cr\u00e9er l&rsquo;image d&rsquo;une ferme et celle d&rsquo;une jungle africaine. Contenu : un tableau m\u00e9tallique \u00e0 2 faces, des figurines magn\u00e9tiques estampill\u00e9es, un support de tableau en bois.<\/p>\n","protected":false},"excerpt":{"rendered":"<p>Un jeu \u00e9ducatif magn\u00e9tique qui apprend aux enfants l&rsquo;apparence et le nom des animaux domestiques et sauvages. Les figurines magn\u00e9tiques<\/p>\n","protected":false},"featured_media":45020,"template":"","meta":[],"product_brand":[],"product_cat":[2320,2336],"product_tag":[],"class_list":{"0":"post-54287","1":"product","2":"type-product","3":"status-publish","4":"has-post-thumbnail","6":"product_cat-jeux-magnetiques","7":"product_cat-plus-de-categories","8":"pa_bax-10-fr","9":"pa_brand-d_toys-fr","10":"pa_country_of_manufacture-ro-fr","11":"pa_filter_age-3_5-fr","12":"pa_filter_age-5_7-fr","13":"pa_tip_ambalaj-boite","15":"first","16":"instock","17":"taxable","18":"shipping-taxable","19":"product-type-simple"},"yoast_head":"<!-- This site is optimized with the Yoast SEO plugin v20.1 - https:\/\/yoast.com\/wordpress\/plugins\/seo\/ -->\n<title>Jeu magn\u00e9tique Sc\u00e8nes avec des animaux domestiques et sauvages - Jeu \u00e9ducatif<\/title>\n<meta name=\"description\" content=\"Jeu magn\u00e9tique Sc\u00e8nes avec des animaux domestiques et sauvages - Jeu \u00e9ducatif\" \/>\n<meta name=\"robots\" content=\"index, follow, max-snippet:-1, max-image-preview:large, max-video-preview:-1\" \/>\n<link rel=\"canonical\" href=\"https:\/\/business.roovi.com\/fr\/jeu-magnetique-scenes-avec-des-animaux-domestiques-et-sauvages-jeu-educatif\/p\/\" \/>\n<meta property=\"og:locale\" content=\"fr_FR\" \/>\n<meta property=\"og:type\" content=\"article\" \/>\n<meta property=\"og:title\" content=\"Jeu magn\u00e9tique Sc\u00e8nes avec des animaux domestiques et sauvages - Jeu \u00e9ducatif\" \/>\n<meta property=\"og:description\" content=\"Jeu magn\u00e9tique Sc\u00e8nes avec des animaux domestiques et sauvages - Jeu \u00e9ducatif\" \/>\n<meta property=\"og:url\" content=\"https:\/\/business.roovi.com\/fr\/jeu-magnetique-scenes-avec-des-animaux-domestiques-et-sauvages-jeu-educatif\/p\/\" \/>\n<meta property=\"og:site_name\" content=\"Roovi B2B\" \/>\n<meta property=\"article:publisher\" content=\"https:\/\/www.facebook.com\/wwwjucariero\" \/>\n<meta property=\"article:modified_time\" content=\"2022-07-13T10:53:25+00:00\" \/>\n<meta property=\"og:image\" content=\"https:\/\/business.roovi.com\/wp-content\/uploads\/2018\/04\/63670_elo.jpg\" \/>\n\t<meta property=\"og:image:width\" content=\"1200\" \/>\n\t<meta property=\"og:image:height\" content=\"1200\" \/>\n\t<meta property=\"og:image:type\" content=\"image\/jpeg\" \/>\n<script type=\"application\/ld+json\" class=\"yoast-schema-graph\">{\"@context\":\"https:\/\/schema.org\",\"@graph\":[{\"@type\":\"WebPage\",\"@id\":\"https:\/\/business.roovi.com\/fr\/jeu-magnetique-scenes-avec-des-animaux-domestiques-et-sauvages-jeu-educatif\/p\/\",\"url\":\"https:\/\/business.roovi.com\/fr\/jeu-magnetique-scenes-avec-des-animaux-domestiques-et-sauvages-jeu-educatif\/p\/\",\"name\":\"Jeu magn\u00e9tique Sc\u00e8nes avec des animaux domestiques et sauvages - Jeu \u00e9ducatif\",\"isPartOf\":{\"@id\":\"https:\/\/business.roovi.com\/fr\/#website\"},\"datePublished\":\"2018-04-16T10:56:07+00:00\",\"dateModified\":\"2022-07-13T10:53:25+00:00\",\"description\":\"Jeu magn\u00e9tique Sc\u00e8nes avec des animaux domestiques et sauvages - Jeu \u00e9ducatif\",\"breadcrumb\":{\"@id\":\"https:\/\/business.roovi.com\/fr\/jeu-magnetique-scenes-avec-des-animaux-domestiques-et-sauvages-jeu-educatif\/p\/#breadcrumb\"},\"inLanguage\":\"fr-FR\",\"potentialAction\":[{\"@type\":\"ReadAction\",\"target\":[\"https:\/\/business.roovi.com\/fr\/jeu-magnetique-scenes-avec-des-animaux-domestiques-et-sauvages-jeu-educatif\/p\/\"]}]},{\"@type\":\"BreadcrumbList\",\"@id\":\"https:\/\/business.roovi.com\/fr\/jeu-magnetique-scenes-avec-des-animaux-domestiques-et-sauvages-jeu-educatif\/p\/#breadcrumb\",\"itemListElement\":[{\"@type\":\"ListItem\",\"position\":1,\"name\":\"Home\",\"item\":\"https:\/\/business.roovi.com\/fr\/\"},{\"@type\":\"ListItem\",\"position\":2,\"name\":\"Boutique\",\"item\":\"https:\/\/business.roovi.com\/fr\/boutique\/\"},{\"@type\":\"ListItem\",\"position\":3,\"name\":\"Jeu magn\u00e9tique Sc\u00e8nes avec des animaux domestiques et sauvages &#8211; Jeu \u00e9ducatif\"}]},{\"@type\":\"WebSite\",\"@id\":\"https:\/\/business.roovi.com\/fr\/#website\",\"url\":\"https:\/\/business.roovi.com\/fr\/\",\"name\":\"Roovi B2B\",\"description\":\"Roovi Business Website\",\"potentialAction\":[{\"@type\":\"SearchAction\",\"target\":{\"@type\":\"EntryPoint\",\"urlTemplate\":\"https:\/\/business.roovi.com\/fr\/?s={search_term_string}\"},\"query-input\":\"required name=search_term_string\"}],\"inLanguage\":\"fr-FR\"}]}<\/script>\n<!-- \/ Yoast SEO plugin. -->","yoast_head_json":{"title":"Jeu magn\u00e9tique Sc\u00e8nes avec des animaux domestiques et sauvages - Jeu \u00e9ducatif","description":"Jeu magn\u00e9tique Sc\u00e8nes avec des animaux domestiques et sauvages - Jeu \u00e9ducatif","robots":{"index":"index","follow":"follow","max-snippet":"max-snippet:-1","max-image-preview":"max-image-preview:large","max-video-preview":"max-video-preview:-1"},"canonical":"https:\/\/business.roovi.com\/fr\/jeu-magnetique-scenes-avec-des-animaux-domestiques-et-sauvages-jeu-educatif\/p\/","og_locale":"fr_FR","og_type":"article","og_title":"Jeu magn\u00e9tique Sc\u00e8nes avec des animaux domestiques et sauvages - Jeu \u00e9ducatif","og_description":"Jeu magn\u00e9tique Sc\u00e8nes avec des animaux domestiques et sauvages - Jeu \u00e9ducatif","og_url":"https:\/\/business.roovi.com\/fr\/jeu-magnetique-scenes-avec-des-animaux-domestiques-et-sauvages-jeu-educatif\/p\/","og_site_name":"Roovi B2B","article_publisher":"https:\/\/www.facebook.com\/wwwjucariero","article_modified_time":"2022-07-13T10:53:25+00:00","og_image":[{"width":1200,"height":1200,"url":"https:\/\/business.roovi.com\/wp-content\/uploads\/2018\/04\/63670_elo.jpg","type":"image\/jpeg"}],"schema":{"@context":"https:\/\/schema.org","@graph":[{"@type":"WebPage","@id":"https:\/\/business.roovi.com\/fr\/jeu-magnetique-scenes-avec-des-animaux-domestiques-et-sauvages-jeu-educatif\/p\/","url":"https:\/\/business.roovi.com\/fr\/jeu-magnetique-scenes-avec-des-animaux-domestiques-et-sauvages-jeu-educatif\/p\/","name":"Jeu magn\u00e9tique Sc\u00e8nes avec des animaux domestiques et sauvages - Jeu \u00e9ducatif","isPartOf":{"@id":"https:\/\/business.roovi.com\/fr\/#website"},"datePublished":"2018-04-16T10:56:07+00:00","dateModified":"2022-07-13T10:53:25+00:00","description":"Jeu magn\u00e9tique Sc\u00e8nes avec des animaux domestiques et sauvages - Jeu \u00e9ducatif","breadcrumb":{"@id":"https:\/\/business.roovi.com\/fr\/jeu-magnetique-scenes-avec-des-animaux-domestiques-et-sauvages-jeu-educatif\/p\/#breadcrumb"},"inLanguage":"fr-FR","potentialAction":[{"@type":"ReadAction","target":["https:\/\/business.roovi.com\/fr\/jeu-magnetique-scenes-avec-des-animaux-domestiques-et-sauvages-jeu-educatif\/p\/"]}]},{"@type":"BreadcrumbList","@id":"https:\/\/business.roovi.com\/fr\/jeu-magnetique-scenes-avec-des-animaux-domestiques-et-sauvages-jeu-educatif\/p\/#breadcrumb","itemListElement":[{"@type":"ListItem","position":1,"name":"Home","item":"https:\/\/business.roovi.com\/fr\/"},{"@type":"ListItem","position":2,"name":"Boutique","item":"https:\/\/business.roovi.com\/fr\/boutique\/"},{"@type":"ListItem","position":3,"name":"Jeu magn\u00e9tique Sc\u00e8nes avec des animaux domestiques et sauvages &#8211; Jeu \u00e9ducatif"}]},{"@type":"WebSite","@id":"https:\/\/business.roovi.com\/fr\/#website","url":"https:\/\/business.roovi.com\/fr\/","name":"Roovi B2B","description":"Roovi Business Website","potentialAction":[{"@type":"SearchAction","target":{"@type":"EntryPoint","urlTemplate":"https:\/\/business.roovi.com\/fr\/?s={search_term_string}"},"query-input":"required name=search_term_string"}],"inLanguage":"fr-FR"}]}},"_links":{"self":[{"href":"https:\/\/business.roovi.com\/fr\/wp-json\/wp\/v2\/product\/54287","targetHints":{"allow":["GET"]}}],"collection":[{"href":"https:\/\/business.roovi.com\/fr\/wp-json\/wp\/v2\/product"}],"about":[{"href":"https:\/\/business.roovi.com\/fr\/wp-json\/wp\/v2\/types\/product"}],"version-history":[{"count":0,"href":"https:\/\/business.roovi.com\/fr\/wp-json\/wp\/v2\/product\/54287\/revisions"}],"wp:featuredmedia":[{"embeddable":true,"href":"https:\/\/business.roovi.com\/fr\/wp-json\/wp\/v2\/media\/45020"}],"wp:attachment":[{"href":"https:\/\/business.roovi.com\/fr\/wp-json\/wp\/v2\/media?parent=54287"}],"wp:term":[{"taxonomy":"product_brand","embeddable":true,"href":"https:\/\/business.roovi.com\/fr\/wp-json\/wp\/v2\/product_brand?post=54287"},{"taxonomy":"product_cat","embeddable":true,"href":"https:\/\/business.roovi.com\/fr\/wp-json\/wp\/v2\/product_cat?post=54287"},{"taxonomy":"product_tag","embeddable":true,"href":"https:\/\/business.roovi.com\/fr\/wp-json\/wp\/v2\/product_tag?post=54287"}],"curies":[{"name":"wp","href":"https:\/\/api.w.org\/{rel}","templated":true}]}}