{"id":54362,"date":"2018-04-16T10:56:07","date_gmt":"2018-04-16T10:56:07","guid":{"rendered":"https:\/\/business.roovi.com\/carte-plianta-motanul-incaltat\/p\/"},"modified":"2022-07-13T10:54:27","modified_gmt":"2022-07-13T10:54:27","slug":"livre-pliant-de-contes-de-fees-puss-in-boots","status":"publish","type":"product","link":"https:\/\/business.roovi.com\/fr\/livre-pliant-de-contes-de-fees-puss-in-boots\/p\/","title":{"rendered":"Livre pliant de contes de f\u00e9es &#8211; Puss in Boots"},"content":{"rendered":"<p>D\u00e8s leur plus jeune \u00e2ge, les petits peuvent \u00eatre introduits dans le monde des contes de f\u00e9es les plus aim\u00e9s \u00e0 l&rsquo;aide de ce livre d\u00e9pliant. Ces contes de f\u00e9es d\u00e9veloppent le vocabulaire et l&rsquo;imagination des petits et sont accompagn\u00e9s d&rsquo;illustrations mignonnes et d\u00e9taill\u00e9es qui captent leur attention et leur int\u00e9r\u00eat, les emmenant dans des contr\u00e9es enchant\u00e9es.<\/p>\n","protected":false},"excerpt":{"rendered":"<p>D\u00e8s leur plus jeune \u00e2ge, les petits peuvent \u00eatre introduits dans le monde des contes de f\u00e9es les plus aim\u00e9s<\/p>\n","protected":false},"featured_media":45057,"template":"","meta":[],"product_brand":[],"product_cat":[1585,1591],"product_tag":[],"class_list":{"0":"post-54362","1":"product","2":"type-product","3":"status-publish","4":"has-post-thumbnail","6":"product_cat-educational-and-scientific-games","7":"product_cat-educational-books","8":"pa_bax-200-en","9":"pa_brand-d_toys-en","10":"pa_country_of_manufacture-ro-en","11":"pa_filter_age-3_5-en","13":"first","14":"outofstock","15":"taxable","16":"shipping-taxable","17":"product-type-simple"},"yoast_head":"<!-- This site is optimized with the Yoast SEO plugin v20.1 - https:\/\/yoast.com\/wordpress\/plugins\/seo\/ -->\n<title>Livre pliant de contes de f\u00e9es - Puss in Boots<\/title>\n<meta name=\"description\" content=\"Livre pliant de contes de f\u00e9es - Puss in Boots\" \/>\n<meta name=\"robots\" content=\"index, follow, max-snippet:-1, max-image-preview:large, max-video-preview:-1\" \/>\n<link rel=\"canonical\" href=\"https:\/\/business.roovi.com\/fr\/livre-pliant-de-contes-de-fees-puss-in-boots\/p\/\" \/>\n<meta property=\"og:locale\" content=\"fr_FR\" \/>\n<meta property=\"og:type\" content=\"article\" \/>\n<meta property=\"og:title\" content=\"Livre pliant de contes de f\u00e9es - Puss in Boots\" \/>\n<meta property=\"og:description\" content=\"Livre pliant de contes de f\u00e9es - Puss in Boots\" \/>\n<meta property=\"og:url\" content=\"https:\/\/business.roovi.com\/fr\/livre-pliant-de-contes-de-fees-puss-in-boots\/p\/\" \/>\n<meta property=\"og:site_name\" content=\"Roovi B2B\" \/>\n<meta property=\"article:publisher\" content=\"https:\/\/www.facebook.com\/wwwjucariero\" \/>\n<meta property=\"article:modified_time\" content=\"2022-07-13T10:54:27+00:00\" \/>\n<meta property=\"og:image\" content=\"https:\/\/business.roovi.com\/wp-content\/uploads\/2018\/04\/62147.jpg\" \/>\n\t<meta property=\"og:image:width\" content=\"1199\" \/>\n\t<meta property=\"og:image:height\" content=\"1200\" \/>\n\t<meta property=\"og:image:type\" content=\"image\/jpeg\" \/>\n<script type=\"application\/ld+json\" class=\"yoast-schema-graph\">{\"@context\":\"https:\/\/schema.org\",\"@graph\":[{\"@type\":\"WebPage\",\"@id\":\"https:\/\/business.roovi.com\/fr\/livre-pliant-de-contes-de-fees-puss-in-boots\/p\/\",\"url\":\"https:\/\/business.roovi.com\/fr\/livre-pliant-de-contes-de-fees-puss-in-boots\/p\/\",\"name\":\"Livre pliant de contes de f\u00e9es - Puss in Boots\",\"isPartOf\":{\"@id\":\"https:\/\/business.roovi.com\/fr\/#website\"},\"datePublished\":\"2018-04-16T10:56:07+00:00\",\"dateModified\":\"2022-07-13T10:54:27+00:00\",\"description\":\"Livre pliant de contes de f\u00e9es - Puss in Boots\",\"breadcrumb\":{\"@id\":\"https:\/\/business.roovi.com\/fr\/livre-pliant-de-contes-de-fees-puss-in-boots\/p\/#breadcrumb\"},\"inLanguage\":\"fr-FR\",\"potentialAction\":[{\"@type\":\"ReadAction\",\"target\":[\"https:\/\/business.roovi.com\/fr\/livre-pliant-de-contes-de-fees-puss-in-boots\/p\/\"]}]},{\"@type\":\"BreadcrumbList\",\"@id\":\"https:\/\/business.roovi.com\/fr\/livre-pliant-de-contes-de-fees-puss-in-boots\/p\/#breadcrumb\",\"itemListElement\":[{\"@type\":\"ListItem\",\"position\":1,\"name\":\"Home\",\"item\":\"https:\/\/business.roovi.com\/fr\/\"},{\"@type\":\"ListItem\",\"position\":2,\"name\":\"Boutique\",\"item\":\"https:\/\/business.roovi.com\/fr\/boutique\/\"},{\"@type\":\"ListItem\",\"position\":3,\"name\":\"Livre pliant de contes de f\u00e9es &#8211; Puss in Boots\"}]},{\"@type\":\"WebSite\",\"@id\":\"https:\/\/business.roovi.com\/fr\/#website\",\"url\":\"https:\/\/business.roovi.com\/fr\/\",\"name\":\"Roovi B2B\",\"description\":\"Roovi Business Website\",\"potentialAction\":[{\"@type\":\"SearchAction\",\"target\":{\"@type\":\"EntryPoint\",\"urlTemplate\":\"https:\/\/business.roovi.com\/fr\/?s={search_term_string}\"},\"query-input\":\"required name=search_term_string\"}],\"inLanguage\":\"fr-FR\"}]}<\/script>\n<!-- \/ Yoast SEO plugin. -->","yoast_head_json":{"title":"Livre pliant de contes de f\u00e9es - Puss in Boots","description":"Livre pliant de contes de f\u00e9es - Puss in Boots","robots":{"index":"index","follow":"follow","max-snippet":"max-snippet:-1","max-image-preview":"max-image-preview:large","max-video-preview":"max-video-preview:-1"},"canonical":"https:\/\/business.roovi.com\/fr\/livre-pliant-de-contes-de-fees-puss-in-boots\/p\/","og_locale":"fr_FR","og_type":"article","og_title":"Livre pliant de contes de f\u00e9es - Puss in Boots","og_description":"Livre pliant de contes de f\u00e9es - Puss in Boots","og_url":"https:\/\/business.roovi.com\/fr\/livre-pliant-de-contes-de-fees-puss-in-boots\/p\/","og_site_name":"Roovi B2B","article_publisher":"https:\/\/www.facebook.com\/wwwjucariero","article_modified_time":"2022-07-13T10:54:27+00:00","og_image":[{"width":1199,"height":1200,"url":"https:\/\/business.roovi.com\/wp-content\/uploads\/2018\/04\/62147.jpg","type":"image\/jpeg"}],"schema":{"@context":"https:\/\/schema.org","@graph":[{"@type":"WebPage","@id":"https:\/\/business.roovi.com\/fr\/livre-pliant-de-contes-de-fees-puss-in-boots\/p\/","url":"https:\/\/business.roovi.com\/fr\/livre-pliant-de-contes-de-fees-puss-in-boots\/p\/","name":"Livre pliant de contes de f\u00e9es - Puss in Boots","isPartOf":{"@id":"https:\/\/business.roovi.com\/fr\/#website"},"datePublished":"2018-04-16T10:56:07+00:00","dateModified":"2022-07-13T10:54:27+00:00","description":"Livre pliant de contes de f\u00e9es - Puss in Boots","breadcrumb":{"@id":"https:\/\/business.roovi.com\/fr\/livre-pliant-de-contes-de-fees-puss-in-boots\/p\/#breadcrumb"},"inLanguage":"fr-FR","potentialAction":[{"@type":"ReadAction","target":["https:\/\/business.roovi.com\/fr\/livre-pliant-de-contes-de-fees-puss-in-boots\/p\/"]}]},{"@type":"BreadcrumbList","@id":"https:\/\/business.roovi.com\/fr\/livre-pliant-de-contes-de-fees-puss-in-boots\/p\/#breadcrumb","itemListElement":[{"@type":"ListItem","position":1,"name":"Home","item":"https:\/\/business.roovi.com\/fr\/"},{"@type":"ListItem","position":2,"name":"Boutique","item":"https:\/\/business.roovi.com\/fr\/boutique\/"},{"@type":"ListItem","position":3,"name":"Livre pliant de contes de f\u00e9es &#8211; Puss in Boots"}]},{"@type":"WebSite","@id":"https:\/\/business.roovi.com\/fr\/#website","url":"https:\/\/business.roovi.com\/fr\/","name":"Roovi B2B","description":"Roovi Business Website","potentialAction":[{"@type":"SearchAction","target":{"@type":"EntryPoint","urlTemplate":"https:\/\/business.roovi.com\/fr\/?s={search_term_string}"},"query-input":"required name=search_term_string"}],"inLanguage":"fr-FR"}]}},"_links":{"self":[{"href":"https:\/\/business.roovi.com\/fr\/wp-json\/wp\/v2\/product\/54362","targetHints":{"allow":["GET"]}}],"collection":[{"href":"https:\/\/business.roovi.com\/fr\/wp-json\/wp\/v2\/product"}],"about":[{"href":"https:\/\/business.roovi.com\/fr\/wp-json\/wp\/v2\/types\/product"}],"version-history":[{"count":0,"href":"https:\/\/business.roovi.com\/fr\/wp-json\/wp\/v2\/product\/54362\/revisions"}],"wp:featuredmedia":[{"embeddable":true,"href":"https:\/\/business.roovi.com\/fr\/wp-json\/wp\/v2\/media\/45057"}],"wp:attachment":[{"href":"https:\/\/business.roovi.com\/fr\/wp-json\/wp\/v2\/media?parent=54362"}],"wp:term":[{"taxonomy":"product_brand","embeddable":true,"href":"https:\/\/business.roovi.com\/fr\/wp-json\/wp\/v2\/product_brand?post=54362"},{"taxonomy":"product_cat","embeddable":true,"href":"https:\/\/business.roovi.com\/fr\/wp-json\/wp\/v2\/product_cat?post=54362"},{"taxonomy":"product_tag","embeddable":true,"href":"https:\/\/business.roovi.com\/fr\/wp-json\/wp\/v2\/product_tag?post=54362"}],"curies":[{"name":"wp","href":"https:\/\/api.w.org\/{rel}","templated":true}]}}