{"id":54372,"date":"2018-04-16T10:56:07","date_gmt":"2018-04-16T10:56:07","guid":{"rendered":"https:\/\/business.roovi.com\/set-4-carti-pliante-fructe\/p\/"},"modified":"2022-07-13T10:54:36","modified_gmt":"2022-07-13T10:54:36","slug":"lot-de-4-cartes-pliantes-fruits-fruits-exotiques-legumes-fleurs","status":"publish","type":"product","link":"https:\/\/business.roovi.com\/fr\/lot-de-4-cartes-pliantes-fruits-fruits-exotiques-legumes-fleurs\/p\/","title":{"rendered":"Lot de 4 cartes pliantes : Fruits, Fruits exotiques, L\u00e9gumes, Fleurs"},"content":{"rendered":"<p>Le set contient 4 cartes pliantes avec des images aux couleurs vives sur des pages cartonn\u00e9es solides. Les petits peuvent se familiariser avec le nom, la forme et la couleur du fruit. Les livres pliants sont sp\u00e9cialement con\u00e7us pour les enfants de plus de 3 ans.<\/p>\n","protected":false},"excerpt":{"rendered":"<p>Le set contient 4 cartes pliantes avec des images aux couleurs vives sur des pages cartonn\u00e9es solides. Les petits peuvent<\/p>\n","protected":false},"featured_media":45062,"template":"","meta":[],"product_brand":[],"product_cat":[2328,2337],"product_tag":[],"class_list":{"0":"post-54372","1":"product","2":"type-product","3":"status-publish","4":"has-post-thumbnail","6":"product_cat-jeux-educatifs-et-scientifiques","7":"product_cat-livres-educatifs","8":"pa_bax-20-fr","9":"pa_brand-d_toys-fr","10":"pa_country_of_manufacture-ro-fr","11":"pa_filter_age-3_5-fr","12":"pa_filter_age-5_7-fr","14":"first","15":"instock","16":"taxable","17":"shipping-taxable","18":"product-type-simple"},"yoast_head":"<!-- This site is optimized with the Yoast SEO plugin v20.1 - https:\/\/yoast.com\/wordpress\/plugins\/seo\/ -->\n<title>Lot de 4 cartes pliantes : Fruits, Fruits exotiques, L\u00e9gumes, Fleurs<\/title>\n<meta name=\"description\" content=\"Lot de 4 cartes pliantes : Fruits, Fruits exotiques, L\u00e9gumes, Fleurs\" \/>\n<meta name=\"robots\" content=\"index, follow, max-snippet:-1, max-image-preview:large, max-video-preview:-1\" \/>\n<link rel=\"canonical\" href=\"https:\/\/business.roovi.com\/fr\/lot-de-4-cartes-pliantes-fruits-fruits-exotiques-legumes-fleurs\/p\/\" \/>\n<meta property=\"og:locale\" content=\"fr_FR\" \/>\n<meta property=\"og:type\" content=\"article\" \/>\n<meta property=\"og:title\" content=\"Lot de 4 cartes pliantes : Fruits, Fruits exotiques, L\u00e9gumes, Fleurs\" \/>\n<meta property=\"og:description\" content=\"Lot de 4 cartes pliantes : Fruits, Fruits exotiques, L\u00e9gumes, Fleurs\" \/>\n<meta property=\"og:url\" content=\"https:\/\/business.roovi.com\/fr\/lot-de-4-cartes-pliantes-fruits-fruits-exotiques-legumes-fleurs\/p\/\" \/>\n<meta property=\"og:site_name\" content=\"Roovi B2B\" \/>\n<meta property=\"article:publisher\" content=\"https:\/\/www.facebook.com\/wwwjucariero\" \/>\n<meta property=\"article:modified_time\" content=\"2022-07-13T10:54:36+00:00\" \/>\n<meta property=\"og:image\" content=\"https:\/\/business.roovi.com\/wp-content\/uploads\/2018\/04\/62024.jpg\" \/>\n\t<meta property=\"og:image:width\" content=\"1200\" \/>\n\t<meta property=\"og:image:height\" content=\"1200\" \/>\n\t<meta property=\"og:image:type\" content=\"image\/jpeg\" \/>\n<script type=\"application\/ld+json\" class=\"yoast-schema-graph\">{\"@context\":\"https:\/\/schema.org\",\"@graph\":[{\"@type\":\"WebPage\",\"@id\":\"https:\/\/business.roovi.com\/fr\/lot-de-4-cartes-pliantes-fruits-fruits-exotiques-legumes-fleurs\/p\/\",\"url\":\"https:\/\/business.roovi.com\/fr\/lot-de-4-cartes-pliantes-fruits-fruits-exotiques-legumes-fleurs\/p\/\",\"name\":\"Lot de 4 cartes pliantes : Fruits, Fruits exotiques, L\u00e9gumes, Fleurs\",\"isPartOf\":{\"@id\":\"https:\/\/business.roovi.com\/fr\/#website\"},\"datePublished\":\"2018-04-16T10:56:07+00:00\",\"dateModified\":\"2022-07-13T10:54:36+00:00\",\"description\":\"Lot de 4 cartes pliantes : Fruits, Fruits exotiques, L\u00e9gumes, Fleurs\",\"breadcrumb\":{\"@id\":\"https:\/\/business.roovi.com\/fr\/lot-de-4-cartes-pliantes-fruits-fruits-exotiques-legumes-fleurs\/p\/#breadcrumb\"},\"inLanguage\":\"fr-FR\",\"potentialAction\":[{\"@type\":\"ReadAction\",\"target\":[\"https:\/\/business.roovi.com\/fr\/lot-de-4-cartes-pliantes-fruits-fruits-exotiques-legumes-fleurs\/p\/\"]}]},{\"@type\":\"BreadcrumbList\",\"@id\":\"https:\/\/business.roovi.com\/fr\/lot-de-4-cartes-pliantes-fruits-fruits-exotiques-legumes-fleurs\/p\/#breadcrumb\",\"itemListElement\":[{\"@type\":\"ListItem\",\"position\":1,\"name\":\"Home\",\"item\":\"https:\/\/business.roovi.com\/fr\/\"},{\"@type\":\"ListItem\",\"position\":2,\"name\":\"Boutique\",\"item\":\"https:\/\/business.roovi.com\/fr\/boutique\/\"},{\"@type\":\"ListItem\",\"position\":3,\"name\":\"Lot de 4 cartes pliantes : Fruits, Fruits exotiques, L\u00e9gumes, Fleurs\"}]},{\"@type\":\"WebSite\",\"@id\":\"https:\/\/business.roovi.com\/fr\/#website\",\"url\":\"https:\/\/business.roovi.com\/fr\/\",\"name\":\"Roovi B2B\",\"description\":\"Roovi Business Website\",\"potentialAction\":[{\"@type\":\"SearchAction\",\"target\":{\"@type\":\"EntryPoint\",\"urlTemplate\":\"https:\/\/business.roovi.com\/fr\/?s={search_term_string}\"},\"query-input\":\"required name=search_term_string\"}],\"inLanguage\":\"fr-FR\"}]}<\/script>\n<!-- \/ Yoast SEO plugin. -->","yoast_head_json":{"title":"Lot de 4 cartes pliantes : Fruits, Fruits exotiques, L\u00e9gumes, Fleurs","description":"Lot de 4 cartes pliantes : Fruits, Fruits exotiques, L\u00e9gumes, Fleurs","robots":{"index":"index","follow":"follow","max-snippet":"max-snippet:-1","max-image-preview":"max-image-preview:large","max-video-preview":"max-video-preview:-1"},"canonical":"https:\/\/business.roovi.com\/fr\/lot-de-4-cartes-pliantes-fruits-fruits-exotiques-legumes-fleurs\/p\/","og_locale":"fr_FR","og_type":"article","og_title":"Lot de 4 cartes pliantes : Fruits, Fruits exotiques, L\u00e9gumes, Fleurs","og_description":"Lot de 4 cartes pliantes : Fruits, Fruits exotiques, L\u00e9gumes, Fleurs","og_url":"https:\/\/business.roovi.com\/fr\/lot-de-4-cartes-pliantes-fruits-fruits-exotiques-legumes-fleurs\/p\/","og_site_name":"Roovi B2B","article_publisher":"https:\/\/www.facebook.com\/wwwjucariero","article_modified_time":"2022-07-13T10:54:36+00:00","og_image":[{"width":1200,"height":1200,"url":"https:\/\/business.roovi.com\/wp-content\/uploads\/2018\/04\/62024.jpg","type":"image\/jpeg"}],"schema":{"@context":"https:\/\/schema.org","@graph":[{"@type":"WebPage","@id":"https:\/\/business.roovi.com\/fr\/lot-de-4-cartes-pliantes-fruits-fruits-exotiques-legumes-fleurs\/p\/","url":"https:\/\/business.roovi.com\/fr\/lot-de-4-cartes-pliantes-fruits-fruits-exotiques-legumes-fleurs\/p\/","name":"Lot de 4 cartes pliantes : Fruits, Fruits exotiques, L\u00e9gumes, Fleurs","isPartOf":{"@id":"https:\/\/business.roovi.com\/fr\/#website"},"datePublished":"2018-04-16T10:56:07+00:00","dateModified":"2022-07-13T10:54:36+00:00","description":"Lot de 4 cartes pliantes : Fruits, Fruits exotiques, L\u00e9gumes, Fleurs","breadcrumb":{"@id":"https:\/\/business.roovi.com\/fr\/lot-de-4-cartes-pliantes-fruits-fruits-exotiques-legumes-fleurs\/p\/#breadcrumb"},"inLanguage":"fr-FR","potentialAction":[{"@type":"ReadAction","target":["https:\/\/business.roovi.com\/fr\/lot-de-4-cartes-pliantes-fruits-fruits-exotiques-legumes-fleurs\/p\/"]}]},{"@type":"BreadcrumbList","@id":"https:\/\/business.roovi.com\/fr\/lot-de-4-cartes-pliantes-fruits-fruits-exotiques-legumes-fleurs\/p\/#breadcrumb","itemListElement":[{"@type":"ListItem","position":1,"name":"Home","item":"https:\/\/business.roovi.com\/fr\/"},{"@type":"ListItem","position":2,"name":"Boutique","item":"https:\/\/business.roovi.com\/fr\/boutique\/"},{"@type":"ListItem","position":3,"name":"Lot de 4 cartes pliantes : Fruits, Fruits exotiques, L\u00e9gumes, Fleurs"}]},{"@type":"WebSite","@id":"https:\/\/business.roovi.com\/fr\/#website","url":"https:\/\/business.roovi.com\/fr\/","name":"Roovi B2B","description":"Roovi Business Website","potentialAction":[{"@type":"SearchAction","target":{"@type":"EntryPoint","urlTemplate":"https:\/\/business.roovi.com\/fr\/?s={search_term_string}"},"query-input":"required name=search_term_string"}],"inLanguage":"fr-FR"}]}},"_links":{"self":[{"href":"https:\/\/business.roovi.com\/fr\/wp-json\/wp\/v2\/product\/54372","targetHints":{"allow":["GET"]}}],"collection":[{"href":"https:\/\/business.roovi.com\/fr\/wp-json\/wp\/v2\/product"}],"about":[{"href":"https:\/\/business.roovi.com\/fr\/wp-json\/wp\/v2\/types\/product"}],"version-history":[{"count":0,"href":"https:\/\/business.roovi.com\/fr\/wp-json\/wp\/v2\/product\/54372\/revisions"}],"wp:featuredmedia":[{"embeddable":true,"href":"https:\/\/business.roovi.com\/fr\/wp-json\/wp\/v2\/media\/45062"}],"wp:attachment":[{"href":"https:\/\/business.roovi.com\/fr\/wp-json\/wp\/v2\/media?parent=54372"}],"wp:term":[{"taxonomy":"product_brand","embeddable":true,"href":"https:\/\/business.roovi.com\/fr\/wp-json\/wp\/v2\/product_brand?post=54372"},{"taxonomy":"product_cat","embeddable":true,"href":"https:\/\/business.roovi.com\/fr\/wp-json\/wp\/v2\/product_cat?post=54372"},{"taxonomy":"product_tag","embeddable":true,"href":"https:\/\/business.roovi.com\/fr\/wp-json\/wp\/v2\/product_tag?post=54372"}],"curies":[{"name":"wp","href":"https:\/\/api.w.org\/{rel}","templated":true}]}}