{"id":54383,"date":"2018-04-16T10:56:07","date_gmt":"2018-04-16T10:56:07","guid":{"rendered":"https:\/\/business.roovi.com\/carte-de-colorat-si-citit-pinocchio\/p\/"},"modified":"2022-07-13T10:54:44","modified_gmt":"2022-07-13T10:54:44","slug":"pinocchio-livre-de-lecture-et-de-coloriage","status":"publish","type":"product","link":"https:\/\/business.roovi.com\/fr\/pinocchio-livre-de-lecture-et-de-coloriage\/p\/","title":{"rendered":"Pinocchio &#8211; Livre de lecture et de coloriage"},"content":{"rendered":"<p>Un livre de coloriage et de lecture exceptionnel avec de superbes images repr\u00e9sentant de merveilleuses sc\u00e8nes du conte de f\u00e9es ador\u00e9. Le livret est fait de pages cartonn\u00e9es solides. Le jeu aide \u00e0 d\u00e9velopper le coloriage, l&rsquo;imagination et les capacit\u00e9s d&rsquo;observation.<\/p>\n","protected":false},"excerpt":{"rendered":"<p>Un livre de coloriage et de lecture exceptionnel avec de superbes images repr\u00e9sentant de merveilleuses sc\u00e8nes du conte de f\u00e9es<\/p>\n","protected":false},"featured_media":45068,"template":"","meta":[],"product_brand":[],"product_cat":[2328,2337],"product_tag":[],"class_list":{"0":"post-54383","1":"product","2":"type-product","3":"status-publish","4":"has-post-thumbnail","6":"product_cat-jeux-educatifs-et-scientifiques","7":"product_cat-livres-educatifs","8":"pa_bax-120-fr","9":"pa_brand-d_toys-fr","10":"pa_country_of_manufacture-ro-fr","11":"pa_filter_age-3_5-fr","12":"pa_filter_age-5_7-fr","13":"pa_tip_ambalaj-boite","15":"first","16":"outofstock","17":"taxable","18":"shipping-taxable","19":"product-type-simple"},"yoast_head":"<!-- This site is optimized with the Yoast SEO plugin v20.1 - https:\/\/yoast.com\/wordpress\/plugins\/seo\/ -->\n<title>Pinocchio - Livre de lecture et de coloriage<\/title>\n<meta name=\"description\" content=\"Pinocchio - Livre de lecture et de coloriage\" \/>\n<meta name=\"robots\" content=\"index, follow, max-snippet:-1, max-image-preview:large, max-video-preview:-1\" \/>\n<link rel=\"canonical\" href=\"https:\/\/business.roovi.com\/fr\/pinocchio-livre-de-lecture-et-de-coloriage\/p\/\" \/>\n<meta property=\"og:locale\" content=\"fr_FR\" \/>\n<meta property=\"og:type\" content=\"article\" \/>\n<meta property=\"og:title\" content=\"Pinocchio - Livre de lecture et de coloriage\" \/>\n<meta property=\"og:description\" content=\"Pinocchio - Livre de lecture et de coloriage\" \/>\n<meta property=\"og:url\" content=\"https:\/\/business.roovi.com\/fr\/pinocchio-livre-de-lecture-et-de-coloriage\/p\/\" \/>\n<meta property=\"og:site_name\" content=\"Roovi B2B\" \/>\n<meta property=\"article:publisher\" content=\"https:\/\/www.facebook.com\/wwwjucariero\" \/>\n<meta property=\"article:modified_time\" content=\"2022-07-13T10:54:44+00:00\" \/>\n<meta property=\"og:image\" content=\"https:\/\/business.roovi.com\/wp-content\/uploads\/2018\/04\/728.jpg\" \/>\n\t<meta property=\"og:image:width\" content=\"1200\" \/>\n\t<meta property=\"og:image:height\" content=\"1200\" \/>\n\t<meta property=\"og:image:type\" content=\"image\/jpeg\" \/>\n<script type=\"application\/ld+json\" class=\"yoast-schema-graph\">{\"@context\":\"https:\/\/schema.org\",\"@graph\":[{\"@type\":\"WebPage\",\"@id\":\"https:\/\/business.roovi.com\/fr\/pinocchio-livre-de-lecture-et-de-coloriage\/p\/\",\"url\":\"https:\/\/business.roovi.com\/fr\/pinocchio-livre-de-lecture-et-de-coloriage\/p\/\",\"name\":\"Pinocchio - Livre de lecture et de coloriage\",\"isPartOf\":{\"@id\":\"https:\/\/business.roovi.com\/fr\/#website\"},\"datePublished\":\"2018-04-16T10:56:07+00:00\",\"dateModified\":\"2022-07-13T10:54:44+00:00\",\"description\":\"Pinocchio - Livre de lecture et de coloriage\",\"breadcrumb\":{\"@id\":\"https:\/\/business.roovi.com\/fr\/pinocchio-livre-de-lecture-et-de-coloriage\/p\/#breadcrumb\"},\"inLanguage\":\"fr-FR\",\"potentialAction\":[{\"@type\":\"ReadAction\",\"target\":[\"https:\/\/business.roovi.com\/fr\/pinocchio-livre-de-lecture-et-de-coloriage\/p\/\"]}]},{\"@type\":\"BreadcrumbList\",\"@id\":\"https:\/\/business.roovi.com\/fr\/pinocchio-livre-de-lecture-et-de-coloriage\/p\/#breadcrumb\",\"itemListElement\":[{\"@type\":\"ListItem\",\"position\":1,\"name\":\"Home\",\"item\":\"https:\/\/business.roovi.com\/fr\/\"},{\"@type\":\"ListItem\",\"position\":2,\"name\":\"Boutique\",\"item\":\"https:\/\/business.roovi.com\/fr\/boutique\/\"},{\"@type\":\"ListItem\",\"position\":3,\"name\":\"Pinocchio &#8211; Livre de lecture et de coloriage\"}]},{\"@type\":\"WebSite\",\"@id\":\"https:\/\/business.roovi.com\/fr\/#website\",\"url\":\"https:\/\/business.roovi.com\/fr\/\",\"name\":\"Roovi B2B\",\"description\":\"Roovi Business Website\",\"potentialAction\":[{\"@type\":\"SearchAction\",\"target\":{\"@type\":\"EntryPoint\",\"urlTemplate\":\"https:\/\/business.roovi.com\/fr\/?s={search_term_string}\"},\"query-input\":\"required name=search_term_string\"}],\"inLanguage\":\"fr-FR\"}]}<\/script>\n<!-- \/ Yoast SEO plugin. -->","yoast_head_json":{"title":"Pinocchio - Livre de lecture et de coloriage","description":"Pinocchio - Livre de lecture et de coloriage","robots":{"index":"index","follow":"follow","max-snippet":"max-snippet:-1","max-image-preview":"max-image-preview:large","max-video-preview":"max-video-preview:-1"},"canonical":"https:\/\/business.roovi.com\/fr\/pinocchio-livre-de-lecture-et-de-coloriage\/p\/","og_locale":"fr_FR","og_type":"article","og_title":"Pinocchio - Livre de lecture et de coloriage","og_description":"Pinocchio - Livre de lecture et de coloriage","og_url":"https:\/\/business.roovi.com\/fr\/pinocchio-livre-de-lecture-et-de-coloriage\/p\/","og_site_name":"Roovi B2B","article_publisher":"https:\/\/www.facebook.com\/wwwjucariero","article_modified_time":"2022-07-13T10:54:44+00:00","og_image":[{"width":1200,"height":1200,"url":"https:\/\/business.roovi.com\/wp-content\/uploads\/2018\/04\/728.jpg","type":"image\/jpeg"}],"schema":{"@context":"https:\/\/schema.org","@graph":[{"@type":"WebPage","@id":"https:\/\/business.roovi.com\/fr\/pinocchio-livre-de-lecture-et-de-coloriage\/p\/","url":"https:\/\/business.roovi.com\/fr\/pinocchio-livre-de-lecture-et-de-coloriage\/p\/","name":"Pinocchio - Livre de lecture et de coloriage","isPartOf":{"@id":"https:\/\/business.roovi.com\/fr\/#website"},"datePublished":"2018-04-16T10:56:07+00:00","dateModified":"2022-07-13T10:54:44+00:00","description":"Pinocchio - Livre de lecture et de coloriage","breadcrumb":{"@id":"https:\/\/business.roovi.com\/fr\/pinocchio-livre-de-lecture-et-de-coloriage\/p\/#breadcrumb"},"inLanguage":"fr-FR","potentialAction":[{"@type":"ReadAction","target":["https:\/\/business.roovi.com\/fr\/pinocchio-livre-de-lecture-et-de-coloriage\/p\/"]}]},{"@type":"BreadcrumbList","@id":"https:\/\/business.roovi.com\/fr\/pinocchio-livre-de-lecture-et-de-coloriage\/p\/#breadcrumb","itemListElement":[{"@type":"ListItem","position":1,"name":"Home","item":"https:\/\/business.roovi.com\/fr\/"},{"@type":"ListItem","position":2,"name":"Boutique","item":"https:\/\/business.roovi.com\/fr\/boutique\/"},{"@type":"ListItem","position":3,"name":"Pinocchio &#8211; Livre de lecture et de coloriage"}]},{"@type":"WebSite","@id":"https:\/\/business.roovi.com\/fr\/#website","url":"https:\/\/business.roovi.com\/fr\/","name":"Roovi B2B","description":"Roovi Business Website","potentialAction":[{"@type":"SearchAction","target":{"@type":"EntryPoint","urlTemplate":"https:\/\/business.roovi.com\/fr\/?s={search_term_string}"},"query-input":"required name=search_term_string"}],"inLanguage":"fr-FR"}]}},"_links":{"self":[{"href":"https:\/\/business.roovi.com\/fr\/wp-json\/wp\/v2\/product\/54383","targetHints":{"allow":["GET"]}}],"collection":[{"href":"https:\/\/business.roovi.com\/fr\/wp-json\/wp\/v2\/product"}],"about":[{"href":"https:\/\/business.roovi.com\/fr\/wp-json\/wp\/v2\/types\/product"}],"version-history":[{"count":0,"href":"https:\/\/business.roovi.com\/fr\/wp-json\/wp\/v2\/product\/54383\/revisions"}],"wp:featuredmedia":[{"embeddable":true,"href":"https:\/\/business.roovi.com\/fr\/wp-json\/wp\/v2\/media\/45068"}],"wp:attachment":[{"href":"https:\/\/business.roovi.com\/fr\/wp-json\/wp\/v2\/media?parent=54383"}],"wp:term":[{"taxonomy":"product_brand","embeddable":true,"href":"https:\/\/business.roovi.com\/fr\/wp-json\/wp\/v2\/product_brand?post=54383"},{"taxonomy":"product_cat","embeddable":true,"href":"https:\/\/business.roovi.com\/fr\/wp-json\/wp\/v2\/product_cat?post=54383"},{"taxonomy":"product_tag","embeddable":true,"href":"https:\/\/business.roovi.com\/fr\/wp-json\/wp\/v2\/product_tag?post=54383"}],"curies":[{"name":"wp","href":"https:\/\/api.w.org\/{rel}","templated":true}]}}