{"id":54417,"date":"2018-04-16T10:56:07","date_gmt":"2018-04-16T10:56:07","guid":{"rendered":"https:\/\/business.roovi.com\/cuburi-constructie-colorate-82-piese\/p\/"},"modified":"2022-07-13T10:55:17","modified_gmt":"2022-07-13T10:55:17","slug":"blocs-de-construction-en-bois-colores-82-pieces","status":"publish","type":"product","link":"https:\/\/business.roovi.com\/fr\/blocs-de-construction-en-bois-colores-82-pieces\/p\/","title":{"rendered":"Blocs de construction en bois color\u00e9s, 82 pi\u00e8ces"},"content":{"rendered":"<p><span style=\"font-weight: 400;\">Ton enfant te surprend souvent avec ses constructions et tu te demandes quel jouet lui offrir pour stimuler son imagination ? <\/span><\/p>\n<p><span style=\"font-weight: 400;\">Un ensemble Building Blocks en bois de 82 pi\u00e8ces offre des possibilit\u00e9s de jeu infinies, tout comme l&rsquo;imagination d&rsquo;un petit <\/span><\/p>\n<p><span style=\"font-weight: 400;\">Avec les blocs de construction, les petits peuvent construire des ch\u00e2teaux ou des forteresses, \u00e9riger des tours ou construire des parkings et, bien s\u00fbr, des sentiers ing\u00e9nieux <\/span><\/p>\n<p><span style=\"font-weight: 400;\">De plus, les cubes de construction color\u00e9s sont \u00e9galement adapt\u00e9s aux activit\u00e9s de tri, car les petits curieux peuvent les trier par forme ou par couleur.<\/span><\/p>\n<h2><span style=\"font-weight: 400;\">Savais-tu que les cubes de construction..<\/span><\/h2>\n<ul>\n<li><span style=\"font-weight: 400;\">Stimule l&rsquo;imagination d\u00e9bordante des enfants.<\/span><\/li>\n<li><span style=\"font-weight: 400;\">D\u00e9veloppe l&rsquo;attention et la m\u00e9moire dans les jeux de tri et d&rsquo;ordonnancement.<\/span><\/li>\n<li><span style=\"font-weight: 400;\">Stimule la concentration et maximise la cr\u00e9ativit\u00e9.<\/span><\/li>\n<li><span style=\"font-weight: 400;\">Parfait pour pratiquer la dext\u00e9rit\u00e9 et la motricit\u00e9.<\/span><\/li>\n<li><span style=\"font-weight: 400;\">Ils sont passionnants et invitent les enfants \u00e0 jouer librement.<\/span><\/li>\n<li><span style=\"font-weight: 400;\">Aide \u00e0 pratiquer la coordination main-\u0153il <\/span><\/li>\n<li><span style=\"font-weight: 400;\">\u00c9tablir des concepts de base sur les figures g\u00e9om\u00e9triques et les foules.<\/span><\/li>\n<li><span style=\"font-weight: 400;\">Ils sont une source in\u00e9puisable d&rsquo;espi\u00e8glerie.<\/span><\/li>\n<li><span style=\"font-weight: 400;\">Ce sont des jouets Montessori.<\/span><\/li>\n<\/ul>\n<h2><span style=\"font-weight: 400;\">Pourquoi choisir un jeu de cubes de construction color\u00e9s ?<\/span><\/h2>\n<p><span style=\"font-weight: 400;\">Les cubes sont en bois et sont s\u00fbrs m\u00eame pour les jeunes enfants qui explorent de nouvelles possibilit\u00e9s de jeu <\/span><\/p>\n<p><span style=\"font-weight: 400;\">Ils sont peints avec de la peinture \u00e0 l&rsquo;eau non toxique et sans danger pour les enfants, dans des couleurs vives et attrayantes pour les petits.<\/span><\/p>\n<p><span style=\"font-weight: 400;\">Le set contient des cubes en bois de diff\u00e9rentes formes, ce qui permet de construire facilement des structures ing\u00e9nieuses bas\u00e9es sur les formes g\u00e9om\u00e9triques de base : cylindre, rectangle, triangle, carr\u00e9, demi-cercle <\/span><\/p>\n<p><span style=\"font-weight: 400;\">La seule limite pour jouer avec ces cubes est ta propre imagination, qui s&rsquo;enrichira avec chaque cube ajout\u00e9 \u00e0 une construction. Les petits trouveront s\u00fbrement toujours quelque chose d&rsquo;int\u00e9ressant \u00e0 faire, m\u00eame avec les jouets les plus simples <\/span><\/p>\n<p><span style=\"font-weight: 400;\">Bien qu&rsquo;ils puissent sembler \u00eatre des jouets simples pour les adultes, les enfants appr\u00e9cieront les blocs de construction qu&rsquo;ils trouvent stimulants pr\u00e9cis\u00e9ment parce qu&rsquo;ils ne font rien. Ce sont les enfants qui devront trouver l&rsquo;id\u00e9e, \u00eatre cr\u00e9atifs et utiliser leurs comp\u00e9tences pour appr\u00e9cier le r\u00e9sultat <\/span><\/p>\n<p><span style=\"font-weight: 400;\">Nous t&rsquo;invitons \u00e0 donner aux petits architectes la libert\u00e9 d&rsquo;\u00eatre aussi cr\u00e9atifs et inventifs que possible dans leurs jeux. Les r\u00e9sultats seront spectaculaires ! <\/span><\/p>\n<p><span style=\"font-weight: 400;\">\u00c2ge recommand\u00e9 : 3+<\/span><\/p>\n<p><span style=\"font-weight: 400;\">Joueurs : individus ou groupes<\/span><\/p>\n<p><span style=\"font-weight: 400;\">La bo\u00eete contient : 82 cubes en bois de diff\u00e9rentes formes et couleurs <\/span><\/p>\n<p><span style=\"font-weight: 400;\">Non recommand\u00e9 pour les enfants de moins de 3 ans.<\/span><\/p><\/p>\n","protected":false},"excerpt":{"rendered":"<p>Ton enfant te surprend souvent avec ses constructions et tu te demandes quel jouet lui offrir pour stimuler son imagination<\/p>\n","protected":false},"featured_media":70903,"template":"","meta":[],"product_brand":[],"product_cat":[2380,2327,2336],"product_tag":[],"class_list":{"0":"post-54417","1":"product","2":"type-product","3":"status-publish","4":"has-post-thumbnail","6":"product_cat-jeux-de-construction","7":"product_cat-jeux-en-bois","8":"product_cat-plus-de-categories","9":"pa_brand-deico-fr","10":"pa_country_of_manufacture-ro-fr","11":"pa_filter_age-3_5-fr","12":"pa_filter_age-5_7-fr","13":"pa_filter_age-7_9-fr","14":"pa_tip_ambalaj-boite","16":"first","17":"instock","18":"taxable","19":"shipping-taxable","20":"product-type-simple"},"yoast_head":"<!-- This site is optimized with the Yoast SEO plugin v20.1 - https:\/\/yoast.com\/wordpress\/plugins\/seo\/ -->\n<title>Blocs de construction en bois color\u00e9s, 82 pi\u00e8ces<\/title>\n<meta name=\"description\" content=\"Blocs de construction en bois color\u00e9s, 82 pi\u00e8ces\" \/>\n<meta name=\"robots\" content=\"index, follow, max-snippet:-1, max-image-preview:large, max-video-preview:-1\" \/>\n<link rel=\"canonical\" href=\"https:\/\/business.roovi.com\/fr\/blocs-de-construction-en-bois-colores-82-pieces\/p\/\" \/>\n<meta property=\"og:locale\" content=\"fr_FR\" \/>\n<meta property=\"og:type\" content=\"article\" \/>\n<meta property=\"og:title\" content=\"Blocs de construction en bois color\u00e9s, 82 pi\u00e8ces\" \/>\n<meta property=\"og:description\" content=\"Blocs de construction en bois color\u00e9s, 82 pi\u00e8ces\" \/>\n<meta property=\"og:url\" content=\"https:\/\/business.roovi.com\/fr\/blocs-de-construction-en-bois-colores-82-pieces\/p\/\" \/>\n<meta property=\"og:site_name\" content=\"Roovi B2B\" \/>\n<meta property=\"article:publisher\" content=\"https:\/\/www.facebook.com\/wwwjucariero\" \/>\n<meta property=\"article:modified_time\" content=\"2022-07-13T10:55:17+00:00\" \/>\n<meta property=\"og:image\" content=\"https:\/\/business.roovi.com\/wp-content\/uploads\/2018\/04\/cuburi_de_construc_ie_82_piese_copy.jpg\" \/>\n\t<meta property=\"og:image:width\" content=\"1200\" \/>\n\t<meta property=\"og:image:height\" content=\"1200\" \/>\n\t<meta property=\"og:image:type\" content=\"image\/jpeg\" \/>\n<meta name=\"twitter:label1\" content=\"Dur\u00e9e de lecture estim\u00e9e\" \/>\n\t<meta name=\"twitter:data1\" content=\"2 minutes\" \/>\n<script type=\"application\/ld+json\" class=\"yoast-schema-graph\">{\"@context\":\"https:\/\/schema.org\",\"@graph\":[{\"@type\":\"WebPage\",\"@id\":\"https:\/\/business.roovi.com\/fr\/blocs-de-construction-en-bois-colores-82-pieces\/p\/\",\"url\":\"https:\/\/business.roovi.com\/fr\/blocs-de-construction-en-bois-colores-82-pieces\/p\/\",\"name\":\"Blocs de construction en bois color\u00e9s, 82 pi\u00e8ces\",\"isPartOf\":{\"@id\":\"https:\/\/business.roovi.com\/fr\/#website\"},\"datePublished\":\"2018-04-16T10:56:07+00:00\",\"dateModified\":\"2022-07-13T10:55:17+00:00\",\"description\":\"Blocs de construction en bois color\u00e9s, 82 pi\u00e8ces\",\"breadcrumb\":{\"@id\":\"https:\/\/business.roovi.com\/fr\/blocs-de-construction-en-bois-colores-82-pieces\/p\/#breadcrumb\"},\"inLanguage\":\"fr-FR\",\"potentialAction\":[{\"@type\":\"ReadAction\",\"target\":[\"https:\/\/business.roovi.com\/fr\/blocs-de-construction-en-bois-colores-82-pieces\/p\/\"]}]},{\"@type\":\"BreadcrumbList\",\"@id\":\"https:\/\/business.roovi.com\/fr\/blocs-de-construction-en-bois-colores-82-pieces\/p\/#breadcrumb\",\"itemListElement\":[{\"@type\":\"ListItem\",\"position\":1,\"name\":\"Home\",\"item\":\"https:\/\/business.roovi.com\/fr\/\"},{\"@type\":\"ListItem\",\"position\":2,\"name\":\"Boutique\",\"item\":\"https:\/\/business.roovi.com\/fr\/boutique\/\"},{\"@type\":\"ListItem\",\"position\":3,\"name\":\"Blocs de construction en bois color\u00e9s, 82 pi\u00e8ces\"}]},{\"@type\":\"WebSite\",\"@id\":\"https:\/\/business.roovi.com\/fr\/#website\",\"url\":\"https:\/\/business.roovi.com\/fr\/\",\"name\":\"Roovi B2B\",\"description\":\"Roovi Business Website\",\"potentialAction\":[{\"@type\":\"SearchAction\",\"target\":{\"@type\":\"EntryPoint\",\"urlTemplate\":\"https:\/\/business.roovi.com\/fr\/?s={search_term_string}\"},\"query-input\":\"required name=search_term_string\"}],\"inLanguage\":\"fr-FR\"}]}<\/script>\n<!-- \/ Yoast SEO plugin. -->","yoast_head_json":{"title":"Blocs de construction en bois color\u00e9s, 82 pi\u00e8ces","description":"Blocs de construction en bois color\u00e9s, 82 pi\u00e8ces","robots":{"index":"index","follow":"follow","max-snippet":"max-snippet:-1","max-image-preview":"max-image-preview:large","max-video-preview":"max-video-preview:-1"},"canonical":"https:\/\/business.roovi.com\/fr\/blocs-de-construction-en-bois-colores-82-pieces\/p\/","og_locale":"fr_FR","og_type":"article","og_title":"Blocs de construction en bois color\u00e9s, 82 pi\u00e8ces","og_description":"Blocs de construction en bois color\u00e9s, 82 pi\u00e8ces","og_url":"https:\/\/business.roovi.com\/fr\/blocs-de-construction-en-bois-colores-82-pieces\/p\/","og_site_name":"Roovi B2B","article_publisher":"https:\/\/www.facebook.com\/wwwjucariero","article_modified_time":"2022-07-13T10:55:17+00:00","og_image":[{"width":1200,"height":1200,"url":"https:\/\/business.roovi.com\/wp-content\/uploads\/2018\/04\/cuburi_de_construc_ie_82_piese_copy.jpg","type":"image\/jpeg"}],"twitter_misc":{"Dur\u00e9e de lecture estim\u00e9e":"2 minutes"},"schema":{"@context":"https:\/\/schema.org","@graph":[{"@type":"WebPage","@id":"https:\/\/business.roovi.com\/fr\/blocs-de-construction-en-bois-colores-82-pieces\/p\/","url":"https:\/\/business.roovi.com\/fr\/blocs-de-construction-en-bois-colores-82-pieces\/p\/","name":"Blocs de construction en bois color\u00e9s, 82 pi\u00e8ces","isPartOf":{"@id":"https:\/\/business.roovi.com\/fr\/#website"},"datePublished":"2018-04-16T10:56:07+00:00","dateModified":"2022-07-13T10:55:17+00:00","description":"Blocs de construction en bois color\u00e9s, 82 pi\u00e8ces","breadcrumb":{"@id":"https:\/\/business.roovi.com\/fr\/blocs-de-construction-en-bois-colores-82-pieces\/p\/#breadcrumb"},"inLanguage":"fr-FR","potentialAction":[{"@type":"ReadAction","target":["https:\/\/business.roovi.com\/fr\/blocs-de-construction-en-bois-colores-82-pieces\/p\/"]}]},{"@type":"BreadcrumbList","@id":"https:\/\/business.roovi.com\/fr\/blocs-de-construction-en-bois-colores-82-pieces\/p\/#breadcrumb","itemListElement":[{"@type":"ListItem","position":1,"name":"Home","item":"https:\/\/business.roovi.com\/fr\/"},{"@type":"ListItem","position":2,"name":"Boutique","item":"https:\/\/business.roovi.com\/fr\/boutique\/"},{"@type":"ListItem","position":3,"name":"Blocs de construction en bois color\u00e9s, 82 pi\u00e8ces"}]},{"@type":"WebSite","@id":"https:\/\/business.roovi.com\/fr\/#website","url":"https:\/\/business.roovi.com\/fr\/","name":"Roovi B2B","description":"Roovi Business Website","potentialAction":[{"@type":"SearchAction","target":{"@type":"EntryPoint","urlTemplate":"https:\/\/business.roovi.com\/fr\/?s={search_term_string}"},"query-input":"required name=search_term_string"}],"inLanguage":"fr-FR"}]}},"_links":{"self":[{"href":"https:\/\/business.roovi.com\/fr\/wp-json\/wp\/v2\/product\/54417","targetHints":{"allow":["GET"]}}],"collection":[{"href":"https:\/\/business.roovi.com\/fr\/wp-json\/wp\/v2\/product"}],"about":[{"href":"https:\/\/business.roovi.com\/fr\/wp-json\/wp\/v2\/types\/product"}],"version-history":[{"count":0,"href":"https:\/\/business.roovi.com\/fr\/wp-json\/wp\/v2\/product\/54417\/revisions"}],"wp:featuredmedia":[{"embeddable":true,"href":"https:\/\/business.roovi.com\/fr\/wp-json\/wp\/v2\/media\/70903"}],"wp:attachment":[{"href":"https:\/\/business.roovi.com\/fr\/wp-json\/wp\/v2\/media?parent=54417"}],"wp:term":[{"taxonomy":"product_brand","embeddable":true,"href":"https:\/\/business.roovi.com\/fr\/wp-json\/wp\/v2\/product_brand?post=54417"},{"taxonomy":"product_cat","embeddable":true,"href":"https:\/\/business.roovi.com\/fr\/wp-json\/wp\/v2\/product_cat?post=54417"},{"taxonomy":"product_tag","embeddable":true,"href":"https:\/\/business.roovi.com\/fr\/wp-json\/wp\/v2\/product_tag?post=54417"}],"curies":[{"name":"wp","href":"https:\/\/api.w.org\/{rel}","templated":true}]}}