{"id":54419,"date":"2018-04-16T10:56:08","date_gmt":"2018-04-16T10:56:08","guid":{"rendered":"https:\/\/business.roovi.com\/joc-eduscience-triops-aqua-parc\/p\/"},"modified":"2022-07-13T10:55:27","modified_gmt":"2022-07-13T10:55:27","slug":"triops-aqua-parc-set-educatif-delevage-de-crustaces-prehistoriques","status":"publish","type":"product","link":"https:\/\/business.roovi.com\/fr\/triops-aqua-parc-set-educatif-delevage-de-crustaces-prehistoriques\/p\/","title":{"rendered":"Triops Aqua Parc &#8211; Set \u00e9ducatif d&rsquo;\u00e9levage de crustac\u00e9s pr\u00e9historiques"},"content":{"rendered":"<p>Cultive des crustac\u00e9s pr\u00e9historiques avec TRIOPS AQUA PARC. Cr\u00e9e un parc aquatique pour les cr\u00e9atures de l&rsquo;\u00e2ge des dinosaures qui ressemblent \u00e0 des extraterrestres ! L&rsquo;ensemble comprend une tour-loupe, un aquarium sp\u00e9cial pour \u00e9tudier les animaux, de la nourriture et bien s\u00fbr les \u0153ufs de crustac\u00e9s Triops en animation suspendue ! Incroyable ! Il suffit d&rsquo;ajouter de l&rsquo;eau dans l&rsquo;aquarium sp\u00e9cial et de regarder ces cr\u00e9atures \u00e9tonnantes grandir.<\/p>\n","protected":false},"excerpt":{"rendered":"<p>Cultive des crustac\u00e9s pr\u00e9historiques avec TRIOPS AQUA PARC. Cr\u00e9e un parc aquatique pour les cr\u00e9atures de l&rsquo;\u00e2ge des dinosaures qui<\/p>\n","protected":false},"featured_media":45390,"template":"","meta":[],"product_brand":[],"product_cat":[2328,2329],"product_tag":[],"class_list":{"0":"post-54419","1":"product","2":"type-product","3":"status-publish","4":"has-post-thumbnail","6":"product_cat-jeux-educatifs-et-scientifiques","7":"product_cat-jeux-scientifiques","8":"pa_brand-treetoys-fr","9":"pa_country_of_manufacture-ro-fr","10":"pa_filter_age-14-fr","11":"pa_filter_age-5_7-fr","12":"pa_filter_age-7_9-fr","13":"pa_filter_age-9_14-fr","14":"pa_tip_ambalaj-boite","16":"first","17":"instock","18":"taxable","19":"shipping-taxable","20":"product-type-simple"},"yoast_head":"<!-- This site is optimized with the Yoast SEO plugin v20.1 - https:\/\/yoast.com\/wordpress\/plugins\/seo\/ -->\n<title>Triops Aqua Parc - Set \u00e9ducatif d&#039;\u00e9levage de crustac\u00e9s pr\u00e9historiques<\/title>\n<meta name=\"description\" content=\"Triops Aqua Parc - Set \u00e9ducatif d&#039;\u00e9levage de crustac\u00e9s pr\u00e9historiques\" \/>\n<meta name=\"robots\" content=\"index, follow, max-snippet:-1, max-image-preview:large, max-video-preview:-1\" \/>\n<link rel=\"canonical\" href=\"https:\/\/business.roovi.com\/fr\/triops-aqua-parc-set-educatif-delevage-de-crustaces-prehistoriques\/p\/\" \/>\n<meta property=\"og:locale\" content=\"fr_FR\" \/>\n<meta property=\"og:type\" content=\"article\" \/>\n<meta property=\"og:title\" content=\"Triops Aqua Parc - Set \u00e9ducatif d&#039;\u00e9levage de crustac\u00e9s pr\u00e9historiques\" \/>\n<meta property=\"og:description\" content=\"Triops Aqua Parc - Set \u00e9ducatif d&#039;\u00e9levage de crustac\u00e9s pr\u00e9historiques\" \/>\n<meta property=\"og:url\" content=\"https:\/\/business.roovi.com\/fr\/triops-aqua-parc-set-educatif-delevage-de-crustaces-prehistoriques\/p\/\" \/>\n<meta property=\"og:site_name\" content=\"Roovi B2B\" \/>\n<meta property=\"article:publisher\" content=\"https:\/\/www.facebook.com\/wwwjucariero\" \/>\n<meta property=\"article:modified_time\" content=\"2022-07-13T10:55:27+00:00\" \/>\n<meta property=\"og:image\" content=\"https:\/\/business.roovi.com\/wp-content\/uploads\/2018\/04\/triops_aqua_park_868866.jpg\" \/>\n\t<meta property=\"og:image:width\" content=\"1200\" \/>\n\t<meta property=\"og:image:height\" content=\"1200\" \/>\n\t<meta property=\"og:image:type\" content=\"image\/jpeg\" \/>\n<script type=\"application\/ld+json\" class=\"yoast-schema-graph\">{\"@context\":\"https:\/\/schema.org\",\"@graph\":[{\"@type\":\"WebPage\",\"@id\":\"https:\/\/business.roovi.com\/fr\/triops-aqua-parc-set-educatif-delevage-de-crustaces-prehistoriques\/p\/\",\"url\":\"https:\/\/business.roovi.com\/fr\/triops-aqua-parc-set-educatif-delevage-de-crustaces-prehistoriques\/p\/\",\"name\":\"Triops Aqua Parc - Set \u00e9ducatif d'\u00e9levage de crustac\u00e9s pr\u00e9historiques\",\"isPartOf\":{\"@id\":\"https:\/\/business.roovi.com\/fr\/#website\"},\"datePublished\":\"2018-04-16T10:56:08+00:00\",\"dateModified\":\"2022-07-13T10:55:27+00:00\",\"description\":\"Triops Aqua Parc - Set \u00e9ducatif d'\u00e9levage de crustac\u00e9s pr\u00e9historiques\",\"breadcrumb\":{\"@id\":\"https:\/\/business.roovi.com\/fr\/triops-aqua-parc-set-educatif-delevage-de-crustaces-prehistoriques\/p\/#breadcrumb\"},\"inLanguage\":\"fr-FR\",\"potentialAction\":[{\"@type\":\"ReadAction\",\"target\":[\"https:\/\/business.roovi.com\/fr\/triops-aqua-parc-set-educatif-delevage-de-crustaces-prehistoriques\/p\/\"]}]},{\"@type\":\"BreadcrumbList\",\"@id\":\"https:\/\/business.roovi.com\/fr\/triops-aqua-parc-set-educatif-delevage-de-crustaces-prehistoriques\/p\/#breadcrumb\",\"itemListElement\":[{\"@type\":\"ListItem\",\"position\":1,\"name\":\"Home\",\"item\":\"https:\/\/business.roovi.com\/fr\/\"},{\"@type\":\"ListItem\",\"position\":2,\"name\":\"Boutique\",\"item\":\"https:\/\/business.roovi.com\/fr\/boutique\/\"},{\"@type\":\"ListItem\",\"position\":3,\"name\":\"Triops Aqua Parc &#8211; Set \u00e9ducatif d&#8217;\u00e9levage de crustac\u00e9s pr\u00e9historiques\"}]},{\"@type\":\"WebSite\",\"@id\":\"https:\/\/business.roovi.com\/fr\/#website\",\"url\":\"https:\/\/business.roovi.com\/fr\/\",\"name\":\"Roovi B2B\",\"description\":\"Roovi Business Website\",\"potentialAction\":[{\"@type\":\"SearchAction\",\"target\":{\"@type\":\"EntryPoint\",\"urlTemplate\":\"https:\/\/business.roovi.com\/fr\/?s={search_term_string}\"},\"query-input\":\"required name=search_term_string\"}],\"inLanguage\":\"fr-FR\"}]}<\/script>\n<!-- \/ Yoast SEO plugin. -->","yoast_head_json":{"title":"Triops Aqua Parc - Set \u00e9ducatif d'\u00e9levage de crustac\u00e9s pr\u00e9historiques","description":"Triops Aqua Parc - Set \u00e9ducatif d'\u00e9levage de crustac\u00e9s pr\u00e9historiques","robots":{"index":"index","follow":"follow","max-snippet":"max-snippet:-1","max-image-preview":"max-image-preview:large","max-video-preview":"max-video-preview:-1"},"canonical":"https:\/\/business.roovi.com\/fr\/triops-aqua-parc-set-educatif-delevage-de-crustaces-prehistoriques\/p\/","og_locale":"fr_FR","og_type":"article","og_title":"Triops Aqua Parc - Set \u00e9ducatif d'\u00e9levage de crustac\u00e9s pr\u00e9historiques","og_description":"Triops Aqua Parc - Set \u00e9ducatif d'\u00e9levage de crustac\u00e9s pr\u00e9historiques","og_url":"https:\/\/business.roovi.com\/fr\/triops-aqua-parc-set-educatif-delevage-de-crustaces-prehistoriques\/p\/","og_site_name":"Roovi B2B","article_publisher":"https:\/\/www.facebook.com\/wwwjucariero","article_modified_time":"2022-07-13T10:55:27+00:00","og_image":[{"width":1200,"height":1200,"url":"https:\/\/business.roovi.com\/wp-content\/uploads\/2018\/04\/triops_aqua_park_868866.jpg","type":"image\/jpeg"}],"schema":{"@context":"https:\/\/schema.org","@graph":[{"@type":"WebPage","@id":"https:\/\/business.roovi.com\/fr\/triops-aqua-parc-set-educatif-delevage-de-crustaces-prehistoriques\/p\/","url":"https:\/\/business.roovi.com\/fr\/triops-aqua-parc-set-educatif-delevage-de-crustaces-prehistoriques\/p\/","name":"Triops Aqua Parc - Set \u00e9ducatif d'\u00e9levage de crustac\u00e9s pr\u00e9historiques","isPartOf":{"@id":"https:\/\/business.roovi.com\/fr\/#website"},"datePublished":"2018-04-16T10:56:08+00:00","dateModified":"2022-07-13T10:55:27+00:00","description":"Triops Aqua Parc - Set \u00e9ducatif d'\u00e9levage de crustac\u00e9s pr\u00e9historiques","breadcrumb":{"@id":"https:\/\/business.roovi.com\/fr\/triops-aqua-parc-set-educatif-delevage-de-crustaces-prehistoriques\/p\/#breadcrumb"},"inLanguage":"fr-FR","potentialAction":[{"@type":"ReadAction","target":["https:\/\/business.roovi.com\/fr\/triops-aqua-parc-set-educatif-delevage-de-crustaces-prehistoriques\/p\/"]}]},{"@type":"BreadcrumbList","@id":"https:\/\/business.roovi.com\/fr\/triops-aqua-parc-set-educatif-delevage-de-crustaces-prehistoriques\/p\/#breadcrumb","itemListElement":[{"@type":"ListItem","position":1,"name":"Home","item":"https:\/\/business.roovi.com\/fr\/"},{"@type":"ListItem","position":2,"name":"Boutique","item":"https:\/\/business.roovi.com\/fr\/boutique\/"},{"@type":"ListItem","position":3,"name":"Triops Aqua Parc &#8211; Set \u00e9ducatif d&#8217;\u00e9levage de crustac\u00e9s pr\u00e9historiques"}]},{"@type":"WebSite","@id":"https:\/\/business.roovi.com\/fr\/#website","url":"https:\/\/business.roovi.com\/fr\/","name":"Roovi B2B","description":"Roovi Business Website","potentialAction":[{"@type":"SearchAction","target":{"@type":"EntryPoint","urlTemplate":"https:\/\/business.roovi.com\/fr\/?s={search_term_string}"},"query-input":"required name=search_term_string"}],"inLanguage":"fr-FR"}]}},"_links":{"self":[{"href":"https:\/\/business.roovi.com\/fr\/wp-json\/wp\/v2\/product\/54419","targetHints":{"allow":["GET"]}}],"collection":[{"href":"https:\/\/business.roovi.com\/fr\/wp-json\/wp\/v2\/product"}],"about":[{"href":"https:\/\/business.roovi.com\/fr\/wp-json\/wp\/v2\/types\/product"}],"version-history":[{"count":0,"href":"https:\/\/business.roovi.com\/fr\/wp-json\/wp\/v2\/product\/54419\/revisions"}],"wp:featuredmedia":[{"embeddable":true,"href":"https:\/\/business.roovi.com\/fr\/wp-json\/wp\/v2\/media\/45390"}],"wp:attachment":[{"href":"https:\/\/business.roovi.com\/fr\/wp-json\/wp\/v2\/media?parent=54419"}],"wp:term":[{"taxonomy":"product_brand","embeddable":true,"href":"https:\/\/business.roovi.com\/fr\/wp-json\/wp\/v2\/product_brand?post=54419"},{"taxonomy":"product_cat","embeddable":true,"href":"https:\/\/business.roovi.com\/fr\/wp-json\/wp\/v2\/product_cat?post=54419"},{"taxonomy":"product_tag","embeddable":true,"href":"https:\/\/business.roovi.com\/fr\/wp-json\/wp\/v2\/product_tag?post=54419"}],"curies":[{"name":"wp","href":"https:\/\/api.w.org\/{rel}","templated":true}]}}