{"id":54423,"date":"2018-04-16T10:56:08","date_gmt":"2018-04-16T10:56:08","guid":{"rendered":"https:\/\/business.roovi.com\/joc-nu-te-supara-original\/p\/"},"modified":"2022-07-13T10:55:34","modified_gmt":"2022-07-13T10:55:34","slug":"jeu-dont-get-mad-original-jeu-de-societe","status":"publish","type":"product","link":"https:\/\/business.roovi.com\/fr\/jeu-dont-get-mad-original-jeu-de-societe\/p\/","title":{"rendered":"Jeu Don&rsquo;t Get Mad Original &#8211; Jeu de soci\u00e9t\u00e9"},"content":{"rendered":"<p><span style=\"font-weight: 400;\">Les jeux d&rsquo;enfance ne te manquent-ils pas parfois ? Raconte-tu \u00e0 tes enfants les jeux auxquels tu jouais avec tes amis ou ta famille, et aimerais-tu leur transmettre la joie que tu ressentais alors ?<\/span><\/p>\n<p><span style=\"font-weight: 400;\">Le jeu Don&rsquo;t Get Angry <\/span><em><span style=\"font-weight: 400;\">Original<\/span><\/em><span style=\"font-weight: 400;\"> est l&rsquo;un de ces jeux traditionnels qui ont r\u00e9sist\u00e9 \u00e0 l&rsquo;\u00e9preuve du temps. C&rsquo;est le jeu auquel tu reviens chaque fois que tu veux te connecter avec les enfants et t&rsquo;amuser ensemble, tout en aidant tes petits \u00e0 d\u00e9velopper des comp\u00e9tences importantes <\/span><\/p>\n<p><span style=\"font-weight: 400;\">Avec des r\u00e8gles simples, faciles \u00e0 suivre m\u00eame pour les plus jeunes participants, Don&rsquo;t Get Mad Original met davantage l&rsquo;accent sur l&rsquo;interaction entre les joueurs.<\/span><\/p>\n<h2><span style=\"font-weight: 400;\">Savais-tu que le jeu..<\/span><\/h2>\n<ul>\n<li><span style=\"font-weight: 400;\">Stimule la capacit\u00e9 \u00e0 se concentrer.<\/span><\/li>\n<li><span style=\"font-weight: 400;\">Il enseigne aux jeunes enfants les concepts math\u00e9matiques de base tels que le comptage et l&rsquo;addition, qui sont n\u00e9cessaires pour progresser sur le tableau.<\/span><\/li>\n<li><span style=\"font-weight: 400;\">D\u00e9veloppe un esprit de comp\u00e9tition <\/span><\/li>\n<li><span style=\"font-weight: 400;\">Cela les aide \u00e0 accepter la d\u00e9faite et \u00e0 continuer \u00e0 jouer.  <\/span><\/li>\n<li><span style=\"font-weight: 400;\">C&rsquo;est une excellente occasion de parler des \u00e9motions et de leur gestion &#8211; nous savons combien il est difficile pour les petits de perdre, et combien ils sont mignons lorsqu&rsquo;ils font la t\u00eate en lan\u00e7ant les d\u00e9s \ud83d\ude42<\/span><\/li>\n<\/ul>\n<h2><span style=\"font-weight: 400;\">Pourquoi choisir Ne t&rsquo;\u00e9nerve pas Original<\/span><\/h2>\n<p><span style=\"font-weight: 400;\">Le grand plateau de jeu offre beaucoup de place pour les mouvements et est plus facile \u00e0 suivre pour les petits joueurs <\/span><\/p>\n<p><span style=\"font-weight: 400;\">Se d\u00e9placer sur le plateau avec les pions est un excellent exercice de coordination et d&rsquo;attention, les enfants devant identifier leur propre pion et suivre le chemin dans la bonne direction jusqu&rsquo;\u00e0 la bo\u00eete de la bonne couleur.<\/span><\/p>\n<p><span style=\"font-weight: 400;\">Le plateau de jeu est fait d&rsquo;un carton \u00e9pais et r\u00e9sistant aux d\u00e9fis qui peut \u00eatre utilis\u00e9 \u00e0 plusieurs reprises sans craindre de se d\u00e9former ou de se d\u00e9chirer <\/span><\/p>\n<p><span style=\"font-weight: 400;\">\u00c2ge recommand\u00e9 : 3+<\/span><\/p>\n<p><span style=\"font-weight: 400;\">Joueurs : 2-4 personnes<\/span><\/p>\n<p><span style=\"font-weight: 400;\">La bo\u00eete contient : 1 plateau de jeu, 1 d\u00e9, 16 pions, r\u00e8gles du jeu   <\/span><\/p>\n<p><span style=\"font-weight: 400;\">Jeu non recommand\u00e9 pour les enfants de moins de 3 ans. Contient de petits morceaux qui peuvent \u00eatre aval\u00e9s.<\/span><\/p><\/p>\n","protected":false},"excerpt":{"rendered":"<p>Les jeux d&rsquo;enfance ne te manquent-ils pas parfois ? Raconte-tu \u00e0 tes enfants les jeux auxquels tu jouais avec tes<\/p>\n","protected":false},"featured_media":64381,"template":"","meta":[],"product_brand":[],"product_cat":[2303,2335],"product_tag":[],"class_list":{"0":"post-54423","1":"product","2":"type-product","3":"status-publish","4":"has-post-thumbnail","6":"product_cat-jeux-de-societe","7":"product_cat-jeux-classiques","8":"pa_brand-d_toys-fr","9":"pa_country_of_manufacture-ro-fr","10":"pa_filter_age-3_5-fr","11":"pa_filter_age-5_7-fr","12":"pa_filter_age-7_9-fr","13":"pa_filter_age-9_14-fr","14":"pa_filter_age-14-fr","15":"pa_tip_ambalaj-boite","17":"first","18":"instock","19":"taxable","20":"shipping-taxable","21":"product-type-simple"},"yoast_head":"<!-- This site is optimized with the Yoast SEO plugin v20.1 - https:\/\/yoast.com\/wordpress\/plugins\/seo\/ -->\n<title>Jeu Don&#039;t Get Mad Original - Jeu de soci\u00e9t\u00e9<\/title>\n<meta name=\"description\" content=\"Jeu Don&#039;t Get Mad Original - Jeu de soci\u00e9t\u00e9\" \/>\n<meta name=\"robots\" content=\"index, follow, max-snippet:-1, max-image-preview:large, max-video-preview:-1\" \/>\n<link rel=\"canonical\" href=\"https:\/\/business.roovi.com\/fr\/jeu-dont-get-mad-original-jeu-de-societe\/p\/\" \/>\n<meta property=\"og:locale\" content=\"fr_FR\" \/>\n<meta property=\"og:type\" content=\"article\" \/>\n<meta property=\"og:title\" content=\"Jeu Don&#039;t Get Mad Original - Jeu de soci\u00e9t\u00e9\" \/>\n<meta property=\"og:description\" content=\"Jeu Don&#039;t Get Mad Original - Jeu de soci\u00e9t\u00e9\" \/>\n<meta property=\"og:url\" content=\"https:\/\/business.roovi.com\/fr\/jeu-dont-get-mad-original-jeu-de-societe\/p\/\" \/>\n<meta property=\"og:site_name\" content=\"Roovi B2B\" \/>\n<meta property=\"article:publisher\" content=\"https:\/\/www.facebook.com\/wwwjucariero\" \/>\n<meta property=\"article:modified_time\" content=\"2022-07-13T10:55:34+00:00\" \/>\n<meta property=\"og:image\" content=\"https:\/\/business.roovi.com\/wp-content\/uploads\/2018\/04\/71194_elo_nu_te_supara_1.jpg\" \/>\n\t<meta property=\"og:image:width\" content=\"1200\" \/>\n\t<meta property=\"og:image:height\" content=\"1200\" \/>\n\t<meta property=\"og:image:type\" content=\"image\/jpeg\" \/>\n<meta name=\"twitter:label1\" content=\"Dur\u00e9e de lecture estim\u00e9e\" \/>\n\t<meta name=\"twitter:data1\" content=\"2 minutes\" \/>\n<script type=\"application\/ld+json\" class=\"yoast-schema-graph\">{\"@context\":\"https:\/\/schema.org\",\"@graph\":[{\"@type\":\"WebPage\",\"@id\":\"https:\/\/business.roovi.com\/fr\/jeu-dont-get-mad-original-jeu-de-societe\/p\/\",\"url\":\"https:\/\/business.roovi.com\/fr\/jeu-dont-get-mad-original-jeu-de-societe\/p\/\",\"name\":\"Jeu Don't Get Mad Original - Jeu de soci\u00e9t\u00e9\",\"isPartOf\":{\"@id\":\"https:\/\/business.roovi.com\/fr\/#website\"},\"datePublished\":\"2018-04-16T10:56:08+00:00\",\"dateModified\":\"2022-07-13T10:55:34+00:00\",\"description\":\"Jeu Don't Get Mad Original - Jeu de soci\u00e9t\u00e9\",\"breadcrumb\":{\"@id\":\"https:\/\/business.roovi.com\/fr\/jeu-dont-get-mad-original-jeu-de-societe\/p\/#breadcrumb\"},\"inLanguage\":\"fr-FR\",\"potentialAction\":[{\"@type\":\"ReadAction\",\"target\":[\"https:\/\/business.roovi.com\/fr\/jeu-dont-get-mad-original-jeu-de-societe\/p\/\"]}]},{\"@type\":\"BreadcrumbList\",\"@id\":\"https:\/\/business.roovi.com\/fr\/jeu-dont-get-mad-original-jeu-de-societe\/p\/#breadcrumb\",\"itemListElement\":[{\"@type\":\"ListItem\",\"position\":1,\"name\":\"Home\",\"item\":\"https:\/\/business.roovi.com\/fr\/\"},{\"@type\":\"ListItem\",\"position\":2,\"name\":\"Boutique\",\"item\":\"https:\/\/business.roovi.com\/fr\/boutique\/\"},{\"@type\":\"ListItem\",\"position\":3,\"name\":\"Jeu Don&#8217;t Get Mad Original &#8211; Jeu de soci\u00e9t\u00e9\"}]},{\"@type\":\"WebSite\",\"@id\":\"https:\/\/business.roovi.com\/fr\/#website\",\"url\":\"https:\/\/business.roovi.com\/fr\/\",\"name\":\"Roovi B2B\",\"description\":\"Roovi Business Website\",\"potentialAction\":[{\"@type\":\"SearchAction\",\"target\":{\"@type\":\"EntryPoint\",\"urlTemplate\":\"https:\/\/business.roovi.com\/fr\/?s={search_term_string}\"},\"query-input\":\"required name=search_term_string\"}],\"inLanguage\":\"fr-FR\"}]}<\/script>\n<!-- \/ Yoast SEO plugin. -->","yoast_head_json":{"title":"Jeu Don't Get Mad Original - Jeu de soci\u00e9t\u00e9","description":"Jeu Don't Get Mad Original - Jeu de soci\u00e9t\u00e9","robots":{"index":"index","follow":"follow","max-snippet":"max-snippet:-1","max-image-preview":"max-image-preview:large","max-video-preview":"max-video-preview:-1"},"canonical":"https:\/\/business.roovi.com\/fr\/jeu-dont-get-mad-original-jeu-de-societe\/p\/","og_locale":"fr_FR","og_type":"article","og_title":"Jeu Don't Get Mad Original - Jeu de soci\u00e9t\u00e9","og_description":"Jeu Don't Get Mad Original - Jeu de soci\u00e9t\u00e9","og_url":"https:\/\/business.roovi.com\/fr\/jeu-dont-get-mad-original-jeu-de-societe\/p\/","og_site_name":"Roovi B2B","article_publisher":"https:\/\/www.facebook.com\/wwwjucariero","article_modified_time":"2022-07-13T10:55:34+00:00","og_image":[{"width":1200,"height":1200,"url":"https:\/\/business.roovi.com\/wp-content\/uploads\/2018\/04\/71194_elo_nu_te_supara_1.jpg","type":"image\/jpeg"}],"twitter_misc":{"Dur\u00e9e de lecture estim\u00e9e":"2 minutes"},"schema":{"@context":"https:\/\/schema.org","@graph":[{"@type":"WebPage","@id":"https:\/\/business.roovi.com\/fr\/jeu-dont-get-mad-original-jeu-de-societe\/p\/","url":"https:\/\/business.roovi.com\/fr\/jeu-dont-get-mad-original-jeu-de-societe\/p\/","name":"Jeu Don't Get Mad Original - Jeu de soci\u00e9t\u00e9","isPartOf":{"@id":"https:\/\/business.roovi.com\/fr\/#website"},"datePublished":"2018-04-16T10:56:08+00:00","dateModified":"2022-07-13T10:55:34+00:00","description":"Jeu Don't Get Mad Original - Jeu de soci\u00e9t\u00e9","breadcrumb":{"@id":"https:\/\/business.roovi.com\/fr\/jeu-dont-get-mad-original-jeu-de-societe\/p\/#breadcrumb"},"inLanguage":"fr-FR","potentialAction":[{"@type":"ReadAction","target":["https:\/\/business.roovi.com\/fr\/jeu-dont-get-mad-original-jeu-de-societe\/p\/"]}]},{"@type":"BreadcrumbList","@id":"https:\/\/business.roovi.com\/fr\/jeu-dont-get-mad-original-jeu-de-societe\/p\/#breadcrumb","itemListElement":[{"@type":"ListItem","position":1,"name":"Home","item":"https:\/\/business.roovi.com\/fr\/"},{"@type":"ListItem","position":2,"name":"Boutique","item":"https:\/\/business.roovi.com\/fr\/boutique\/"},{"@type":"ListItem","position":3,"name":"Jeu Don&#8217;t Get Mad Original &#8211; Jeu de soci\u00e9t\u00e9"}]},{"@type":"WebSite","@id":"https:\/\/business.roovi.com\/fr\/#website","url":"https:\/\/business.roovi.com\/fr\/","name":"Roovi B2B","description":"Roovi Business Website","potentialAction":[{"@type":"SearchAction","target":{"@type":"EntryPoint","urlTemplate":"https:\/\/business.roovi.com\/fr\/?s={search_term_string}"},"query-input":"required name=search_term_string"}],"inLanguage":"fr-FR"}]}},"_links":{"self":[{"href":"https:\/\/business.roovi.com\/fr\/wp-json\/wp\/v2\/product\/54423","targetHints":{"allow":["GET"]}}],"collection":[{"href":"https:\/\/business.roovi.com\/fr\/wp-json\/wp\/v2\/product"}],"about":[{"href":"https:\/\/business.roovi.com\/fr\/wp-json\/wp\/v2\/types\/product"}],"version-history":[{"count":0,"href":"https:\/\/business.roovi.com\/fr\/wp-json\/wp\/v2\/product\/54423\/revisions"}],"wp:featuredmedia":[{"embeddable":true,"href":"https:\/\/business.roovi.com\/fr\/wp-json\/wp\/v2\/media\/64381"}],"wp:attachment":[{"href":"https:\/\/business.roovi.com\/fr\/wp-json\/wp\/v2\/media?parent=54423"}],"wp:term":[{"taxonomy":"product_brand","embeddable":true,"href":"https:\/\/business.roovi.com\/fr\/wp-json\/wp\/v2\/product_brand?post=54423"},{"taxonomy":"product_cat","embeddable":true,"href":"https:\/\/business.roovi.com\/fr\/wp-json\/wp\/v2\/product_cat?post=54423"},{"taxonomy":"product_tag","embeddable":true,"href":"https:\/\/business.roovi.com\/fr\/wp-json\/wp\/v2\/product_tag?post=54423"}],"curies":[{"name":"wp","href":"https:\/\/api.w.org\/{rel}","templated":true}]}}