{"id":54425,"date":"2018-04-16T10:56:08","date_gmt":"2018-04-16T10:56:08","guid":{"rendered":"https:\/\/business.roovi.com\/joc-buggy-boogie\/p\/"},"modified":"2022-07-13T10:55:38","modified_gmt":"2022-07-13T10:55:38","slug":"jeu-buggy-boogie-jeu-interactif-pour-apprendre-les-operations-mathematiques-simples","status":"publish","type":"product","link":"https:\/\/business.roovi.com\/fr\/jeu-buggy-boogie-jeu-interactif-pour-apprendre-les-operations-mathematiques-simples\/p\/","title":{"rendered":"Jeu Buggy Boogie &#8211; Jeu interactif pour apprendre les op\u00e9rations math\u00e9matiques simples"},"content":{"rendered":"<p>La coccinelle, l&rsquo;abeille, le ver et le scarab\u00e9e s&rsquo;amusent bien avec Buggy Boogie ! Maintenant, ils t&rsquo;aident \u00e0 apprendre les maths de mani\u00e8re ludique. Les cartes de jeu montrent des images incompl\u00e8tes de diff\u00e9rents insectes. Effectue des op\u00e9rations math\u00e9matiques de base et place les cartes sur la table aux bons endroits ! Assure-toi que les photos sont correctement compos\u00e9es selon les deux crit\u00e8res de Buggy Boogie : la r\u00e8gle du nombre et la r\u00e8gle de l&rsquo;insecte ! <\/p>\n<p>Si tu r\u00e9ussis tes calculs, tu seras r\u00e9compens\u00e9e par de jolis jetons d&rsquo;insectes. Le joueur qui joue le plus intelligemment et collecte le plus de jetons gagne ! Entra\u00eene ton esprit et amuse-toi avec ce jeu de soci\u00e9t\u00e9 \u00ab\u00a0MateMagic\u00a0\u00bb ! Le jeu Buggy Boogie contient : 36 cartes de jeu, 36 jetons insectes, 1 d\u00e9, r\u00e8gles du jeu. Recommand\u00e9 pour les enfants de plus de 6 ans. Pour 2-6 joueurs.<\/p>\n","protected":false},"excerpt":{"rendered":"<p>La coccinelle, l&rsquo;abeille, le ver et le scarab\u00e9e s&rsquo;amusent bien avec Buggy Boogie ! Maintenant, ils t&rsquo;aident \u00e0 apprendre les<\/p>\n","protected":false},"featured_media":45395,"template":"","meta":[],"product_brand":[],"product_cat":[2303,2306],"product_tag":[],"class_list":{"0":"post-54425","1":"product","2":"type-product","3":"status-publish","4":"has-post-thumbnail","6":"product_cat-jeux-de-societe","7":"product_cat-jeux-educatifs-et-jeux-de-quiz","8":"pa_bax-10-fr","9":"pa_brand-d_toys-fr","10":"pa_country_of_manufacture-ro-fr","11":"pa_filter_age-5_7-fr","12":"pa_filter_age-7_9-fr","13":"pa_filter_age-9_14-fr","14":"pa_tip_ambalaj-boite","16":"first","17":"instock","18":"taxable","19":"shipping-taxable","20":"product-type-simple"},"yoast_head":"<!-- This site is optimized with the Yoast SEO plugin v20.1 - https:\/\/yoast.com\/wordpress\/plugins\/seo\/ -->\n<title>Jeu Buggy Boogie - Jeu interactif pour apprendre les op\u00e9rations math\u00e9matiques simples<\/title>\n<meta name=\"description\" content=\"Jeu Buggy Boogie - Jeu interactif pour apprendre les op\u00e9rations math\u00e9matiques simples\" \/>\n<meta name=\"robots\" content=\"index, follow, max-snippet:-1, max-image-preview:large, max-video-preview:-1\" \/>\n<link rel=\"canonical\" href=\"https:\/\/business.roovi.com\/fr\/jeu-buggy-boogie-jeu-interactif-pour-apprendre-les-operations-mathematiques-simples\/p\/\" \/>\n<meta property=\"og:locale\" content=\"fr_FR\" \/>\n<meta property=\"og:type\" content=\"article\" \/>\n<meta property=\"og:title\" content=\"Jeu Buggy Boogie - Jeu interactif pour apprendre les op\u00e9rations math\u00e9matiques simples\" \/>\n<meta property=\"og:description\" content=\"Jeu Buggy Boogie - Jeu interactif pour apprendre les op\u00e9rations math\u00e9matiques simples\" \/>\n<meta property=\"og:url\" content=\"https:\/\/business.roovi.com\/fr\/jeu-buggy-boogie-jeu-interactif-pour-apprendre-les-operations-mathematiques-simples\/p\/\" \/>\n<meta property=\"og:site_name\" content=\"Roovi B2B\" \/>\n<meta property=\"article:publisher\" content=\"https:\/\/www.facebook.com\/wwwjucariero\" \/>\n<meta property=\"article:modified_time\" content=\"2022-07-13T10:55:38+00:00\" \/>\n<meta property=\"og:image\" content=\"https:\/\/business.roovi.com\/wp-content\/uploads\/2018\/04\/71187_elo_1.jpg\" \/>\n\t<meta property=\"og:image:width\" content=\"1200\" \/>\n\t<meta property=\"og:image:height\" content=\"1200\" \/>\n\t<meta property=\"og:image:type\" content=\"image\/jpeg\" \/>\n<meta name=\"twitter:label1\" content=\"Dur\u00e9e de lecture estim\u00e9e\" \/>\n\t<meta name=\"twitter:data1\" content=\"1 minute\" \/>\n<script type=\"application\/ld+json\" class=\"yoast-schema-graph\">{\"@context\":\"https:\/\/schema.org\",\"@graph\":[{\"@type\":\"WebPage\",\"@id\":\"https:\/\/business.roovi.com\/fr\/jeu-buggy-boogie-jeu-interactif-pour-apprendre-les-operations-mathematiques-simples\/p\/\",\"url\":\"https:\/\/business.roovi.com\/fr\/jeu-buggy-boogie-jeu-interactif-pour-apprendre-les-operations-mathematiques-simples\/p\/\",\"name\":\"Jeu Buggy Boogie - Jeu interactif pour apprendre les op\u00e9rations math\u00e9matiques simples\",\"isPartOf\":{\"@id\":\"https:\/\/business.roovi.com\/fr\/#website\"},\"datePublished\":\"2018-04-16T10:56:08+00:00\",\"dateModified\":\"2022-07-13T10:55:38+00:00\",\"description\":\"Jeu Buggy Boogie - Jeu interactif pour apprendre les op\u00e9rations math\u00e9matiques simples\",\"breadcrumb\":{\"@id\":\"https:\/\/business.roovi.com\/fr\/jeu-buggy-boogie-jeu-interactif-pour-apprendre-les-operations-mathematiques-simples\/p\/#breadcrumb\"},\"inLanguage\":\"fr-FR\",\"potentialAction\":[{\"@type\":\"ReadAction\",\"target\":[\"https:\/\/business.roovi.com\/fr\/jeu-buggy-boogie-jeu-interactif-pour-apprendre-les-operations-mathematiques-simples\/p\/\"]}]},{\"@type\":\"BreadcrumbList\",\"@id\":\"https:\/\/business.roovi.com\/fr\/jeu-buggy-boogie-jeu-interactif-pour-apprendre-les-operations-mathematiques-simples\/p\/#breadcrumb\",\"itemListElement\":[{\"@type\":\"ListItem\",\"position\":1,\"name\":\"Home\",\"item\":\"https:\/\/business.roovi.com\/fr\/\"},{\"@type\":\"ListItem\",\"position\":2,\"name\":\"Boutique\",\"item\":\"https:\/\/business.roovi.com\/fr\/boutique\/\"},{\"@type\":\"ListItem\",\"position\":3,\"name\":\"Jeu Buggy Boogie &#8211; Jeu interactif pour apprendre les op\u00e9rations math\u00e9matiques simples\"}]},{\"@type\":\"WebSite\",\"@id\":\"https:\/\/business.roovi.com\/fr\/#website\",\"url\":\"https:\/\/business.roovi.com\/fr\/\",\"name\":\"Roovi B2B\",\"description\":\"Roovi Business Website\",\"potentialAction\":[{\"@type\":\"SearchAction\",\"target\":{\"@type\":\"EntryPoint\",\"urlTemplate\":\"https:\/\/business.roovi.com\/fr\/?s={search_term_string}\"},\"query-input\":\"required name=search_term_string\"}],\"inLanguage\":\"fr-FR\"}]}<\/script>\n<!-- \/ Yoast SEO plugin. -->","yoast_head_json":{"title":"Jeu Buggy Boogie - Jeu interactif pour apprendre les op\u00e9rations math\u00e9matiques simples","description":"Jeu Buggy Boogie - Jeu interactif pour apprendre les op\u00e9rations math\u00e9matiques simples","robots":{"index":"index","follow":"follow","max-snippet":"max-snippet:-1","max-image-preview":"max-image-preview:large","max-video-preview":"max-video-preview:-1"},"canonical":"https:\/\/business.roovi.com\/fr\/jeu-buggy-boogie-jeu-interactif-pour-apprendre-les-operations-mathematiques-simples\/p\/","og_locale":"fr_FR","og_type":"article","og_title":"Jeu Buggy Boogie - Jeu interactif pour apprendre les op\u00e9rations math\u00e9matiques simples","og_description":"Jeu Buggy Boogie - Jeu interactif pour apprendre les op\u00e9rations math\u00e9matiques simples","og_url":"https:\/\/business.roovi.com\/fr\/jeu-buggy-boogie-jeu-interactif-pour-apprendre-les-operations-mathematiques-simples\/p\/","og_site_name":"Roovi B2B","article_publisher":"https:\/\/www.facebook.com\/wwwjucariero","article_modified_time":"2022-07-13T10:55:38+00:00","og_image":[{"width":1200,"height":1200,"url":"https:\/\/business.roovi.com\/wp-content\/uploads\/2018\/04\/71187_elo_1.jpg","type":"image\/jpeg"}],"twitter_misc":{"Dur\u00e9e de lecture estim\u00e9e":"1 minute"},"schema":{"@context":"https:\/\/schema.org","@graph":[{"@type":"WebPage","@id":"https:\/\/business.roovi.com\/fr\/jeu-buggy-boogie-jeu-interactif-pour-apprendre-les-operations-mathematiques-simples\/p\/","url":"https:\/\/business.roovi.com\/fr\/jeu-buggy-boogie-jeu-interactif-pour-apprendre-les-operations-mathematiques-simples\/p\/","name":"Jeu Buggy Boogie - Jeu interactif pour apprendre les op\u00e9rations math\u00e9matiques simples","isPartOf":{"@id":"https:\/\/business.roovi.com\/fr\/#website"},"datePublished":"2018-04-16T10:56:08+00:00","dateModified":"2022-07-13T10:55:38+00:00","description":"Jeu Buggy Boogie - Jeu interactif pour apprendre les op\u00e9rations math\u00e9matiques simples","breadcrumb":{"@id":"https:\/\/business.roovi.com\/fr\/jeu-buggy-boogie-jeu-interactif-pour-apprendre-les-operations-mathematiques-simples\/p\/#breadcrumb"},"inLanguage":"fr-FR","potentialAction":[{"@type":"ReadAction","target":["https:\/\/business.roovi.com\/fr\/jeu-buggy-boogie-jeu-interactif-pour-apprendre-les-operations-mathematiques-simples\/p\/"]}]},{"@type":"BreadcrumbList","@id":"https:\/\/business.roovi.com\/fr\/jeu-buggy-boogie-jeu-interactif-pour-apprendre-les-operations-mathematiques-simples\/p\/#breadcrumb","itemListElement":[{"@type":"ListItem","position":1,"name":"Home","item":"https:\/\/business.roovi.com\/fr\/"},{"@type":"ListItem","position":2,"name":"Boutique","item":"https:\/\/business.roovi.com\/fr\/boutique\/"},{"@type":"ListItem","position":3,"name":"Jeu Buggy Boogie &#8211; Jeu interactif pour apprendre les op\u00e9rations math\u00e9matiques simples"}]},{"@type":"WebSite","@id":"https:\/\/business.roovi.com\/fr\/#website","url":"https:\/\/business.roovi.com\/fr\/","name":"Roovi B2B","description":"Roovi Business Website","potentialAction":[{"@type":"SearchAction","target":{"@type":"EntryPoint","urlTemplate":"https:\/\/business.roovi.com\/fr\/?s={search_term_string}"},"query-input":"required name=search_term_string"}],"inLanguage":"fr-FR"}]}},"_links":{"self":[{"href":"https:\/\/business.roovi.com\/fr\/wp-json\/wp\/v2\/product\/54425","targetHints":{"allow":["GET"]}}],"collection":[{"href":"https:\/\/business.roovi.com\/fr\/wp-json\/wp\/v2\/product"}],"about":[{"href":"https:\/\/business.roovi.com\/fr\/wp-json\/wp\/v2\/types\/product"}],"version-history":[{"count":0,"href":"https:\/\/business.roovi.com\/fr\/wp-json\/wp\/v2\/product\/54425\/revisions"}],"wp:featuredmedia":[{"embeddable":true,"href":"https:\/\/business.roovi.com\/fr\/wp-json\/wp\/v2\/media\/45395"}],"wp:attachment":[{"href":"https:\/\/business.roovi.com\/fr\/wp-json\/wp\/v2\/media?parent=54425"}],"wp:term":[{"taxonomy":"product_brand","embeddable":true,"href":"https:\/\/business.roovi.com\/fr\/wp-json\/wp\/v2\/product_brand?post=54425"},{"taxonomy":"product_cat","embeddable":true,"href":"https:\/\/business.roovi.com\/fr\/wp-json\/wp\/v2\/product_cat?post=54425"},{"taxonomy":"product_tag","embeddable":true,"href":"https:\/\/business.roovi.com\/fr\/wp-json\/wp\/v2\/product_tag?post=54425"}],"curies":[{"name":"wp","href":"https:\/\/api.w.org\/{rel}","templated":true}]}}