{"id":54427,"date":"2018-04-16T10:56:08","date_gmt":"2018-04-16T10:56:08","guid":{"rendered":"https:\/\/business.roovi.com\/joc-creativ-puzzle-photo-cu-rama\/p\/"},"modified":"2022-07-13T10:55:41","modified_gmt":"2022-07-13T10:55:41","slug":"puzzle-photo-avec-cadre-pour-creer-ton-propre-puzzle-photo-ensemble-creatif","status":"publish","type":"product","link":"https:\/\/business.roovi.com\/fr\/puzzle-photo-avec-cadre-pour-creer-ton-propre-puzzle-photo-ensemble-creatif\/p\/","title":{"rendered":"Puzzle photo avec cadre &#8211; pour cr\u00e9er ton propre puzzle photo &#8211; Ensemble cr\u00e9atif"},"content":{"rendered":"<p>Un article personnalis\u00e9 tr\u00e8s sp\u00e9cial ! Tu peux cr\u00e9er un puzzle unique en utilisant ta propre photo. Il suffit de l&rsquo;imprimer sur l&rsquo;autocollant inclus dans le set \u00e0 l&rsquo;aide d&rsquo;une imprimante \u00e0 jet d&rsquo;encre, puis de d\u00e9coller les autocollants et de les coller sur les pi\u00e8ces du puzzle. Le r\u00e9sultat est un puzzle \u00e0 colorier de 12 pi\u00e8ces (format A5), qui peut \u00eatre colori\u00e9 \u00e0 l&rsquo;aide du set de peinture de 6 couleurs.<\/p>\n","protected":false},"excerpt":{"rendered":"<p>Un article personnalis\u00e9 tr\u00e8s sp\u00e9cial ! Tu peux cr\u00e9er un puzzle unique en utilisant ta propre photo. Il suffit de<\/p>\n","protected":false},"featured_media":45399,"template":"","meta":[],"product_brand":[],"product_cat":[2365,2321],"product_tag":[],"class_list":{"0":"post-54427","1":"product","2":"type-product","3":"status-publish","4":"has-post-thumbnail","6":"product_cat-dessin-peinture-coloriage","7":"product_cat-jeux-creatifs","8":"pa_brand-d_toys-fr","9":"pa_country_of_manufacture-ro-fr","10":"pa_filter_age-14-fr","11":"pa_filter_age-7_9-fr","12":"pa_filter_age-9_14-fr","13":"pa_tip_ambalaj-boite","15":"first","16":"outofstock","17":"taxable","18":"shipping-taxable","19":"product-type-simple"},"yoast_head":"<!-- This site is optimized with the Yoast SEO plugin v20.1 - https:\/\/yoast.com\/wordpress\/plugins\/seo\/ -->\n<title>Puzzle photo avec cadre - pour cr\u00e9er ton propre puzzle photo - Ensemble cr\u00e9atif<\/title>\n<meta name=\"description\" content=\"Puzzle photo avec cadre - pour cr\u00e9er ton propre puzzle photo - Ensemble cr\u00e9atif\" \/>\n<meta name=\"robots\" content=\"index, follow, max-snippet:-1, max-image-preview:large, max-video-preview:-1\" \/>\n<link rel=\"canonical\" href=\"https:\/\/business.roovi.com\/fr\/puzzle-photo-avec-cadre-pour-creer-ton-propre-puzzle-photo-ensemble-creatif\/p\/\" \/>\n<meta property=\"og:locale\" content=\"fr_FR\" \/>\n<meta property=\"og:type\" content=\"article\" \/>\n<meta property=\"og:title\" content=\"Puzzle photo avec cadre - pour cr\u00e9er ton propre puzzle photo - Ensemble cr\u00e9atif\" \/>\n<meta property=\"og:description\" content=\"Puzzle photo avec cadre - pour cr\u00e9er ton propre puzzle photo - Ensemble cr\u00e9atif\" \/>\n<meta property=\"og:url\" content=\"https:\/\/business.roovi.com\/fr\/puzzle-photo-avec-cadre-pour-creer-ton-propre-puzzle-photo-ensemble-creatif\/p\/\" \/>\n<meta property=\"og:site_name\" content=\"Roovi B2B\" \/>\n<meta property=\"article:publisher\" content=\"https:\/\/www.facebook.com\/wwwjucariero\" \/>\n<meta property=\"article:modified_time\" content=\"2022-07-13T10:55:41+00:00\" \/>\n<meta property=\"og:image\" content=\"https:\/\/business.roovi.com\/wp-content\/uploads\/2018\/04\/68408_elo.jpg\" \/>\n\t<meta property=\"og:image:width\" content=\"1200\" \/>\n\t<meta property=\"og:image:height\" content=\"1200\" \/>\n\t<meta property=\"og:image:type\" content=\"image\/jpeg\" \/>\n<script type=\"application\/ld+json\" class=\"yoast-schema-graph\">{\"@context\":\"https:\/\/schema.org\",\"@graph\":[{\"@type\":\"WebPage\",\"@id\":\"https:\/\/business.roovi.com\/fr\/puzzle-photo-avec-cadre-pour-creer-ton-propre-puzzle-photo-ensemble-creatif\/p\/\",\"url\":\"https:\/\/business.roovi.com\/fr\/puzzle-photo-avec-cadre-pour-creer-ton-propre-puzzle-photo-ensemble-creatif\/p\/\",\"name\":\"Puzzle photo avec cadre - pour cr\u00e9er ton propre puzzle photo - Ensemble cr\u00e9atif\",\"isPartOf\":{\"@id\":\"https:\/\/business.roovi.com\/fr\/#website\"},\"datePublished\":\"2018-04-16T10:56:08+00:00\",\"dateModified\":\"2022-07-13T10:55:41+00:00\",\"description\":\"Puzzle photo avec cadre - pour cr\u00e9er ton propre puzzle photo - Ensemble cr\u00e9atif\",\"breadcrumb\":{\"@id\":\"https:\/\/business.roovi.com\/fr\/puzzle-photo-avec-cadre-pour-creer-ton-propre-puzzle-photo-ensemble-creatif\/p\/#breadcrumb\"},\"inLanguage\":\"fr-FR\",\"potentialAction\":[{\"@type\":\"ReadAction\",\"target\":[\"https:\/\/business.roovi.com\/fr\/puzzle-photo-avec-cadre-pour-creer-ton-propre-puzzle-photo-ensemble-creatif\/p\/\"]}]},{\"@type\":\"BreadcrumbList\",\"@id\":\"https:\/\/business.roovi.com\/fr\/puzzle-photo-avec-cadre-pour-creer-ton-propre-puzzle-photo-ensemble-creatif\/p\/#breadcrumb\",\"itemListElement\":[{\"@type\":\"ListItem\",\"position\":1,\"name\":\"Home\",\"item\":\"https:\/\/business.roovi.com\/fr\/\"},{\"@type\":\"ListItem\",\"position\":2,\"name\":\"Boutique\",\"item\":\"https:\/\/business.roovi.com\/fr\/boutique\/\"},{\"@type\":\"ListItem\",\"position\":3,\"name\":\"Puzzle photo avec cadre &#8211; pour cr\u00e9er ton propre puzzle photo &#8211; Ensemble cr\u00e9atif\"}]},{\"@type\":\"WebSite\",\"@id\":\"https:\/\/business.roovi.com\/fr\/#website\",\"url\":\"https:\/\/business.roovi.com\/fr\/\",\"name\":\"Roovi B2B\",\"description\":\"Roovi Business Website\",\"potentialAction\":[{\"@type\":\"SearchAction\",\"target\":{\"@type\":\"EntryPoint\",\"urlTemplate\":\"https:\/\/business.roovi.com\/fr\/?s={search_term_string}\"},\"query-input\":\"required name=search_term_string\"}],\"inLanguage\":\"fr-FR\"}]}<\/script>\n<!-- \/ Yoast SEO plugin. -->","yoast_head_json":{"title":"Puzzle photo avec cadre - pour cr\u00e9er ton propre puzzle photo - Ensemble cr\u00e9atif","description":"Puzzle photo avec cadre - pour cr\u00e9er ton propre puzzle photo - Ensemble cr\u00e9atif","robots":{"index":"index","follow":"follow","max-snippet":"max-snippet:-1","max-image-preview":"max-image-preview:large","max-video-preview":"max-video-preview:-1"},"canonical":"https:\/\/business.roovi.com\/fr\/puzzle-photo-avec-cadre-pour-creer-ton-propre-puzzle-photo-ensemble-creatif\/p\/","og_locale":"fr_FR","og_type":"article","og_title":"Puzzle photo avec cadre - pour cr\u00e9er ton propre puzzle photo - Ensemble cr\u00e9atif","og_description":"Puzzle photo avec cadre - pour cr\u00e9er ton propre puzzle photo - Ensemble cr\u00e9atif","og_url":"https:\/\/business.roovi.com\/fr\/puzzle-photo-avec-cadre-pour-creer-ton-propre-puzzle-photo-ensemble-creatif\/p\/","og_site_name":"Roovi B2B","article_publisher":"https:\/\/www.facebook.com\/wwwjucariero","article_modified_time":"2022-07-13T10:55:41+00:00","og_image":[{"width":1200,"height":1200,"url":"https:\/\/business.roovi.com\/wp-content\/uploads\/2018\/04\/68408_elo.jpg","type":"image\/jpeg"}],"schema":{"@context":"https:\/\/schema.org","@graph":[{"@type":"WebPage","@id":"https:\/\/business.roovi.com\/fr\/puzzle-photo-avec-cadre-pour-creer-ton-propre-puzzle-photo-ensemble-creatif\/p\/","url":"https:\/\/business.roovi.com\/fr\/puzzle-photo-avec-cadre-pour-creer-ton-propre-puzzle-photo-ensemble-creatif\/p\/","name":"Puzzle photo avec cadre - pour cr\u00e9er ton propre puzzle photo - Ensemble cr\u00e9atif","isPartOf":{"@id":"https:\/\/business.roovi.com\/fr\/#website"},"datePublished":"2018-04-16T10:56:08+00:00","dateModified":"2022-07-13T10:55:41+00:00","description":"Puzzle photo avec cadre - pour cr\u00e9er ton propre puzzle photo - Ensemble cr\u00e9atif","breadcrumb":{"@id":"https:\/\/business.roovi.com\/fr\/puzzle-photo-avec-cadre-pour-creer-ton-propre-puzzle-photo-ensemble-creatif\/p\/#breadcrumb"},"inLanguage":"fr-FR","potentialAction":[{"@type":"ReadAction","target":["https:\/\/business.roovi.com\/fr\/puzzle-photo-avec-cadre-pour-creer-ton-propre-puzzle-photo-ensemble-creatif\/p\/"]}]},{"@type":"BreadcrumbList","@id":"https:\/\/business.roovi.com\/fr\/puzzle-photo-avec-cadre-pour-creer-ton-propre-puzzle-photo-ensemble-creatif\/p\/#breadcrumb","itemListElement":[{"@type":"ListItem","position":1,"name":"Home","item":"https:\/\/business.roovi.com\/fr\/"},{"@type":"ListItem","position":2,"name":"Boutique","item":"https:\/\/business.roovi.com\/fr\/boutique\/"},{"@type":"ListItem","position":3,"name":"Puzzle photo avec cadre &#8211; pour cr\u00e9er ton propre puzzle photo &#8211; Ensemble cr\u00e9atif"}]},{"@type":"WebSite","@id":"https:\/\/business.roovi.com\/fr\/#website","url":"https:\/\/business.roovi.com\/fr\/","name":"Roovi B2B","description":"Roovi Business Website","potentialAction":[{"@type":"SearchAction","target":{"@type":"EntryPoint","urlTemplate":"https:\/\/business.roovi.com\/fr\/?s={search_term_string}"},"query-input":"required name=search_term_string"}],"inLanguage":"fr-FR"}]}},"_links":{"self":[{"href":"https:\/\/business.roovi.com\/fr\/wp-json\/wp\/v2\/product\/54427","targetHints":{"allow":["GET"]}}],"collection":[{"href":"https:\/\/business.roovi.com\/fr\/wp-json\/wp\/v2\/product"}],"about":[{"href":"https:\/\/business.roovi.com\/fr\/wp-json\/wp\/v2\/types\/product"}],"version-history":[{"count":0,"href":"https:\/\/business.roovi.com\/fr\/wp-json\/wp\/v2\/product\/54427\/revisions"}],"wp:featuredmedia":[{"embeddable":true,"href":"https:\/\/business.roovi.com\/fr\/wp-json\/wp\/v2\/media\/45399"}],"wp:attachment":[{"href":"https:\/\/business.roovi.com\/fr\/wp-json\/wp\/v2\/media?parent=54427"}],"wp:term":[{"taxonomy":"product_brand","embeddable":true,"href":"https:\/\/business.roovi.com\/fr\/wp-json\/wp\/v2\/product_brand?post=54427"},{"taxonomy":"product_cat","embeddable":true,"href":"https:\/\/business.roovi.com\/fr\/wp-json\/wp\/v2\/product_cat?post=54427"},{"taxonomy":"product_tag","embeddable":true,"href":"https:\/\/business.roovi.com\/fr\/wp-json\/wp\/v2\/product_tag?post=54427"}],"curies":[{"name":"wp","href":"https:\/\/api.w.org\/{rel}","templated":true}]}}