{"id":54431,"date":"2018-04-16T10:56:08","date_gmt":"2018-04-16T10:56:08","guid":{"rendered":"https:\/\/business.roovi.com\/piticul-gradinar-in-plasa\/p\/"},"modified":"2022-07-13T10:55:46","modified_gmt":"2022-07-13T10:55:46","slug":"gardening-dwarf-set-de-jardinage-pour-enfants","status":"publish","type":"product","link":"https:\/\/business.roovi.com\/fr\/gardening-dwarf-set-de-jardinage-pour-enfants\/p\/","title":{"rendered":"Gardening Dwarf &#8211; Set de jardinage pour enfants"},"content":{"rendered":"<p>Le set de jardinage en filet contient des pi\u00e8ces en plastique pour les enfants d\u00e9sireux d&rsquo;apprendre \u00e0 s&rsquo;occuper des jardins. Le jeu d\u00e9veloppe les capacit\u00e9s d&rsquo;observation, l&rsquo;imagination et stimule la responsabilit\u00e9.<\/p>\n","protected":false},"excerpt":{"rendered":"<p>Le set de jardinage en filet contient des pi\u00e8ces en plastique pour les enfants d\u00e9sireux d&rsquo;apprendre \u00e0 s&rsquo;occuper des jardins.<\/p>\n","protected":false},"featured_media":45403,"template":"","meta":[],"product_brand":[],"product_cat":[2468,2336],"product_tag":[],"class_list":{"0":"post-54431","1":"product","2":"type-product","3":"status-publish","4":"has-post-thumbnail","6":"product_cat-jouets-dexterieur","7":"product_cat-plus-de-categories","8":"pa_brand-d_toys-fr","9":"pa_filter_age-3_5-fr","10":"pa_filter_age-5_7-fr","12":"first","13":"instock","14":"taxable","15":"shipping-taxable","16":"product-type-simple"},"yoast_head":"<!-- This site is optimized with the Yoast SEO plugin v20.1 - https:\/\/yoast.com\/wordpress\/plugins\/seo\/ -->\n<title>Gardening Dwarf - Set de jardinage pour enfants<\/title>\n<meta name=\"description\" content=\"Gardening Dwarf - Set de jardinage pour enfants\" \/>\n<meta name=\"robots\" content=\"index, follow, max-snippet:-1, max-image-preview:large, max-video-preview:-1\" \/>\n<link rel=\"canonical\" href=\"https:\/\/business.roovi.com\/fr\/gardening-dwarf-set-de-jardinage-pour-enfants\/p\/\" \/>\n<meta property=\"og:locale\" content=\"fr_FR\" \/>\n<meta property=\"og:type\" content=\"article\" \/>\n<meta property=\"og:title\" content=\"Gardening Dwarf - Set de jardinage pour enfants\" \/>\n<meta property=\"og:description\" content=\"Gardening Dwarf - Set de jardinage pour enfants\" \/>\n<meta property=\"og:url\" content=\"https:\/\/business.roovi.com\/fr\/gardening-dwarf-set-de-jardinage-pour-enfants\/p\/\" \/>\n<meta property=\"og:site_name\" content=\"Roovi B2B\" \/>\n<meta property=\"article:publisher\" content=\"https:\/\/www.facebook.com\/wwwjucariero\" \/>\n<meta property=\"article:modified_time\" content=\"2022-07-13T10:55:46+00:00\" \/>\n<meta property=\"og:image\" content=\"https:\/\/business.roovi.com\/wp-content\/uploads\/2018\/04\/piticul_gradinar_plasa-68668.jpg\" \/>\n\t<meta property=\"og:image:width\" content=\"425\" \/>\n\t<meta property=\"og:image:height\" content=\"733\" \/>\n\t<meta property=\"og:image:type\" content=\"image\/jpeg\" \/>\n<script type=\"application\/ld+json\" class=\"yoast-schema-graph\">{\"@context\":\"https:\/\/schema.org\",\"@graph\":[{\"@type\":\"WebPage\",\"@id\":\"https:\/\/business.roovi.com\/fr\/gardening-dwarf-set-de-jardinage-pour-enfants\/p\/\",\"url\":\"https:\/\/business.roovi.com\/fr\/gardening-dwarf-set-de-jardinage-pour-enfants\/p\/\",\"name\":\"Gardening Dwarf - Set de jardinage pour enfants\",\"isPartOf\":{\"@id\":\"https:\/\/business.roovi.com\/fr\/#website\"},\"datePublished\":\"2018-04-16T10:56:08+00:00\",\"dateModified\":\"2022-07-13T10:55:46+00:00\",\"description\":\"Gardening Dwarf - Set de jardinage pour enfants\",\"breadcrumb\":{\"@id\":\"https:\/\/business.roovi.com\/fr\/gardening-dwarf-set-de-jardinage-pour-enfants\/p\/#breadcrumb\"},\"inLanguage\":\"fr-FR\",\"potentialAction\":[{\"@type\":\"ReadAction\",\"target\":[\"https:\/\/business.roovi.com\/fr\/gardening-dwarf-set-de-jardinage-pour-enfants\/p\/\"]}]},{\"@type\":\"BreadcrumbList\",\"@id\":\"https:\/\/business.roovi.com\/fr\/gardening-dwarf-set-de-jardinage-pour-enfants\/p\/#breadcrumb\",\"itemListElement\":[{\"@type\":\"ListItem\",\"position\":1,\"name\":\"Home\",\"item\":\"https:\/\/business.roovi.com\/fr\/\"},{\"@type\":\"ListItem\",\"position\":2,\"name\":\"Boutique\",\"item\":\"https:\/\/business.roovi.com\/fr\/boutique\/\"},{\"@type\":\"ListItem\",\"position\":3,\"name\":\"Gardening Dwarf &#8211; Set de jardinage pour enfants\"}]},{\"@type\":\"WebSite\",\"@id\":\"https:\/\/business.roovi.com\/fr\/#website\",\"url\":\"https:\/\/business.roovi.com\/fr\/\",\"name\":\"Roovi B2B\",\"description\":\"Roovi Business Website\",\"potentialAction\":[{\"@type\":\"SearchAction\",\"target\":{\"@type\":\"EntryPoint\",\"urlTemplate\":\"https:\/\/business.roovi.com\/fr\/?s={search_term_string}\"},\"query-input\":\"required name=search_term_string\"}],\"inLanguage\":\"fr-FR\"}]}<\/script>\n<!-- \/ Yoast SEO plugin. -->","yoast_head_json":{"title":"Gardening Dwarf - Set de jardinage pour enfants","description":"Gardening Dwarf - Set de jardinage pour enfants","robots":{"index":"index","follow":"follow","max-snippet":"max-snippet:-1","max-image-preview":"max-image-preview:large","max-video-preview":"max-video-preview:-1"},"canonical":"https:\/\/business.roovi.com\/fr\/gardening-dwarf-set-de-jardinage-pour-enfants\/p\/","og_locale":"fr_FR","og_type":"article","og_title":"Gardening Dwarf - Set de jardinage pour enfants","og_description":"Gardening Dwarf - Set de jardinage pour enfants","og_url":"https:\/\/business.roovi.com\/fr\/gardening-dwarf-set-de-jardinage-pour-enfants\/p\/","og_site_name":"Roovi B2B","article_publisher":"https:\/\/www.facebook.com\/wwwjucariero","article_modified_time":"2022-07-13T10:55:46+00:00","og_image":[{"width":425,"height":733,"url":"https:\/\/business.roovi.com\/wp-content\/uploads\/2018\/04\/piticul_gradinar_plasa-68668.jpg","type":"image\/jpeg"}],"schema":{"@context":"https:\/\/schema.org","@graph":[{"@type":"WebPage","@id":"https:\/\/business.roovi.com\/fr\/gardening-dwarf-set-de-jardinage-pour-enfants\/p\/","url":"https:\/\/business.roovi.com\/fr\/gardening-dwarf-set-de-jardinage-pour-enfants\/p\/","name":"Gardening Dwarf - Set de jardinage pour enfants","isPartOf":{"@id":"https:\/\/business.roovi.com\/fr\/#website"},"datePublished":"2018-04-16T10:56:08+00:00","dateModified":"2022-07-13T10:55:46+00:00","description":"Gardening Dwarf - Set de jardinage pour enfants","breadcrumb":{"@id":"https:\/\/business.roovi.com\/fr\/gardening-dwarf-set-de-jardinage-pour-enfants\/p\/#breadcrumb"},"inLanguage":"fr-FR","potentialAction":[{"@type":"ReadAction","target":["https:\/\/business.roovi.com\/fr\/gardening-dwarf-set-de-jardinage-pour-enfants\/p\/"]}]},{"@type":"BreadcrumbList","@id":"https:\/\/business.roovi.com\/fr\/gardening-dwarf-set-de-jardinage-pour-enfants\/p\/#breadcrumb","itemListElement":[{"@type":"ListItem","position":1,"name":"Home","item":"https:\/\/business.roovi.com\/fr\/"},{"@type":"ListItem","position":2,"name":"Boutique","item":"https:\/\/business.roovi.com\/fr\/boutique\/"},{"@type":"ListItem","position":3,"name":"Gardening Dwarf &#8211; Set de jardinage pour enfants"}]},{"@type":"WebSite","@id":"https:\/\/business.roovi.com\/fr\/#website","url":"https:\/\/business.roovi.com\/fr\/","name":"Roovi B2B","description":"Roovi Business Website","potentialAction":[{"@type":"SearchAction","target":{"@type":"EntryPoint","urlTemplate":"https:\/\/business.roovi.com\/fr\/?s={search_term_string}"},"query-input":"required name=search_term_string"}],"inLanguage":"fr-FR"}]}},"_links":{"self":[{"href":"https:\/\/business.roovi.com\/fr\/wp-json\/wp\/v2\/product\/54431","targetHints":{"allow":["GET"]}}],"collection":[{"href":"https:\/\/business.roovi.com\/fr\/wp-json\/wp\/v2\/product"}],"about":[{"href":"https:\/\/business.roovi.com\/fr\/wp-json\/wp\/v2\/types\/product"}],"version-history":[{"count":0,"href":"https:\/\/business.roovi.com\/fr\/wp-json\/wp\/v2\/product\/54431\/revisions"}],"wp:featuredmedia":[{"embeddable":true,"href":"https:\/\/business.roovi.com\/fr\/wp-json\/wp\/v2\/media\/45403"}],"wp:attachment":[{"href":"https:\/\/business.roovi.com\/fr\/wp-json\/wp\/v2\/media?parent=54431"}],"wp:term":[{"taxonomy":"product_brand","embeddable":true,"href":"https:\/\/business.roovi.com\/fr\/wp-json\/wp\/v2\/product_brand?post=54431"},{"taxonomy":"product_cat","embeddable":true,"href":"https:\/\/business.roovi.com\/fr\/wp-json\/wp\/v2\/product_cat?post=54431"},{"taxonomy":"product_tag","embeddable":true,"href":"https:\/\/business.roovi.com\/fr\/wp-json\/wp\/v2\/product_tag?post=54431"}],"curies":[{"name":"wp","href":"https:\/\/api.w.org\/{rel}","templated":true}]}}