{"id":54435,"date":"2018-04-16T10:56:08","date_gmt":"2018-04-16T10:56:08","guid":{"rendered":"https:\/\/business.roovi.com\/autovehicul-cu-sasiu-metalic-free-wheel-3\/p\/"},"modified":"2022-07-13T10:55:52","modified_gmt":"2022-07-13T10:55:52","slug":"camion-betonniere-jouet-avec-chassis-en-metal-free-wheel","status":"publish","type":"product","link":"https:\/\/business.roovi.com\/fr\/camion-betonniere-jouet-avec-chassis-en-metal-free-wheel\/p\/","title":{"rendered":"Camion-b\u00e9tonni\u00e8re jouet avec ch\u00e2ssis en m\u00e9tal &#8211; Free Wheel"},"content":{"rendered":"<p>Les v\u00e9hicules \u00e0 ch\u00e2ssis m\u00e9tallique sp\u00e9cial donnent aux gars la possibilit\u00e9 de faire du travail de chantier, de lever et de baisser des charges. Les pi\u00e8ces m\u00e9talliques assurent une durabilit\u00e9 accrue.<\/p>\n","protected":false},"excerpt":{"rendered":"<p>Les v\u00e9hicules \u00e0 ch\u00e2ssis m\u00e9tallique sp\u00e9cial donnent aux gars la possibilit\u00e9 de faire du travail de chantier, de lever et<\/p>\n","protected":false},"featured_media":45405,"template":"","meta":[],"product_brand":[],"product_cat":[2336,2363],"product_tag":[],"class_list":{"0":"post-54435","1":"product","2":"type-product","3":"status-publish","4":"has-post-thumbnail","6":"product_cat-plus-de-categories","7":"product_cat-vehicules-et-accessoires","8":"pa_bax-144-fr","9":"pa_brand-d_toys-fr","10":"pa_filter_age-3_5-fr","11":"pa_filter_age-5_7-fr","12":"pa_filter_age-7_9-fr","13":"pa_tip_ambalaj-boite","15":"first","16":"instock","17":"taxable","18":"shipping-taxable","19":"product-type-simple"},"yoast_head":"<!-- This site is optimized with the Yoast SEO plugin v20.1 - https:\/\/yoast.com\/wordpress\/plugins\/seo\/ -->\n<title>Camion-b\u00e9tonni\u00e8re jouet avec ch\u00e2ssis en m\u00e9tal - Free Wheel<\/title>\n<meta name=\"description\" content=\"Camion-b\u00e9tonni\u00e8re jouet avec ch\u00e2ssis en m\u00e9tal - Free Wheel\" \/>\n<meta name=\"robots\" content=\"index, follow, max-snippet:-1, max-image-preview:large, max-video-preview:-1\" \/>\n<link rel=\"canonical\" href=\"https:\/\/business.roovi.com\/fr\/camion-betonniere-jouet-avec-chassis-en-metal-free-wheel\/p\/\" \/>\n<meta property=\"og:locale\" content=\"fr_FR\" \/>\n<meta property=\"og:type\" content=\"article\" \/>\n<meta property=\"og:title\" content=\"Camion-b\u00e9tonni\u00e8re jouet avec ch\u00e2ssis en m\u00e9tal - Free Wheel\" \/>\n<meta property=\"og:description\" content=\"Camion-b\u00e9tonni\u00e8re jouet avec ch\u00e2ssis en m\u00e9tal - Free Wheel\" \/>\n<meta property=\"og:url\" content=\"https:\/\/business.roovi.com\/fr\/camion-betonniere-jouet-avec-chassis-en-metal-free-wheel\/p\/\" \/>\n<meta property=\"og:site_name\" content=\"Roovi B2B\" \/>\n<meta property=\"article:publisher\" content=\"https:\/\/www.facebook.com\/wwwjucariero\" \/>\n<meta property=\"article:modified_time\" content=\"2022-07-13T10:55:52+00:00\" \/>\n<meta property=\"og:image\" content=\"https:\/\/business.roovi.com\/wp-content\/uploads\/2018\/04\/68675-3.jpg\" \/>\n\t<meta property=\"og:image:width\" content=\"794\" \/>\n\t<meta property=\"og:image:height\" content=\"794\" \/>\n\t<meta property=\"og:image:type\" content=\"image\/jpeg\" \/>\n<script type=\"application\/ld+json\" class=\"yoast-schema-graph\">{\"@context\":\"https:\/\/schema.org\",\"@graph\":[{\"@type\":\"WebPage\",\"@id\":\"https:\/\/business.roovi.com\/fr\/camion-betonniere-jouet-avec-chassis-en-metal-free-wheel\/p\/\",\"url\":\"https:\/\/business.roovi.com\/fr\/camion-betonniere-jouet-avec-chassis-en-metal-free-wheel\/p\/\",\"name\":\"Camion-b\u00e9tonni\u00e8re jouet avec ch\u00e2ssis en m\u00e9tal - Free Wheel\",\"isPartOf\":{\"@id\":\"https:\/\/business.roovi.com\/fr\/#website\"},\"datePublished\":\"2018-04-16T10:56:08+00:00\",\"dateModified\":\"2022-07-13T10:55:52+00:00\",\"description\":\"Camion-b\u00e9tonni\u00e8re jouet avec ch\u00e2ssis en m\u00e9tal - Free Wheel\",\"breadcrumb\":{\"@id\":\"https:\/\/business.roovi.com\/fr\/camion-betonniere-jouet-avec-chassis-en-metal-free-wheel\/p\/#breadcrumb\"},\"inLanguage\":\"fr-FR\",\"potentialAction\":[{\"@type\":\"ReadAction\",\"target\":[\"https:\/\/business.roovi.com\/fr\/camion-betonniere-jouet-avec-chassis-en-metal-free-wheel\/p\/\"]}]},{\"@type\":\"BreadcrumbList\",\"@id\":\"https:\/\/business.roovi.com\/fr\/camion-betonniere-jouet-avec-chassis-en-metal-free-wheel\/p\/#breadcrumb\",\"itemListElement\":[{\"@type\":\"ListItem\",\"position\":1,\"name\":\"Home\",\"item\":\"https:\/\/business.roovi.com\/fr\/\"},{\"@type\":\"ListItem\",\"position\":2,\"name\":\"Boutique\",\"item\":\"https:\/\/business.roovi.com\/fr\/boutique\/\"},{\"@type\":\"ListItem\",\"position\":3,\"name\":\"Camion-b\u00e9tonni\u00e8re jouet avec ch\u00e2ssis en m\u00e9tal &#8211; Free Wheel\"}]},{\"@type\":\"WebSite\",\"@id\":\"https:\/\/business.roovi.com\/fr\/#website\",\"url\":\"https:\/\/business.roovi.com\/fr\/\",\"name\":\"Roovi B2B\",\"description\":\"Roovi Business Website\",\"potentialAction\":[{\"@type\":\"SearchAction\",\"target\":{\"@type\":\"EntryPoint\",\"urlTemplate\":\"https:\/\/business.roovi.com\/fr\/?s={search_term_string}\"},\"query-input\":\"required name=search_term_string\"}],\"inLanguage\":\"fr-FR\"}]}<\/script>\n<!-- \/ Yoast SEO plugin. -->","yoast_head_json":{"title":"Camion-b\u00e9tonni\u00e8re jouet avec ch\u00e2ssis en m\u00e9tal - Free Wheel","description":"Camion-b\u00e9tonni\u00e8re jouet avec ch\u00e2ssis en m\u00e9tal - Free Wheel","robots":{"index":"index","follow":"follow","max-snippet":"max-snippet:-1","max-image-preview":"max-image-preview:large","max-video-preview":"max-video-preview:-1"},"canonical":"https:\/\/business.roovi.com\/fr\/camion-betonniere-jouet-avec-chassis-en-metal-free-wheel\/p\/","og_locale":"fr_FR","og_type":"article","og_title":"Camion-b\u00e9tonni\u00e8re jouet avec ch\u00e2ssis en m\u00e9tal - Free Wheel","og_description":"Camion-b\u00e9tonni\u00e8re jouet avec ch\u00e2ssis en m\u00e9tal - Free Wheel","og_url":"https:\/\/business.roovi.com\/fr\/camion-betonniere-jouet-avec-chassis-en-metal-free-wheel\/p\/","og_site_name":"Roovi B2B","article_publisher":"https:\/\/www.facebook.com\/wwwjucariero","article_modified_time":"2022-07-13T10:55:52+00:00","og_image":[{"width":794,"height":794,"url":"https:\/\/business.roovi.com\/wp-content\/uploads\/2018\/04\/68675-3.jpg","type":"image\/jpeg"}],"schema":{"@context":"https:\/\/schema.org","@graph":[{"@type":"WebPage","@id":"https:\/\/business.roovi.com\/fr\/camion-betonniere-jouet-avec-chassis-en-metal-free-wheel\/p\/","url":"https:\/\/business.roovi.com\/fr\/camion-betonniere-jouet-avec-chassis-en-metal-free-wheel\/p\/","name":"Camion-b\u00e9tonni\u00e8re jouet avec ch\u00e2ssis en m\u00e9tal - Free Wheel","isPartOf":{"@id":"https:\/\/business.roovi.com\/fr\/#website"},"datePublished":"2018-04-16T10:56:08+00:00","dateModified":"2022-07-13T10:55:52+00:00","description":"Camion-b\u00e9tonni\u00e8re jouet avec ch\u00e2ssis en m\u00e9tal - Free Wheel","breadcrumb":{"@id":"https:\/\/business.roovi.com\/fr\/camion-betonniere-jouet-avec-chassis-en-metal-free-wheel\/p\/#breadcrumb"},"inLanguage":"fr-FR","potentialAction":[{"@type":"ReadAction","target":["https:\/\/business.roovi.com\/fr\/camion-betonniere-jouet-avec-chassis-en-metal-free-wheel\/p\/"]}]},{"@type":"BreadcrumbList","@id":"https:\/\/business.roovi.com\/fr\/camion-betonniere-jouet-avec-chassis-en-metal-free-wheel\/p\/#breadcrumb","itemListElement":[{"@type":"ListItem","position":1,"name":"Home","item":"https:\/\/business.roovi.com\/fr\/"},{"@type":"ListItem","position":2,"name":"Boutique","item":"https:\/\/business.roovi.com\/fr\/boutique\/"},{"@type":"ListItem","position":3,"name":"Camion-b\u00e9tonni\u00e8re jouet avec ch\u00e2ssis en m\u00e9tal &#8211; Free Wheel"}]},{"@type":"WebSite","@id":"https:\/\/business.roovi.com\/fr\/#website","url":"https:\/\/business.roovi.com\/fr\/","name":"Roovi B2B","description":"Roovi Business Website","potentialAction":[{"@type":"SearchAction","target":{"@type":"EntryPoint","urlTemplate":"https:\/\/business.roovi.com\/fr\/?s={search_term_string}"},"query-input":"required name=search_term_string"}],"inLanguage":"fr-FR"}]}},"_links":{"self":[{"href":"https:\/\/business.roovi.com\/fr\/wp-json\/wp\/v2\/product\/54435","targetHints":{"allow":["GET"]}}],"collection":[{"href":"https:\/\/business.roovi.com\/fr\/wp-json\/wp\/v2\/product"}],"about":[{"href":"https:\/\/business.roovi.com\/fr\/wp-json\/wp\/v2\/types\/product"}],"version-history":[{"count":0,"href":"https:\/\/business.roovi.com\/fr\/wp-json\/wp\/v2\/product\/54435\/revisions"}],"wp:featuredmedia":[{"embeddable":true,"href":"https:\/\/business.roovi.com\/fr\/wp-json\/wp\/v2\/media\/45405"}],"wp:attachment":[{"href":"https:\/\/business.roovi.com\/fr\/wp-json\/wp\/v2\/media?parent=54435"}],"wp:term":[{"taxonomy":"product_brand","embeddable":true,"href":"https:\/\/business.roovi.com\/fr\/wp-json\/wp\/v2\/product_brand?post=54435"},{"taxonomy":"product_cat","embeddable":true,"href":"https:\/\/business.roovi.com\/fr\/wp-json\/wp\/v2\/product_cat?post=54435"},{"taxonomy":"product_tag","embeddable":true,"href":"https:\/\/business.roovi.com\/fr\/wp-json\/wp\/v2\/product_tag?post=54435"}],"curies":[{"name":"wp","href":"https:\/\/api.w.org\/{rel}","templated":true}]}}