{"id":54454,"date":"2018-04-16T10:56:08","date_gmt":"2018-04-16T10:56:08","guid":{"rendered":"https:\/\/business.roovi.com\/elicopter-cu-telecomanda-3-5-canale-cu-giroscop-2\/p\/"},"modified":"2022-07-13T10:56:22","modified_gmt":"2022-07-13T10:56:22","slug":"helicoptere-avec-telecommande-et-gyroscope-integre-2","status":"publish","type":"product","link":"https:\/\/business.roovi.com\/fr\/helicoptere-avec-telecommande-et-gyroscope-integre-2\/p\/","title":{"rendered":"H\u00e9licopt\u00e8re avec t\u00e9l\u00e9commande et gyroscope int\u00e9gr\u00e9"},"content":{"rendered":"<p>Un h\u00e9licopt\u00e8re t\u00e9l\u00e9command\u00e9 fiable avec un beau design, model\u00e9 d&rsquo;apr\u00e8s de vrais h\u00e9licopt\u00e8res, avec une lumi\u00e8re LED et une recharge par adaptateur USB. L&rsquo;h\u00e9licopt\u00e8re est \u00e9quip\u00e9 d&rsquo;un syst\u00e8me d&rsquo;\u00e9quilibre avanc\u00e9, b\u00e9n\u00e9ficiant d&rsquo;un gyroscope int\u00e9gr\u00e9 pour plus de stabilit\u00e9. Il ne peut \u00eatre utilis\u00e9 qu&rsquo;\u00e0 l&rsquo;int\u00e9rieur. Temps de vol apr\u00e8s la charge : 5-6 minutes.<\/p>\n","protected":false},"excerpt":{"rendered":"<p>Un h\u00e9licopt\u00e8re t\u00e9l\u00e9command\u00e9 fiable avec un beau design, model\u00e9 d&rsquo;apr\u00e8s de vrais h\u00e9licopt\u00e8res, avec une lumi\u00e8re LED et une recharge<\/p>\n","protected":false},"featured_media":45418,"template":"","meta":[],"product_brand":[],"product_cat":[1637,1578],"product_tag":[],"class_list":{"0":"post-54454","1":"product","2":"type-product","3":"status-publish","4":"has-post-thumbnail","6":"product_cat-more-categories","7":"product_cat-vehicles-and-accessories","8":"pa_brand-d_toys-en","9":"pa_filter_age-14-en","10":"pa_tip_ambalaj-box","12":"first","13":"outofstock","14":"taxable","15":"shipping-taxable","16":"product-type-simple"},"yoast_head":"<!-- This site is optimized with the Yoast SEO plugin v20.1 - https:\/\/yoast.com\/wordpress\/plugins\/seo\/ -->\n<title>H\u00e9licopt\u00e8re avec t\u00e9l\u00e9commande et gyroscope int\u00e9gr\u00e9<\/title>\n<meta name=\"description\" content=\"H\u00e9licopt\u00e8re avec t\u00e9l\u00e9commande et gyroscope int\u00e9gr\u00e9\" \/>\n<meta name=\"robots\" content=\"index, follow, max-snippet:-1, max-image-preview:large, max-video-preview:-1\" \/>\n<link rel=\"canonical\" href=\"https:\/\/business.roovi.com\/fr\/helicoptere-avec-telecommande-et-gyroscope-integre-2\/p\/\" \/>\n<meta property=\"og:locale\" content=\"fr_FR\" \/>\n<meta property=\"og:type\" content=\"article\" \/>\n<meta property=\"og:title\" content=\"H\u00e9licopt\u00e8re avec t\u00e9l\u00e9commande et gyroscope int\u00e9gr\u00e9\" \/>\n<meta property=\"og:description\" content=\"H\u00e9licopt\u00e8re avec t\u00e9l\u00e9commande et gyroscope int\u00e9gr\u00e9\" \/>\n<meta property=\"og:url\" content=\"https:\/\/business.roovi.com\/fr\/helicoptere-avec-telecommande-et-gyroscope-integre-2\/p\/\" \/>\n<meta property=\"og:site_name\" content=\"Roovi B2B\" \/>\n<meta property=\"article:publisher\" content=\"https:\/\/www.facebook.com\/wwwjucariero\" \/>\n<meta property=\"article:modified_time\" content=\"2022-07-13T10:56:22+00:00\" \/>\n<meta property=\"og:image\" content=\"https:\/\/business.roovi.com\/wp-content\/uploads\/2018\/04\/elicopter_cu_telecomanda_871538_1.jpg\" \/>\n\t<meta property=\"og:image:width\" content=\"750\" \/>\n\t<meta property=\"og:image:height\" content=\"500\" \/>\n\t<meta property=\"og:image:type\" content=\"image\/jpeg\" \/>\n<script type=\"application\/ld+json\" class=\"yoast-schema-graph\">{\"@context\":\"https:\/\/schema.org\",\"@graph\":[{\"@type\":\"WebPage\",\"@id\":\"https:\/\/business.roovi.com\/fr\/helicoptere-avec-telecommande-et-gyroscope-integre-2\/p\/\",\"url\":\"https:\/\/business.roovi.com\/fr\/helicoptere-avec-telecommande-et-gyroscope-integre-2\/p\/\",\"name\":\"H\u00e9licopt\u00e8re avec t\u00e9l\u00e9commande et gyroscope int\u00e9gr\u00e9\",\"isPartOf\":{\"@id\":\"https:\/\/business.roovi.com\/fr\/#website\"},\"datePublished\":\"2018-04-16T10:56:08+00:00\",\"dateModified\":\"2022-07-13T10:56:22+00:00\",\"description\":\"H\u00e9licopt\u00e8re avec t\u00e9l\u00e9commande et gyroscope int\u00e9gr\u00e9\",\"breadcrumb\":{\"@id\":\"https:\/\/business.roovi.com\/fr\/helicoptere-avec-telecommande-et-gyroscope-integre-2\/p\/#breadcrumb\"},\"inLanguage\":\"fr-FR\",\"potentialAction\":[{\"@type\":\"ReadAction\",\"target\":[\"https:\/\/business.roovi.com\/fr\/helicoptere-avec-telecommande-et-gyroscope-integre-2\/p\/\"]}]},{\"@type\":\"BreadcrumbList\",\"@id\":\"https:\/\/business.roovi.com\/fr\/helicoptere-avec-telecommande-et-gyroscope-integre-2\/p\/#breadcrumb\",\"itemListElement\":[{\"@type\":\"ListItem\",\"position\":1,\"name\":\"Home\",\"item\":\"https:\/\/business.roovi.com\/fr\/\"},{\"@type\":\"ListItem\",\"position\":2,\"name\":\"Boutique\",\"item\":\"https:\/\/business.roovi.com\/fr\/boutique\/\"},{\"@type\":\"ListItem\",\"position\":3,\"name\":\"H\u00e9licopt\u00e8re avec t\u00e9l\u00e9commande et gyroscope int\u00e9gr\u00e9\"}]},{\"@type\":\"WebSite\",\"@id\":\"https:\/\/business.roovi.com\/fr\/#website\",\"url\":\"https:\/\/business.roovi.com\/fr\/\",\"name\":\"Roovi B2B\",\"description\":\"Roovi Business Website\",\"potentialAction\":[{\"@type\":\"SearchAction\",\"target\":{\"@type\":\"EntryPoint\",\"urlTemplate\":\"https:\/\/business.roovi.com\/fr\/?s={search_term_string}\"},\"query-input\":\"required name=search_term_string\"}],\"inLanguage\":\"fr-FR\"}]}<\/script>\n<!-- \/ Yoast SEO plugin. -->","yoast_head_json":{"title":"H\u00e9licopt\u00e8re avec t\u00e9l\u00e9commande et gyroscope int\u00e9gr\u00e9","description":"H\u00e9licopt\u00e8re avec t\u00e9l\u00e9commande et gyroscope int\u00e9gr\u00e9","robots":{"index":"index","follow":"follow","max-snippet":"max-snippet:-1","max-image-preview":"max-image-preview:large","max-video-preview":"max-video-preview:-1"},"canonical":"https:\/\/business.roovi.com\/fr\/helicoptere-avec-telecommande-et-gyroscope-integre-2\/p\/","og_locale":"fr_FR","og_type":"article","og_title":"H\u00e9licopt\u00e8re avec t\u00e9l\u00e9commande et gyroscope int\u00e9gr\u00e9","og_description":"H\u00e9licopt\u00e8re avec t\u00e9l\u00e9commande et gyroscope int\u00e9gr\u00e9","og_url":"https:\/\/business.roovi.com\/fr\/helicoptere-avec-telecommande-et-gyroscope-integre-2\/p\/","og_site_name":"Roovi B2B","article_publisher":"https:\/\/www.facebook.com\/wwwjucariero","article_modified_time":"2022-07-13T10:56:22+00:00","og_image":[{"width":750,"height":500,"url":"https:\/\/business.roovi.com\/wp-content\/uploads\/2018\/04\/elicopter_cu_telecomanda_871538_1.jpg","type":"image\/jpeg"}],"schema":{"@context":"https:\/\/schema.org","@graph":[{"@type":"WebPage","@id":"https:\/\/business.roovi.com\/fr\/helicoptere-avec-telecommande-et-gyroscope-integre-2\/p\/","url":"https:\/\/business.roovi.com\/fr\/helicoptere-avec-telecommande-et-gyroscope-integre-2\/p\/","name":"H\u00e9licopt\u00e8re avec t\u00e9l\u00e9commande et gyroscope int\u00e9gr\u00e9","isPartOf":{"@id":"https:\/\/business.roovi.com\/fr\/#website"},"datePublished":"2018-04-16T10:56:08+00:00","dateModified":"2022-07-13T10:56:22+00:00","description":"H\u00e9licopt\u00e8re avec t\u00e9l\u00e9commande et gyroscope int\u00e9gr\u00e9","breadcrumb":{"@id":"https:\/\/business.roovi.com\/fr\/helicoptere-avec-telecommande-et-gyroscope-integre-2\/p\/#breadcrumb"},"inLanguage":"fr-FR","potentialAction":[{"@type":"ReadAction","target":["https:\/\/business.roovi.com\/fr\/helicoptere-avec-telecommande-et-gyroscope-integre-2\/p\/"]}]},{"@type":"BreadcrumbList","@id":"https:\/\/business.roovi.com\/fr\/helicoptere-avec-telecommande-et-gyroscope-integre-2\/p\/#breadcrumb","itemListElement":[{"@type":"ListItem","position":1,"name":"Home","item":"https:\/\/business.roovi.com\/fr\/"},{"@type":"ListItem","position":2,"name":"Boutique","item":"https:\/\/business.roovi.com\/fr\/boutique\/"},{"@type":"ListItem","position":3,"name":"H\u00e9licopt\u00e8re avec t\u00e9l\u00e9commande et gyroscope int\u00e9gr\u00e9"}]},{"@type":"WebSite","@id":"https:\/\/business.roovi.com\/fr\/#website","url":"https:\/\/business.roovi.com\/fr\/","name":"Roovi B2B","description":"Roovi Business Website","potentialAction":[{"@type":"SearchAction","target":{"@type":"EntryPoint","urlTemplate":"https:\/\/business.roovi.com\/fr\/?s={search_term_string}"},"query-input":"required name=search_term_string"}],"inLanguage":"fr-FR"}]}},"_links":{"self":[{"href":"https:\/\/business.roovi.com\/fr\/wp-json\/wp\/v2\/product\/54454","targetHints":{"allow":["GET"]}}],"collection":[{"href":"https:\/\/business.roovi.com\/fr\/wp-json\/wp\/v2\/product"}],"about":[{"href":"https:\/\/business.roovi.com\/fr\/wp-json\/wp\/v2\/types\/product"}],"version-history":[{"count":0,"href":"https:\/\/business.roovi.com\/fr\/wp-json\/wp\/v2\/product\/54454\/revisions"}],"wp:featuredmedia":[{"embeddable":true,"href":"https:\/\/business.roovi.com\/fr\/wp-json\/wp\/v2\/media\/45418"}],"wp:attachment":[{"href":"https:\/\/business.roovi.com\/fr\/wp-json\/wp\/v2\/media?parent=54454"}],"wp:term":[{"taxonomy":"product_brand","embeddable":true,"href":"https:\/\/business.roovi.com\/fr\/wp-json\/wp\/v2\/product_brand?post=54454"},{"taxonomy":"product_cat","embeddable":true,"href":"https:\/\/business.roovi.com\/fr\/wp-json\/wp\/v2\/product_cat?post=54454"},{"taxonomy":"product_tag","embeddable":true,"href":"https:\/\/business.roovi.com\/fr\/wp-json\/wp\/v2\/product_tag?post=54454"}],"curies":[{"name":"wp","href":"https:\/\/api.w.org\/{rel}","templated":true}]}}