{"id":54458,"date":"2018-04-16T10:56:08","date_gmt":"2018-04-16T10:56:08","guid":{"rendered":"https:\/\/business.roovi.com\/joc-creativ-color-me-plus-safari\/p\/"},"modified":"2022-07-13T10:56:25","modified_gmt":"2022-07-13T10:56:25","slug":"color-me-safari-set-pour-modeler-et-colorier-des-figurines-danimaux-elephant-et-chameau","status":"publish","type":"product","link":"https:\/\/business.roovi.com\/fr\/color-me-safari-set-pour-modeler-et-colorier-des-figurines-danimaux-elephant-et-chameau\/p\/","title":{"rendered":"Color Me Safari &#8211; Set pour modeler et colorier des figurines d&rsquo;animaux : \u00e9l\u00e9phant et chameau"},"content":{"rendered":"<p>Un set de modelage et de coloriage cr\u00e9atif avec des animaux mignons. Les petits peuvent modeler deux personnages : un \u00e9l\u00e9phant et un chameau, qu&rsquo;ils peuvent colorer avec le set de peinture (6 couleurs). Ce jeu d\u00e9veloppe l&rsquo;esprit artistique, l&rsquo;imagination et le sens des couleurs.<\/p>\n","protected":false},"excerpt":{"rendered":"<p>Un set de modelage et de coloriage cr\u00e9atif avec des animaux mignons. Les petits peuvent modeler deux personnages : un<\/p>\n","protected":false},"featured_media":45421,"template":"","meta":[],"product_brand":[],"product_cat":[2365,2321],"product_tag":[],"class_list":{"0":"post-54458","1":"product","2":"type-product","3":"status-publish","4":"has-post-thumbnail","6":"product_cat-dessin-peinture-coloriage","7":"product_cat-jeux-creatifs","8":"pa_brand-d_toys-fr","9":"pa_country_of_manufacture-ro-fr","10":"pa_filter_age-5_7-fr","11":"pa_filter_age-7_9-fr","12":"pa_tip_ambalaj-boite","14":"first","15":"instock","16":"taxable","17":"shipping-taxable","18":"product-type-simple"},"yoast_head":"<!-- This site is optimized with the Yoast SEO plugin v20.1 - https:\/\/yoast.com\/wordpress\/plugins\/seo\/ -->\n<title>Color Me Safari - Set pour modeler et colorier des figurines d&#039;animaux : \u00e9l\u00e9phant et chameau<\/title>\n<meta name=\"description\" content=\"Color Me Safari - Set pour modeler et colorier des figurines d&#039;animaux : \u00e9l\u00e9phant et chameau\" \/>\n<meta name=\"robots\" content=\"index, follow, max-snippet:-1, max-image-preview:large, max-video-preview:-1\" \/>\n<link rel=\"canonical\" href=\"https:\/\/business.roovi.com\/fr\/color-me-safari-set-pour-modeler-et-colorier-des-figurines-danimaux-elephant-et-chameau\/p\/\" \/>\n<meta property=\"og:locale\" content=\"fr_FR\" \/>\n<meta property=\"og:type\" content=\"article\" \/>\n<meta property=\"og:title\" content=\"Color Me Safari - Set pour modeler et colorier des figurines d&#039;animaux : \u00e9l\u00e9phant et chameau\" \/>\n<meta property=\"og:description\" content=\"Color Me Safari - Set pour modeler et colorier des figurines d&#039;animaux : \u00e9l\u00e9phant et chameau\" \/>\n<meta property=\"og:url\" content=\"https:\/\/business.roovi.com\/fr\/color-me-safari-set-pour-modeler-et-colorier-des-figurines-danimaux-elephant-et-chameau\/p\/\" \/>\n<meta property=\"og:site_name\" content=\"Roovi B2B\" \/>\n<meta property=\"article:publisher\" content=\"https:\/\/www.facebook.com\/wwwjucariero\" \/>\n<meta property=\"article:modified_time\" content=\"2022-07-13T10:56:25+00:00\" \/>\n<meta property=\"og:image\" content=\"https:\/\/business.roovi.com\/wp-content\/uploads\/2018\/04\/71446_elo.jpg\" \/>\n\t<meta property=\"og:image:width\" content=\"1200\" \/>\n\t<meta property=\"og:image:height\" content=\"1200\" \/>\n\t<meta property=\"og:image:type\" content=\"image\/jpeg\" \/>\n<script type=\"application\/ld+json\" class=\"yoast-schema-graph\">{\"@context\":\"https:\/\/schema.org\",\"@graph\":[{\"@type\":\"WebPage\",\"@id\":\"https:\/\/business.roovi.com\/fr\/color-me-safari-set-pour-modeler-et-colorier-des-figurines-danimaux-elephant-et-chameau\/p\/\",\"url\":\"https:\/\/business.roovi.com\/fr\/color-me-safari-set-pour-modeler-et-colorier-des-figurines-danimaux-elephant-et-chameau\/p\/\",\"name\":\"Color Me Safari - Set pour modeler et colorier des figurines d'animaux : \u00e9l\u00e9phant et chameau\",\"isPartOf\":{\"@id\":\"https:\/\/business.roovi.com\/fr\/#website\"},\"datePublished\":\"2018-04-16T10:56:08+00:00\",\"dateModified\":\"2022-07-13T10:56:25+00:00\",\"description\":\"Color Me Safari - Set pour modeler et colorier des figurines d'animaux : \u00e9l\u00e9phant et chameau\",\"breadcrumb\":{\"@id\":\"https:\/\/business.roovi.com\/fr\/color-me-safari-set-pour-modeler-et-colorier-des-figurines-danimaux-elephant-et-chameau\/p\/#breadcrumb\"},\"inLanguage\":\"fr-FR\",\"potentialAction\":[{\"@type\":\"ReadAction\",\"target\":[\"https:\/\/business.roovi.com\/fr\/color-me-safari-set-pour-modeler-et-colorier-des-figurines-danimaux-elephant-et-chameau\/p\/\"]}]},{\"@type\":\"BreadcrumbList\",\"@id\":\"https:\/\/business.roovi.com\/fr\/color-me-safari-set-pour-modeler-et-colorier-des-figurines-danimaux-elephant-et-chameau\/p\/#breadcrumb\",\"itemListElement\":[{\"@type\":\"ListItem\",\"position\":1,\"name\":\"Home\",\"item\":\"https:\/\/business.roovi.com\/fr\/\"},{\"@type\":\"ListItem\",\"position\":2,\"name\":\"Boutique\",\"item\":\"https:\/\/business.roovi.com\/fr\/boutique\/\"},{\"@type\":\"ListItem\",\"position\":3,\"name\":\"Color Me Safari &#8211; Set pour modeler et colorier des figurines d&#8217;animaux : \u00e9l\u00e9phant et chameau\"}]},{\"@type\":\"WebSite\",\"@id\":\"https:\/\/business.roovi.com\/fr\/#website\",\"url\":\"https:\/\/business.roovi.com\/fr\/\",\"name\":\"Roovi B2B\",\"description\":\"Roovi Business Website\",\"potentialAction\":[{\"@type\":\"SearchAction\",\"target\":{\"@type\":\"EntryPoint\",\"urlTemplate\":\"https:\/\/business.roovi.com\/fr\/?s={search_term_string}\"},\"query-input\":\"required name=search_term_string\"}],\"inLanguage\":\"fr-FR\"}]}<\/script>\n<!-- \/ Yoast SEO plugin. -->","yoast_head_json":{"title":"Color Me Safari - Set pour modeler et colorier des figurines d'animaux : \u00e9l\u00e9phant et chameau","description":"Color Me Safari - Set pour modeler et colorier des figurines d'animaux : \u00e9l\u00e9phant et chameau","robots":{"index":"index","follow":"follow","max-snippet":"max-snippet:-1","max-image-preview":"max-image-preview:large","max-video-preview":"max-video-preview:-1"},"canonical":"https:\/\/business.roovi.com\/fr\/color-me-safari-set-pour-modeler-et-colorier-des-figurines-danimaux-elephant-et-chameau\/p\/","og_locale":"fr_FR","og_type":"article","og_title":"Color Me Safari - Set pour modeler et colorier des figurines d'animaux : \u00e9l\u00e9phant et chameau","og_description":"Color Me Safari - Set pour modeler et colorier des figurines d'animaux : \u00e9l\u00e9phant et chameau","og_url":"https:\/\/business.roovi.com\/fr\/color-me-safari-set-pour-modeler-et-colorier-des-figurines-danimaux-elephant-et-chameau\/p\/","og_site_name":"Roovi B2B","article_publisher":"https:\/\/www.facebook.com\/wwwjucariero","article_modified_time":"2022-07-13T10:56:25+00:00","og_image":[{"width":1200,"height":1200,"url":"https:\/\/business.roovi.com\/wp-content\/uploads\/2018\/04\/71446_elo.jpg","type":"image\/jpeg"}],"schema":{"@context":"https:\/\/schema.org","@graph":[{"@type":"WebPage","@id":"https:\/\/business.roovi.com\/fr\/color-me-safari-set-pour-modeler-et-colorier-des-figurines-danimaux-elephant-et-chameau\/p\/","url":"https:\/\/business.roovi.com\/fr\/color-me-safari-set-pour-modeler-et-colorier-des-figurines-danimaux-elephant-et-chameau\/p\/","name":"Color Me Safari - Set pour modeler et colorier des figurines d'animaux : \u00e9l\u00e9phant et chameau","isPartOf":{"@id":"https:\/\/business.roovi.com\/fr\/#website"},"datePublished":"2018-04-16T10:56:08+00:00","dateModified":"2022-07-13T10:56:25+00:00","description":"Color Me Safari - Set pour modeler et colorier des figurines d'animaux : \u00e9l\u00e9phant et chameau","breadcrumb":{"@id":"https:\/\/business.roovi.com\/fr\/color-me-safari-set-pour-modeler-et-colorier-des-figurines-danimaux-elephant-et-chameau\/p\/#breadcrumb"},"inLanguage":"fr-FR","potentialAction":[{"@type":"ReadAction","target":["https:\/\/business.roovi.com\/fr\/color-me-safari-set-pour-modeler-et-colorier-des-figurines-danimaux-elephant-et-chameau\/p\/"]}]},{"@type":"BreadcrumbList","@id":"https:\/\/business.roovi.com\/fr\/color-me-safari-set-pour-modeler-et-colorier-des-figurines-danimaux-elephant-et-chameau\/p\/#breadcrumb","itemListElement":[{"@type":"ListItem","position":1,"name":"Home","item":"https:\/\/business.roovi.com\/fr\/"},{"@type":"ListItem","position":2,"name":"Boutique","item":"https:\/\/business.roovi.com\/fr\/boutique\/"},{"@type":"ListItem","position":3,"name":"Color Me Safari &#8211; Set pour modeler et colorier des figurines d&#8217;animaux : \u00e9l\u00e9phant et chameau"}]},{"@type":"WebSite","@id":"https:\/\/business.roovi.com\/fr\/#website","url":"https:\/\/business.roovi.com\/fr\/","name":"Roovi B2B","description":"Roovi Business Website","potentialAction":[{"@type":"SearchAction","target":{"@type":"EntryPoint","urlTemplate":"https:\/\/business.roovi.com\/fr\/?s={search_term_string}"},"query-input":"required name=search_term_string"}],"inLanguage":"fr-FR"}]}},"_links":{"self":[{"href":"https:\/\/business.roovi.com\/fr\/wp-json\/wp\/v2\/product\/54458","targetHints":{"allow":["GET"]}}],"collection":[{"href":"https:\/\/business.roovi.com\/fr\/wp-json\/wp\/v2\/product"}],"about":[{"href":"https:\/\/business.roovi.com\/fr\/wp-json\/wp\/v2\/types\/product"}],"version-history":[{"count":0,"href":"https:\/\/business.roovi.com\/fr\/wp-json\/wp\/v2\/product\/54458\/revisions"}],"wp:featuredmedia":[{"embeddable":true,"href":"https:\/\/business.roovi.com\/fr\/wp-json\/wp\/v2\/media\/45421"}],"wp:attachment":[{"href":"https:\/\/business.roovi.com\/fr\/wp-json\/wp\/v2\/media?parent=54458"}],"wp:term":[{"taxonomy":"product_brand","embeddable":true,"href":"https:\/\/business.roovi.com\/fr\/wp-json\/wp\/v2\/product_brand?post=54458"},{"taxonomy":"product_cat","embeddable":true,"href":"https:\/\/business.roovi.com\/fr\/wp-json\/wp\/v2\/product_cat?post=54458"},{"taxonomy":"product_tag","embeddable":true,"href":"https:\/\/business.roovi.com\/fr\/wp-json\/wp\/v2\/product_tag?post=54458"}],"curies":[{"name":"wp","href":"https:\/\/api.w.org\/{rel}","templated":true}]}}