{"id":54481,"date":"2018-04-16T10:56:08","date_gmt":"2018-04-16T10:56:08","guid":{"rendered":"https:\/\/business.roovi.com\/joc-micul-magician-cutia-cu-secrete\/p\/"},"modified":"2022-07-13T10:56:43","modified_gmt":"2022-07-13T10:56:43","slug":"jeu-the-little-magician-box-of-secrets-jeu-interactif-de-tours-de-magie","status":"publish","type":"product","link":"https:\/\/business.roovi.com\/fr\/jeu-the-little-magician-box-of-secrets-jeu-interactif-de-tours-de-magie\/p\/","title":{"rendered":"Jeu The Little Magician &#8211; Box of Secrets &#8211; Jeu interactif de tours de magie"},"content":{"rendered":"<p>Une cassette \u00e0 plusieurs faces avec laquelle les enfants peuvent apprendre de nombreux tours fascinants. Tu peux faire appara\u00eetre, dispara\u00eetre ou transformer compl\u00e8tement les cartes \u00e0 jouer incluses dans le jeu, mais tu peux aussi inventer d&rsquo;autres tours avec des morceaux de papier, des photos, des notes de jeu, qui peuvent tous \u00eatre ins\u00e9r\u00e9s dans la bo\u00eete de jeu. Contenu : une bo\u00eete noire, 3 cartes \u00e0 jouer, une pi\u00e8ce secr\u00e8te, des instructions secr\u00e8tes. Recommand\u00e9 pour les enfants de plus de 6 ans.<\/p>\n","protected":false},"excerpt":{"rendered":"<p>Une cassette \u00e0 plusieurs faces avec laquelle les enfants peuvent apprendre de nombreux tours fascinants. Tu peux faire appara\u00eetre, dispara\u00eetre<\/p>\n","protected":false},"featured_media":45439,"template":"","meta":[],"product_brand":[],"product_cat":[2328,2339],"product_tag":[],"class_list":{"0":"post-54481","1":"product","2":"type-product","3":"status-publish","4":"has-post-thumbnail","6":"product_cat-jeux-educatifs-et-scientifiques","7":"product_cat-jeux-dhabilete-fr","8":"pa_brand-d_toys-fr","9":"pa_country_of_manufacture-ro-fr","10":"pa_filter_age-5_7-fr","11":"pa_filter_age-7_9-fr","12":"pa_filter_age-9_14-fr","13":"pa_filter_age-14-fr","14":"pa_tip_ambalaj-boite","16":"first","17":"outofstock","18":"taxable","19":"shipping-taxable","20":"product-type-simple"},"yoast_head":"<!-- This site is optimized with the Yoast SEO plugin v20.1 - https:\/\/yoast.com\/wordpress\/plugins\/seo\/ -->\n<title>Jeu The Little Magician - Box of Secrets - Jeu interactif de tours de magie<\/title>\n<meta name=\"description\" content=\"Jeu The Little Magician - Box of Secrets - Jeu interactif de tours de magie\" \/>\n<meta name=\"robots\" content=\"index, follow, max-snippet:-1, max-image-preview:large, max-video-preview:-1\" \/>\n<link rel=\"canonical\" href=\"https:\/\/business.roovi.com\/fr\/jeu-the-little-magician-box-of-secrets-jeu-interactif-de-tours-de-magie\/p\/\" \/>\n<meta property=\"og:locale\" content=\"fr_FR\" \/>\n<meta property=\"og:type\" content=\"article\" \/>\n<meta property=\"og:title\" content=\"Jeu The Little Magician - Box of Secrets - Jeu interactif de tours de magie\" \/>\n<meta property=\"og:description\" content=\"Jeu The Little Magician - Box of Secrets - Jeu interactif de tours de magie\" \/>\n<meta property=\"og:url\" content=\"https:\/\/business.roovi.com\/fr\/jeu-the-little-magician-box-of-secrets-jeu-interactif-de-tours-de-magie\/p\/\" \/>\n<meta property=\"og:site_name\" content=\"Roovi B2B\" \/>\n<meta property=\"article:publisher\" content=\"https:\/\/www.facebook.com\/wwwjucariero\" \/>\n<meta property=\"article:modified_time\" content=\"2022-07-13T10:56:43+00:00\" \/>\n<meta property=\"og:image\" content=\"https:\/\/business.roovi.com\/wp-content\/uploads\/2018\/04\/71491_01_elo.jpg\" \/>\n\t<meta property=\"og:image:width\" content=\"1200\" \/>\n\t<meta property=\"og:image:height\" content=\"1200\" \/>\n\t<meta property=\"og:image:type\" content=\"image\/jpeg\" \/>\n<script type=\"application\/ld+json\" class=\"yoast-schema-graph\">{\"@context\":\"https:\/\/schema.org\",\"@graph\":[{\"@type\":\"WebPage\",\"@id\":\"https:\/\/business.roovi.com\/fr\/jeu-the-little-magician-box-of-secrets-jeu-interactif-de-tours-de-magie\/p\/\",\"url\":\"https:\/\/business.roovi.com\/fr\/jeu-the-little-magician-box-of-secrets-jeu-interactif-de-tours-de-magie\/p\/\",\"name\":\"Jeu The Little Magician - Box of Secrets - Jeu interactif de tours de magie\",\"isPartOf\":{\"@id\":\"https:\/\/business.roovi.com\/fr\/#website\"},\"datePublished\":\"2018-04-16T10:56:08+00:00\",\"dateModified\":\"2022-07-13T10:56:43+00:00\",\"description\":\"Jeu The Little Magician - Box of Secrets - Jeu interactif de tours de magie\",\"breadcrumb\":{\"@id\":\"https:\/\/business.roovi.com\/fr\/jeu-the-little-magician-box-of-secrets-jeu-interactif-de-tours-de-magie\/p\/#breadcrumb\"},\"inLanguage\":\"fr-FR\",\"potentialAction\":[{\"@type\":\"ReadAction\",\"target\":[\"https:\/\/business.roovi.com\/fr\/jeu-the-little-magician-box-of-secrets-jeu-interactif-de-tours-de-magie\/p\/\"]}]},{\"@type\":\"BreadcrumbList\",\"@id\":\"https:\/\/business.roovi.com\/fr\/jeu-the-little-magician-box-of-secrets-jeu-interactif-de-tours-de-magie\/p\/#breadcrumb\",\"itemListElement\":[{\"@type\":\"ListItem\",\"position\":1,\"name\":\"Home\",\"item\":\"https:\/\/business.roovi.com\/fr\/\"},{\"@type\":\"ListItem\",\"position\":2,\"name\":\"Boutique\",\"item\":\"https:\/\/business.roovi.com\/fr\/boutique\/\"},{\"@type\":\"ListItem\",\"position\":3,\"name\":\"Jeu The Little Magician &#8211; Box of Secrets &#8211; Jeu interactif de tours de magie\"}]},{\"@type\":\"WebSite\",\"@id\":\"https:\/\/business.roovi.com\/fr\/#website\",\"url\":\"https:\/\/business.roovi.com\/fr\/\",\"name\":\"Roovi B2B\",\"description\":\"Roovi Business Website\",\"potentialAction\":[{\"@type\":\"SearchAction\",\"target\":{\"@type\":\"EntryPoint\",\"urlTemplate\":\"https:\/\/business.roovi.com\/fr\/?s={search_term_string}\"},\"query-input\":\"required name=search_term_string\"}],\"inLanguage\":\"fr-FR\"}]}<\/script>\n<!-- \/ Yoast SEO plugin. -->","yoast_head_json":{"title":"Jeu The Little Magician - Box of Secrets - Jeu interactif de tours de magie","description":"Jeu The Little Magician - Box of Secrets - Jeu interactif de tours de magie","robots":{"index":"index","follow":"follow","max-snippet":"max-snippet:-1","max-image-preview":"max-image-preview:large","max-video-preview":"max-video-preview:-1"},"canonical":"https:\/\/business.roovi.com\/fr\/jeu-the-little-magician-box-of-secrets-jeu-interactif-de-tours-de-magie\/p\/","og_locale":"fr_FR","og_type":"article","og_title":"Jeu The Little Magician - Box of Secrets - Jeu interactif de tours de magie","og_description":"Jeu The Little Magician - Box of Secrets - Jeu interactif de tours de magie","og_url":"https:\/\/business.roovi.com\/fr\/jeu-the-little-magician-box-of-secrets-jeu-interactif-de-tours-de-magie\/p\/","og_site_name":"Roovi B2B","article_publisher":"https:\/\/www.facebook.com\/wwwjucariero","article_modified_time":"2022-07-13T10:56:43+00:00","og_image":[{"width":1200,"height":1200,"url":"https:\/\/business.roovi.com\/wp-content\/uploads\/2018\/04\/71491_01_elo.jpg","type":"image\/jpeg"}],"schema":{"@context":"https:\/\/schema.org","@graph":[{"@type":"WebPage","@id":"https:\/\/business.roovi.com\/fr\/jeu-the-little-magician-box-of-secrets-jeu-interactif-de-tours-de-magie\/p\/","url":"https:\/\/business.roovi.com\/fr\/jeu-the-little-magician-box-of-secrets-jeu-interactif-de-tours-de-magie\/p\/","name":"Jeu The Little Magician - Box of Secrets - Jeu interactif de tours de magie","isPartOf":{"@id":"https:\/\/business.roovi.com\/fr\/#website"},"datePublished":"2018-04-16T10:56:08+00:00","dateModified":"2022-07-13T10:56:43+00:00","description":"Jeu The Little Magician - Box of Secrets - Jeu interactif de tours de magie","breadcrumb":{"@id":"https:\/\/business.roovi.com\/fr\/jeu-the-little-magician-box-of-secrets-jeu-interactif-de-tours-de-magie\/p\/#breadcrumb"},"inLanguage":"fr-FR","potentialAction":[{"@type":"ReadAction","target":["https:\/\/business.roovi.com\/fr\/jeu-the-little-magician-box-of-secrets-jeu-interactif-de-tours-de-magie\/p\/"]}]},{"@type":"BreadcrumbList","@id":"https:\/\/business.roovi.com\/fr\/jeu-the-little-magician-box-of-secrets-jeu-interactif-de-tours-de-magie\/p\/#breadcrumb","itemListElement":[{"@type":"ListItem","position":1,"name":"Home","item":"https:\/\/business.roovi.com\/fr\/"},{"@type":"ListItem","position":2,"name":"Boutique","item":"https:\/\/business.roovi.com\/fr\/boutique\/"},{"@type":"ListItem","position":3,"name":"Jeu The Little Magician &#8211; Box of Secrets &#8211; Jeu interactif de tours de magie"}]},{"@type":"WebSite","@id":"https:\/\/business.roovi.com\/fr\/#website","url":"https:\/\/business.roovi.com\/fr\/","name":"Roovi B2B","description":"Roovi Business Website","potentialAction":[{"@type":"SearchAction","target":{"@type":"EntryPoint","urlTemplate":"https:\/\/business.roovi.com\/fr\/?s={search_term_string}"},"query-input":"required name=search_term_string"}],"inLanguage":"fr-FR"}]}},"_links":{"self":[{"href":"https:\/\/business.roovi.com\/fr\/wp-json\/wp\/v2\/product\/54481","targetHints":{"allow":["GET"]}}],"collection":[{"href":"https:\/\/business.roovi.com\/fr\/wp-json\/wp\/v2\/product"}],"about":[{"href":"https:\/\/business.roovi.com\/fr\/wp-json\/wp\/v2\/types\/product"}],"version-history":[{"count":0,"href":"https:\/\/business.roovi.com\/fr\/wp-json\/wp\/v2\/product\/54481\/revisions"}],"wp:featuredmedia":[{"embeddable":true,"href":"https:\/\/business.roovi.com\/fr\/wp-json\/wp\/v2\/media\/45439"}],"wp:attachment":[{"href":"https:\/\/business.roovi.com\/fr\/wp-json\/wp\/v2\/media?parent=54481"}],"wp:term":[{"taxonomy":"product_brand","embeddable":true,"href":"https:\/\/business.roovi.com\/fr\/wp-json\/wp\/v2\/product_brand?post=54481"},{"taxonomy":"product_cat","embeddable":true,"href":"https:\/\/business.roovi.com\/fr\/wp-json\/wp\/v2\/product_cat?post=54481"},{"taxonomy":"product_tag","embeddable":true,"href":"https:\/\/business.roovi.com\/fr\/wp-json\/wp\/v2\/product_tag?post=54481"}],"curies":[{"name":"wp","href":"https:\/\/api.w.org\/{rel}","templated":true}]}}