{"id":54489,"date":"2018-04-16T10:56:08","date_gmt":"2018-04-16T10:56:08","guid":{"rendered":"https:\/\/business.roovi.com\/joc-animale-din-continente\/p\/"},"modified":"2022-07-13T10:56:51","modified_gmt":"2022-07-13T10:56:51","slug":"jeu-animaux-des-continents-jeu-de-connaissances-generales","status":"publish","type":"product","link":"https:\/\/business.roovi.com\/fr\/jeu-animaux-des-continents-jeu-de-connaissances-generales\/p\/","title":{"rendered":"Jeu Animaux des Continents &#8211; Jeu de connaissances g\u00e9n\u00e9rales"},"content":{"rendered":"<p><span style=\"font-weight: 400;\">Dans quelle mesure est-il facile pour toi de d\u00e9crire diff\u00e9rentes esp\u00e8ces d&rsquo;oiseaux et d&rsquo;animaux aux enfants ? Que fais-tu lorsque des petits curieux veulent conna\u00eetre les d\u00e9tails de l&rsquo;endroit o\u00f9 ils vivent, ce qu&rsquo;ils mangent et sur quel continent tu peux les trouver ?<\/span><\/p>\n<p><span style=\"font-weight: 400;\">Partez ensemble pour un voyage imaginaire autour du monde afin de d\u00e9couvrir des animaux et des oiseaux impressionnants dans le l\u00e9gendaire et tr\u00e8s appr\u00e9ci\u00e9 jeu de soci\u00e9t\u00e9 Les animaux des continents.<\/span><\/p>\n<p><span style=\"font-weight: 400;\">Gr\u00e2ce \u00e0 ce jeu, les enfants d\u00e9couvrent les caract\u00e9ristiques les plus importantes des animaux : \u00e0 quoi ils ressemblent, o\u00f9 ils vivent, de quoi ils se nourrissent, s&rsquo;ils sont en danger d&rsquo;extinction, ainsi que certains traits distinctifs de chaque esp\u00e8ce.<\/span><\/p>\n<h2><span style=\"font-weight: 400;\">Savais-tu que le jeu Animaux des continents..<\/span><\/h2>\n<ul>\n<li><span style=\"font-weight: 400;\">D\u00e9veloppe la pens\u00e9e logique et associative.<\/span><\/li>\n<li><span style=\"font-weight: 400;\">Fournit des d\u00e9tails sur 60 oiseaux et animaux de 12 familles.<\/span><\/li>\n<li><span style=\"font-weight: 400;\">C&rsquo;est un jeu super int\u00e9ressant pour les enfants et les adultes <\/span><\/li>\n<li><span style=\"font-weight: 400;\">Stimule l&rsquo;attention aux d\u00e9tails et d\u00e9veloppe l&rsquo;agilit\u00e9 <\/span><\/li>\n<li><span style=\"font-weight: 400;\">C&rsquo;est une excellente source de d\u00e9veloppement du vocabulaire.<\/span><\/li>\n<li><span style=\"font-weight: 400;\">Enrichit les connaissances g\u00e9n\u00e9rales.<\/span><\/li>\n<li><span style=\"font-weight: 400;\">Il cr\u00e9e les conditions id\u00e9ales pour passer plus de temps de qualit\u00e9 avec les enfants, se connecter et raconter des histoires, se d\u00e9tendre et s&rsquo;amuser ensemble.<\/span><\/li>\n<\/ul>\n<h2><span style=\"font-weight: 400;\">Pourquoi choisir le jeu Animaux des Continents<\/span><\/h2>\n<p><span style=\"font-weight: 400;\">Le jeu Animaux des continents fait partie de la collection de jeux roumains, con\u00e7us et fabriqu\u00e9s en Roumanie, repr\u00e9sentant des animaux illustr\u00e9s en d\u00e9tail, de mani\u00e8re r\u00e9aliste <\/span><\/p>\n<p><span style=\"font-weight: 400;\">Un jeu extraordinaire, invent\u00e9 et magistralement illustr\u00e9 par Ioan Nicolau, le graphiste qui croyait fermement \u00e0 l&rsquo;\u00e9ducation par le jeu. Ioan Nicolau a invent\u00e9 et illustr\u00e9 des centaines de jeux pour enfants dans les ann\u00e9es 1970 et 1980, et c&rsquo;est le jeu Animaux des Continents qui lui a apport\u00e9 la c\u00e9l\u00e9brit\u00e9 et la reconnaissance <\/span><\/p>\n<p><span style=\"font-weight: 400;\">Un concept de jeu original et facile \u00e0 suivre pour les enfants, bas\u00e9 sur l&rsquo;association d&rsquo;animaux de diff\u00e9rentes esp\u00e8ces avec les continents auxquels ils appartiennent. Un tel jeu peut servir de base \u00e0 des discussions plus complexes sur chaque continent, sur le positionnement des continents sur le globe, sur les peuples et sur la fa\u00e7on dont les gens interagissent avec les esp\u00e8ces d&rsquo;oiseaux et d&rsquo;animaux illustr\u00e9es dans le jeu <\/span><\/p>\n<p><span style=\"font-weight: 400;\">Tu apprendras des faits et des d\u00e9tails sur 12 familles d&rsquo;animaux (serpents, crocodiles, autruches, oiseaux de proie, cochons sauvages, herbivores, taureaux sauvages, 10 esp\u00e8ces de chats, loups, ours, singes) du livret des animaux regroup\u00e9s par royaume <\/span><\/p>\n<p><span style=\"font-weight: 400;\">Chaque carte de jeu indique la port\u00e9e de l&rsquo;animal dessin\u00e9, qui peut \u00eatre identifi\u00e9 et trouv\u00e9 sur la carte du monde incluse dans le jeu.<\/span><\/p>\n<p><span style=\"font-weight: 400;\">\u00c2ge recommand\u00e9 : 7+<\/span><\/p>\n<p><span style=\"font-weight: 400;\">Joueurs : 2 &#8211; 6 personnes<\/span><\/p>\n<p><span style=\"font-weight: 400;\">La bo\u00eete contient : 60 cartes \u00e0 jouer d&rsquo;animaux, un d\u00e9pliant avec les animaux regroup\u00e9s par royaumes, une carte du monde, les r\u00e8gles avec 2 variantes de jeu.<\/span><\/p>\n<p><span style=\"font-weight: 400;\">Non recommand\u00e9 pour les enfants de moins de 3 ans <\/span><\/p><\/p>\n","protected":false},"excerpt":{"rendered":"<p>Dans quelle mesure est-il facile pour toi de d\u00e9crire diff\u00e9rentes esp\u00e8ces d&rsquo;oiseaux et d&rsquo;animaux aux enfants ? Que fais-tu lorsque<\/p>\n","protected":false},"featured_media":45448,"template":"","meta":[],"product_brand":[],"product_cat":[2305,2303,2333],"product_tag":[],"class_list":{"0":"post-54489","1":"product","2":"type-product","3":"status-publish","4":"has-post-thumbnail","6":"product_cat-jeux-de-famille","7":"product_cat-jeux-de-societe","8":"product_cat-jeux-roumains","9":"pa_brand-d_toys-fr","10":"pa_country_of_manufacture-ro-fr","11":"pa_filter_age-5_7-fr","12":"pa_filter_age-7_9-fr","13":"pa_filter_age-9_14-fr","14":"pa_tip_ambalaj-boite","16":"first","17":"instock","18":"taxable","19":"shipping-taxable","20":"product-type-simple"},"yoast_head":"<!-- This site is optimized with the Yoast SEO plugin v20.1 - https:\/\/yoast.com\/wordpress\/plugins\/seo\/ -->\n<title>Jeu Animaux des Continents - Jeu de connaissances g\u00e9n\u00e9rales<\/title>\n<meta name=\"description\" content=\"Jeu Animaux des Continents - Jeu de connaissances g\u00e9n\u00e9rales\" \/>\n<meta name=\"robots\" content=\"index, follow, max-snippet:-1, max-image-preview:large, max-video-preview:-1\" \/>\n<link rel=\"canonical\" href=\"https:\/\/business.roovi.com\/fr\/jeu-animaux-des-continents-jeu-de-connaissances-generales\/p\/\" \/>\n<meta property=\"og:locale\" content=\"fr_FR\" \/>\n<meta property=\"og:type\" content=\"article\" \/>\n<meta property=\"og:title\" content=\"Jeu Animaux des Continents - Jeu de connaissances g\u00e9n\u00e9rales\" \/>\n<meta property=\"og:description\" content=\"Jeu Animaux des Continents - Jeu de connaissances g\u00e9n\u00e9rales\" \/>\n<meta property=\"og:url\" content=\"https:\/\/business.roovi.com\/fr\/jeu-animaux-des-continents-jeu-de-connaissances-generales\/p\/\" \/>\n<meta property=\"og:site_name\" content=\"Roovi B2B\" \/>\n<meta property=\"article:publisher\" content=\"https:\/\/www.facebook.com\/wwwjucariero\" \/>\n<meta property=\"article:modified_time\" content=\"2022-07-13T10:56:51+00:00\" \/>\n<meta property=\"og:image\" content=\"https:\/\/business.roovi.com\/wp-content\/uploads\/2018\/04\/71750_elo_1.jpg\" \/>\n\t<meta property=\"og:image:width\" content=\"1440\" \/>\n\t<meta property=\"og:image:height\" content=\"1200\" \/>\n\t<meta property=\"og:image:type\" content=\"image\/jpeg\" \/>\n<meta name=\"twitter:label1\" content=\"Dur\u00e9e de lecture estim\u00e9e\" \/>\n\t<meta name=\"twitter:data1\" content=\"2 minutes\" \/>\n<script type=\"application\/ld+json\" class=\"yoast-schema-graph\">{\"@context\":\"https:\/\/schema.org\",\"@graph\":[{\"@type\":\"WebPage\",\"@id\":\"https:\/\/business.roovi.com\/fr\/jeu-animaux-des-continents-jeu-de-connaissances-generales\/p\/\",\"url\":\"https:\/\/business.roovi.com\/fr\/jeu-animaux-des-continents-jeu-de-connaissances-generales\/p\/\",\"name\":\"Jeu Animaux des Continents - Jeu de connaissances g\u00e9n\u00e9rales\",\"isPartOf\":{\"@id\":\"https:\/\/business.roovi.com\/fr\/#website\"},\"datePublished\":\"2018-04-16T10:56:08+00:00\",\"dateModified\":\"2022-07-13T10:56:51+00:00\",\"description\":\"Jeu Animaux des Continents - Jeu de connaissances g\u00e9n\u00e9rales\",\"breadcrumb\":{\"@id\":\"https:\/\/business.roovi.com\/fr\/jeu-animaux-des-continents-jeu-de-connaissances-generales\/p\/#breadcrumb\"},\"inLanguage\":\"fr-FR\",\"potentialAction\":[{\"@type\":\"ReadAction\",\"target\":[\"https:\/\/business.roovi.com\/fr\/jeu-animaux-des-continents-jeu-de-connaissances-generales\/p\/\"]}]},{\"@type\":\"BreadcrumbList\",\"@id\":\"https:\/\/business.roovi.com\/fr\/jeu-animaux-des-continents-jeu-de-connaissances-generales\/p\/#breadcrumb\",\"itemListElement\":[{\"@type\":\"ListItem\",\"position\":1,\"name\":\"Home\",\"item\":\"https:\/\/business.roovi.com\/fr\/\"},{\"@type\":\"ListItem\",\"position\":2,\"name\":\"Boutique\",\"item\":\"https:\/\/business.roovi.com\/fr\/boutique\/\"},{\"@type\":\"ListItem\",\"position\":3,\"name\":\"Jeu Animaux des Continents &#8211; Jeu de connaissances g\u00e9n\u00e9rales\"}]},{\"@type\":\"WebSite\",\"@id\":\"https:\/\/business.roovi.com\/fr\/#website\",\"url\":\"https:\/\/business.roovi.com\/fr\/\",\"name\":\"Roovi B2B\",\"description\":\"Roovi Business Website\",\"potentialAction\":[{\"@type\":\"SearchAction\",\"target\":{\"@type\":\"EntryPoint\",\"urlTemplate\":\"https:\/\/business.roovi.com\/fr\/?s={search_term_string}\"},\"query-input\":\"required name=search_term_string\"}],\"inLanguage\":\"fr-FR\"}]}<\/script>\n<!-- \/ Yoast SEO plugin. -->","yoast_head_json":{"title":"Jeu Animaux des Continents - Jeu de connaissances g\u00e9n\u00e9rales","description":"Jeu Animaux des Continents - Jeu de connaissances g\u00e9n\u00e9rales","robots":{"index":"index","follow":"follow","max-snippet":"max-snippet:-1","max-image-preview":"max-image-preview:large","max-video-preview":"max-video-preview:-1"},"canonical":"https:\/\/business.roovi.com\/fr\/jeu-animaux-des-continents-jeu-de-connaissances-generales\/p\/","og_locale":"fr_FR","og_type":"article","og_title":"Jeu Animaux des Continents - Jeu de connaissances g\u00e9n\u00e9rales","og_description":"Jeu Animaux des Continents - Jeu de connaissances g\u00e9n\u00e9rales","og_url":"https:\/\/business.roovi.com\/fr\/jeu-animaux-des-continents-jeu-de-connaissances-generales\/p\/","og_site_name":"Roovi B2B","article_publisher":"https:\/\/www.facebook.com\/wwwjucariero","article_modified_time":"2022-07-13T10:56:51+00:00","og_image":[{"width":1440,"height":1200,"url":"https:\/\/business.roovi.com\/wp-content\/uploads\/2018\/04\/71750_elo_1.jpg","type":"image\/jpeg"}],"twitter_misc":{"Dur\u00e9e de lecture estim\u00e9e":"2 minutes"},"schema":{"@context":"https:\/\/schema.org","@graph":[{"@type":"WebPage","@id":"https:\/\/business.roovi.com\/fr\/jeu-animaux-des-continents-jeu-de-connaissances-generales\/p\/","url":"https:\/\/business.roovi.com\/fr\/jeu-animaux-des-continents-jeu-de-connaissances-generales\/p\/","name":"Jeu Animaux des Continents - Jeu de connaissances g\u00e9n\u00e9rales","isPartOf":{"@id":"https:\/\/business.roovi.com\/fr\/#website"},"datePublished":"2018-04-16T10:56:08+00:00","dateModified":"2022-07-13T10:56:51+00:00","description":"Jeu Animaux des Continents - Jeu de connaissances g\u00e9n\u00e9rales","breadcrumb":{"@id":"https:\/\/business.roovi.com\/fr\/jeu-animaux-des-continents-jeu-de-connaissances-generales\/p\/#breadcrumb"},"inLanguage":"fr-FR","potentialAction":[{"@type":"ReadAction","target":["https:\/\/business.roovi.com\/fr\/jeu-animaux-des-continents-jeu-de-connaissances-generales\/p\/"]}]},{"@type":"BreadcrumbList","@id":"https:\/\/business.roovi.com\/fr\/jeu-animaux-des-continents-jeu-de-connaissances-generales\/p\/#breadcrumb","itemListElement":[{"@type":"ListItem","position":1,"name":"Home","item":"https:\/\/business.roovi.com\/fr\/"},{"@type":"ListItem","position":2,"name":"Boutique","item":"https:\/\/business.roovi.com\/fr\/boutique\/"},{"@type":"ListItem","position":3,"name":"Jeu Animaux des Continents &#8211; Jeu de connaissances g\u00e9n\u00e9rales"}]},{"@type":"WebSite","@id":"https:\/\/business.roovi.com\/fr\/#website","url":"https:\/\/business.roovi.com\/fr\/","name":"Roovi B2B","description":"Roovi Business Website","potentialAction":[{"@type":"SearchAction","target":{"@type":"EntryPoint","urlTemplate":"https:\/\/business.roovi.com\/fr\/?s={search_term_string}"},"query-input":"required name=search_term_string"}],"inLanguage":"fr-FR"}]}},"_links":{"self":[{"href":"https:\/\/business.roovi.com\/fr\/wp-json\/wp\/v2\/product\/54489","targetHints":{"allow":["GET"]}}],"collection":[{"href":"https:\/\/business.roovi.com\/fr\/wp-json\/wp\/v2\/product"}],"about":[{"href":"https:\/\/business.roovi.com\/fr\/wp-json\/wp\/v2\/types\/product"}],"version-history":[{"count":0,"href":"https:\/\/business.roovi.com\/fr\/wp-json\/wp\/v2\/product\/54489\/revisions"}],"wp:featuredmedia":[{"embeddable":true,"href":"https:\/\/business.roovi.com\/fr\/wp-json\/wp\/v2\/media\/45448"}],"wp:attachment":[{"href":"https:\/\/business.roovi.com\/fr\/wp-json\/wp\/v2\/media?parent=54489"}],"wp:term":[{"taxonomy":"product_brand","embeddable":true,"href":"https:\/\/business.roovi.com\/fr\/wp-json\/wp\/v2\/product_brand?post=54489"},{"taxonomy":"product_cat","embeddable":true,"href":"https:\/\/business.roovi.com\/fr\/wp-json\/wp\/v2\/product_cat?post=54489"},{"taxonomy":"product_tag","embeddable":true,"href":"https:\/\/business.roovi.com\/fr\/wp-json\/wp\/v2\/product_tag?post=54489"}],"curies":[{"name":"wp","href":"https:\/\/api.w.org\/{rel}","templated":true}]}}