{"id":54494,"date":"2018-04-16T10:56:08","date_gmt":"2018-04-16T10:56:08","guid":{"rendered":"https:\/\/business.roovi.com\/joc-mosquito\/p\/"},"modified":"2022-07-13T10:56:55","modified_gmt":"2022-07-13T10:56:55","slug":"jeu-mosquito-jeu-de-societe-interactif","status":"publish","type":"product","link":"https:\/\/business.roovi.com\/fr\/jeu-mosquito-jeu-de-societe-interactif\/p\/","title":{"rendered":"Jeu Mosquito &#8211; Jeu de soci\u00e9t\u00e9 interactif"},"content":{"rendered":"<p>Mosquito est un jeu dynamique pour 2-4 joueurs, \u00e2g\u00e9s de 4+. Attrape les moustiques espi\u00e8gles avec le marteau collant sp\u00e9cial ! Mais fais attention \u00e0 leur forme, leur couleur et leur motif. Ce jeu d\u00e9veloppe la m\u00e9moire, l&rsquo;attention, l&rsquo;adresse et les r\u00e9flexes des jeunes enfants. Tu peux jouer \u00e0 2 jeux diff\u00e9rents : le bingo et le memory. Contenu : 72 jetons de jeu, 4 maillets en bois sp\u00e9ciaux, 12 planches de jeu, r\u00e8gles du jeu.<\/p>\n","protected":false},"excerpt":{"rendered":"<p>Mosquito est un jeu dynamique pour 2-4 joueurs, \u00e2g\u00e9s de 4+. Attrape les moustiques espi\u00e8gles avec le marteau collant sp\u00e9cial<\/p>\n","protected":false},"featured_media":45456,"template":"","meta":[],"product_brand":[],"product_cat":[2304,2303],"product_tag":[],"class_list":{"0":"post-54494","1":"product","2":"type-product","3":"status-publish","4":"has-post-thumbnail","6":"product_cat-jeux-de-fete","7":"product_cat-jeux-de-societe","8":"pa_brand-d_toys-fr","9":"pa_country_of_manufacture-ro-fr","10":"pa_filter_age-3_5-fr","11":"pa_filter_age-5_7-fr","12":"pa_filter_age-7_9-fr","13":"pa_tip_ambalaj-boite","15":"first","16":"instock","17":"taxable","18":"shipping-taxable","19":"product-type-simple"},"yoast_head":"<!-- This site is optimized with the Yoast SEO plugin v20.1 - https:\/\/yoast.com\/wordpress\/plugins\/seo\/ -->\n<title>Jeu Mosquito - Jeu de soci\u00e9t\u00e9 interactif<\/title>\n<meta name=\"description\" content=\"Jeu Mosquito - Jeu de soci\u00e9t\u00e9 interactif\" \/>\n<meta name=\"robots\" content=\"index, follow, max-snippet:-1, max-image-preview:large, max-video-preview:-1\" \/>\n<link rel=\"canonical\" href=\"https:\/\/business.roovi.com\/fr\/jeu-mosquito-jeu-de-societe-interactif\/p\/\" \/>\n<meta property=\"og:locale\" content=\"fr_FR\" \/>\n<meta property=\"og:type\" content=\"article\" \/>\n<meta property=\"og:title\" content=\"Jeu Mosquito - Jeu de soci\u00e9t\u00e9 interactif\" \/>\n<meta property=\"og:description\" content=\"Jeu Mosquito - Jeu de soci\u00e9t\u00e9 interactif\" \/>\n<meta property=\"og:url\" content=\"https:\/\/business.roovi.com\/fr\/jeu-mosquito-jeu-de-societe-interactif\/p\/\" \/>\n<meta property=\"og:site_name\" content=\"Roovi B2B\" \/>\n<meta property=\"article:publisher\" content=\"https:\/\/www.facebook.com\/wwwjucariero\" \/>\n<meta property=\"article:modified_time\" content=\"2022-07-13T10:56:55+00:00\" \/>\n<meta property=\"og:image\" content=\"https:\/\/business.roovi.com\/wp-content\/uploads\/2018\/04\/71583_elo_1.jpg\" \/>\n\t<meta property=\"og:image:width\" content=\"1200\" \/>\n\t<meta property=\"og:image:height\" content=\"1200\" \/>\n\t<meta property=\"og:image:type\" content=\"image\/jpeg\" \/>\n<script type=\"application\/ld+json\" class=\"yoast-schema-graph\">{\"@context\":\"https:\/\/schema.org\",\"@graph\":[{\"@type\":\"WebPage\",\"@id\":\"https:\/\/business.roovi.com\/fr\/jeu-mosquito-jeu-de-societe-interactif\/p\/\",\"url\":\"https:\/\/business.roovi.com\/fr\/jeu-mosquito-jeu-de-societe-interactif\/p\/\",\"name\":\"Jeu Mosquito - Jeu de soci\u00e9t\u00e9 interactif\",\"isPartOf\":{\"@id\":\"https:\/\/business.roovi.com\/fr\/#website\"},\"datePublished\":\"2018-04-16T10:56:08+00:00\",\"dateModified\":\"2022-07-13T10:56:55+00:00\",\"description\":\"Jeu Mosquito - Jeu de soci\u00e9t\u00e9 interactif\",\"breadcrumb\":{\"@id\":\"https:\/\/business.roovi.com\/fr\/jeu-mosquito-jeu-de-societe-interactif\/p\/#breadcrumb\"},\"inLanguage\":\"fr-FR\",\"potentialAction\":[{\"@type\":\"ReadAction\",\"target\":[\"https:\/\/business.roovi.com\/fr\/jeu-mosquito-jeu-de-societe-interactif\/p\/\"]}]},{\"@type\":\"BreadcrumbList\",\"@id\":\"https:\/\/business.roovi.com\/fr\/jeu-mosquito-jeu-de-societe-interactif\/p\/#breadcrumb\",\"itemListElement\":[{\"@type\":\"ListItem\",\"position\":1,\"name\":\"Home\",\"item\":\"https:\/\/business.roovi.com\/fr\/\"},{\"@type\":\"ListItem\",\"position\":2,\"name\":\"Boutique\",\"item\":\"https:\/\/business.roovi.com\/fr\/boutique\/\"},{\"@type\":\"ListItem\",\"position\":3,\"name\":\"Jeu Mosquito &#8211; Jeu de soci\u00e9t\u00e9 interactif\"}]},{\"@type\":\"WebSite\",\"@id\":\"https:\/\/business.roovi.com\/fr\/#website\",\"url\":\"https:\/\/business.roovi.com\/fr\/\",\"name\":\"Roovi B2B\",\"description\":\"Roovi Business Website\",\"potentialAction\":[{\"@type\":\"SearchAction\",\"target\":{\"@type\":\"EntryPoint\",\"urlTemplate\":\"https:\/\/business.roovi.com\/fr\/?s={search_term_string}\"},\"query-input\":\"required name=search_term_string\"}],\"inLanguage\":\"fr-FR\"}]}<\/script>\n<!-- \/ Yoast SEO plugin. -->","yoast_head_json":{"title":"Jeu Mosquito - Jeu de soci\u00e9t\u00e9 interactif","description":"Jeu Mosquito - Jeu de soci\u00e9t\u00e9 interactif","robots":{"index":"index","follow":"follow","max-snippet":"max-snippet:-1","max-image-preview":"max-image-preview:large","max-video-preview":"max-video-preview:-1"},"canonical":"https:\/\/business.roovi.com\/fr\/jeu-mosquito-jeu-de-societe-interactif\/p\/","og_locale":"fr_FR","og_type":"article","og_title":"Jeu Mosquito - Jeu de soci\u00e9t\u00e9 interactif","og_description":"Jeu Mosquito - Jeu de soci\u00e9t\u00e9 interactif","og_url":"https:\/\/business.roovi.com\/fr\/jeu-mosquito-jeu-de-societe-interactif\/p\/","og_site_name":"Roovi B2B","article_publisher":"https:\/\/www.facebook.com\/wwwjucariero","article_modified_time":"2022-07-13T10:56:55+00:00","og_image":[{"width":1200,"height":1200,"url":"https:\/\/business.roovi.com\/wp-content\/uploads\/2018\/04\/71583_elo_1.jpg","type":"image\/jpeg"}],"schema":{"@context":"https:\/\/schema.org","@graph":[{"@type":"WebPage","@id":"https:\/\/business.roovi.com\/fr\/jeu-mosquito-jeu-de-societe-interactif\/p\/","url":"https:\/\/business.roovi.com\/fr\/jeu-mosquito-jeu-de-societe-interactif\/p\/","name":"Jeu Mosquito - Jeu de soci\u00e9t\u00e9 interactif","isPartOf":{"@id":"https:\/\/business.roovi.com\/fr\/#website"},"datePublished":"2018-04-16T10:56:08+00:00","dateModified":"2022-07-13T10:56:55+00:00","description":"Jeu Mosquito - Jeu de soci\u00e9t\u00e9 interactif","breadcrumb":{"@id":"https:\/\/business.roovi.com\/fr\/jeu-mosquito-jeu-de-societe-interactif\/p\/#breadcrumb"},"inLanguage":"fr-FR","potentialAction":[{"@type":"ReadAction","target":["https:\/\/business.roovi.com\/fr\/jeu-mosquito-jeu-de-societe-interactif\/p\/"]}]},{"@type":"BreadcrumbList","@id":"https:\/\/business.roovi.com\/fr\/jeu-mosquito-jeu-de-societe-interactif\/p\/#breadcrumb","itemListElement":[{"@type":"ListItem","position":1,"name":"Home","item":"https:\/\/business.roovi.com\/fr\/"},{"@type":"ListItem","position":2,"name":"Boutique","item":"https:\/\/business.roovi.com\/fr\/boutique\/"},{"@type":"ListItem","position":3,"name":"Jeu Mosquito &#8211; Jeu de soci\u00e9t\u00e9 interactif"}]},{"@type":"WebSite","@id":"https:\/\/business.roovi.com\/fr\/#website","url":"https:\/\/business.roovi.com\/fr\/","name":"Roovi B2B","description":"Roovi Business Website","potentialAction":[{"@type":"SearchAction","target":{"@type":"EntryPoint","urlTemplate":"https:\/\/business.roovi.com\/fr\/?s={search_term_string}"},"query-input":"required name=search_term_string"}],"inLanguage":"fr-FR"}]}},"_links":{"self":[{"href":"https:\/\/business.roovi.com\/fr\/wp-json\/wp\/v2\/product\/54494","targetHints":{"allow":["GET"]}}],"collection":[{"href":"https:\/\/business.roovi.com\/fr\/wp-json\/wp\/v2\/product"}],"about":[{"href":"https:\/\/business.roovi.com\/fr\/wp-json\/wp\/v2\/types\/product"}],"version-history":[{"count":0,"href":"https:\/\/business.roovi.com\/fr\/wp-json\/wp\/v2\/product\/54494\/revisions"}],"wp:featuredmedia":[{"embeddable":true,"href":"https:\/\/business.roovi.com\/fr\/wp-json\/wp\/v2\/media\/45456"}],"wp:attachment":[{"href":"https:\/\/business.roovi.com\/fr\/wp-json\/wp\/v2\/media?parent=54494"}],"wp:term":[{"taxonomy":"product_brand","embeddable":true,"href":"https:\/\/business.roovi.com\/fr\/wp-json\/wp\/v2\/product_brand?post=54494"},{"taxonomy":"product_cat","embeddable":true,"href":"https:\/\/business.roovi.com\/fr\/wp-json\/wp\/v2\/product_cat?post=54494"},{"taxonomy":"product_tag","embeddable":true,"href":"https:\/\/business.roovi.com\/fr\/wp-json\/wp\/v2\/product_tag?post=54494"}],"curies":[{"name":"wp","href":"https:\/\/api.w.org\/{rel}","templated":true}]}}