{"id":54502,"date":"2018-04-16T10:56:08","date_gmt":"2018-04-16T10:56:08","guid":{"rendered":"https:\/\/business.roovi.com\/joc-labirintul-extraterestrilor\/p\/"},"modified":"2022-07-13T10:57:02","modified_gmt":"2022-07-13T10:57:02","slug":"jeu-alien-maze-jeu-dadresse-pour-les-enfants","status":"publish","type":"product","link":"https:\/\/business.roovi.com\/fr\/jeu-alien-maze-jeu-dadresse-pour-les-enfants\/p\/","title":{"rendered":"Jeu Alien Maze &#8211; Jeu d&rsquo;adresse pour les enfants"},"content":{"rendered":"<p>Nous t&rsquo;invitons \u00e0 un voyage \u00ab\u00a0interplan\u00e9taire\u00a0\u00bb avec le Labyrinthe Alien pour tester ta concentration, ton habilet\u00e9 et ta capacit\u00e9 d&rsquo;attention ! Mais le jeu galactique a une mission sp\u00e9ciale : explorer la plan\u00e8te implique de traverser le labyrinthe astral. Parcours l&rsquo;itin\u00e9raire en \u00e9vitant &#8211; autant que possible &#8211; le contact du crayon avec le mur du labyrinthe \u00e9lectrique ! Le d\u00e9fi demande de l&rsquo;entra\u00eenement, tu peux donc toucher le mur du labyrinthe au maximum trois fois lors d&rsquo;une seule tentative. Si l&rsquo;alarme t&rsquo;avertit la quatri\u00e8me fois, ta visite est termin\u00e9e <\/p>\n<p>Sur le plateau, tu as des champs color\u00e9s indiquant 5 missions diff\u00e9rentes : pluies de m\u00e9t\u00e9ores, rayonnement cosmique, explosions stellaires, interactions gravitationnelles, satellites artificiels ! \u00ab\u00a0Conqu\u00e9rir\u00a0\u00bb les points de couleur du labyrinthe extraterrestre signifie accomplir la mission correspondant \u00e0 la couleur que tu as atteinte. Atterris en premier sur le champ d&rsquo;arriv\u00e9e et tu seras d\u00e9sign\u00e9 comme l'\u00a0\u00bbalien\u00a0\u00bb le plus habile ! Contenu : 1 labyrinthe \u00e9lectrique, 1 grand plateau de jeu, 1 mini plateau de jeu, 4 pions, 1 sablier, r\u00e8gles du jeu. Recommand\u00e9 pour les enfants de plus de 6 ans.<\/p>\n","protected":false},"excerpt":{"rendered":"<p>Nous t&rsquo;invitons \u00e0 un voyage \u00ab\u00a0interplan\u00e9taire\u00a0\u00bb avec le Labyrinthe Alien pour tester ta concentration, ton habilet\u00e9 et ta capacit\u00e9 d&rsquo;attention<\/p>\n","protected":false},"featured_media":45464,"template":"","meta":[],"product_brand":[],"product_cat":[2397,2303],"product_tag":[],"class_list":{"0":"post-54502","1":"product","2":"type-product","3":"status-publish","4":"has-post-thumbnail","6":"product_cat-jeux-dhabilete","7":"product_cat-jeux-de-societe","8":"pa_brand-d_toys-fr","9":"pa_country_of_manufacture-ro-fr","10":"pa_filter_age-5_7-fr","11":"pa_filter_age-7_9-fr","12":"pa_filter_age-9_14-fr","13":"pa_tip_ambalaj-boite","15":"first","16":"instock","17":"taxable","18":"shipping-taxable","19":"product-type-simple"},"yoast_head":"<!-- This site is optimized with the Yoast SEO plugin v20.1 - https:\/\/yoast.com\/wordpress\/plugins\/seo\/ -->\n<title>Jeu Alien Maze - Jeu d&#039;adresse pour les enfants<\/title>\n<meta name=\"description\" content=\"Jeu Alien Maze - Jeu d&#039;adresse pour les enfants\" \/>\n<meta name=\"robots\" content=\"index, follow, max-snippet:-1, max-image-preview:large, max-video-preview:-1\" \/>\n<link rel=\"canonical\" href=\"https:\/\/business.roovi.com\/fr\/jeu-alien-maze-jeu-dadresse-pour-les-enfants\/p\/\" \/>\n<meta property=\"og:locale\" content=\"fr_FR\" \/>\n<meta property=\"og:type\" content=\"article\" \/>\n<meta property=\"og:title\" content=\"Jeu Alien Maze - Jeu d&#039;adresse pour les enfants\" \/>\n<meta property=\"og:description\" content=\"Jeu Alien Maze - Jeu d&#039;adresse pour les enfants\" \/>\n<meta property=\"og:url\" content=\"https:\/\/business.roovi.com\/fr\/jeu-alien-maze-jeu-dadresse-pour-les-enfants\/p\/\" \/>\n<meta property=\"og:site_name\" content=\"Roovi B2B\" \/>\n<meta property=\"article:publisher\" content=\"https:\/\/www.facebook.com\/wwwjucariero\" \/>\n<meta property=\"article:modified_time\" content=\"2022-07-13T10:57:02+00:00\" \/>\n<meta property=\"og:image\" content=\"https:\/\/business.roovi.com\/wp-content\/uploads\/2018\/04\/71606_elo_labirintul_extraterestilor.jpg\" \/>\n\t<meta property=\"og:image:width\" content=\"1200\" \/>\n\t<meta property=\"og:image:height\" content=\"1200\" \/>\n\t<meta property=\"og:image:type\" content=\"image\/jpeg\" \/>\n<meta name=\"twitter:label1\" content=\"Dur\u00e9e de lecture estim\u00e9e\" \/>\n\t<meta name=\"twitter:data1\" content=\"1 minute\" \/>\n<script type=\"application\/ld+json\" class=\"yoast-schema-graph\">{\"@context\":\"https:\/\/schema.org\",\"@graph\":[{\"@type\":\"WebPage\",\"@id\":\"https:\/\/business.roovi.com\/fr\/jeu-alien-maze-jeu-dadresse-pour-les-enfants\/p\/\",\"url\":\"https:\/\/business.roovi.com\/fr\/jeu-alien-maze-jeu-dadresse-pour-les-enfants\/p\/\",\"name\":\"Jeu Alien Maze - Jeu d'adresse pour les enfants\",\"isPartOf\":{\"@id\":\"https:\/\/business.roovi.com\/fr\/#website\"},\"datePublished\":\"2018-04-16T10:56:08+00:00\",\"dateModified\":\"2022-07-13T10:57:02+00:00\",\"description\":\"Jeu Alien Maze - Jeu d'adresse pour les enfants\",\"breadcrumb\":{\"@id\":\"https:\/\/business.roovi.com\/fr\/jeu-alien-maze-jeu-dadresse-pour-les-enfants\/p\/#breadcrumb\"},\"inLanguage\":\"fr-FR\",\"potentialAction\":[{\"@type\":\"ReadAction\",\"target\":[\"https:\/\/business.roovi.com\/fr\/jeu-alien-maze-jeu-dadresse-pour-les-enfants\/p\/\"]}]},{\"@type\":\"BreadcrumbList\",\"@id\":\"https:\/\/business.roovi.com\/fr\/jeu-alien-maze-jeu-dadresse-pour-les-enfants\/p\/#breadcrumb\",\"itemListElement\":[{\"@type\":\"ListItem\",\"position\":1,\"name\":\"Home\",\"item\":\"https:\/\/business.roovi.com\/fr\/\"},{\"@type\":\"ListItem\",\"position\":2,\"name\":\"Boutique\",\"item\":\"https:\/\/business.roovi.com\/fr\/boutique\/\"},{\"@type\":\"ListItem\",\"position\":3,\"name\":\"Jeu Alien Maze &#8211; Jeu d&#8217;adresse pour les enfants\"}]},{\"@type\":\"WebSite\",\"@id\":\"https:\/\/business.roovi.com\/fr\/#website\",\"url\":\"https:\/\/business.roovi.com\/fr\/\",\"name\":\"Roovi B2B\",\"description\":\"Roovi Business Website\",\"potentialAction\":[{\"@type\":\"SearchAction\",\"target\":{\"@type\":\"EntryPoint\",\"urlTemplate\":\"https:\/\/business.roovi.com\/fr\/?s={search_term_string}\"},\"query-input\":\"required name=search_term_string\"}],\"inLanguage\":\"fr-FR\"}]}<\/script>\n<!-- \/ Yoast SEO plugin. -->","yoast_head_json":{"title":"Jeu Alien Maze - Jeu d'adresse pour les enfants","description":"Jeu Alien Maze - Jeu d'adresse pour les enfants","robots":{"index":"index","follow":"follow","max-snippet":"max-snippet:-1","max-image-preview":"max-image-preview:large","max-video-preview":"max-video-preview:-1"},"canonical":"https:\/\/business.roovi.com\/fr\/jeu-alien-maze-jeu-dadresse-pour-les-enfants\/p\/","og_locale":"fr_FR","og_type":"article","og_title":"Jeu Alien Maze - Jeu d'adresse pour les enfants","og_description":"Jeu Alien Maze - Jeu d'adresse pour les enfants","og_url":"https:\/\/business.roovi.com\/fr\/jeu-alien-maze-jeu-dadresse-pour-les-enfants\/p\/","og_site_name":"Roovi B2B","article_publisher":"https:\/\/www.facebook.com\/wwwjucariero","article_modified_time":"2022-07-13T10:57:02+00:00","og_image":[{"width":1200,"height":1200,"url":"https:\/\/business.roovi.com\/wp-content\/uploads\/2018\/04\/71606_elo_labirintul_extraterestilor.jpg","type":"image\/jpeg"}],"twitter_misc":{"Dur\u00e9e de lecture estim\u00e9e":"1 minute"},"schema":{"@context":"https:\/\/schema.org","@graph":[{"@type":"WebPage","@id":"https:\/\/business.roovi.com\/fr\/jeu-alien-maze-jeu-dadresse-pour-les-enfants\/p\/","url":"https:\/\/business.roovi.com\/fr\/jeu-alien-maze-jeu-dadresse-pour-les-enfants\/p\/","name":"Jeu Alien Maze - Jeu d'adresse pour les enfants","isPartOf":{"@id":"https:\/\/business.roovi.com\/fr\/#website"},"datePublished":"2018-04-16T10:56:08+00:00","dateModified":"2022-07-13T10:57:02+00:00","description":"Jeu Alien Maze - Jeu d'adresse pour les enfants","breadcrumb":{"@id":"https:\/\/business.roovi.com\/fr\/jeu-alien-maze-jeu-dadresse-pour-les-enfants\/p\/#breadcrumb"},"inLanguage":"fr-FR","potentialAction":[{"@type":"ReadAction","target":["https:\/\/business.roovi.com\/fr\/jeu-alien-maze-jeu-dadresse-pour-les-enfants\/p\/"]}]},{"@type":"BreadcrumbList","@id":"https:\/\/business.roovi.com\/fr\/jeu-alien-maze-jeu-dadresse-pour-les-enfants\/p\/#breadcrumb","itemListElement":[{"@type":"ListItem","position":1,"name":"Home","item":"https:\/\/business.roovi.com\/fr\/"},{"@type":"ListItem","position":2,"name":"Boutique","item":"https:\/\/business.roovi.com\/fr\/boutique\/"},{"@type":"ListItem","position":3,"name":"Jeu Alien Maze &#8211; Jeu d&#8217;adresse pour les enfants"}]},{"@type":"WebSite","@id":"https:\/\/business.roovi.com\/fr\/#website","url":"https:\/\/business.roovi.com\/fr\/","name":"Roovi B2B","description":"Roovi Business Website","potentialAction":[{"@type":"SearchAction","target":{"@type":"EntryPoint","urlTemplate":"https:\/\/business.roovi.com\/fr\/?s={search_term_string}"},"query-input":"required name=search_term_string"}],"inLanguage":"fr-FR"}]}},"_links":{"self":[{"href":"https:\/\/business.roovi.com\/fr\/wp-json\/wp\/v2\/product\/54502","targetHints":{"allow":["GET"]}}],"collection":[{"href":"https:\/\/business.roovi.com\/fr\/wp-json\/wp\/v2\/product"}],"about":[{"href":"https:\/\/business.roovi.com\/fr\/wp-json\/wp\/v2\/types\/product"}],"version-history":[{"count":0,"href":"https:\/\/business.roovi.com\/fr\/wp-json\/wp\/v2\/product\/54502\/revisions"}],"wp:featuredmedia":[{"embeddable":true,"href":"https:\/\/business.roovi.com\/fr\/wp-json\/wp\/v2\/media\/45464"}],"wp:attachment":[{"href":"https:\/\/business.roovi.com\/fr\/wp-json\/wp\/v2\/media?parent=54502"}],"wp:term":[{"taxonomy":"product_brand","embeddable":true,"href":"https:\/\/business.roovi.com\/fr\/wp-json\/wp\/v2\/product_brand?post=54502"},{"taxonomy":"product_cat","embeddable":true,"href":"https:\/\/business.roovi.com\/fr\/wp-json\/wp\/v2\/product_cat?post=54502"},{"taxonomy":"product_tag","embeddable":true,"href":"https:\/\/business.roovi.com\/fr\/wp-json\/wp\/v2\/product_tag?post=54502"}],"curies":[{"name":"wp","href":"https:\/\/api.w.org\/{rel}","templated":true}]}}