{"id":54504,"date":"2018-04-16T10:56:08","date_gmt":"2018-04-16T10:56:08","guid":{"rendered":"https:\/\/business.roovi.com\/joc-elefantelul-vesel-aventuri-culinare\/p\/"},"modified":"2022-07-13T10:57:03","modified_gmt":"2022-07-13T10:57:03","slug":"le-joyeux-petit-elephant-aventures-culinaires-crayon-musical-et-planches-dingredients-illustrees-jeu-educatif","status":"publish","type":"product","link":"https:\/\/business.roovi.com\/fr\/le-joyeux-petit-elephant-aventures-culinaires-crayon-musical-et-planches-dingredients-illustrees-jeu-educatif\/p\/","title":{"rendered":"Le joyeux petit \u00e9l\u00e9phant &#8211; Aventures culinaires, crayon musical et planches d&rsquo;ingr\u00e9dients illustr\u00e9es &#8211; Jeu \u00e9ducatif"},"content":{"rendered":"<p>Le joyeux petit \u00e9l\u00e9phant est un nouveau jeu interactif-\u00e9ducatif avec des illustrations engageantes qui stimulent la pens\u00e9e associative et l&rsquo;imagination. Le set \u00ab\u00a0Aventures culinaires\u00a0\u00bb fait d\u00e9couvrir aux enfants le monde app\u00e9tissant des diff\u00e9rents aliments. Les petits peuvent se familiariser avec diff\u00e9rents ingr\u00e9dients naturels, comment pr\u00e9parer les aliments de base, les fruits, les l\u00e9gumes et plus encore. Ils r\u00e9pondront aux questions illustr\u00e9es et le crayon musical en forme de petit \u00e9l\u00e9phant jouera un air mignon chaque fois qu&rsquo;ils donneront la bonne r\u00e9ponse.<\/p>\n","protected":false},"excerpt":{"rendered":"<p>Le joyeux petit \u00e9l\u00e9phant est un nouveau jeu interactif-\u00e9ducatif avec des illustrations engageantes qui stimulent la pens\u00e9e associative et l&rsquo;imagination.<\/p>\n","protected":false},"featured_media":45466,"template":"","meta":[],"product_brand":[],"product_cat":[2386,2328],"product_tag":[],"class_list":{"0":"post-54504","1":"product","2":"type-product","3":"status-publish","4":"has-post-thumbnail","6":"product_cat-jeux-educatifs","7":"product_cat-jeux-educatifs-et-scientifiques","8":"pa_brand-d_toys-fr","9":"pa_country_of_manufacture-ro-fr","10":"pa_filter_age-3_5-fr","11":"pa_filter_age-5_7-fr","12":"pa_filter_age-7_9-fr","13":"pa_tip_ambalaj-boite","15":"first","16":"instock","17":"taxable","18":"shipping-taxable","19":"product-type-simple"},"yoast_head":"<!-- This site is optimized with the Yoast SEO plugin v20.1 - https:\/\/yoast.com\/wordpress\/plugins\/seo\/ -->\n<title>Le joyeux petit \u00e9l\u00e9phant - Aventures culinaires, crayon musical et planches d&#039;ingr\u00e9dients illustr\u00e9es - Jeu \u00e9ducatif<\/title>\n<meta name=\"description\" content=\"Le joyeux petit \u00e9l\u00e9phant - Aventures culinaires, crayon musical et planches d&#039;ingr\u00e9dients illustr\u00e9es - Jeu \u00e9ducatif\" \/>\n<meta name=\"robots\" content=\"index, follow, max-snippet:-1, max-image-preview:large, max-video-preview:-1\" \/>\n<link rel=\"canonical\" href=\"https:\/\/business.roovi.com\/fr\/le-joyeux-petit-elephant-aventures-culinaires-crayon-musical-et-planches-dingredients-illustrees-jeu-educatif\/p\/\" \/>\n<meta property=\"og:locale\" content=\"fr_FR\" \/>\n<meta property=\"og:type\" content=\"article\" \/>\n<meta property=\"og:title\" content=\"Le joyeux petit \u00e9l\u00e9phant - Aventures culinaires, crayon musical et planches d&#039;ingr\u00e9dients illustr\u00e9es - Jeu \u00e9ducatif\" \/>\n<meta property=\"og:description\" content=\"Le joyeux petit \u00e9l\u00e9phant - Aventures culinaires, crayon musical et planches d&#039;ingr\u00e9dients illustr\u00e9es - Jeu \u00e9ducatif\" \/>\n<meta property=\"og:url\" content=\"https:\/\/business.roovi.com\/fr\/le-joyeux-petit-elephant-aventures-culinaires-crayon-musical-et-planches-dingredients-illustrees-jeu-educatif\/p\/\" \/>\n<meta property=\"og:site_name\" content=\"Roovi B2B\" \/>\n<meta property=\"article:publisher\" content=\"https:\/\/www.facebook.com\/wwwjucariero\" \/>\n<meta property=\"article:modified_time\" content=\"2022-07-13T10:57:03+00:00\" \/>\n<meta property=\"og:image\" content=\"https:\/\/business.roovi.com\/wp-content\/uploads\/2018\/04\/71897_elo.jpg\" \/>\n\t<meta property=\"og:image:width\" content=\"1200\" \/>\n\t<meta property=\"og:image:height\" content=\"1200\" \/>\n\t<meta property=\"og:image:type\" content=\"image\/jpeg\" \/>\n<script type=\"application\/ld+json\" class=\"yoast-schema-graph\">{\"@context\":\"https:\/\/schema.org\",\"@graph\":[{\"@type\":\"WebPage\",\"@id\":\"https:\/\/business.roovi.com\/fr\/le-joyeux-petit-elephant-aventures-culinaires-crayon-musical-et-planches-dingredients-illustrees-jeu-educatif\/p\/\",\"url\":\"https:\/\/business.roovi.com\/fr\/le-joyeux-petit-elephant-aventures-culinaires-crayon-musical-et-planches-dingredients-illustrees-jeu-educatif\/p\/\",\"name\":\"Le joyeux petit \u00e9l\u00e9phant - Aventures culinaires, crayon musical et planches d'ingr\u00e9dients illustr\u00e9es - Jeu \u00e9ducatif\",\"isPartOf\":{\"@id\":\"https:\/\/business.roovi.com\/fr\/#website\"},\"datePublished\":\"2018-04-16T10:56:08+00:00\",\"dateModified\":\"2022-07-13T10:57:03+00:00\",\"description\":\"Le joyeux petit \u00e9l\u00e9phant - Aventures culinaires, crayon musical et planches d'ingr\u00e9dients illustr\u00e9es - Jeu \u00e9ducatif\",\"breadcrumb\":{\"@id\":\"https:\/\/business.roovi.com\/fr\/le-joyeux-petit-elephant-aventures-culinaires-crayon-musical-et-planches-dingredients-illustrees-jeu-educatif\/p\/#breadcrumb\"},\"inLanguage\":\"fr-FR\",\"potentialAction\":[{\"@type\":\"ReadAction\",\"target\":[\"https:\/\/business.roovi.com\/fr\/le-joyeux-petit-elephant-aventures-culinaires-crayon-musical-et-planches-dingredients-illustrees-jeu-educatif\/p\/\"]}]},{\"@type\":\"BreadcrumbList\",\"@id\":\"https:\/\/business.roovi.com\/fr\/le-joyeux-petit-elephant-aventures-culinaires-crayon-musical-et-planches-dingredients-illustrees-jeu-educatif\/p\/#breadcrumb\",\"itemListElement\":[{\"@type\":\"ListItem\",\"position\":1,\"name\":\"Home\",\"item\":\"https:\/\/business.roovi.com\/fr\/\"},{\"@type\":\"ListItem\",\"position\":2,\"name\":\"Boutique\",\"item\":\"https:\/\/business.roovi.com\/fr\/boutique\/\"},{\"@type\":\"ListItem\",\"position\":3,\"name\":\"Le joyeux petit \u00e9l\u00e9phant &#8211; Aventures culinaires, crayon musical et planches d&#8217;ingr\u00e9dients illustr\u00e9es &#8211; Jeu \u00e9ducatif\"}]},{\"@type\":\"WebSite\",\"@id\":\"https:\/\/business.roovi.com\/fr\/#website\",\"url\":\"https:\/\/business.roovi.com\/fr\/\",\"name\":\"Roovi B2B\",\"description\":\"Roovi Business Website\",\"potentialAction\":[{\"@type\":\"SearchAction\",\"target\":{\"@type\":\"EntryPoint\",\"urlTemplate\":\"https:\/\/business.roovi.com\/fr\/?s={search_term_string}\"},\"query-input\":\"required name=search_term_string\"}],\"inLanguage\":\"fr-FR\"}]}<\/script>\n<!-- \/ Yoast SEO plugin. -->","yoast_head_json":{"title":"Le joyeux petit \u00e9l\u00e9phant - Aventures culinaires, crayon musical et planches d'ingr\u00e9dients illustr\u00e9es - Jeu \u00e9ducatif","description":"Le joyeux petit \u00e9l\u00e9phant - Aventures culinaires, crayon musical et planches d'ingr\u00e9dients illustr\u00e9es - Jeu \u00e9ducatif","robots":{"index":"index","follow":"follow","max-snippet":"max-snippet:-1","max-image-preview":"max-image-preview:large","max-video-preview":"max-video-preview:-1"},"canonical":"https:\/\/business.roovi.com\/fr\/le-joyeux-petit-elephant-aventures-culinaires-crayon-musical-et-planches-dingredients-illustrees-jeu-educatif\/p\/","og_locale":"fr_FR","og_type":"article","og_title":"Le joyeux petit \u00e9l\u00e9phant - Aventures culinaires, crayon musical et planches d'ingr\u00e9dients illustr\u00e9es - Jeu \u00e9ducatif","og_description":"Le joyeux petit \u00e9l\u00e9phant - Aventures culinaires, crayon musical et planches d'ingr\u00e9dients illustr\u00e9es - Jeu \u00e9ducatif","og_url":"https:\/\/business.roovi.com\/fr\/le-joyeux-petit-elephant-aventures-culinaires-crayon-musical-et-planches-dingredients-illustrees-jeu-educatif\/p\/","og_site_name":"Roovi B2B","article_publisher":"https:\/\/www.facebook.com\/wwwjucariero","article_modified_time":"2022-07-13T10:57:03+00:00","og_image":[{"width":1200,"height":1200,"url":"https:\/\/business.roovi.com\/wp-content\/uploads\/2018\/04\/71897_elo.jpg","type":"image\/jpeg"}],"schema":{"@context":"https:\/\/schema.org","@graph":[{"@type":"WebPage","@id":"https:\/\/business.roovi.com\/fr\/le-joyeux-petit-elephant-aventures-culinaires-crayon-musical-et-planches-dingredients-illustrees-jeu-educatif\/p\/","url":"https:\/\/business.roovi.com\/fr\/le-joyeux-petit-elephant-aventures-culinaires-crayon-musical-et-planches-dingredients-illustrees-jeu-educatif\/p\/","name":"Le joyeux petit \u00e9l\u00e9phant - Aventures culinaires, crayon musical et planches d'ingr\u00e9dients illustr\u00e9es - Jeu \u00e9ducatif","isPartOf":{"@id":"https:\/\/business.roovi.com\/fr\/#website"},"datePublished":"2018-04-16T10:56:08+00:00","dateModified":"2022-07-13T10:57:03+00:00","description":"Le joyeux petit \u00e9l\u00e9phant - Aventures culinaires, crayon musical et planches d'ingr\u00e9dients illustr\u00e9es - Jeu \u00e9ducatif","breadcrumb":{"@id":"https:\/\/business.roovi.com\/fr\/le-joyeux-petit-elephant-aventures-culinaires-crayon-musical-et-planches-dingredients-illustrees-jeu-educatif\/p\/#breadcrumb"},"inLanguage":"fr-FR","potentialAction":[{"@type":"ReadAction","target":["https:\/\/business.roovi.com\/fr\/le-joyeux-petit-elephant-aventures-culinaires-crayon-musical-et-planches-dingredients-illustrees-jeu-educatif\/p\/"]}]},{"@type":"BreadcrumbList","@id":"https:\/\/business.roovi.com\/fr\/le-joyeux-petit-elephant-aventures-culinaires-crayon-musical-et-planches-dingredients-illustrees-jeu-educatif\/p\/#breadcrumb","itemListElement":[{"@type":"ListItem","position":1,"name":"Home","item":"https:\/\/business.roovi.com\/fr\/"},{"@type":"ListItem","position":2,"name":"Boutique","item":"https:\/\/business.roovi.com\/fr\/boutique\/"},{"@type":"ListItem","position":3,"name":"Le joyeux petit \u00e9l\u00e9phant &#8211; Aventures culinaires, crayon musical et planches d&#8217;ingr\u00e9dients illustr\u00e9es &#8211; Jeu \u00e9ducatif"}]},{"@type":"WebSite","@id":"https:\/\/business.roovi.com\/fr\/#website","url":"https:\/\/business.roovi.com\/fr\/","name":"Roovi B2B","description":"Roovi Business Website","potentialAction":[{"@type":"SearchAction","target":{"@type":"EntryPoint","urlTemplate":"https:\/\/business.roovi.com\/fr\/?s={search_term_string}"},"query-input":"required name=search_term_string"}],"inLanguage":"fr-FR"}]}},"_links":{"self":[{"href":"https:\/\/business.roovi.com\/fr\/wp-json\/wp\/v2\/product\/54504","targetHints":{"allow":["GET"]}}],"collection":[{"href":"https:\/\/business.roovi.com\/fr\/wp-json\/wp\/v2\/product"}],"about":[{"href":"https:\/\/business.roovi.com\/fr\/wp-json\/wp\/v2\/types\/product"}],"version-history":[{"count":0,"href":"https:\/\/business.roovi.com\/fr\/wp-json\/wp\/v2\/product\/54504\/revisions"}],"wp:featuredmedia":[{"embeddable":true,"href":"https:\/\/business.roovi.com\/fr\/wp-json\/wp\/v2\/media\/45466"}],"wp:attachment":[{"href":"https:\/\/business.roovi.com\/fr\/wp-json\/wp\/v2\/media?parent=54504"}],"wp:term":[{"taxonomy":"product_brand","embeddable":true,"href":"https:\/\/business.roovi.com\/fr\/wp-json\/wp\/v2\/product_brand?post=54504"},{"taxonomy":"product_cat","embeddable":true,"href":"https:\/\/business.roovi.com\/fr\/wp-json\/wp\/v2\/product_cat?post=54504"},{"taxonomy":"product_tag","embeddable":true,"href":"https:\/\/business.roovi.com\/fr\/wp-json\/wp\/v2\/product_tag?post=54504"}],"curies":[{"name":"wp","href":"https:\/\/api.w.org\/{rel}","templated":true}]}}