{"id":54508,"date":"2018-04-16T10:56:08","date_gmt":"2018-04-16T10:56:08","guid":{"rendered":"https:\/\/business.roovi.com\/joc-creativ-spumini-dino-spuma-de-modelat\/p\/"},"modified":"2022-07-13T10:57:06","modified_gmt":"2022-07-13T10:57:06","slug":"dino-foams-mousse-a-modeler-pour-creer-4-adorables-dinosaures","status":"publish","type":"product","link":"https:\/\/business.roovi.com\/fr\/dino-foams-mousse-a-modeler-pour-creer-4-adorables-dinosaures\/p\/","title":{"rendered":"Dino Foams &#8211; Mousse \u00e0 modeler pour cr\u00e9er 4 adorables dinosaures"},"content":{"rendered":"<p>Une mousse \u00e0 modeler l\u00e9g\u00e8re, extensible et moelleuse avec laquelle tu peux r\u00e9aliser 4 dinosaures mignons. La t\u00eate, les membres et la queue (inclus dans le set) peuvent \u00eatre ajout\u00e9s apr\u00e8s avoir fabriqu\u00e9 le torse en mousse inmagic. Exp\u00e9rimente en cr\u00e9ant diff\u00e9rentes formes, couleurs et tailles ! Les dinosaures attendent de prendre vie dans tes mains !<\/p>\n","protected":false},"excerpt":{"rendered":"<p>Une mousse \u00e0 modeler l\u00e9g\u00e8re, extensible et moelleuse avec laquelle tu peux r\u00e9aliser 4 dinosaures mignons. La t\u00eate, les membres<\/p>\n","protected":false},"featured_media":45470,"template":"","meta":[],"product_brand":[],"product_cat":[1581,1589],"product_tag":[],"class_list":{"0":"post-54508","1":"product","2":"type-product","3":"status-publish","4":"has-post-thumbnail","6":"product_cat-creative-games","7":"product_cat-modelling-foam-and-playdough","8":"pa_brand-d_toys-en","9":"pa_country_of_manufacture-ro-en","10":"pa_filter_age-3_5-en","11":"pa_filter_age-5_7-en","12":"pa_tip_ambalaj-box","14":"first","15":"instock","16":"taxable","17":"shipping-taxable","18":"product-type-simple"},"yoast_head":"<!-- This site is optimized with the Yoast SEO plugin v20.1 - https:\/\/yoast.com\/wordpress\/plugins\/seo\/ -->\n<title>Dino Foams - Mousse \u00e0 modeler pour cr\u00e9er 4 adorables dinosaures<\/title>\n<meta name=\"description\" content=\"Dino Foams - Mousse \u00e0 modeler pour cr\u00e9er 4 adorables dinosaures\" \/>\n<meta name=\"robots\" content=\"index, follow, max-snippet:-1, max-image-preview:large, max-video-preview:-1\" \/>\n<link rel=\"canonical\" href=\"https:\/\/business.roovi.com\/fr\/dino-foams-mousse-a-modeler-pour-creer-4-adorables-dinosaures\/p\/\" \/>\n<meta property=\"og:locale\" content=\"fr_FR\" \/>\n<meta property=\"og:type\" content=\"article\" \/>\n<meta property=\"og:title\" content=\"Dino Foams - Mousse \u00e0 modeler pour cr\u00e9er 4 adorables dinosaures\" \/>\n<meta property=\"og:description\" content=\"Dino Foams - Mousse \u00e0 modeler pour cr\u00e9er 4 adorables dinosaures\" \/>\n<meta property=\"og:url\" content=\"https:\/\/business.roovi.com\/fr\/dino-foams-mousse-a-modeler-pour-creer-4-adorables-dinosaures\/p\/\" \/>\n<meta property=\"og:site_name\" content=\"Roovi B2B\" \/>\n<meta property=\"article:publisher\" content=\"https:\/\/www.facebook.com\/wwwjucariero\" \/>\n<meta property=\"article:modified_time\" content=\"2022-07-13T10:57:06+00:00\" \/>\n<meta property=\"og:image\" content=\"https:\/\/business.roovi.com\/wp-content\/uploads\/2018\/04\/71873_spumini_dino_elo.jpg\" \/>\n\t<meta property=\"og:image:width\" content=\"1200\" \/>\n\t<meta property=\"og:image:height\" content=\"1200\" \/>\n\t<meta property=\"og:image:type\" content=\"image\/jpeg\" \/>\n<script type=\"application\/ld+json\" class=\"yoast-schema-graph\">{\"@context\":\"https:\/\/schema.org\",\"@graph\":[{\"@type\":\"WebPage\",\"@id\":\"https:\/\/business.roovi.com\/fr\/dino-foams-mousse-a-modeler-pour-creer-4-adorables-dinosaures\/p\/\",\"url\":\"https:\/\/business.roovi.com\/fr\/dino-foams-mousse-a-modeler-pour-creer-4-adorables-dinosaures\/p\/\",\"name\":\"Dino Foams - Mousse \u00e0 modeler pour cr\u00e9er 4 adorables dinosaures\",\"isPartOf\":{\"@id\":\"https:\/\/business.roovi.com\/fr\/#website\"},\"datePublished\":\"2018-04-16T10:56:08+00:00\",\"dateModified\":\"2022-07-13T10:57:06+00:00\",\"description\":\"Dino Foams - Mousse \u00e0 modeler pour cr\u00e9er 4 adorables dinosaures\",\"breadcrumb\":{\"@id\":\"https:\/\/business.roovi.com\/fr\/dino-foams-mousse-a-modeler-pour-creer-4-adorables-dinosaures\/p\/#breadcrumb\"},\"inLanguage\":\"fr-FR\",\"potentialAction\":[{\"@type\":\"ReadAction\",\"target\":[\"https:\/\/business.roovi.com\/fr\/dino-foams-mousse-a-modeler-pour-creer-4-adorables-dinosaures\/p\/\"]}]},{\"@type\":\"BreadcrumbList\",\"@id\":\"https:\/\/business.roovi.com\/fr\/dino-foams-mousse-a-modeler-pour-creer-4-adorables-dinosaures\/p\/#breadcrumb\",\"itemListElement\":[{\"@type\":\"ListItem\",\"position\":1,\"name\":\"Home\",\"item\":\"https:\/\/business.roovi.com\/fr\/\"},{\"@type\":\"ListItem\",\"position\":2,\"name\":\"Boutique\",\"item\":\"https:\/\/business.roovi.com\/fr\/boutique\/\"},{\"@type\":\"ListItem\",\"position\":3,\"name\":\"Dino Foams &#8211; Mousse \u00e0 modeler pour cr\u00e9er 4 adorables dinosaures\"}]},{\"@type\":\"WebSite\",\"@id\":\"https:\/\/business.roovi.com\/fr\/#website\",\"url\":\"https:\/\/business.roovi.com\/fr\/\",\"name\":\"Roovi B2B\",\"description\":\"Roovi Business Website\",\"potentialAction\":[{\"@type\":\"SearchAction\",\"target\":{\"@type\":\"EntryPoint\",\"urlTemplate\":\"https:\/\/business.roovi.com\/fr\/?s={search_term_string}\"},\"query-input\":\"required name=search_term_string\"}],\"inLanguage\":\"fr-FR\"}]}<\/script>\n<!-- \/ Yoast SEO plugin. -->","yoast_head_json":{"title":"Dino Foams - Mousse \u00e0 modeler pour cr\u00e9er 4 adorables dinosaures","description":"Dino Foams - Mousse \u00e0 modeler pour cr\u00e9er 4 adorables dinosaures","robots":{"index":"index","follow":"follow","max-snippet":"max-snippet:-1","max-image-preview":"max-image-preview:large","max-video-preview":"max-video-preview:-1"},"canonical":"https:\/\/business.roovi.com\/fr\/dino-foams-mousse-a-modeler-pour-creer-4-adorables-dinosaures\/p\/","og_locale":"fr_FR","og_type":"article","og_title":"Dino Foams - Mousse \u00e0 modeler pour cr\u00e9er 4 adorables dinosaures","og_description":"Dino Foams - Mousse \u00e0 modeler pour cr\u00e9er 4 adorables dinosaures","og_url":"https:\/\/business.roovi.com\/fr\/dino-foams-mousse-a-modeler-pour-creer-4-adorables-dinosaures\/p\/","og_site_name":"Roovi B2B","article_publisher":"https:\/\/www.facebook.com\/wwwjucariero","article_modified_time":"2022-07-13T10:57:06+00:00","og_image":[{"width":1200,"height":1200,"url":"https:\/\/business.roovi.com\/wp-content\/uploads\/2018\/04\/71873_spumini_dino_elo.jpg","type":"image\/jpeg"}],"schema":{"@context":"https:\/\/schema.org","@graph":[{"@type":"WebPage","@id":"https:\/\/business.roovi.com\/fr\/dino-foams-mousse-a-modeler-pour-creer-4-adorables-dinosaures\/p\/","url":"https:\/\/business.roovi.com\/fr\/dino-foams-mousse-a-modeler-pour-creer-4-adorables-dinosaures\/p\/","name":"Dino Foams - Mousse \u00e0 modeler pour cr\u00e9er 4 adorables dinosaures","isPartOf":{"@id":"https:\/\/business.roovi.com\/fr\/#website"},"datePublished":"2018-04-16T10:56:08+00:00","dateModified":"2022-07-13T10:57:06+00:00","description":"Dino Foams - Mousse \u00e0 modeler pour cr\u00e9er 4 adorables dinosaures","breadcrumb":{"@id":"https:\/\/business.roovi.com\/fr\/dino-foams-mousse-a-modeler-pour-creer-4-adorables-dinosaures\/p\/#breadcrumb"},"inLanguage":"fr-FR","potentialAction":[{"@type":"ReadAction","target":["https:\/\/business.roovi.com\/fr\/dino-foams-mousse-a-modeler-pour-creer-4-adorables-dinosaures\/p\/"]}]},{"@type":"BreadcrumbList","@id":"https:\/\/business.roovi.com\/fr\/dino-foams-mousse-a-modeler-pour-creer-4-adorables-dinosaures\/p\/#breadcrumb","itemListElement":[{"@type":"ListItem","position":1,"name":"Home","item":"https:\/\/business.roovi.com\/fr\/"},{"@type":"ListItem","position":2,"name":"Boutique","item":"https:\/\/business.roovi.com\/fr\/boutique\/"},{"@type":"ListItem","position":3,"name":"Dino Foams &#8211; Mousse \u00e0 modeler pour cr\u00e9er 4 adorables dinosaures"}]},{"@type":"WebSite","@id":"https:\/\/business.roovi.com\/fr\/#website","url":"https:\/\/business.roovi.com\/fr\/","name":"Roovi B2B","description":"Roovi Business Website","potentialAction":[{"@type":"SearchAction","target":{"@type":"EntryPoint","urlTemplate":"https:\/\/business.roovi.com\/fr\/?s={search_term_string}"},"query-input":"required name=search_term_string"}],"inLanguage":"fr-FR"}]}},"_links":{"self":[{"href":"https:\/\/business.roovi.com\/fr\/wp-json\/wp\/v2\/product\/54508","targetHints":{"allow":["GET"]}}],"collection":[{"href":"https:\/\/business.roovi.com\/fr\/wp-json\/wp\/v2\/product"}],"about":[{"href":"https:\/\/business.roovi.com\/fr\/wp-json\/wp\/v2\/types\/product"}],"version-history":[{"count":0,"href":"https:\/\/business.roovi.com\/fr\/wp-json\/wp\/v2\/product\/54508\/revisions"}],"wp:featuredmedia":[{"embeddable":true,"href":"https:\/\/business.roovi.com\/fr\/wp-json\/wp\/v2\/media\/45470"}],"wp:attachment":[{"href":"https:\/\/business.roovi.com\/fr\/wp-json\/wp\/v2\/media?parent=54508"}],"wp:term":[{"taxonomy":"product_brand","embeddable":true,"href":"https:\/\/business.roovi.com\/fr\/wp-json\/wp\/v2\/product_brand?post=54508"},{"taxonomy":"product_cat","embeddable":true,"href":"https:\/\/business.roovi.com\/fr\/wp-json\/wp\/v2\/product_cat?post=54508"},{"taxonomy":"product_tag","embeddable":true,"href":"https:\/\/business.roovi.com\/fr\/wp-json\/wp\/v2\/product_tag?post=54508"}],"curies":[{"name":"wp","href":"https:\/\/api.w.org\/{rel}","templated":true}]}}