{"id":54516,"date":"2018-04-16T10:56:08","date_gmt":"2018-04-16T10:56:08","guid":{"rendered":"https:\/\/business.roovi.com\/joc-creativ-spumini-baby-set-amprenta-bebelus\/p\/"},"modified":"2022-07-13T10:57:18","modified_gmt":"2022-07-13T10:57:18","slug":"foamini-baby-jeu-dempreintes-digitales-pour-bebe-jeu-creatif","status":"publish","type":"product","link":"https:\/\/business.roovi.com\/fr\/foamini-baby-jeu-dempreintes-digitales-pour-bebe-jeu-creatif\/p\/","title":{"rendered":"Foamini Baby &#8211; Jeu d&#8217;empreintes digitales pour b\u00e9b\u00e9 &#8211; Jeu cr\u00e9atif"},"content":{"rendered":"<p>Spumini est une nouvelle mousse de modelage totalement sp\u00e9ciale, super douce et moelleuse. Elle a une texture l\u00e9g\u00e8re et \u00e9lastique, ce qui donne un grand plaisir tactile. La mousse de modelage durcit \u00e0 l&rsquo;air en 24 heures tout en conservant sa texture soyeuse et tous les petits d\u00e9tails. Avec ce produit, tu peux conserver l&#8217;empreinte de la main ou du talon de ton b\u00e9b\u00e9 (\u00e2ge recommand\u00e9 : 3-12 mois) sous la forme d&rsquo;une image qui peut \u00eatre accroch\u00e9e au mur ou plac\u00e9e sur la table \u00e0 l&rsquo;aide du support. Contenu : mousse \u00e0 modeler, un cadre en carton pour l&rsquo;impression, un cintre, un support de cadre, des morceaux de ruban adh\u00e9sif double face. AVERTISSEMENT ! Ce produit ne peut \u00eatre utilis\u00e9 que par des adultes et il est recommand\u00e9 de l&rsquo;utiliser pour prendre les empreintes digitales des b\u00e9b\u00e9s \u00e2g\u00e9s de 3 \u00e0 12 mois.<\/p>\n","protected":false},"excerpt":{"rendered":"<p>Spumini est une nouvelle mousse de modelage totalement sp\u00e9ciale, super douce et moelleuse. Elle a une texture l\u00e9g\u00e8re et \u00e9lastique,<\/p>\n","protected":false},"featured_media":45477,"template":"","meta":[],"product_brand":[],"product_cat":[2321,2451],"product_tag":[],"class_list":{"0":"post-54516","1":"product","2":"type-product","3":"status-publish","4":"has-post-thumbnail","6":"product_cat-jeux-creatifs","7":"product_cat-mousse-a-modeler-et-pate-a-modeler","8":"pa_brand-d_toys-fr","9":"pa_country_of_manufacture-ro-fr","10":"pa_filter_age-0_3-fr","11":"pa_tip_ambalaj-boite","13":"first","14":"outofstock","15":"taxable","16":"shipping-taxable","17":"product-type-simple"},"yoast_head":"<!-- This site is optimized with the Yoast SEO plugin v20.1 - https:\/\/yoast.com\/wordpress\/plugins\/seo\/ -->\n<title>Foamini Baby - Jeu d&#039;empreintes digitales pour b\u00e9b\u00e9 - Jeu cr\u00e9atif<\/title>\n<meta name=\"description\" content=\"Foamini Baby - Jeu d&#039;empreintes digitales pour b\u00e9b\u00e9 - Jeu cr\u00e9atif\" \/>\n<meta name=\"robots\" content=\"index, follow, max-snippet:-1, max-image-preview:large, max-video-preview:-1\" \/>\n<link rel=\"canonical\" href=\"https:\/\/business.roovi.com\/fr\/foamini-baby-jeu-dempreintes-digitales-pour-bebe-jeu-creatif\/p\/\" \/>\n<meta property=\"og:locale\" content=\"fr_FR\" \/>\n<meta property=\"og:type\" content=\"article\" \/>\n<meta property=\"og:title\" content=\"Foamini Baby - Jeu d&#039;empreintes digitales pour b\u00e9b\u00e9 - Jeu cr\u00e9atif\" \/>\n<meta property=\"og:description\" content=\"Foamini Baby - Jeu d&#039;empreintes digitales pour b\u00e9b\u00e9 - Jeu cr\u00e9atif\" \/>\n<meta property=\"og:url\" content=\"https:\/\/business.roovi.com\/fr\/foamini-baby-jeu-dempreintes-digitales-pour-bebe-jeu-creatif\/p\/\" \/>\n<meta property=\"og:site_name\" content=\"Roovi B2B\" \/>\n<meta property=\"article:publisher\" content=\"https:\/\/www.facebook.com\/wwwjucariero\" \/>\n<meta property=\"article:modified_time\" content=\"2022-07-13T10:57:18+00:00\" \/>\n<meta property=\"og:image\" content=\"https:\/\/business.roovi.com\/wp-content\/uploads\/2018\/04\/71934_spumini_handprint_elo.jpg\" \/>\n\t<meta property=\"og:image:width\" content=\"1200\" \/>\n\t<meta property=\"og:image:height\" content=\"1200\" \/>\n\t<meta property=\"og:image:type\" content=\"image\/jpeg\" \/>\n<meta name=\"twitter:label1\" content=\"Dur\u00e9e de lecture estim\u00e9e\" \/>\n\t<meta name=\"twitter:data1\" content=\"1 minute\" \/>\n<script type=\"application\/ld+json\" class=\"yoast-schema-graph\">{\"@context\":\"https:\/\/schema.org\",\"@graph\":[{\"@type\":\"WebPage\",\"@id\":\"https:\/\/business.roovi.com\/fr\/foamini-baby-jeu-dempreintes-digitales-pour-bebe-jeu-creatif\/p\/\",\"url\":\"https:\/\/business.roovi.com\/fr\/foamini-baby-jeu-dempreintes-digitales-pour-bebe-jeu-creatif\/p\/\",\"name\":\"Foamini Baby - Jeu d'empreintes digitales pour b\u00e9b\u00e9 - Jeu cr\u00e9atif\",\"isPartOf\":{\"@id\":\"https:\/\/business.roovi.com\/fr\/#website\"},\"datePublished\":\"2018-04-16T10:56:08+00:00\",\"dateModified\":\"2022-07-13T10:57:18+00:00\",\"description\":\"Foamini Baby - Jeu d'empreintes digitales pour b\u00e9b\u00e9 - Jeu cr\u00e9atif\",\"breadcrumb\":{\"@id\":\"https:\/\/business.roovi.com\/fr\/foamini-baby-jeu-dempreintes-digitales-pour-bebe-jeu-creatif\/p\/#breadcrumb\"},\"inLanguage\":\"fr-FR\",\"potentialAction\":[{\"@type\":\"ReadAction\",\"target\":[\"https:\/\/business.roovi.com\/fr\/foamini-baby-jeu-dempreintes-digitales-pour-bebe-jeu-creatif\/p\/\"]}]},{\"@type\":\"BreadcrumbList\",\"@id\":\"https:\/\/business.roovi.com\/fr\/foamini-baby-jeu-dempreintes-digitales-pour-bebe-jeu-creatif\/p\/#breadcrumb\",\"itemListElement\":[{\"@type\":\"ListItem\",\"position\":1,\"name\":\"Home\",\"item\":\"https:\/\/business.roovi.com\/fr\/\"},{\"@type\":\"ListItem\",\"position\":2,\"name\":\"Boutique\",\"item\":\"https:\/\/business.roovi.com\/fr\/boutique\/\"},{\"@type\":\"ListItem\",\"position\":3,\"name\":\"Foamini Baby &#8211; Jeu d&#8217;empreintes digitales pour b\u00e9b\u00e9 &#8211; Jeu cr\u00e9atif\"}]},{\"@type\":\"WebSite\",\"@id\":\"https:\/\/business.roovi.com\/fr\/#website\",\"url\":\"https:\/\/business.roovi.com\/fr\/\",\"name\":\"Roovi B2B\",\"description\":\"Roovi Business Website\",\"potentialAction\":[{\"@type\":\"SearchAction\",\"target\":{\"@type\":\"EntryPoint\",\"urlTemplate\":\"https:\/\/business.roovi.com\/fr\/?s={search_term_string}\"},\"query-input\":\"required name=search_term_string\"}],\"inLanguage\":\"fr-FR\"}]}<\/script>\n<!-- \/ Yoast SEO plugin. -->","yoast_head_json":{"title":"Foamini Baby - Jeu d'empreintes digitales pour b\u00e9b\u00e9 - Jeu cr\u00e9atif","description":"Foamini Baby - Jeu d'empreintes digitales pour b\u00e9b\u00e9 - Jeu cr\u00e9atif","robots":{"index":"index","follow":"follow","max-snippet":"max-snippet:-1","max-image-preview":"max-image-preview:large","max-video-preview":"max-video-preview:-1"},"canonical":"https:\/\/business.roovi.com\/fr\/foamini-baby-jeu-dempreintes-digitales-pour-bebe-jeu-creatif\/p\/","og_locale":"fr_FR","og_type":"article","og_title":"Foamini Baby - Jeu d'empreintes digitales pour b\u00e9b\u00e9 - Jeu cr\u00e9atif","og_description":"Foamini Baby - Jeu d'empreintes digitales pour b\u00e9b\u00e9 - Jeu cr\u00e9atif","og_url":"https:\/\/business.roovi.com\/fr\/foamini-baby-jeu-dempreintes-digitales-pour-bebe-jeu-creatif\/p\/","og_site_name":"Roovi B2B","article_publisher":"https:\/\/www.facebook.com\/wwwjucariero","article_modified_time":"2022-07-13T10:57:18+00:00","og_image":[{"width":1200,"height":1200,"url":"https:\/\/business.roovi.com\/wp-content\/uploads\/2018\/04\/71934_spumini_handprint_elo.jpg","type":"image\/jpeg"}],"twitter_misc":{"Dur\u00e9e de lecture estim\u00e9e":"1 minute"},"schema":{"@context":"https:\/\/schema.org","@graph":[{"@type":"WebPage","@id":"https:\/\/business.roovi.com\/fr\/foamini-baby-jeu-dempreintes-digitales-pour-bebe-jeu-creatif\/p\/","url":"https:\/\/business.roovi.com\/fr\/foamini-baby-jeu-dempreintes-digitales-pour-bebe-jeu-creatif\/p\/","name":"Foamini Baby - Jeu d'empreintes digitales pour b\u00e9b\u00e9 - Jeu cr\u00e9atif","isPartOf":{"@id":"https:\/\/business.roovi.com\/fr\/#website"},"datePublished":"2018-04-16T10:56:08+00:00","dateModified":"2022-07-13T10:57:18+00:00","description":"Foamini Baby - Jeu d'empreintes digitales pour b\u00e9b\u00e9 - Jeu cr\u00e9atif","breadcrumb":{"@id":"https:\/\/business.roovi.com\/fr\/foamini-baby-jeu-dempreintes-digitales-pour-bebe-jeu-creatif\/p\/#breadcrumb"},"inLanguage":"fr-FR","potentialAction":[{"@type":"ReadAction","target":["https:\/\/business.roovi.com\/fr\/foamini-baby-jeu-dempreintes-digitales-pour-bebe-jeu-creatif\/p\/"]}]},{"@type":"BreadcrumbList","@id":"https:\/\/business.roovi.com\/fr\/foamini-baby-jeu-dempreintes-digitales-pour-bebe-jeu-creatif\/p\/#breadcrumb","itemListElement":[{"@type":"ListItem","position":1,"name":"Home","item":"https:\/\/business.roovi.com\/fr\/"},{"@type":"ListItem","position":2,"name":"Boutique","item":"https:\/\/business.roovi.com\/fr\/boutique\/"},{"@type":"ListItem","position":3,"name":"Foamini Baby &#8211; Jeu d&#8217;empreintes digitales pour b\u00e9b\u00e9 &#8211; Jeu cr\u00e9atif"}]},{"@type":"WebSite","@id":"https:\/\/business.roovi.com\/fr\/#website","url":"https:\/\/business.roovi.com\/fr\/","name":"Roovi B2B","description":"Roovi Business Website","potentialAction":[{"@type":"SearchAction","target":{"@type":"EntryPoint","urlTemplate":"https:\/\/business.roovi.com\/fr\/?s={search_term_string}"},"query-input":"required name=search_term_string"}],"inLanguage":"fr-FR"}]}},"_links":{"self":[{"href":"https:\/\/business.roovi.com\/fr\/wp-json\/wp\/v2\/product\/54516","targetHints":{"allow":["GET"]}}],"collection":[{"href":"https:\/\/business.roovi.com\/fr\/wp-json\/wp\/v2\/product"}],"about":[{"href":"https:\/\/business.roovi.com\/fr\/wp-json\/wp\/v2\/types\/product"}],"version-history":[{"count":0,"href":"https:\/\/business.roovi.com\/fr\/wp-json\/wp\/v2\/product\/54516\/revisions"}],"wp:featuredmedia":[{"embeddable":true,"href":"https:\/\/business.roovi.com\/fr\/wp-json\/wp\/v2\/media\/45477"}],"wp:attachment":[{"href":"https:\/\/business.roovi.com\/fr\/wp-json\/wp\/v2\/media?parent=54516"}],"wp:term":[{"taxonomy":"product_brand","embeddable":true,"href":"https:\/\/business.roovi.com\/fr\/wp-json\/wp\/v2\/product_brand?post=54516"},{"taxonomy":"product_cat","embeddable":true,"href":"https:\/\/business.roovi.com\/fr\/wp-json\/wp\/v2\/product_cat?post=54516"},{"taxonomy":"product_tag","embeddable":true,"href":"https:\/\/business.roovi.com\/fr\/wp-json\/wp\/v2\/product_tag?post=54516"}],"curies":[{"name":"wp","href":"https:\/\/api.w.org\/{rel}","templated":true}]}}