{"id":54523,"date":"2018-04-16T10:56:08","date_gmt":"2018-04-16T10:56:08","guid":{"rendered":"https:\/\/business.roovi.com\/joc-creativ-spumini-bijou-2\/p\/"},"modified":"2022-07-13T10:57:22","modified_gmt":"2022-07-13T10:57:22","slug":"spumini-bijou-mousse-de-modelage-unique-pour-bijoux-2","status":"publish","type":"product","link":"https:\/\/business.roovi.com\/fr\/spumini-bijou-mousse-de-modelage-unique-pour-bijoux-2\/p\/","title":{"rendered":"Spumini Bijou &#8211; Mousse de modelage unique pour bijoux"},"content":{"rendered":"<p>Cr\u00e9e des bijoux sp\u00e9ciaux \u00e0 partir de mat\u00e9riaux inhabituels ! Les perles, les fleurs et les composants en mousse se collent les uns aux autres d&rsquo;un simple toucher, ce qui te permet de r\u00e9aliser des motifs complexes. Le kit comprend environ 2 m\u00e8tres de fil \u00e9lastique transparent et suffisamment de mousse \u00e0 modeler pour r\u00e9aliser au moins un collier, un bracelet et une bague ou plusieurs variantes de ceux-ci.<br \/>Spumini est une nouvelle mousse de modelage totalement sp\u00e9ciale, super douce et moelleuse. Elle a une texture l\u00e9g\u00e8re et \u00e9lastique, ce qui donne un plaisir tactile particulier. Gr\u00e2ce \u00e0 ses propri\u00e9t\u00e9s sp\u00e9ciales, la mousse peut \u00eatre fa\u00e7onn\u00e9e extr\u00eamement facilement. Les couleurs peuvent \u00eatre m\u00e9lang\u00e9es pour obtenir de nouvelles teintes superbes. Il durcit \u00e0 l&rsquo;air libre en 24 heures tout en conservant sa couleur, sa texture fine et tous les petits d\u00e9tails.<\/p>\n","protected":false},"excerpt":{"rendered":"<p>Cr\u00e9e des bijoux sp\u00e9ciaux \u00e0 partir de mat\u00e9riaux inhabituels ! Les perles, les fleurs et les composants en mousse se<\/p>\n","protected":false},"featured_media":45483,"template":"","meta":[],"product_brand":[],"product_cat":[2321,2451],"product_tag":[],"class_list":{"0":"post-54523","1":"product","2":"type-product","3":"status-publish","4":"has-post-thumbnail","6":"product_cat-jeux-creatifs","7":"product_cat-mousse-a-modeler-et-pate-a-modeler","8":"pa_brand-d_toys-fr","9":"pa_country_of_manufacture-ro-fr","10":"pa_filter_age-7_9-fr","11":"pa_filter_age-9_14-fr","12":"pa_tip_ambalaj-boite","14":"first","15":"outofstock","16":"taxable","17":"shipping-taxable","18":"product-type-simple"},"yoast_head":"<!-- This site is optimized with the Yoast SEO plugin v20.1 - https:\/\/yoast.com\/wordpress\/plugins\/seo\/ -->\n<title>Spumini Bijou - Mousse de modelage unique pour bijoux<\/title>\n<meta name=\"description\" content=\"Spumini Bijou - Mousse de modelage unique pour bijoux\" \/>\n<meta name=\"robots\" content=\"index, follow, max-snippet:-1, max-image-preview:large, max-video-preview:-1\" \/>\n<link rel=\"canonical\" href=\"https:\/\/business.roovi.com\/fr\/spumini-bijou-mousse-de-modelage-unique-pour-bijoux-2\/p\/\" \/>\n<meta property=\"og:locale\" content=\"fr_FR\" \/>\n<meta property=\"og:type\" content=\"article\" \/>\n<meta property=\"og:title\" content=\"Spumini Bijou - Mousse de modelage unique pour bijoux\" \/>\n<meta property=\"og:description\" content=\"Spumini Bijou - Mousse de modelage unique pour bijoux\" \/>\n<meta property=\"og:url\" content=\"https:\/\/business.roovi.com\/fr\/spumini-bijou-mousse-de-modelage-unique-pour-bijoux-2\/p\/\" \/>\n<meta property=\"og:site_name\" content=\"Roovi B2B\" \/>\n<meta property=\"article:publisher\" content=\"https:\/\/www.facebook.com\/wwwjucariero\" \/>\n<meta property=\"article:modified_time\" content=\"2022-07-13T10:57:22+00:00\" \/>\n<meta property=\"og:image\" content=\"https:\/\/business.roovi.com\/wp-content\/uploads\/2018\/04\/71965_spumini_bijou.jpg\" \/>\n\t<meta property=\"og:image:width\" content=\"1200\" \/>\n\t<meta property=\"og:image:height\" content=\"1200\" \/>\n\t<meta property=\"og:image:type\" content=\"image\/jpeg\" \/>\n<meta name=\"twitter:label1\" content=\"Dur\u00e9e de lecture estim\u00e9e\" \/>\n\t<meta name=\"twitter:data1\" content=\"1 minute\" \/>\n<script type=\"application\/ld+json\" class=\"yoast-schema-graph\">{\"@context\":\"https:\/\/schema.org\",\"@graph\":[{\"@type\":\"WebPage\",\"@id\":\"https:\/\/business.roovi.com\/fr\/spumini-bijou-mousse-de-modelage-unique-pour-bijoux-2\/p\/\",\"url\":\"https:\/\/business.roovi.com\/fr\/spumini-bijou-mousse-de-modelage-unique-pour-bijoux-2\/p\/\",\"name\":\"Spumini Bijou - Mousse de modelage unique pour bijoux\",\"isPartOf\":{\"@id\":\"https:\/\/business.roovi.com\/fr\/#website\"},\"datePublished\":\"2018-04-16T10:56:08+00:00\",\"dateModified\":\"2022-07-13T10:57:22+00:00\",\"description\":\"Spumini Bijou - Mousse de modelage unique pour bijoux\",\"breadcrumb\":{\"@id\":\"https:\/\/business.roovi.com\/fr\/spumini-bijou-mousse-de-modelage-unique-pour-bijoux-2\/p\/#breadcrumb\"},\"inLanguage\":\"fr-FR\",\"potentialAction\":[{\"@type\":\"ReadAction\",\"target\":[\"https:\/\/business.roovi.com\/fr\/spumini-bijou-mousse-de-modelage-unique-pour-bijoux-2\/p\/\"]}]},{\"@type\":\"BreadcrumbList\",\"@id\":\"https:\/\/business.roovi.com\/fr\/spumini-bijou-mousse-de-modelage-unique-pour-bijoux-2\/p\/#breadcrumb\",\"itemListElement\":[{\"@type\":\"ListItem\",\"position\":1,\"name\":\"Home\",\"item\":\"https:\/\/business.roovi.com\/fr\/\"},{\"@type\":\"ListItem\",\"position\":2,\"name\":\"Boutique\",\"item\":\"https:\/\/business.roovi.com\/fr\/boutique\/\"},{\"@type\":\"ListItem\",\"position\":3,\"name\":\"Spumini Bijou &#8211; Mousse de modelage unique pour bijoux\"}]},{\"@type\":\"WebSite\",\"@id\":\"https:\/\/business.roovi.com\/fr\/#website\",\"url\":\"https:\/\/business.roovi.com\/fr\/\",\"name\":\"Roovi B2B\",\"description\":\"Roovi Business Website\",\"potentialAction\":[{\"@type\":\"SearchAction\",\"target\":{\"@type\":\"EntryPoint\",\"urlTemplate\":\"https:\/\/business.roovi.com\/fr\/?s={search_term_string}\"},\"query-input\":\"required name=search_term_string\"}],\"inLanguage\":\"fr-FR\"}]}<\/script>\n<!-- \/ Yoast SEO plugin. -->","yoast_head_json":{"title":"Spumini Bijou - Mousse de modelage unique pour bijoux","description":"Spumini Bijou - Mousse de modelage unique pour bijoux","robots":{"index":"index","follow":"follow","max-snippet":"max-snippet:-1","max-image-preview":"max-image-preview:large","max-video-preview":"max-video-preview:-1"},"canonical":"https:\/\/business.roovi.com\/fr\/spumini-bijou-mousse-de-modelage-unique-pour-bijoux-2\/p\/","og_locale":"fr_FR","og_type":"article","og_title":"Spumini Bijou - Mousse de modelage unique pour bijoux","og_description":"Spumini Bijou - Mousse de modelage unique pour bijoux","og_url":"https:\/\/business.roovi.com\/fr\/spumini-bijou-mousse-de-modelage-unique-pour-bijoux-2\/p\/","og_site_name":"Roovi B2B","article_publisher":"https:\/\/www.facebook.com\/wwwjucariero","article_modified_time":"2022-07-13T10:57:22+00:00","og_image":[{"width":1200,"height":1200,"url":"https:\/\/business.roovi.com\/wp-content\/uploads\/2018\/04\/71965_spumini_bijou.jpg","type":"image\/jpeg"}],"twitter_misc":{"Dur\u00e9e de lecture estim\u00e9e":"1 minute"},"schema":{"@context":"https:\/\/schema.org","@graph":[{"@type":"WebPage","@id":"https:\/\/business.roovi.com\/fr\/spumini-bijou-mousse-de-modelage-unique-pour-bijoux-2\/p\/","url":"https:\/\/business.roovi.com\/fr\/spumini-bijou-mousse-de-modelage-unique-pour-bijoux-2\/p\/","name":"Spumini Bijou - Mousse de modelage unique pour bijoux","isPartOf":{"@id":"https:\/\/business.roovi.com\/fr\/#website"},"datePublished":"2018-04-16T10:56:08+00:00","dateModified":"2022-07-13T10:57:22+00:00","description":"Spumini Bijou - Mousse de modelage unique pour bijoux","breadcrumb":{"@id":"https:\/\/business.roovi.com\/fr\/spumini-bijou-mousse-de-modelage-unique-pour-bijoux-2\/p\/#breadcrumb"},"inLanguage":"fr-FR","potentialAction":[{"@type":"ReadAction","target":["https:\/\/business.roovi.com\/fr\/spumini-bijou-mousse-de-modelage-unique-pour-bijoux-2\/p\/"]}]},{"@type":"BreadcrumbList","@id":"https:\/\/business.roovi.com\/fr\/spumini-bijou-mousse-de-modelage-unique-pour-bijoux-2\/p\/#breadcrumb","itemListElement":[{"@type":"ListItem","position":1,"name":"Home","item":"https:\/\/business.roovi.com\/fr\/"},{"@type":"ListItem","position":2,"name":"Boutique","item":"https:\/\/business.roovi.com\/fr\/boutique\/"},{"@type":"ListItem","position":3,"name":"Spumini Bijou &#8211; Mousse de modelage unique pour bijoux"}]},{"@type":"WebSite","@id":"https:\/\/business.roovi.com\/fr\/#website","url":"https:\/\/business.roovi.com\/fr\/","name":"Roovi B2B","description":"Roovi Business Website","potentialAction":[{"@type":"SearchAction","target":{"@type":"EntryPoint","urlTemplate":"https:\/\/business.roovi.com\/fr\/?s={search_term_string}"},"query-input":"required name=search_term_string"}],"inLanguage":"fr-FR"}]}},"_links":{"self":[{"href":"https:\/\/business.roovi.com\/fr\/wp-json\/wp\/v2\/product\/54523","targetHints":{"allow":["GET"]}}],"collection":[{"href":"https:\/\/business.roovi.com\/fr\/wp-json\/wp\/v2\/product"}],"about":[{"href":"https:\/\/business.roovi.com\/fr\/wp-json\/wp\/v2\/types\/product"}],"version-history":[{"count":0,"href":"https:\/\/business.roovi.com\/fr\/wp-json\/wp\/v2\/product\/54523\/revisions"}],"wp:featuredmedia":[{"embeddable":true,"href":"https:\/\/business.roovi.com\/fr\/wp-json\/wp\/v2\/media\/45483"}],"wp:attachment":[{"href":"https:\/\/business.roovi.com\/fr\/wp-json\/wp\/v2\/media?parent=54523"}],"wp:term":[{"taxonomy":"product_brand","embeddable":true,"href":"https:\/\/business.roovi.com\/fr\/wp-json\/wp\/v2\/product_brand?post=54523"},{"taxonomy":"product_cat","embeddable":true,"href":"https:\/\/business.roovi.com\/fr\/wp-json\/wp\/v2\/product_cat?post=54523"},{"taxonomy":"product_tag","embeddable":true,"href":"https:\/\/business.roovi.com\/fr\/wp-json\/wp\/v2\/product_tag?post=54523"}],"curies":[{"name":"wp","href":"https:\/\/api.w.org\/{rel}","templated":true}]}}