{"id":54528,"date":"2018-04-16T10:56:08","date_gmt":"2018-04-16T10:56:08","guid":{"rendered":"https:\/\/business.roovi.com\/joc-creativ-spumini-color-me\/p\/"},"modified":"2022-07-13T10:57:24","modified_gmt":"2022-07-13T10:57:24","slug":"color-me-foams-mousse-a-modeler-et-couleurs-pour-creer-des-formes-variees","status":"publish","type":"product","link":"https:\/\/business.roovi.com\/fr\/color-me-foams-mousse-a-modeler-et-couleurs-pour-creer-des-formes-variees\/p\/","title":{"rendered":"Color Me Foams &#8211; Mousse \u00e0 modeler et couleurs pour cr\u00e9er des formes vari\u00e9es"},"content":{"rendered":"<p>Exp\u00e9rimente le m\u00e9lange des couleurs en utilisant de la mousse \u00e0 modeler blanche et des peintures. Tu peux obtenir la couleur que tu veux. Puis fais de jolis personnages avec ta propre mousse color\u00e9e ! Tu peux mod\u00e9liser au moins quatre chiffres. Contenu : mousse \u00e0 modeler blanche, peintures (6 couleurs), un pinceau, mode d&#8217;emploi.<br \/>Spumini est une toute nouvelle mousse \u00e0 modeler, super douce et moelleuse. Elle a une texture l\u00e9g\u00e8re et \u00e9lastique, ce qui donne un plaisir tactile particulier. Gr\u00e2ce \u00e0 ses propri\u00e9t\u00e9s sp\u00e9ciales, la mousse peut \u00eatre fa\u00e7onn\u00e9e extr\u00eamement facilement. Les couleurs peuvent \u00eatre m\u00e9lang\u00e9es pour obtenir de nouvelles teintes superbes. Il durcit \u00e0 l&rsquo;air libre en 24 heures tout en conservant sa couleur, sa texture fine et tous les petits d\u00e9tails.<\/p>\n","protected":false},"excerpt":{"rendered":"<p>Exp\u00e9rimente le m\u00e9lange des couleurs en utilisant de la mousse \u00e0 modeler blanche et des peintures. Tu peux obtenir la<\/p>\n","protected":false},"featured_media":45485,"template":"","meta":[],"product_brand":[],"product_cat":[2321,2451],"product_tag":[],"class_list":{"0":"post-54528","1":"product","2":"type-product","3":"status-publish","4":"has-post-thumbnail","6":"product_cat-jeux-creatifs","7":"product_cat-mousse-a-modeler-et-pate-a-modeler","8":"pa_brand-d_toys-fr","9":"pa_country_of_manufacture-ro-fr","10":"pa_filter_age-7_9-fr","11":"pa_filter_age-9_14-fr","12":"pa_tip_ambalaj-boite","14":"first","15":"outofstock","16":"taxable","17":"shipping-taxable","18":"product-type-simple"},"yoast_head":"<!-- This site is optimized with the Yoast SEO plugin v20.1 - https:\/\/yoast.com\/wordpress\/plugins\/seo\/ -->\n<title>Color Me Foams - Mousse \u00e0 modeler et couleurs pour cr\u00e9er des formes vari\u00e9es<\/title>\n<meta name=\"description\" content=\"Color Me Foams - Mousse \u00e0 modeler et couleurs pour cr\u00e9er des formes vari\u00e9es\" \/>\n<meta name=\"robots\" content=\"index, follow, max-snippet:-1, max-image-preview:large, max-video-preview:-1\" \/>\n<link rel=\"canonical\" href=\"https:\/\/business.roovi.com\/fr\/color-me-foams-mousse-a-modeler-et-couleurs-pour-creer-des-formes-variees\/p\/\" \/>\n<meta property=\"og:locale\" content=\"fr_FR\" \/>\n<meta property=\"og:type\" content=\"article\" \/>\n<meta property=\"og:title\" content=\"Color Me Foams - Mousse \u00e0 modeler et couleurs pour cr\u00e9er des formes vari\u00e9es\" \/>\n<meta property=\"og:description\" content=\"Color Me Foams - Mousse \u00e0 modeler et couleurs pour cr\u00e9er des formes vari\u00e9es\" \/>\n<meta property=\"og:url\" content=\"https:\/\/business.roovi.com\/fr\/color-me-foams-mousse-a-modeler-et-couleurs-pour-creer-des-formes-variees\/p\/\" \/>\n<meta property=\"og:site_name\" content=\"Roovi B2B\" \/>\n<meta property=\"article:publisher\" content=\"https:\/\/www.facebook.com\/wwwjucariero\" \/>\n<meta property=\"article:modified_time\" content=\"2022-07-13T10:57:24+00:00\" \/>\n<meta property=\"og:image\" content=\"https:\/\/business.roovi.com\/wp-content\/uploads\/2018\/04\/spumini_color_me_250kb_1.jpg\" \/>\n\t<meta property=\"og:image:width\" content=\"1203\" \/>\n\t<meta property=\"og:image:height\" content=\"1200\" \/>\n\t<meta property=\"og:image:type\" content=\"image\/jpeg\" \/>\n<meta name=\"twitter:label1\" content=\"Dur\u00e9e de lecture estim\u00e9e\" \/>\n\t<meta name=\"twitter:data1\" content=\"1 minute\" \/>\n<script type=\"application\/ld+json\" class=\"yoast-schema-graph\">{\"@context\":\"https:\/\/schema.org\",\"@graph\":[{\"@type\":\"WebPage\",\"@id\":\"https:\/\/business.roovi.com\/fr\/color-me-foams-mousse-a-modeler-et-couleurs-pour-creer-des-formes-variees\/p\/\",\"url\":\"https:\/\/business.roovi.com\/fr\/color-me-foams-mousse-a-modeler-et-couleurs-pour-creer-des-formes-variees\/p\/\",\"name\":\"Color Me Foams - Mousse \u00e0 modeler et couleurs pour cr\u00e9er des formes vari\u00e9es\",\"isPartOf\":{\"@id\":\"https:\/\/business.roovi.com\/fr\/#website\"},\"datePublished\":\"2018-04-16T10:56:08+00:00\",\"dateModified\":\"2022-07-13T10:57:24+00:00\",\"description\":\"Color Me Foams - Mousse \u00e0 modeler et couleurs pour cr\u00e9er des formes vari\u00e9es\",\"breadcrumb\":{\"@id\":\"https:\/\/business.roovi.com\/fr\/color-me-foams-mousse-a-modeler-et-couleurs-pour-creer-des-formes-variees\/p\/#breadcrumb\"},\"inLanguage\":\"fr-FR\",\"potentialAction\":[{\"@type\":\"ReadAction\",\"target\":[\"https:\/\/business.roovi.com\/fr\/color-me-foams-mousse-a-modeler-et-couleurs-pour-creer-des-formes-variees\/p\/\"]}]},{\"@type\":\"BreadcrumbList\",\"@id\":\"https:\/\/business.roovi.com\/fr\/color-me-foams-mousse-a-modeler-et-couleurs-pour-creer-des-formes-variees\/p\/#breadcrumb\",\"itemListElement\":[{\"@type\":\"ListItem\",\"position\":1,\"name\":\"Home\",\"item\":\"https:\/\/business.roovi.com\/fr\/\"},{\"@type\":\"ListItem\",\"position\":2,\"name\":\"Boutique\",\"item\":\"https:\/\/business.roovi.com\/fr\/boutique\/\"},{\"@type\":\"ListItem\",\"position\":3,\"name\":\"Color Me Foams &#8211; Mousse \u00e0 modeler et couleurs pour cr\u00e9er des formes vari\u00e9es\"}]},{\"@type\":\"WebSite\",\"@id\":\"https:\/\/business.roovi.com\/fr\/#website\",\"url\":\"https:\/\/business.roovi.com\/fr\/\",\"name\":\"Roovi B2B\",\"description\":\"Roovi Business Website\",\"potentialAction\":[{\"@type\":\"SearchAction\",\"target\":{\"@type\":\"EntryPoint\",\"urlTemplate\":\"https:\/\/business.roovi.com\/fr\/?s={search_term_string}\"},\"query-input\":\"required name=search_term_string\"}],\"inLanguage\":\"fr-FR\"}]}<\/script>\n<!-- \/ Yoast SEO plugin. -->","yoast_head_json":{"title":"Color Me Foams - Mousse \u00e0 modeler et couleurs pour cr\u00e9er des formes vari\u00e9es","description":"Color Me Foams - Mousse \u00e0 modeler et couleurs pour cr\u00e9er des formes vari\u00e9es","robots":{"index":"index","follow":"follow","max-snippet":"max-snippet:-1","max-image-preview":"max-image-preview:large","max-video-preview":"max-video-preview:-1"},"canonical":"https:\/\/business.roovi.com\/fr\/color-me-foams-mousse-a-modeler-et-couleurs-pour-creer-des-formes-variees\/p\/","og_locale":"fr_FR","og_type":"article","og_title":"Color Me Foams - Mousse \u00e0 modeler et couleurs pour cr\u00e9er des formes vari\u00e9es","og_description":"Color Me Foams - Mousse \u00e0 modeler et couleurs pour cr\u00e9er des formes vari\u00e9es","og_url":"https:\/\/business.roovi.com\/fr\/color-me-foams-mousse-a-modeler-et-couleurs-pour-creer-des-formes-variees\/p\/","og_site_name":"Roovi B2B","article_publisher":"https:\/\/www.facebook.com\/wwwjucariero","article_modified_time":"2022-07-13T10:57:24+00:00","og_image":[{"width":1203,"height":1200,"url":"https:\/\/business.roovi.com\/wp-content\/uploads\/2018\/04\/spumini_color_me_250kb_1.jpg","type":"image\/jpeg"}],"twitter_misc":{"Dur\u00e9e de lecture estim\u00e9e":"1 minute"},"schema":{"@context":"https:\/\/schema.org","@graph":[{"@type":"WebPage","@id":"https:\/\/business.roovi.com\/fr\/color-me-foams-mousse-a-modeler-et-couleurs-pour-creer-des-formes-variees\/p\/","url":"https:\/\/business.roovi.com\/fr\/color-me-foams-mousse-a-modeler-et-couleurs-pour-creer-des-formes-variees\/p\/","name":"Color Me Foams - Mousse \u00e0 modeler et couleurs pour cr\u00e9er des formes vari\u00e9es","isPartOf":{"@id":"https:\/\/business.roovi.com\/fr\/#website"},"datePublished":"2018-04-16T10:56:08+00:00","dateModified":"2022-07-13T10:57:24+00:00","description":"Color Me Foams - Mousse \u00e0 modeler et couleurs pour cr\u00e9er des formes vari\u00e9es","breadcrumb":{"@id":"https:\/\/business.roovi.com\/fr\/color-me-foams-mousse-a-modeler-et-couleurs-pour-creer-des-formes-variees\/p\/#breadcrumb"},"inLanguage":"fr-FR","potentialAction":[{"@type":"ReadAction","target":["https:\/\/business.roovi.com\/fr\/color-me-foams-mousse-a-modeler-et-couleurs-pour-creer-des-formes-variees\/p\/"]}]},{"@type":"BreadcrumbList","@id":"https:\/\/business.roovi.com\/fr\/color-me-foams-mousse-a-modeler-et-couleurs-pour-creer-des-formes-variees\/p\/#breadcrumb","itemListElement":[{"@type":"ListItem","position":1,"name":"Home","item":"https:\/\/business.roovi.com\/fr\/"},{"@type":"ListItem","position":2,"name":"Boutique","item":"https:\/\/business.roovi.com\/fr\/boutique\/"},{"@type":"ListItem","position":3,"name":"Color Me Foams &#8211; Mousse \u00e0 modeler et couleurs pour cr\u00e9er des formes vari\u00e9es"}]},{"@type":"WebSite","@id":"https:\/\/business.roovi.com\/fr\/#website","url":"https:\/\/business.roovi.com\/fr\/","name":"Roovi B2B","description":"Roovi Business Website","potentialAction":[{"@type":"SearchAction","target":{"@type":"EntryPoint","urlTemplate":"https:\/\/business.roovi.com\/fr\/?s={search_term_string}"},"query-input":"required name=search_term_string"}],"inLanguage":"fr-FR"}]}},"_links":{"self":[{"href":"https:\/\/business.roovi.com\/fr\/wp-json\/wp\/v2\/product\/54528","targetHints":{"allow":["GET"]}}],"collection":[{"href":"https:\/\/business.roovi.com\/fr\/wp-json\/wp\/v2\/product"}],"about":[{"href":"https:\/\/business.roovi.com\/fr\/wp-json\/wp\/v2\/types\/product"}],"version-history":[{"count":0,"href":"https:\/\/business.roovi.com\/fr\/wp-json\/wp\/v2\/product\/54528\/revisions"}],"wp:featuredmedia":[{"embeddable":true,"href":"https:\/\/business.roovi.com\/fr\/wp-json\/wp\/v2\/media\/45485"}],"wp:attachment":[{"href":"https:\/\/business.roovi.com\/fr\/wp-json\/wp\/v2\/media?parent=54528"}],"wp:term":[{"taxonomy":"product_brand","embeddable":true,"href":"https:\/\/business.roovi.com\/fr\/wp-json\/wp\/v2\/product_brand?post=54528"},{"taxonomy":"product_cat","embeddable":true,"href":"https:\/\/business.roovi.com\/fr\/wp-json\/wp\/v2\/product_cat?post=54528"},{"taxonomy":"product_tag","embeddable":true,"href":"https:\/\/business.roovi.com\/fr\/wp-json\/wp\/v2\/product_tag?post=54528"}],"curies":[{"name":"wp","href":"https:\/\/api.w.org\/{rel}","templated":true}]}}