{"id":54534,"date":"2018-04-16T10:56:08","date_gmt":"2018-04-16T10:56:08","guid":{"rendered":"https:\/\/business.roovi.com\/joc-kibitz\/p\/"},"modified":"2022-07-13T10:57:27","modified_gmt":"2022-07-13T10:57:27","slug":"kibitz-jeu-de-societe-avec-mousse-a-modeler-et-planche-a-dessin-magnetique","status":"publish","type":"product","link":"https:\/\/business.roovi.com\/fr\/kibitz-jeu-de-societe-avec-mousse-a-modeler-et-planche-a-dessin-magnetique\/p\/","title":{"rendered":"Kibitz &#8211; Jeu de soci\u00e9t\u00e9 avec mousse \u00e0 modeler et planche \u00e0 dessin magn\u00e9tique"},"content":{"rendered":"<p>Kibitz ! est un jeu de soci\u00e9t\u00e9 amusant pour 2-16 joueurs, \u00e2g\u00e9s de 7 ans et plus, id\u00e9al pour les f\u00eates, o\u00f9 les joueurs dessinent, miment ou mod\u00e8lent les mots sur les cartes. Le jeu comprend de la mousse \u00e0 modeler Spumini en 4 couleurs, une planche \u00e0 dessin magn\u00e9tique, 128 cartes \u00e0 jouer, un disque Kibitz, un sablier et les r\u00e8gles du jeu.<\/p>\n","protected":false},"excerpt":{"rendered":"<p>Kibitz ! est un jeu de soci\u00e9t\u00e9 amusant pour 2-16 joueurs, \u00e2g\u00e9s de 7 ans et plus, id\u00e9al pour les<\/p>\n","protected":false},"featured_media":45490,"template":"","meta":[],"product_brand":[],"product_cat":[1574,1602],"product_tag":[],"class_list":{"0":"post-54534","1":"product","2":"type-product","3":"status-publish","4":"has-post-thumbnail","6":"product_cat-board-games","7":"product_cat-party-games","8":"pa_brand-d_toys-en","9":"pa_country_of_manufacture-ro-en","10":"pa_filter_age-7_9-en","11":"pa_filter_age-9_14-en","12":"pa_filter_age-14-en","13":"pa_tip_ambalaj-box","15":"first","16":"instock","17":"taxable","18":"shipping-taxable","19":"product-type-simple"},"yoast_head":"<!-- This site is optimized with the Yoast SEO plugin v20.1 - https:\/\/yoast.com\/wordpress\/plugins\/seo\/ -->\n<title>Kibitz - Jeu de soci\u00e9t\u00e9 avec mousse \u00e0 modeler et planche \u00e0 dessin magn\u00e9tique<\/title>\n<meta name=\"description\" content=\"Kibitz - Jeu de soci\u00e9t\u00e9 avec mousse \u00e0 modeler et planche \u00e0 dessin magn\u00e9tique\" \/>\n<meta name=\"robots\" content=\"index, follow, max-snippet:-1, max-image-preview:large, max-video-preview:-1\" \/>\n<link rel=\"canonical\" href=\"https:\/\/business.roovi.com\/fr\/kibitz-jeu-de-societe-avec-mousse-a-modeler-et-planche-a-dessin-magnetique\/p\/\" \/>\n<meta property=\"og:locale\" content=\"fr_FR\" \/>\n<meta property=\"og:type\" content=\"article\" \/>\n<meta property=\"og:title\" content=\"Kibitz - Jeu de soci\u00e9t\u00e9 avec mousse \u00e0 modeler et planche \u00e0 dessin magn\u00e9tique\" \/>\n<meta property=\"og:description\" content=\"Kibitz - Jeu de soci\u00e9t\u00e9 avec mousse \u00e0 modeler et planche \u00e0 dessin magn\u00e9tique\" \/>\n<meta property=\"og:url\" content=\"https:\/\/business.roovi.com\/fr\/kibitz-jeu-de-societe-avec-mousse-a-modeler-et-planche-a-dessin-magnetique\/p\/\" \/>\n<meta property=\"og:site_name\" content=\"Roovi B2B\" \/>\n<meta property=\"article:publisher\" content=\"https:\/\/www.facebook.com\/wwwjucariero\" \/>\n<meta property=\"article:modified_time\" content=\"2022-07-13T10:57:27+00:00\" \/>\n<meta property=\"og:image\" content=\"https:\/\/business.roovi.com\/wp-content\/uploads\/2018\/04\/72122_elo_1.jpg\" \/>\n\t<meta property=\"og:image:width\" content=\"1200\" \/>\n\t<meta property=\"og:image:height\" content=\"1200\" \/>\n\t<meta property=\"og:image:type\" content=\"image\/jpeg\" \/>\n<script type=\"application\/ld+json\" class=\"yoast-schema-graph\">{\"@context\":\"https:\/\/schema.org\",\"@graph\":[{\"@type\":\"WebPage\",\"@id\":\"https:\/\/business.roovi.com\/fr\/kibitz-jeu-de-societe-avec-mousse-a-modeler-et-planche-a-dessin-magnetique\/p\/\",\"url\":\"https:\/\/business.roovi.com\/fr\/kibitz-jeu-de-societe-avec-mousse-a-modeler-et-planche-a-dessin-magnetique\/p\/\",\"name\":\"Kibitz - Jeu de soci\u00e9t\u00e9 avec mousse \u00e0 modeler et planche \u00e0 dessin magn\u00e9tique\",\"isPartOf\":{\"@id\":\"https:\/\/business.roovi.com\/fr\/#website\"},\"datePublished\":\"2018-04-16T10:56:08+00:00\",\"dateModified\":\"2022-07-13T10:57:27+00:00\",\"description\":\"Kibitz - Jeu de soci\u00e9t\u00e9 avec mousse \u00e0 modeler et planche \u00e0 dessin magn\u00e9tique\",\"breadcrumb\":{\"@id\":\"https:\/\/business.roovi.com\/fr\/kibitz-jeu-de-societe-avec-mousse-a-modeler-et-planche-a-dessin-magnetique\/p\/#breadcrumb\"},\"inLanguage\":\"fr-FR\",\"potentialAction\":[{\"@type\":\"ReadAction\",\"target\":[\"https:\/\/business.roovi.com\/fr\/kibitz-jeu-de-societe-avec-mousse-a-modeler-et-planche-a-dessin-magnetique\/p\/\"]}]},{\"@type\":\"BreadcrumbList\",\"@id\":\"https:\/\/business.roovi.com\/fr\/kibitz-jeu-de-societe-avec-mousse-a-modeler-et-planche-a-dessin-magnetique\/p\/#breadcrumb\",\"itemListElement\":[{\"@type\":\"ListItem\",\"position\":1,\"name\":\"Home\",\"item\":\"https:\/\/business.roovi.com\/fr\/\"},{\"@type\":\"ListItem\",\"position\":2,\"name\":\"Boutique\",\"item\":\"https:\/\/business.roovi.com\/fr\/boutique\/\"},{\"@type\":\"ListItem\",\"position\":3,\"name\":\"Kibitz &#8211; Jeu de soci\u00e9t\u00e9 avec mousse \u00e0 modeler et planche \u00e0 dessin magn\u00e9tique\"}]},{\"@type\":\"WebSite\",\"@id\":\"https:\/\/business.roovi.com\/fr\/#website\",\"url\":\"https:\/\/business.roovi.com\/fr\/\",\"name\":\"Roovi B2B\",\"description\":\"Roovi Business Website\",\"potentialAction\":[{\"@type\":\"SearchAction\",\"target\":{\"@type\":\"EntryPoint\",\"urlTemplate\":\"https:\/\/business.roovi.com\/fr\/?s={search_term_string}\"},\"query-input\":\"required name=search_term_string\"}],\"inLanguage\":\"fr-FR\"}]}<\/script>\n<!-- \/ Yoast SEO plugin. -->","yoast_head_json":{"title":"Kibitz - Jeu de soci\u00e9t\u00e9 avec mousse \u00e0 modeler et planche \u00e0 dessin magn\u00e9tique","description":"Kibitz - Jeu de soci\u00e9t\u00e9 avec mousse \u00e0 modeler et planche \u00e0 dessin magn\u00e9tique","robots":{"index":"index","follow":"follow","max-snippet":"max-snippet:-1","max-image-preview":"max-image-preview:large","max-video-preview":"max-video-preview:-1"},"canonical":"https:\/\/business.roovi.com\/fr\/kibitz-jeu-de-societe-avec-mousse-a-modeler-et-planche-a-dessin-magnetique\/p\/","og_locale":"fr_FR","og_type":"article","og_title":"Kibitz - Jeu de soci\u00e9t\u00e9 avec mousse \u00e0 modeler et planche \u00e0 dessin magn\u00e9tique","og_description":"Kibitz - Jeu de soci\u00e9t\u00e9 avec mousse \u00e0 modeler et planche \u00e0 dessin magn\u00e9tique","og_url":"https:\/\/business.roovi.com\/fr\/kibitz-jeu-de-societe-avec-mousse-a-modeler-et-planche-a-dessin-magnetique\/p\/","og_site_name":"Roovi B2B","article_publisher":"https:\/\/www.facebook.com\/wwwjucariero","article_modified_time":"2022-07-13T10:57:27+00:00","og_image":[{"width":1200,"height":1200,"url":"https:\/\/business.roovi.com\/wp-content\/uploads\/2018\/04\/72122_elo_1.jpg","type":"image\/jpeg"}],"schema":{"@context":"https:\/\/schema.org","@graph":[{"@type":"WebPage","@id":"https:\/\/business.roovi.com\/fr\/kibitz-jeu-de-societe-avec-mousse-a-modeler-et-planche-a-dessin-magnetique\/p\/","url":"https:\/\/business.roovi.com\/fr\/kibitz-jeu-de-societe-avec-mousse-a-modeler-et-planche-a-dessin-magnetique\/p\/","name":"Kibitz - Jeu de soci\u00e9t\u00e9 avec mousse \u00e0 modeler et planche \u00e0 dessin magn\u00e9tique","isPartOf":{"@id":"https:\/\/business.roovi.com\/fr\/#website"},"datePublished":"2018-04-16T10:56:08+00:00","dateModified":"2022-07-13T10:57:27+00:00","description":"Kibitz - Jeu de soci\u00e9t\u00e9 avec mousse \u00e0 modeler et planche \u00e0 dessin magn\u00e9tique","breadcrumb":{"@id":"https:\/\/business.roovi.com\/fr\/kibitz-jeu-de-societe-avec-mousse-a-modeler-et-planche-a-dessin-magnetique\/p\/#breadcrumb"},"inLanguage":"fr-FR","potentialAction":[{"@type":"ReadAction","target":["https:\/\/business.roovi.com\/fr\/kibitz-jeu-de-societe-avec-mousse-a-modeler-et-planche-a-dessin-magnetique\/p\/"]}]},{"@type":"BreadcrumbList","@id":"https:\/\/business.roovi.com\/fr\/kibitz-jeu-de-societe-avec-mousse-a-modeler-et-planche-a-dessin-magnetique\/p\/#breadcrumb","itemListElement":[{"@type":"ListItem","position":1,"name":"Home","item":"https:\/\/business.roovi.com\/fr\/"},{"@type":"ListItem","position":2,"name":"Boutique","item":"https:\/\/business.roovi.com\/fr\/boutique\/"},{"@type":"ListItem","position":3,"name":"Kibitz &#8211; Jeu de soci\u00e9t\u00e9 avec mousse \u00e0 modeler et planche \u00e0 dessin magn\u00e9tique"}]},{"@type":"WebSite","@id":"https:\/\/business.roovi.com\/fr\/#website","url":"https:\/\/business.roovi.com\/fr\/","name":"Roovi B2B","description":"Roovi Business Website","potentialAction":[{"@type":"SearchAction","target":{"@type":"EntryPoint","urlTemplate":"https:\/\/business.roovi.com\/fr\/?s={search_term_string}"},"query-input":"required name=search_term_string"}],"inLanguage":"fr-FR"}]}},"_links":{"self":[{"href":"https:\/\/business.roovi.com\/fr\/wp-json\/wp\/v2\/product\/54534","targetHints":{"allow":["GET"]}}],"collection":[{"href":"https:\/\/business.roovi.com\/fr\/wp-json\/wp\/v2\/product"}],"about":[{"href":"https:\/\/business.roovi.com\/fr\/wp-json\/wp\/v2\/types\/product"}],"version-history":[{"count":0,"href":"https:\/\/business.roovi.com\/fr\/wp-json\/wp\/v2\/product\/54534\/revisions"}],"wp:featuredmedia":[{"embeddable":true,"href":"https:\/\/business.roovi.com\/fr\/wp-json\/wp\/v2\/media\/45490"}],"wp:attachment":[{"href":"https:\/\/business.roovi.com\/fr\/wp-json\/wp\/v2\/media?parent=54534"}],"wp:term":[{"taxonomy":"product_brand","embeddable":true,"href":"https:\/\/business.roovi.com\/fr\/wp-json\/wp\/v2\/product_brand?post=54534"},{"taxonomy":"product_cat","embeddable":true,"href":"https:\/\/business.roovi.com\/fr\/wp-json\/wp\/v2\/product_cat?post=54534"},{"taxonomy":"product_tag","embeddable":true,"href":"https:\/\/business.roovi.com\/fr\/wp-json\/wp\/v2\/product_tag?post=54534"}],"curies":[{"name":"wp","href":"https:\/\/api.w.org\/{rel}","templated":true}]}}