{"id":54538,"date":"2018-04-16T10:56:08","date_gmt":"2018-04-16T10:56:08","guid":{"rendered":"https:\/\/business.roovi.com\/joc-buboo-sa-invatam-alfabetul\/p\/"},"modified":"2022-07-13T10:57:30","modified_gmt":"2022-07-13T10:57:30","slug":"jeu-buboo-lets-learn-the-alphabet-jeu-educatif","status":"publish","type":"product","link":"https:\/\/business.roovi.com\/fr\/jeu-buboo-lets-learn-the-alphabet-jeu-educatif\/p\/","title":{"rendered":"Jeu Buboo &#8211; Let&rsquo;s Learn the Alphabet &#8211; Jeu \u00e9ducatif"},"content":{"rendered":"<p><span style=\"font-weight: 400;\">A, B, C, D&#8230; c&rsquo;est ainsi que les petits curieux commencent \u00e0 d\u00e9couvrir le monde. Lettre par lettre et mot par mot. Nous utilisons les lettres avant m\u00eame de les conna\u00eetre ou de pouvoir les \u00e9crire et les nommer, n&rsquo;est-ce pas ?<\/span><\/p>\n<p><span style=\"font-weight: 400;\">Et lorsque les enfants sont pr\u00eats \u00e0 les apprendre, la p\u00e9riode des \u00ab\u00a0Ici, qu&rsquo;est-ce que \u00e7a dit ?\u00a0\u00bb, \u00ab\u00a0Quelle est cette lettre ?\u00a0\u00bb commence et \u00ab\u00a0comment \u00e9pelles-tu Mama ?\u00a0\u00bb<\/span><\/p>\n<p><span style=\"font-weight: 400;\">D\u00e9couvre un jeu amusant et interactif qui peut initier tes petits aux lettres, et transforme l&rsquo;apprentissage en plaisir avec le jeu Buboo &#8211; Apprenons l&rsquo;alphabet.<\/span><\/p>\n<p><span style=\"font-weight: 400;\">Avec l&rsquo;aide de l&rsquo;adorable hibou Buboo, les enfants apprendront l&rsquo;alphabet de mani\u00e8re amusante, ils pourront reconna\u00eetre facilement les lettres et d\u00e9velopper leur vocabulaire en apprenant \u00e0 faire des associations entre les lettres et les mots.<\/span><\/p>\n<p><span style=\"font-weight: 400;\">En gros, Buboo le hibou est le professeur amusant que tous les petits voudraient avoir pour d\u00e9couvrir les myst\u00e8res des lettres <\/span><\/p>\n<h2><span style=\"font-weight: 400;\">Savais-tu que Buboo le jeu d&rsquo;apprentissage de l&rsquo;alphabet..<\/span><\/h2>\n<ul>\n<li><span style=\"font-weight: 400;\">Aide et soutient le d\u00e9veloppement pr\u00e9coce du langage.<\/span><\/li>\n<li><span style=\"font-weight: 400;\">Il aide les enfants \u00e0 apprendre les lettres de l&rsquo;alphabet avec facilit\u00e9.<\/span><\/li>\n<li><span style=\"font-weight: 400;\">D\u00e9veloppe la pens\u00e9e associative.<\/span><\/li>\n<li><span style=\"font-weight: 400;\">C&rsquo;est un entra\u00eeneur parfait pour d\u00e9velopper la dext\u00e9rit\u00e9 et l&rsquo;agilit\u00e9.<\/span><\/li>\n<li><span style=\"font-weight: 400;\">Joue un r\u00f4le important dans le d\u00e9veloppement de la logique et de la m\u00e9moire.<\/span><\/li>\n<li><span style=\"font-weight: 400;\">C&rsquo;est un jeu amusant et tr\u00e8s populaire aupr\u00e8s des enfants et des adultes, qui peuvent devenir des compagnons de jeu pour les enfants.<\/span><\/li>\n<li><span style=\"font-weight: 400;\">Il stimule la concentration et l&rsquo;attention.<\/span><\/li>\n<li><span style=\"font-weight: 400;\">Tu seras surpris lorsque ton enfant commencera \u00e0 lire avant m\u00eame d&rsquo;aller \u00e0 l&rsquo;\u00e9cole <\/span><\/li>\n<\/ul>\n<h2><span style=\"font-weight: 400;\">Pourquoi choisir Buboo &#8211; Apprenons l&rsquo;alphabet<\/span><\/h2>\n<p><span style=\"font-weight: 400;\">Let&rsquo;s Learn the Alphabet fait partie d&rsquo;une collection de jeux \u00e9ducatifs mettant en sc\u00e8ne la mignonne chouette Buboo, que les enfants adorent imm\u00e9diatement <\/span><\/p>\n<p><span style=\"font-weight: 400;\">Avec les jeux \u00e9ducatifs, les petits d\u00e9couvrent le monde de mani\u00e8re ludique et apprennent \u00e0 lire, \u00e9crire et calculer en jouant.<\/span><\/p>\n<p><span style=\"font-weight: 400;\">Les r\u00e8gles de Buboo &#8211; Apprenons l&rsquo;Alphabet comprennent plusieurs variantes de jeu, adapt\u00e9es aux jeunes enfants qui d\u00e9couvrent tout juste les secrets des lettres, mais aussi aux enfants plus \u00e2g\u00e9s &#8211; lecteurs avanc\u00e9s. C&rsquo;est donc un jeu adapt\u00e9 aux enfants d&rsquo;\u00e2ge pr\u00e9scolaire ainsi qu&rsquo;aux \u00e9coliers qui veulent s&rsquo;exercer \u00e0 l&rsquo;alphabet.<\/span><\/p>\n<p><span style=\"font-weight: 400;\">Le jeu peut \u00eatre jou\u00e9 par un seul enfant ou devenir un jeu de soci\u00e9t\u00e9 amusant et interactif, adapt\u00e9 \u00e0 une f\u00eate ou aux moments o\u00f9 tu veux donner \u00e0 tes petits quelque chose \u00e0 faire.<\/span><\/p>\n<p><span style=\"font-weight: 400;\">Si tu cherches un jeu intelligent \u00e0 partir duquel les enfants peuvent apprendre les bases comme l&rsquo;alphabet et la lecture, mais qui est amusant et jou\u00e9 pour le plaisir, alors le jeu Buboo &#8211; Apprenons l&rsquo;alphabet est le choix parfait. Amuse-toi bien \u00e0 jouer avec Buboo ! <\/span><\/p>\n<p><span style=\"font-weight: 400;\">\u00c2ge recommand\u00e9 : 4+<\/span><\/p>\n<p><span style=\"font-weight: 400;\">Joueurs : 1-6 personnes<\/span><\/p>\n<p><span style=\"font-weight: 400;\">La bo\u00eete contient <\/span><span style=\"font-weight: 400;\">56 jetons de jeu \u00e0 double face, 64 cartes de jeu \u00e0 double face et la chouette Buboo qui distribue les jetons de jeu gr\u00e2ce \u00e0 un m\u00e9canisme sp\u00e9cial.<\/span><\/p>\n<p><span style=\"font-weight: 400;\">Le jeu n&rsquo;est pas recommand\u00e9 pour les enfants de moins de 3 ans.<\/span><\/p><\/p>\n","protected":false},"excerpt":{"rendered":"<p>A, B, C, D&#8230; c&rsquo;est ainsi que les petits curieux commencent \u00e0 d\u00e9couvrir le monde. Lettre par lettre et mot<\/p>\n","protected":false},"featured_media":45494,"template":"","meta":[],"product_brand":[],"product_cat":[2303,2306],"product_tag":[],"class_list":{"0":"post-54538","1":"product","2":"type-product","3":"status-publish","4":"has-post-thumbnail","6":"product_cat-jeux-de-societe","7":"product_cat-jeux-educatifs-et-jeux-de-quiz","8":"pa_brand-d_toys-fr","9":"pa_country_of_manufacture-ro-fr","10":"pa_filter_age-3_5-fr","11":"pa_filter_age-5_7-fr","12":"pa_filter_age-7_9-fr","13":"pa_tip_ambalaj-boite","15":"first","16":"instock","17":"product-type-simple"},"yoast_head":"<!-- This site is optimized with the Yoast SEO plugin v20.1 - https:\/\/yoast.com\/wordpress\/plugins\/seo\/ -->\n<title>Jeu Buboo - Let&#039;s Learn the Alphabet - Jeu \u00e9ducatif<\/title>\n<meta name=\"description\" content=\"Jeu Buboo - Let&#039;s Learn the Alphabet - Jeu \u00e9ducatif\" \/>\n<meta name=\"robots\" content=\"index, follow, max-snippet:-1, max-image-preview:large, max-video-preview:-1\" \/>\n<link rel=\"canonical\" href=\"https:\/\/business.roovi.com\/fr\/jeu-buboo-lets-learn-the-alphabet-jeu-educatif\/p\/\" \/>\n<meta property=\"og:locale\" content=\"fr_FR\" \/>\n<meta property=\"og:type\" content=\"article\" \/>\n<meta property=\"og:title\" content=\"Jeu Buboo - Let&#039;s Learn the Alphabet - Jeu \u00e9ducatif\" \/>\n<meta property=\"og:description\" content=\"Jeu Buboo - Let&#039;s Learn the Alphabet - Jeu \u00e9ducatif\" \/>\n<meta property=\"og:url\" content=\"https:\/\/business.roovi.com\/fr\/jeu-buboo-lets-learn-the-alphabet-jeu-educatif\/p\/\" \/>\n<meta property=\"og:site_name\" content=\"Roovi B2B\" \/>\n<meta property=\"article:publisher\" content=\"https:\/\/www.facebook.com\/wwwjucariero\" \/>\n<meta property=\"article:modified_time\" content=\"2022-07-13T10:57:30+00:00\" \/>\n<meta property=\"og:image\" content=\"https:\/\/business.roovi.com\/wp-content\/uploads\/2018\/04\/72139_elo_1.jpg\" \/>\n\t<meta property=\"og:image:width\" content=\"1200\" \/>\n\t<meta property=\"og:image:height\" content=\"1200\" \/>\n\t<meta property=\"og:image:type\" content=\"image\/jpeg\" \/>\n<meta name=\"twitter:label1\" content=\"Dur\u00e9e de lecture estim\u00e9e\" \/>\n\t<meta name=\"twitter:data1\" content=\"3 minutes\" \/>\n<script type=\"application\/ld+json\" class=\"yoast-schema-graph\">{\"@context\":\"https:\/\/schema.org\",\"@graph\":[{\"@type\":\"WebPage\",\"@id\":\"https:\/\/business.roovi.com\/fr\/jeu-buboo-lets-learn-the-alphabet-jeu-educatif\/p\/\",\"url\":\"https:\/\/business.roovi.com\/fr\/jeu-buboo-lets-learn-the-alphabet-jeu-educatif\/p\/\",\"name\":\"Jeu Buboo - Let's Learn the Alphabet - Jeu \u00e9ducatif\",\"isPartOf\":{\"@id\":\"https:\/\/business.roovi.com\/fr\/#website\"},\"datePublished\":\"2018-04-16T10:56:08+00:00\",\"dateModified\":\"2022-07-13T10:57:30+00:00\",\"description\":\"Jeu Buboo - Let's Learn the Alphabet - Jeu \u00e9ducatif\",\"breadcrumb\":{\"@id\":\"https:\/\/business.roovi.com\/fr\/jeu-buboo-lets-learn-the-alphabet-jeu-educatif\/p\/#breadcrumb\"},\"inLanguage\":\"fr-FR\",\"potentialAction\":[{\"@type\":\"ReadAction\",\"target\":[\"https:\/\/business.roovi.com\/fr\/jeu-buboo-lets-learn-the-alphabet-jeu-educatif\/p\/\"]}]},{\"@type\":\"BreadcrumbList\",\"@id\":\"https:\/\/business.roovi.com\/fr\/jeu-buboo-lets-learn-the-alphabet-jeu-educatif\/p\/#breadcrumb\",\"itemListElement\":[{\"@type\":\"ListItem\",\"position\":1,\"name\":\"Home\",\"item\":\"https:\/\/business.roovi.com\/fr\/\"},{\"@type\":\"ListItem\",\"position\":2,\"name\":\"Boutique\",\"item\":\"https:\/\/business.roovi.com\/fr\/boutique\/\"},{\"@type\":\"ListItem\",\"position\":3,\"name\":\"Jeu Buboo &#8211; Let&#8217;s Learn the Alphabet &#8211; Jeu \u00e9ducatif\"}]},{\"@type\":\"WebSite\",\"@id\":\"https:\/\/business.roovi.com\/fr\/#website\",\"url\":\"https:\/\/business.roovi.com\/fr\/\",\"name\":\"Roovi B2B\",\"description\":\"Roovi Business Website\",\"potentialAction\":[{\"@type\":\"SearchAction\",\"target\":{\"@type\":\"EntryPoint\",\"urlTemplate\":\"https:\/\/business.roovi.com\/fr\/?s={search_term_string}\"},\"query-input\":\"required name=search_term_string\"}],\"inLanguage\":\"fr-FR\"}]}<\/script>\n<!-- \/ Yoast SEO plugin. -->","yoast_head_json":{"title":"Jeu Buboo - Let's Learn the Alphabet - Jeu \u00e9ducatif","description":"Jeu Buboo - Let's Learn the Alphabet - Jeu \u00e9ducatif","robots":{"index":"index","follow":"follow","max-snippet":"max-snippet:-1","max-image-preview":"max-image-preview:large","max-video-preview":"max-video-preview:-1"},"canonical":"https:\/\/business.roovi.com\/fr\/jeu-buboo-lets-learn-the-alphabet-jeu-educatif\/p\/","og_locale":"fr_FR","og_type":"article","og_title":"Jeu Buboo - Let's Learn the Alphabet - Jeu \u00e9ducatif","og_description":"Jeu Buboo - Let's Learn the Alphabet - Jeu \u00e9ducatif","og_url":"https:\/\/business.roovi.com\/fr\/jeu-buboo-lets-learn-the-alphabet-jeu-educatif\/p\/","og_site_name":"Roovi B2B","article_publisher":"https:\/\/www.facebook.com\/wwwjucariero","article_modified_time":"2022-07-13T10:57:30+00:00","og_image":[{"width":1200,"height":1200,"url":"https:\/\/business.roovi.com\/wp-content\/uploads\/2018\/04\/72139_elo_1.jpg","type":"image\/jpeg"}],"twitter_misc":{"Dur\u00e9e de lecture estim\u00e9e":"3 minutes"},"schema":{"@context":"https:\/\/schema.org","@graph":[{"@type":"WebPage","@id":"https:\/\/business.roovi.com\/fr\/jeu-buboo-lets-learn-the-alphabet-jeu-educatif\/p\/","url":"https:\/\/business.roovi.com\/fr\/jeu-buboo-lets-learn-the-alphabet-jeu-educatif\/p\/","name":"Jeu Buboo - Let's Learn the Alphabet - Jeu \u00e9ducatif","isPartOf":{"@id":"https:\/\/business.roovi.com\/fr\/#website"},"datePublished":"2018-04-16T10:56:08+00:00","dateModified":"2022-07-13T10:57:30+00:00","description":"Jeu Buboo - Let's Learn the Alphabet - Jeu \u00e9ducatif","breadcrumb":{"@id":"https:\/\/business.roovi.com\/fr\/jeu-buboo-lets-learn-the-alphabet-jeu-educatif\/p\/#breadcrumb"},"inLanguage":"fr-FR","potentialAction":[{"@type":"ReadAction","target":["https:\/\/business.roovi.com\/fr\/jeu-buboo-lets-learn-the-alphabet-jeu-educatif\/p\/"]}]},{"@type":"BreadcrumbList","@id":"https:\/\/business.roovi.com\/fr\/jeu-buboo-lets-learn-the-alphabet-jeu-educatif\/p\/#breadcrumb","itemListElement":[{"@type":"ListItem","position":1,"name":"Home","item":"https:\/\/business.roovi.com\/fr\/"},{"@type":"ListItem","position":2,"name":"Boutique","item":"https:\/\/business.roovi.com\/fr\/boutique\/"},{"@type":"ListItem","position":3,"name":"Jeu Buboo &#8211; Let&#8217;s Learn the Alphabet &#8211; Jeu \u00e9ducatif"}]},{"@type":"WebSite","@id":"https:\/\/business.roovi.com\/fr\/#website","url":"https:\/\/business.roovi.com\/fr\/","name":"Roovi B2B","description":"Roovi Business Website","potentialAction":[{"@type":"SearchAction","target":{"@type":"EntryPoint","urlTemplate":"https:\/\/business.roovi.com\/fr\/?s={search_term_string}"},"query-input":"required name=search_term_string"}],"inLanguage":"fr-FR"}]}},"_links":{"self":[{"href":"https:\/\/business.roovi.com\/fr\/wp-json\/wp\/v2\/product\/54538","targetHints":{"allow":["GET"]}}],"collection":[{"href":"https:\/\/business.roovi.com\/fr\/wp-json\/wp\/v2\/product"}],"about":[{"href":"https:\/\/business.roovi.com\/fr\/wp-json\/wp\/v2\/types\/product"}],"version-history":[{"count":0,"href":"https:\/\/business.roovi.com\/fr\/wp-json\/wp\/v2\/product\/54538\/revisions"}],"wp:featuredmedia":[{"embeddable":true,"href":"https:\/\/business.roovi.com\/fr\/wp-json\/wp\/v2\/media\/45494"}],"wp:attachment":[{"href":"https:\/\/business.roovi.com\/fr\/wp-json\/wp\/v2\/media?parent=54538"}],"wp:term":[{"taxonomy":"product_brand","embeddable":true,"href":"https:\/\/business.roovi.com\/fr\/wp-json\/wp\/v2\/product_brand?post=54538"},{"taxonomy":"product_cat","embeddable":true,"href":"https:\/\/business.roovi.com\/fr\/wp-json\/wp\/v2\/product_cat?post=54538"},{"taxonomy":"product_tag","embeddable":true,"href":"https:\/\/business.roovi.com\/fr\/wp-json\/wp\/v2\/product_tag?post=54538"}],"curies":[{"name":"wp","href":"https:\/\/api.w.org\/{rel}","templated":true}]}}