{"id":54561,"date":"2018-04-16T10:56:08","date_gmt":"2018-04-16T10:56:08","guid":{"rendered":"https:\/\/business.roovi.com\/joc-batalie-navala\/p\/"},"modified":"2022-07-13T10:57:45","modified_gmt":"2022-07-13T10:57:45","slug":"jeu-battleship-jeu-de-societe-et-de-strategie-pour-2-joueurs","status":"publish","type":"product","link":"https:\/\/business.roovi.com\/fr\/jeu-battleship-jeu-de-societe-et-de-strategie-pour-2-joueurs\/p\/","title":{"rendered":"Jeu Battleship &#8211; Jeu de soci\u00e9t\u00e9 et de strat\u00e9gie pour 2 joueurs"},"content":{"rendered":"<p>Le jeu roumain original B\u0103t\u0103lie naval\u0103 est con\u00e7u par le c\u00e9l\u00e8bre inventeur de jeux Ioan Nicolau pour tester tes capacit\u00e9s de logique, d&rsquo;analyse et d&rsquo;observation. B\u0103t\u0103lie naval\u0103 est un jeu de strat\u00e9gie pour 2 joueurs. Chaque joueur poss\u00e8de une arm\u00e9e de 7 navires (1 croiseur, 2 destroyers et 4 vaisseaux \u00e9toiles) avec lesquels il peut avancer sur le plateau vers le quai de l&rsquo;autre joueur, dans le but de p\u00e9n\u00e9trer avec ses \u00ab\u00a0forces militaires\u00a0\u00bb au centre du port de l&rsquo;autre joueur. Les trois types de navires ont des longueurs, des valeurs et des possibilit\u00e9s de mouvement diff\u00e9rentes. Ils partent des positions de d\u00e9part correspondantes marqu\u00e9es sur le tableau. Les joueurs ont de nombreuses fa\u00e7ons de man\u0153uvrer pour attaquer et \u00ab\u00a0couler\u00a0\u00bb les navires de leur adversaire <\/p>\n<p>Dans les r\u00e8gles de Battleship, en plus des r\u00e8gles g\u00e9n\u00e9rales, il y a des exemples illustr\u00e9s de diff\u00e9rentes situations d&rsquo;attaque pour que les joueurs puissent comprendre les strat\u00e9gies qui peuvent \u00eatre appliqu\u00e9es pendant le jeu. Contenu : un plateau de jeu, 14 bateaux en bois avec des silhouettes diff\u00e9rentes, r\u00e8gles du jeu. Recommand\u00e9 pour les enfants de plus de 11 ans, pour 2 joueurs.<\/p>\n","protected":false},"excerpt":{"rendered":"<p>Le jeu roumain original B\u0103t\u0103lie naval\u0103 est con\u00e7u par le c\u00e9l\u00e8bre inventeur de jeux Ioan Nicolau pour tester tes capacit\u00e9s<\/p>\n","protected":false},"featured_media":45514,"template":"","meta":[],"product_brand":[],"product_cat":[2303,2334,2333],"product_tag":[],"class_list":{"0":"post-54561","1":"product","2":"type-product","3":"status-publish","4":"has-post-thumbnail","6":"product_cat-jeux-de-societe","7":"product_cat-jeux-de-strategie","8":"product_cat-jeux-roumains","9":"pa_brand-d_toys-fr","10":"pa_country_of_manufacture-ro-fr","11":"pa_filter_age-14-fr","12":"pa_filter_age-9_14-fr","13":"pa_tip_ambalaj-boite","15":"first","16":"instock","17":"taxable","18":"shipping-taxable","19":"product-type-simple"},"yoast_head":"<!-- This site is optimized with the Yoast SEO plugin v20.1 - https:\/\/yoast.com\/wordpress\/plugins\/seo\/ -->\n<title>Jeu Battleship - Jeu de soci\u00e9t\u00e9 et de strat\u00e9gie pour 2 joueurs<\/title>\n<meta name=\"description\" content=\"Jeu Battleship - Jeu de soci\u00e9t\u00e9 et de strat\u00e9gie pour 2 joueurs\" \/>\n<meta name=\"robots\" content=\"index, follow, max-snippet:-1, max-image-preview:large, max-video-preview:-1\" \/>\n<link rel=\"canonical\" href=\"https:\/\/business.roovi.com\/fr\/jeu-battleship-jeu-de-societe-et-de-strategie-pour-2-joueurs\/p\/\" \/>\n<meta property=\"og:locale\" content=\"fr_FR\" \/>\n<meta property=\"og:type\" content=\"article\" \/>\n<meta property=\"og:title\" content=\"Jeu Battleship - Jeu de soci\u00e9t\u00e9 et de strat\u00e9gie pour 2 joueurs\" \/>\n<meta property=\"og:description\" content=\"Jeu Battleship - Jeu de soci\u00e9t\u00e9 et de strat\u00e9gie pour 2 joueurs\" \/>\n<meta property=\"og:url\" content=\"https:\/\/business.roovi.com\/fr\/jeu-battleship-jeu-de-societe-et-de-strategie-pour-2-joueurs\/p\/\" \/>\n<meta property=\"og:site_name\" content=\"Roovi B2B\" \/>\n<meta property=\"article:publisher\" content=\"https:\/\/www.facebook.com\/wwwjucariero\" \/>\n<meta property=\"article:modified_time\" content=\"2022-07-13T10:57:45+00:00\" \/>\n<meta property=\"og:image\" content=\"https:\/\/business.roovi.com\/wp-content\/uploads\/2018\/04\/72610_elo_1.jpg\" \/>\n\t<meta property=\"og:image:width\" content=\"1200\" \/>\n\t<meta property=\"og:image:height\" content=\"1200\" \/>\n\t<meta property=\"og:image:type\" content=\"image\/jpeg\" \/>\n<meta name=\"twitter:label1\" content=\"Dur\u00e9e de lecture estim\u00e9e\" \/>\n\t<meta name=\"twitter:data1\" content=\"1 minute\" \/>\n<script type=\"application\/ld+json\" class=\"yoast-schema-graph\">{\"@context\":\"https:\/\/schema.org\",\"@graph\":[{\"@type\":\"WebPage\",\"@id\":\"https:\/\/business.roovi.com\/fr\/jeu-battleship-jeu-de-societe-et-de-strategie-pour-2-joueurs\/p\/\",\"url\":\"https:\/\/business.roovi.com\/fr\/jeu-battleship-jeu-de-societe-et-de-strategie-pour-2-joueurs\/p\/\",\"name\":\"Jeu Battleship - Jeu de soci\u00e9t\u00e9 et de strat\u00e9gie pour 2 joueurs\",\"isPartOf\":{\"@id\":\"https:\/\/business.roovi.com\/fr\/#website\"},\"datePublished\":\"2018-04-16T10:56:08+00:00\",\"dateModified\":\"2022-07-13T10:57:45+00:00\",\"description\":\"Jeu Battleship - Jeu de soci\u00e9t\u00e9 et de strat\u00e9gie pour 2 joueurs\",\"breadcrumb\":{\"@id\":\"https:\/\/business.roovi.com\/fr\/jeu-battleship-jeu-de-societe-et-de-strategie-pour-2-joueurs\/p\/#breadcrumb\"},\"inLanguage\":\"fr-FR\",\"potentialAction\":[{\"@type\":\"ReadAction\",\"target\":[\"https:\/\/business.roovi.com\/fr\/jeu-battleship-jeu-de-societe-et-de-strategie-pour-2-joueurs\/p\/\"]}]},{\"@type\":\"BreadcrumbList\",\"@id\":\"https:\/\/business.roovi.com\/fr\/jeu-battleship-jeu-de-societe-et-de-strategie-pour-2-joueurs\/p\/#breadcrumb\",\"itemListElement\":[{\"@type\":\"ListItem\",\"position\":1,\"name\":\"Home\",\"item\":\"https:\/\/business.roovi.com\/fr\/\"},{\"@type\":\"ListItem\",\"position\":2,\"name\":\"Boutique\",\"item\":\"https:\/\/business.roovi.com\/fr\/boutique\/\"},{\"@type\":\"ListItem\",\"position\":3,\"name\":\"Jeu Battleship &#8211; Jeu de soci\u00e9t\u00e9 et de strat\u00e9gie pour 2 joueurs\"}]},{\"@type\":\"WebSite\",\"@id\":\"https:\/\/business.roovi.com\/fr\/#website\",\"url\":\"https:\/\/business.roovi.com\/fr\/\",\"name\":\"Roovi B2B\",\"description\":\"Roovi Business Website\",\"potentialAction\":[{\"@type\":\"SearchAction\",\"target\":{\"@type\":\"EntryPoint\",\"urlTemplate\":\"https:\/\/business.roovi.com\/fr\/?s={search_term_string}\"},\"query-input\":\"required name=search_term_string\"}],\"inLanguage\":\"fr-FR\"}]}<\/script>\n<!-- \/ Yoast SEO plugin. -->","yoast_head_json":{"title":"Jeu Battleship - Jeu de soci\u00e9t\u00e9 et de strat\u00e9gie pour 2 joueurs","description":"Jeu Battleship - Jeu de soci\u00e9t\u00e9 et de strat\u00e9gie pour 2 joueurs","robots":{"index":"index","follow":"follow","max-snippet":"max-snippet:-1","max-image-preview":"max-image-preview:large","max-video-preview":"max-video-preview:-1"},"canonical":"https:\/\/business.roovi.com\/fr\/jeu-battleship-jeu-de-societe-et-de-strategie-pour-2-joueurs\/p\/","og_locale":"fr_FR","og_type":"article","og_title":"Jeu Battleship - Jeu de soci\u00e9t\u00e9 et de strat\u00e9gie pour 2 joueurs","og_description":"Jeu Battleship - Jeu de soci\u00e9t\u00e9 et de strat\u00e9gie pour 2 joueurs","og_url":"https:\/\/business.roovi.com\/fr\/jeu-battleship-jeu-de-societe-et-de-strategie-pour-2-joueurs\/p\/","og_site_name":"Roovi B2B","article_publisher":"https:\/\/www.facebook.com\/wwwjucariero","article_modified_time":"2022-07-13T10:57:45+00:00","og_image":[{"width":1200,"height":1200,"url":"https:\/\/business.roovi.com\/wp-content\/uploads\/2018\/04\/72610_elo_1.jpg","type":"image\/jpeg"}],"twitter_misc":{"Dur\u00e9e de lecture estim\u00e9e":"1 minute"},"schema":{"@context":"https:\/\/schema.org","@graph":[{"@type":"WebPage","@id":"https:\/\/business.roovi.com\/fr\/jeu-battleship-jeu-de-societe-et-de-strategie-pour-2-joueurs\/p\/","url":"https:\/\/business.roovi.com\/fr\/jeu-battleship-jeu-de-societe-et-de-strategie-pour-2-joueurs\/p\/","name":"Jeu Battleship - Jeu de soci\u00e9t\u00e9 et de strat\u00e9gie pour 2 joueurs","isPartOf":{"@id":"https:\/\/business.roovi.com\/fr\/#website"},"datePublished":"2018-04-16T10:56:08+00:00","dateModified":"2022-07-13T10:57:45+00:00","description":"Jeu Battleship - Jeu de soci\u00e9t\u00e9 et de strat\u00e9gie pour 2 joueurs","breadcrumb":{"@id":"https:\/\/business.roovi.com\/fr\/jeu-battleship-jeu-de-societe-et-de-strategie-pour-2-joueurs\/p\/#breadcrumb"},"inLanguage":"fr-FR","potentialAction":[{"@type":"ReadAction","target":["https:\/\/business.roovi.com\/fr\/jeu-battleship-jeu-de-societe-et-de-strategie-pour-2-joueurs\/p\/"]}]},{"@type":"BreadcrumbList","@id":"https:\/\/business.roovi.com\/fr\/jeu-battleship-jeu-de-societe-et-de-strategie-pour-2-joueurs\/p\/#breadcrumb","itemListElement":[{"@type":"ListItem","position":1,"name":"Home","item":"https:\/\/business.roovi.com\/fr\/"},{"@type":"ListItem","position":2,"name":"Boutique","item":"https:\/\/business.roovi.com\/fr\/boutique\/"},{"@type":"ListItem","position":3,"name":"Jeu Battleship &#8211; Jeu de soci\u00e9t\u00e9 et de strat\u00e9gie pour 2 joueurs"}]},{"@type":"WebSite","@id":"https:\/\/business.roovi.com\/fr\/#website","url":"https:\/\/business.roovi.com\/fr\/","name":"Roovi B2B","description":"Roovi Business Website","potentialAction":[{"@type":"SearchAction","target":{"@type":"EntryPoint","urlTemplate":"https:\/\/business.roovi.com\/fr\/?s={search_term_string}"},"query-input":"required name=search_term_string"}],"inLanguage":"fr-FR"}]}},"_links":{"self":[{"href":"https:\/\/business.roovi.com\/fr\/wp-json\/wp\/v2\/product\/54561","targetHints":{"allow":["GET"]}}],"collection":[{"href":"https:\/\/business.roovi.com\/fr\/wp-json\/wp\/v2\/product"}],"about":[{"href":"https:\/\/business.roovi.com\/fr\/wp-json\/wp\/v2\/types\/product"}],"version-history":[{"count":0,"href":"https:\/\/business.roovi.com\/fr\/wp-json\/wp\/v2\/product\/54561\/revisions"}],"wp:featuredmedia":[{"embeddable":true,"href":"https:\/\/business.roovi.com\/fr\/wp-json\/wp\/v2\/media\/45514"}],"wp:attachment":[{"href":"https:\/\/business.roovi.com\/fr\/wp-json\/wp\/v2\/media?parent=54561"}],"wp:term":[{"taxonomy":"product_brand","embeddable":true,"href":"https:\/\/business.roovi.com\/fr\/wp-json\/wp\/v2\/product_brand?post=54561"},{"taxonomy":"product_cat","embeddable":true,"href":"https:\/\/business.roovi.com\/fr\/wp-json\/wp\/v2\/product_cat?post=54561"},{"taxonomy":"product_tag","embeddable":true,"href":"https:\/\/business.roovi.com\/fr\/wp-json\/wp\/v2\/product_tag?post=54561"}],"curies":[{"name":"wp","href":"https:\/\/api.w.org\/{rel}","templated":true}]}}