{"id":54564,"date":"2018-04-16T10:56:08","date_gmt":"2018-04-16T10:56:08","guid":{"rendered":"https:\/\/business.roovi.com\/jocul-proverbelor-2\/p\/"},"modified":"2022-07-13T10:57:46","modified_gmt":"2022-07-13T10:57:46","slug":"le-jeu-du-proverbe-jeu-roumain","status":"publish","type":"product","link":"https:\/\/business.roovi.com\/fr\/le-jeu-du-proverbe-jeu-roumain\/p\/","title":{"rendered":"Le jeu du proverbe &#8211; Jeu roumain"},"content":{"rendered":"<p><span style=\"font-weight: 400;\">Tu t&rsquo;es d\u00e9j\u00e0 demand\u00e9 o\u00f9 nos anc\u00eatres ont trouv\u00e9 tant de proverbes et de dictons ? Et, surtout, penses-tu les conna\u00eetre tous ?<\/span><\/p>\n<p><span style=\"font-weight: 400;\">D\u00e9couvre un jeu stimulant et super amusant qui t&#8217;emm\u00e8ne dans un voyage nostalgique \u00e0 travers les villages anim\u00e9s o\u00f9 sont n\u00e9s les proverbes roumains <\/span><\/p>\n<p><span style=\"font-weight: 400;\">C&rsquo;est une excellente occasion de raconter \u00e0 tes enfants comment c&rsquo;\u00e9tait autrefois \u00e0 la campagne et ce que signifient les proverbes aujourd&rsquo;hui.<\/span><\/p>\n<p><span style=\"font-weight: 400;\">Et comme notre peuple semble avoir eu des ressources illimit\u00e9es de cr\u00e9ativit\u00e9, les petits s&rsquo;amuseront beaucoup \u00e0 remplir les proverbes avec les bons jetons et \u00e0 d\u00e9couvrir des mots amusants qu&rsquo;ils n&rsquo;avaient peut-\u00eatre jamais entendus auparavant <\/span><\/p>\n<h2><span style=\"font-weight: 400;\">Savais-tu que le jeu de proverbes..<\/span><\/h2>\n<ul>\n<li><span style=\"font-weight: 400;\">D\u00e9veloppe la pens\u00e9e logique et associative.<\/span><\/li>\n<li><span style=\"font-weight: 400;\">Tu as plus de 60 proverbes \u00e0 d\u00e9couvrir.<\/span><\/li>\n<li><span style=\"font-weight: 400;\">C&rsquo;est un jeu super amusant pour les enfants et les adultes <\/span><\/li>\n<li><span style=\"font-weight: 400;\">Elle stimule l&rsquo;attention aux d\u00e9tails et d\u00e9veloppe l&rsquo;agilit\u00e9 <\/span><\/li>\n<li><span style=\"font-weight: 400;\">C&rsquo;est une excellente source de d\u00e9veloppement du vocabulaire.<\/span><\/li>\n<li><span style=\"font-weight: 400;\">Il cr\u00e9e les conditions id\u00e9ales pour passer plus de temps de qualit\u00e9 avec les enfants, se connecter et raconter des histoires, se d\u00e9tendre et s&rsquo;amuser ensemble.<\/span><\/li>\n<\/ul>\n<h2><span style=\"font-weight: 400;\">Pourquoi choisir The Proverb Game<\/span><\/h2>\n<p><span style=\"font-weight: 400;\">Le jeu des proverbes fait partie de la collection de jeux roumains, con\u00e7us et fabriqu\u00e9s en Roumanie <\/span><\/p>\n<p><span style=\"font-weight: 400;\">Invent\u00e9 et illustr\u00e9 par Ioan Nicolau, le graphiste qui croit fermement \u00e0 l&rsquo;\u00e9ducation par le jeu. Ioan Nicolau a invent\u00e9 et illustr\u00e9 des centaines de jeux pour enfants dans les ann\u00e9es 70 et 80 et est devenu c\u00e9l\u00e8bre avec le jeu Animaux des continents <\/span><\/p>\n<p><span style=\"font-weight: 400;\">Un concept de jeu amusant et original, bas\u00e9 sur les associations de mots et la pens\u00e9e logique, qui peut servir de base \u00e0 des discussions approfondies sur les traditions du peuple roumain ou sur les archa\u00efsmes et les n\u00e9ologismes.<\/span><\/p>\n<p><span style=\"font-weight: 400;\">\u00c2ge recommand\u00e9 : 8+<\/span><\/p>\n<p><span style=\"font-weight: 400;\">Joueurs : 2 &#8211; 6 personnes<\/span><\/p>\n<p><span style=\"font-weight: 400;\">La bo\u00eete contient : 60 jetons de jeu, 64 cartes de proverbe, r\u00e8gles du jeu.<\/span><\/p>\n<p><span style=\"font-weight: 400;\">Jeu non recommand\u00e9 pour les enfants de moins de 3 ans.<\/span><\/p><\/p>\n","protected":false},"excerpt":{"rendered":"<p>Tu t&rsquo;es d\u00e9j\u00e0 demand\u00e9 o\u00f9 nos anc\u00eatres ont trouv\u00e9 tant de proverbes et de dictons ? Et, surtout, penses-tu les<\/p>\n","protected":false},"featured_media":70270,"template":"","meta":[],"product_brand":[],"product_cat":[2333],"product_tag":[],"class_list":{"0":"post-54564","1":"product","2":"type-product","3":"status-publish","4":"has-post-thumbnail","6":"product_cat-jeux-roumains","7":"pa_brand-d_toys-fr","8":"pa_filter_age-14-fr","9":"pa_filter_age-7_9-fr","10":"pa_filter_age-9_14-fr","11":"pa_tip_ambalaj-boite","13":"first","14":"instock","15":"taxable","16":"shipping-taxable","17":"product-type-simple"},"yoast_head":"<!-- This site is optimized with the Yoast SEO plugin v20.1 - https:\/\/yoast.com\/wordpress\/plugins\/seo\/ -->\n<title>Le jeu du proverbe - Jeu roumain<\/title>\n<meta name=\"description\" content=\"Le jeu du proverbe - Jeu roumain\" \/>\n<meta name=\"robots\" content=\"index, follow, max-snippet:-1, max-image-preview:large, max-video-preview:-1\" \/>\n<link rel=\"canonical\" href=\"https:\/\/business.roovi.com\/fr\/le-jeu-du-proverbe-jeu-roumain\/p\/\" \/>\n<meta property=\"og:locale\" content=\"fr_FR\" \/>\n<meta property=\"og:type\" content=\"article\" \/>\n<meta property=\"og:title\" content=\"Le jeu du proverbe - Jeu roumain\" \/>\n<meta property=\"og:description\" content=\"Le jeu du proverbe - Jeu roumain\" \/>\n<meta property=\"og:url\" content=\"https:\/\/business.roovi.com\/fr\/le-jeu-du-proverbe-jeu-roumain\/p\/\" \/>\n<meta property=\"og:site_name\" content=\"Roovi B2B\" \/>\n<meta property=\"article:publisher\" content=\"https:\/\/www.facebook.com\/wwwjucariero\" \/>\n<meta property=\"article:modified_time\" content=\"2022-07-13T10:57:46+00:00\" \/>\n<meta property=\"og:image\" content=\"https:\/\/business.roovi.com\/wp-content\/uploads\/2018\/04\/jocul_proverbelor.png\" \/>\n\t<meta property=\"og:image:width\" content=\"1200\" \/>\n\t<meta property=\"og:image:height\" content=\"1200\" \/>\n\t<meta property=\"og:image:type\" content=\"image\/png\" \/>\n<meta name=\"twitter:label1\" content=\"Dur\u00e9e de lecture estim\u00e9e\" \/>\n\t<meta name=\"twitter:data1\" content=\"2 minutes\" \/>\n<script type=\"application\/ld+json\" class=\"yoast-schema-graph\">{\"@context\":\"https:\/\/schema.org\",\"@graph\":[{\"@type\":\"WebPage\",\"@id\":\"https:\/\/business.roovi.com\/fr\/le-jeu-du-proverbe-jeu-roumain\/p\/\",\"url\":\"https:\/\/business.roovi.com\/fr\/le-jeu-du-proverbe-jeu-roumain\/p\/\",\"name\":\"Le jeu du proverbe - Jeu roumain\",\"isPartOf\":{\"@id\":\"https:\/\/business.roovi.com\/fr\/#website\"},\"datePublished\":\"2018-04-16T10:56:08+00:00\",\"dateModified\":\"2022-07-13T10:57:46+00:00\",\"description\":\"Le jeu du proverbe - Jeu roumain\",\"breadcrumb\":{\"@id\":\"https:\/\/business.roovi.com\/fr\/le-jeu-du-proverbe-jeu-roumain\/p\/#breadcrumb\"},\"inLanguage\":\"fr-FR\",\"potentialAction\":[{\"@type\":\"ReadAction\",\"target\":[\"https:\/\/business.roovi.com\/fr\/le-jeu-du-proverbe-jeu-roumain\/p\/\"]}]},{\"@type\":\"BreadcrumbList\",\"@id\":\"https:\/\/business.roovi.com\/fr\/le-jeu-du-proverbe-jeu-roumain\/p\/#breadcrumb\",\"itemListElement\":[{\"@type\":\"ListItem\",\"position\":1,\"name\":\"Home\",\"item\":\"https:\/\/business.roovi.com\/fr\/\"},{\"@type\":\"ListItem\",\"position\":2,\"name\":\"Boutique\",\"item\":\"https:\/\/business.roovi.com\/fr\/boutique\/\"},{\"@type\":\"ListItem\",\"position\":3,\"name\":\"Le jeu du proverbe &#8211; Jeu roumain\"}]},{\"@type\":\"WebSite\",\"@id\":\"https:\/\/business.roovi.com\/fr\/#website\",\"url\":\"https:\/\/business.roovi.com\/fr\/\",\"name\":\"Roovi B2B\",\"description\":\"Roovi Business Website\",\"potentialAction\":[{\"@type\":\"SearchAction\",\"target\":{\"@type\":\"EntryPoint\",\"urlTemplate\":\"https:\/\/business.roovi.com\/fr\/?s={search_term_string}\"},\"query-input\":\"required name=search_term_string\"}],\"inLanguage\":\"fr-FR\"}]}<\/script>\n<!-- \/ Yoast SEO plugin. -->","yoast_head_json":{"title":"Le jeu du proverbe - Jeu roumain","description":"Le jeu du proverbe - Jeu roumain","robots":{"index":"index","follow":"follow","max-snippet":"max-snippet:-1","max-image-preview":"max-image-preview:large","max-video-preview":"max-video-preview:-1"},"canonical":"https:\/\/business.roovi.com\/fr\/le-jeu-du-proverbe-jeu-roumain\/p\/","og_locale":"fr_FR","og_type":"article","og_title":"Le jeu du proverbe - Jeu roumain","og_description":"Le jeu du proverbe - Jeu roumain","og_url":"https:\/\/business.roovi.com\/fr\/le-jeu-du-proverbe-jeu-roumain\/p\/","og_site_name":"Roovi B2B","article_publisher":"https:\/\/www.facebook.com\/wwwjucariero","article_modified_time":"2022-07-13T10:57:46+00:00","og_image":[{"width":1200,"height":1200,"url":"https:\/\/business.roovi.com\/wp-content\/uploads\/2018\/04\/jocul_proverbelor.png","type":"image\/png"}],"twitter_misc":{"Dur\u00e9e de lecture estim\u00e9e":"2 minutes"},"schema":{"@context":"https:\/\/schema.org","@graph":[{"@type":"WebPage","@id":"https:\/\/business.roovi.com\/fr\/le-jeu-du-proverbe-jeu-roumain\/p\/","url":"https:\/\/business.roovi.com\/fr\/le-jeu-du-proverbe-jeu-roumain\/p\/","name":"Le jeu du proverbe - Jeu roumain","isPartOf":{"@id":"https:\/\/business.roovi.com\/fr\/#website"},"datePublished":"2018-04-16T10:56:08+00:00","dateModified":"2022-07-13T10:57:46+00:00","description":"Le jeu du proverbe - Jeu roumain","breadcrumb":{"@id":"https:\/\/business.roovi.com\/fr\/le-jeu-du-proverbe-jeu-roumain\/p\/#breadcrumb"},"inLanguage":"fr-FR","potentialAction":[{"@type":"ReadAction","target":["https:\/\/business.roovi.com\/fr\/le-jeu-du-proverbe-jeu-roumain\/p\/"]}]},{"@type":"BreadcrumbList","@id":"https:\/\/business.roovi.com\/fr\/le-jeu-du-proverbe-jeu-roumain\/p\/#breadcrumb","itemListElement":[{"@type":"ListItem","position":1,"name":"Home","item":"https:\/\/business.roovi.com\/fr\/"},{"@type":"ListItem","position":2,"name":"Boutique","item":"https:\/\/business.roovi.com\/fr\/boutique\/"},{"@type":"ListItem","position":3,"name":"Le jeu du proverbe &#8211; Jeu roumain"}]},{"@type":"WebSite","@id":"https:\/\/business.roovi.com\/fr\/#website","url":"https:\/\/business.roovi.com\/fr\/","name":"Roovi B2B","description":"Roovi Business Website","potentialAction":[{"@type":"SearchAction","target":{"@type":"EntryPoint","urlTemplate":"https:\/\/business.roovi.com\/fr\/?s={search_term_string}"},"query-input":"required name=search_term_string"}],"inLanguage":"fr-FR"}]}},"_links":{"self":[{"href":"https:\/\/business.roovi.com\/fr\/wp-json\/wp\/v2\/product\/54564","targetHints":{"allow":["GET"]}}],"collection":[{"href":"https:\/\/business.roovi.com\/fr\/wp-json\/wp\/v2\/product"}],"about":[{"href":"https:\/\/business.roovi.com\/fr\/wp-json\/wp\/v2\/types\/product"}],"version-history":[{"count":0,"href":"https:\/\/business.roovi.com\/fr\/wp-json\/wp\/v2\/product\/54564\/revisions"}],"wp:featuredmedia":[{"embeddable":true,"href":"https:\/\/business.roovi.com\/fr\/wp-json\/wp\/v2\/media\/70270"}],"wp:attachment":[{"href":"https:\/\/business.roovi.com\/fr\/wp-json\/wp\/v2\/media?parent=54564"}],"wp:term":[{"taxonomy":"product_brand","embeddable":true,"href":"https:\/\/business.roovi.com\/fr\/wp-json\/wp\/v2\/product_brand?post=54564"},{"taxonomy":"product_cat","embeddable":true,"href":"https:\/\/business.roovi.com\/fr\/wp-json\/wp\/v2\/product_cat?post=54564"},{"taxonomy":"product_tag","embeddable":true,"href":"https:\/\/business.roovi.com\/fr\/wp-json\/wp\/v2\/product_tag?post=54564"}],"curies":[{"name":"wp","href":"https:\/\/api.w.org\/{rel}","templated":true}]}}