{"id":54583,"date":"2018-04-16T10:56:08","date_gmt":"2018-04-16T10:56:08","guid":{"rendered":"https:\/\/business.roovi.com\/joc-tomapan\/p\/"},"modified":"2022-07-13T10:57:57","modified_gmt":"2022-07-13T10:57:57","slug":"jeu-tomapan-jeu-pour-le-developpement-du-vocabulaire","status":"publish","type":"product","link":"https:\/\/business.roovi.com\/fr\/jeu-tomapan-jeu-pour-le-developpement-du-vocabulaire\/p\/","title":{"rendered":"Jeu TomaPan &#8211; jeu pour le d\u00e9veloppement du vocabulaire"},"content":{"rendered":"<p><span style=\"font-weight: 400;\">Qui se souvient du jeu Lands Cities Mountains Waters, jou\u00e9 pendant les pauses entre les cours ? Le jeu de notre enfance, \u021aomapan, est de retour sous une nouvelle forme tr\u00e8s ing\u00e9nieuse <\/span><\/p>\n<p><span style=\"font-weight: 400;\">La sympathique chouette donne le ton des d\u00e9fis et d\u00e9finit al\u00e9atoirement les lettres et les zones du jeu, pr\u00eate \u00e0 tout moment \u00e0 r\u00e9chauffer l&rsquo;atmosph\u00e8re \u00e0 mesure que le jeu s&rsquo;acc\u00e9l\u00e8re et que les joueurs se concentrent de plus en plus sur leurs r\u00e9ponses <\/span><\/p>\n<p><span style=\"font-weight: 400;\">As-tu d\u00e9j\u00e0 jou\u00e9 avec des enfants de Tomapan ? <\/span><\/p>\n<h2><span style=\"font-weight: 400;\">Savais-tu que Tomapan..<\/span><\/h2>\n<ul>\n<li><span style=\"font-weight: 400;\">C&rsquo;est un jeu dynamique qui teste l&rsquo;agilit\u00e9 des joueurs, la r\u00e9ponse la plus rapide remportant les jetons.<\/span><\/li>\n<li><span style=\"font-weight: 400;\">C&rsquo;est une fa\u00e7on amusante d&rsquo;am\u00e9liorer les capacit\u00e9s d&rsquo;attention et de concentration des enfants.<\/span><\/li>\n<li><span style=\"font-weight: 400;\">Il ouvre de nouveaux horizons de connaissances, avec de nouvelles informations de culture g\u00e9n\u00e9rale.<\/span><\/li>\n<li><span style=\"font-weight: 400;\">C&rsquo;est amusant et tr\u00e8s appr\u00e9ci\u00e9 des enfants de tous \u00e2ges, mais aussi des adultes qui ont le mal du pays.<\/span><\/li>\n<li><span style=\"font-weight: 400;\">Il est toujours le centre d&rsquo;attention d&rsquo;une f\u00eate et aide les enfants \u00e0 se connecter aux autres.<\/span><\/li>\n<\/ul>\n<h2><span style=\"font-weight: 400;\">Pourquoi choisir le jeu Tomapan<\/span><\/h2>\n<p><span style=\"font-weight: 400;\">C&rsquo;est un jeu qui a r\u00e9sist\u00e9 \u00e0 l&rsquo;\u00e9preuve du temps et qui prend maintenant une nouvelle forme amusante que les enfants adorent <\/span><\/p>\n<p><span style=\"font-weight: 400;\">La chouette charg\u00e9e de distribuer les jetons est toujours sous les feux de la rampe et ne peut jamais \u00eatre accus\u00e9e de tricher en disant l&rsquo;alphabet. \ud83d\ude42<\/span><\/p>\n<p><span style=\"font-weight: 400;\">Le jeu classique teste les connaissances des pays, des villes, des montagnes, des eaux, des plantes, des animaux et des noms, mais la chouette maligne a quelque chose en plus <\/span><\/p>\n<p><span style=\"font-weight: 400;\">Le nouveau Tomapan est accompagn\u00e9 de d\u00e9fis suppl\u00e9mentaires, avec 8 nouvelles cat\u00e9gories : villes roumaines, capitales, mammif\u00e8res, oiseaux, nourriture, objets, professions, personnes c\u00e9l\u00e8bres <\/span><\/p>\n<p><span style=\"font-weight: 400;\">Il convient aussi bien aux jeunes enfants, qui commencent \u00e0 s&rsquo;habituer au jeu et peuvent choisir des cat\u00e9gories et des lettres plus faciles \u00e0 associer, qu&rsquo;aux joueurs avanc\u00e9s pour qui les cat\u00e9gories suppl\u00e9mentaires constituent des d\u00e9fis passionnants.  <\/span><\/p>\n<p><span style=\"font-weight: 400;\">Pour t&rsquo;amuser davantage, t\u00e9l\u00e9charge l&rsquo;application Tomapan disponible pour Android et acc\u00e8de aux r\u00e9ponses lorsque tu es coinc\u00e9e.<\/span><\/p>\n<p><span style=\"font-weight: 400;\">Les jetons sont fabriqu\u00e9s en carton durable avec une finition mate qui garantit une usure durable, afin de pouvoir jouer encore et encore <\/span><\/p>\n<p><span style=\"font-weight: 400;\">La chouette a un m\u00e9canisme simple de distribution de jetons et est tr\u00e8s facile \u00e0 utiliser. Sa taille et sa forme conviennent aux mains des enfants et des adultes et la rendent tr\u00e8s confortable \u00e0 utiliser.<\/span><\/p>\n<p><span style=\"font-weight: 400;\">Essaie le jeu de Tomapan avec la sage chouette Buboo pour un d\u00e9fi comme jamais auparavant ! <\/span><\/p>\n<p><span style=\"font-weight: 400;\">\u00c2ge recommand\u00e9 : 10+<\/span><\/p>\n<p><span style=\"font-weight: 400;\">Joueurs : 2 &#8211; 6 personnes<\/span><\/p>\n<p><span style=\"font-weight: 400;\">La bo\u00eete contient : une chouette sp\u00e9ciale, 60 jetons de jeu double face, les r\u00e8gles du jeu <\/span><\/p>\n<p><span style=\"font-weight: 400;\">Jeu non recommand\u00e9 pour les enfants de moins de 3 ans.<\/span><\/p><\/p>\n","protected":false},"excerpt":{"rendered":"<p>Qui se souvient du jeu Lands Cities Mountains Waters, jou\u00e9 pendant les pauses entre les cours ? Le jeu de<\/p>\n","protected":false},"featured_media":45538,"template":"","meta":[],"product_brand":[],"product_cat":[2305,2303],"product_tag":[],"class_list":{"0":"post-54583","1":"product","2":"type-product","3":"status-publish","4":"has-post-thumbnail","6":"product_cat-jeux-de-famille","7":"product_cat-jeux-de-societe","8":"pa_bax-10-fr","9":"pa_brand-d_toys-fr","10":"pa_country_of_manufacture-ro-fr","11":"pa_filter_age-14-fr","12":"pa_filter_age-9_14-fr","13":"pa_tip_ambalaj-boite","15":"first","16":"instock","17":"taxable","18":"shipping-taxable","19":"product-type-simple"},"yoast_head":"<!-- This site is optimized with the Yoast SEO plugin v20.1 - https:\/\/yoast.com\/wordpress\/plugins\/seo\/ -->\n<title>Jeu TomaPan - jeu pour le d\u00e9veloppement du vocabulaire<\/title>\n<meta name=\"description\" content=\"Jeu TomaPan - jeu pour le d\u00e9veloppement du vocabulaire\" \/>\n<meta name=\"robots\" content=\"index, follow, max-snippet:-1, max-image-preview:large, max-video-preview:-1\" \/>\n<link rel=\"canonical\" href=\"https:\/\/business.roovi.com\/fr\/jeu-tomapan-jeu-pour-le-developpement-du-vocabulaire\/p\/\" \/>\n<meta property=\"og:locale\" content=\"fr_FR\" \/>\n<meta property=\"og:type\" content=\"article\" \/>\n<meta property=\"og:title\" content=\"Jeu TomaPan - jeu pour le d\u00e9veloppement du vocabulaire\" \/>\n<meta property=\"og:description\" content=\"Jeu TomaPan - jeu pour le d\u00e9veloppement du vocabulaire\" \/>\n<meta property=\"og:url\" content=\"https:\/\/business.roovi.com\/fr\/jeu-tomapan-jeu-pour-le-developpement-du-vocabulaire\/p\/\" \/>\n<meta property=\"og:site_name\" content=\"Roovi B2B\" \/>\n<meta property=\"article:publisher\" content=\"https:\/\/www.facebook.com\/wwwjucariero\" \/>\n<meta property=\"article:modified_time\" content=\"2022-07-13T10:57:57+00:00\" \/>\n<meta property=\"og:image\" content=\"https:\/\/business.roovi.com\/wp-content\/uploads\/2018\/04\/73266_elo_toma_pan_1.jpg\" \/>\n\t<meta property=\"og:image:width\" content=\"1200\" \/>\n\t<meta property=\"og:image:height\" content=\"1200\" \/>\n\t<meta property=\"og:image:type\" content=\"image\/jpeg\" \/>\n<meta name=\"twitter:label1\" content=\"Dur\u00e9e de lecture estim\u00e9e\" \/>\n\t<meta name=\"twitter:data1\" content=\"2 minutes\" \/>\n<script type=\"application\/ld+json\" class=\"yoast-schema-graph\">{\"@context\":\"https:\/\/schema.org\",\"@graph\":[{\"@type\":\"WebPage\",\"@id\":\"https:\/\/business.roovi.com\/fr\/jeu-tomapan-jeu-pour-le-developpement-du-vocabulaire\/p\/\",\"url\":\"https:\/\/business.roovi.com\/fr\/jeu-tomapan-jeu-pour-le-developpement-du-vocabulaire\/p\/\",\"name\":\"Jeu TomaPan - jeu pour le d\u00e9veloppement du vocabulaire\",\"isPartOf\":{\"@id\":\"https:\/\/business.roovi.com\/fr\/#website\"},\"datePublished\":\"2018-04-16T10:56:08+00:00\",\"dateModified\":\"2022-07-13T10:57:57+00:00\",\"description\":\"Jeu TomaPan - jeu pour le d\u00e9veloppement du vocabulaire\",\"breadcrumb\":{\"@id\":\"https:\/\/business.roovi.com\/fr\/jeu-tomapan-jeu-pour-le-developpement-du-vocabulaire\/p\/#breadcrumb\"},\"inLanguage\":\"fr-FR\",\"potentialAction\":[{\"@type\":\"ReadAction\",\"target\":[\"https:\/\/business.roovi.com\/fr\/jeu-tomapan-jeu-pour-le-developpement-du-vocabulaire\/p\/\"]}]},{\"@type\":\"BreadcrumbList\",\"@id\":\"https:\/\/business.roovi.com\/fr\/jeu-tomapan-jeu-pour-le-developpement-du-vocabulaire\/p\/#breadcrumb\",\"itemListElement\":[{\"@type\":\"ListItem\",\"position\":1,\"name\":\"Home\",\"item\":\"https:\/\/business.roovi.com\/fr\/\"},{\"@type\":\"ListItem\",\"position\":2,\"name\":\"Boutique\",\"item\":\"https:\/\/business.roovi.com\/fr\/boutique\/\"},{\"@type\":\"ListItem\",\"position\":3,\"name\":\"Jeu TomaPan &#8211; jeu pour le d\u00e9veloppement du vocabulaire\"}]},{\"@type\":\"WebSite\",\"@id\":\"https:\/\/business.roovi.com\/fr\/#website\",\"url\":\"https:\/\/business.roovi.com\/fr\/\",\"name\":\"Roovi B2B\",\"description\":\"Roovi Business Website\",\"potentialAction\":[{\"@type\":\"SearchAction\",\"target\":{\"@type\":\"EntryPoint\",\"urlTemplate\":\"https:\/\/business.roovi.com\/fr\/?s={search_term_string}\"},\"query-input\":\"required name=search_term_string\"}],\"inLanguage\":\"fr-FR\"}]}<\/script>\n<!-- \/ Yoast SEO plugin. -->","yoast_head_json":{"title":"Jeu TomaPan - jeu pour le d\u00e9veloppement du vocabulaire","description":"Jeu TomaPan - jeu pour le d\u00e9veloppement du vocabulaire","robots":{"index":"index","follow":"follow","max-snippet":"max-snippet:-1","max-image-preview":"max-image-preview:large","max-video-preview":"max-video-preview:-1"},"canonical":"https:\/\/business.roovi.com\/fr\/jeu-tomapan-jeu-pour-le-developpement-du-vocabulaire\/p\/","og_locale":"fr_FR","og_type":"article","og_title":"Jeu TomaPan - jeu pour le d\u00e9veloppement du vocabulaire","og_description":"Jeu TomaPan - jeu pour le d\u00e9veloppement du vocabulaire","og_url":"https:\/\/business.roovi.com\/fr\/jeu-tomapan-jeu-pour-le-developpement-du-vocabulaire\/p\/","og_site_name":"Roovi B2B","article_publisher":"https:\/\/www.facebook.com\/wwwjucariero","article_modified_time":"2022-07-13T10:57:57+00:00","og_image":[{"width":1200,"height":1200,"url":"https:\/\/business.roovi.com\/wp-content\/uploads\/2018\/04\/73266_elo_toma_pan_1.jpg","type":"image\/jpeg"}],"twitter_misc":{"Dur\u00e9e de lecture estim\u00e9e":"2 minutes"},"schema":{"@context":"https:\/\/schema.org","@graph":[{"@type":"WebPage","@id":"https:\/\/business.roovi.com\/fr\/jeu-tomapan-jeu-pour-le-developpement-du-vocabulaire\/p\/","url":"https:\/\/business.roovi.com\/fr\/jeu-tomapan-jeu-pour-le-developpement-du-vocabulaire\/p\/","name":"Jeu TomaPan - jeu pour le d\u00e9veloppement du vocabulaire","isPartOf":{"@id":"https:\/\/business.roovi.com\/fr\/#website"},"datePublished":"2018-04-16T10:56:08+00:00","dateModified":"2022-07-13T10:57:57+00:00","description":"Jeu TomaPan - jeu pour le d\u00e9veloppement du vocabulaire","breadcrumb":{"@id":"https:\/\/business.roovi.com\/fr\/jeu-tomapan-jeu-pour-le-developpement-du-vocabulaire\/p\/#breadcrumb"},"inLanguage":"fr-FR","potentialAction":[{"@type":"ReadAction","target":["https:\/\/business.roovi.com\/fr\/jeu-tomapan-jeu-pour-le-developpement-du-vocabulaire\/p\/"]}]},{"@type":"BreadcrumbList","@id":"https:\/\/business.roovi.com\/fr\/jeu-tomapan-jeu-pour-le-developpement-du-vocabulaire\/p\/#breadcrumb","itemListElement":[{"@type":"ListItem","position":1,"name":"Home","item":"https:\/\/business.roovi.com\/fr\/"},{"@type":"ListItem","position":2,"name":"Boutique","item":"https:\/\/business.roovi.com\/fr\/boutique\/"},{"@type":"ListItem","position":3,"name":"Jeu TomaPan &#8211; jeu pour le d\u00e9veloppement du vocabulaire"}]},{"@type":"WebSite","@id":"https:\/\/business.roovi.com\/fr\/#website","url":"https:\/\/business.roovi.com\/fr\/","name":"Roovi B2B","description":"Roovi Business Website","potentialAction":[{"@type":"SearchAction","target":{"@type":"EntryPoint","urlTemplate":"https:\/\/business.roovi.com\/fr\/?s={search_term_string}"},"query-input":"required name=search_term_string"}],"inLanguage":"fr-FR"}]}},"_links":{"self":[{"href":"https:\/\/business.roovi.com\/fr\/wp-json\/wp\/v2\/product\/54583","targetHints":{"allow":["GET"]}}],"collection":[{"href":"https:\/\/business.roovi.com\/fr\/wp-json\/wp\/v2\/product"}],"about":[{"href":"https:\/\/business.roovi.com\/fr\/wp-json\/wp\/v2\/types\/product"}],"version-history":[{"count":0,"href":"https:\/\/business.roovi.com\/fr\/wp-json\/wp\/v2\/product\/54583\/revisions"}],"wp:featuredmedia":[{"embeddable":true,"href":"https:\/\/business.roovi.com\/fr\/wp-json\/wp\/v2\/media\/45538"}],"wp:attachment":[{"href":"https:\/\/business.roovi.com\/fr\/wp-json\/wp\/v2\/media?parent=54583"}],"wp:term":[{"taxonomy":"product_brand","embeddable":true,"href":"https:\/\/business.roovi.com\/fr\/wp-json\/wp\/v2\/product_brand?post=54583"},{"taxonomy":"product_cat","embeddable":true,"href":"https:\/\/business.roovi.com\/fr\/wp-json\/wp\/v2\/product_cat?post=54583"},{"taxonomy":"product_tag","embeddable":true,"href":"https:\/\/business.roovi.com\/fr\/wp-json\/wp\/v2\/product_tag?post=54583"}],"curies":[{"name":"wp","href":"https:\/\/api.w.org\/{rel}","templated":true}]}}