{"id":54586,"date":"2018-04-16T10:56:08","date_gmt":"2018-04-16T10:56:08","guid":{"rendered":"https:\/\/business.roovi.com\/joc-globe-whizz-animale\/p\/"},"modified":"2022-07-13T10:57:59","modified_gmt":"2022-07-13T10:57:59","slug":"jeu-de-societe-educatif-globe-whizz-animals","status":"publish","type":"product","link":"https:\/\/business.roovi.com\/fr\/jeu-de-societe-educatif-globe-whizz-animals\/p\/","title":{"rendered":"Jeu de soci\u00e9t\u00e9 \u00e9ducatif &#8211; Globe Whizz Animals"},"content":{"rendered":"<p><span style=\"font-weight: 400;\">Savais-tu qu&rsquo;il existe une esp\u00e8ce de pingouins tropicaux ? Sais-tu quel animal n&rsquo;a pas sa place sur la liste : jder, vison, \u00e9cureuil, belette, p\u00e9toncle, furet, loutre ? Peux-tu citer 6 esp\u00e8ces d&rsquo;oiseaux du delta du Danube ?<\/span><\/p>\n<p><span style=\"font-weight: 400;\">Si tu y r\u00e9fl\u00e9chis depuis un moment et que tu n&rsquo;as pas trouv\u00e9 la r\u00e9ponse facilement, tu le d\u00e9couvriras en jouant \u00e0 l&rsquo;un des jeux les plus appr\u00e9ci\u00e9s, adapt\u00e9 aux petits et aux grands : Globe Whizz Animals, une incursion fantastique dans le monde \u00e9tonnant des oiseaux non humains <\/span><\/p>\n<p><span style=\"font-weight: 400;\">Avec le nouveau jeu Animal Globe Whizz, tu peux naviguer autour du monde pour d\u00e9couvrir les endroits les plus int\u00e9ressants de la plan\u00e8te et leurs cr\u00e9atures dans plus de 330 questions de quiz, r\u00e9ponses et explications choisies avec soin et expertise <\/span><\/p>\n<h2><span style=\"font-weight: 400;\">Savais-tu que les animaux de Globe Whizz..<\/span><\/h2>\n<ul>\n<li><span style=\"font-weight: 400;\">Stimule l&rsquo;apprentissage actif.<\/span><\/li>\n<li><span style=\"font-weight: 400;\">C&rsquo;est un excellent moyen de d\u00e9velopper des connaissances g\u00e9n\u00e9rales.<\/span><\/li>\n<li><span style=\"font-weight: 400;\">Il est ador\u00e9 par les enfants et les adultes et fournit de riches informations sur le monde des animaux.<\/span><\/li>\n<li><span style=\"font-weight: 400;\">Stimule la pens\u00e9e associative.<\/span><\/li>\n<li><span style=\"font-weight: 400;\">C&rsquo;est un jeu parfait pour une f\u00eate ou une soir\u00e9e amusante entre amis.<\/span><\/li>\n<li><span style=\"font-weight: 400;\">Il est rempli de d\u00e9fis amusants qui te permettent de rester connect\u00e9 au jeu.<\/span><\/li>\n<li><span style=\"font-weight: 400;\">C&rsquo;est ce jeu dont tu ne peux pas te passer !<\/span><\/li>\n<\/ul>\n<h2><span style=\"font-weight: 400;\">Pourquoi choisir un Globe Whizz Animal Game<\/span><\/h2>\n<p><span style=\"font-weight: 400;\">Les 128 cartes de jeu Globe Whizz Animal contiennent plus de 330 questions de quiz choisies avec soin et expertise, ainsi que des r\u00e9ponses et des explications <\/span><\/p>\n<p><span style=\"font-weight: 400;\">De plus, les questions sont regroup\u00e9es en 6 types de d\u00e9fis diff\u00e9rents : vrai ou faux, choisir la bonne r\u00e9ponse parmi 3 choix, compl\u00e9ter une partie de la r\u00e9ponse, r\u00e9pondre, activit\u00e9s surprises et combien sais-tu <\/span><\/p>\n<p><span style=\"font-weight: 400;\">La plupart des activit\u00e9s de Globe Whizz Animal repr\u00e9sentent un d\u00e9fi, m\u00eame pour les adultes. Nous avons choisi un niveau de difficult\u00e9 plus \u00e9lev\u00e9 car c&rsquo;est en jouant que l&rsquo;on apprend le plus et le jeu reste donc engageant m\u00eame apr\u00e8s une longue utilisation.<\/span><\/p>\n<p><span style=\"font-weight: 400;\">Si tu aimes les jeux Globe Whizz Animal, et que la curiosit\u00e9 est une caract\u00e9ristique inn\u00e9e, tu seras s\u00fbrement super excit\u00e9e de d\u00e9couvrir le jeu Globe Whizz Original, qui propose des informations de connaissances g\u00e9n\u00e9rales dans divers domaines <\/span><\/p>\n<p><span style=\"font-weight: 400;\">Pour qui recommandons-nous Globe Whizz Animal et les jeux Globe Whizz ? <\/span><\/p>\n<p><span style=\"font-weight: 400;\">Pour toute la famille, les aventuriers qui aiment les d\u00e9fis et tous ceux qui veulent passer des heures de plaisir \u00e9ducatif et intelligent <\/span><\/p>\n<p><span style=\"font-weight: 400;\">\u00c2ge recommand\u00e9 : 10+<\/span><\/p>\n<p><span style=\"font-weight: 400;\">Joueurs : 2 &#8211; 6 personnes<\/span><\/p>\n<p><span style=\"font-weight: 400;\">La bo\u00eete contient <\/span><span style=\"font-weight: 400;\">1 globe, 1 plateau de jeu, 128 cartes de jeu avec plus de 330 questions sur les animaux, 1 carte du monde, 6 explorateurs, 1 d\u00e9. La carte du monde Globe Whizz Animals est la carte du c\u00e9l\u00e8bre jeu Animaux des Continents, cr\u00e9\u00e9 et illustr\u00e9 par I. Nicolau<\/span><\/p>\n<p><span style=\"font-weight: 400;\">Non recommand\u00e9 pour les enfants de moins de 3 ans. Contient de petits morceaux qui peuvent \u00eatre aval\u00e9s.<\/span><\/p><\/p>\n","protected":false},"excerpt":{"rendered":"<p>Savais-tu qu&rsquo;il existe une esp\u00e8ce de pingouins tropicaux ? Sais-tu quel animal n&rsquo;a pas sa place sur la liste :<\/p>\n","protected":false},"featured_media":45540,"template":"","meta":[],"product_brand":[],"product_cat":[2303,2306],"product_tag":[],"class_list":{"0":"post-54586","1":"product","2":"type-product","3":"status-publish","4":"has-post-thumbnail","6":"product_cat-jeux-de-societe","7":"product_cat-jeux-educatifs-et-jeux-de-quiz","8":"pa_bax-7-fr","9":"pa_brand-d_toys-fr","10":"pa_country_of_manufacture-ro-fr","11":"pa_filter_age-14-fr","12":"pa_filter_age-9_14-fr","13":"pa_tip_ambalaj-boite","15":"first","16":"instock","17":"taxable","18":"shipping-taxable","19":"product-type-simple"},"yoast_head":"<!-- This site is optimized with the Yoast SEO plugin v20.1 - https:\/\/yoast.com\/wordpress\/plugins\/seo\/ -->\n<title>Jeu de soci\u00e9t\u00e9 \u00e9ducatif - Globe Whizz Animals<\/title>\n<meta name=\"description\" content=\"Jeu de soci\u00e9t\u00e9 \u00e9ducatif - Globe Whizz Animals\" \/>\n<meta name=\"robots\" content=\"index, follow, max-snippet:-1, max-image-preview:large, max-video-preview:-1\" \/>\n<link rel=\"canonical\" href=\"https:\/\/business.roovi.com\/fr\/jeu-de-societe-educatif-globe-whizz-animals\/p\/\" \/>\n<meta property=\"og:locale\" content=\"fr_FR\" \/>\n<meta property=\"og:type\" content=\"article\" \/>\n<meta property=\"og:title\" content=\"Jeu de soci\u00e9t\u00e9 \u00e9ducatif - Globe Whizz Animals\" \/>\n<meta property=\"og:description\" content=\"Jeu de soci\u00e9t\u00e9 \u00e9ducatif - Globe Whizz Animals\" \/>\n<meta property=\"og:url\" content=\"https:\/\/business.roovi.com\/fr\/jeu-de-societe-educatif-globe-whizz-animals\/p\/\" \/>\n<meta property=\"og:site_name\" content=\"Roovi B2B\" \/>\n<meta property=\"article:publisher\" content=\"https:\/\/www.facebook.com\/wwwjucariero\" \/>\n<meta property=\"article:modified_time\" content=\"2022-07-13T10:57:59+00:00\" \/>\n<meta property=\"og:image\" content=\"https:\/\/business.roovi.com\/wp-content\/uploads\/2018\/04\/73426_elo_animal_globe_whizz_1.jpg\" \/>\n\t<meta property=\"og:image:width\" content=\"1200\" \/>\n\t<meta property=\"og:image:height\" content=\"1200\" \/>\n\t<meta property=\"og:image:type\" content=\"image\/jpeg\" \/>\n<meta name=\"twitter:label1\" content=\"Dur\u00e9e de lecture estim\u00e9e\" \/>\n\t<meta name=\"twitter:data1\" content=\"2 minutes\" \/>\n<script type=\"application\/ld+json\" class=\"yoast-schema-graph\">{\"@context\":\"https:\/\/schema.org\",\"@graph\":[{\"@type\":\"WebPage\",\"@id\":\"https:\/\/business.roovi.com\/fr\/jeu-de-societe-educatif-globe-whizz-animals\/p\/\",\"url\":\"https:\/\/business.roovi.com\/fr\/jeu-de-societe-educatif-globe-whizz-animals\/p\/\",\"name\":\"Jeu de soci\u00e9t\u00e9 \u00e9ducatif - Globe Whizz Animals\",\"isPartOf\":{\"@id\":\"https:\/\/business.roovi.com\/fr\/#website\"},\"datePublished\":\"2018-04-16T10:56:08+00:00\",\"dateModified\":\"2022-07-13T10:57:59+00:00\",\"description\":\"Jeu de soci\u00e9t\u00e9 \u00e9ducatif - Globe Whizz Animals\",\"breadcrumb\":{\"@id\":\"https:\/\/business.roovi.com\/fr\/jeu-de-societe-educatif-globe-whizz-animals\/p\/#breadcrumb\"},\"inLanguage\":\"fr-FR\",\"potentialAction\":[{\"@type\":\"ReadAction\",\"target\":[\"https:\/\/business.roovi.com\/fr\/jeu-de-societe-educatif-globe-whizz-animals\/p\/\"]}]},{\"@type\":\"BreadcrumbList\",\"@id\":\"https:\/\/business.roovi.com\/fr\/jeu-de-societe-educatif-globe-whizz-animals\/p\/#breadcrumb\",\"itemListElement\":[{\"@type\":\"ListItem\",\"position\":1,\"name\":\"Home\",\"item\":\"https:\/\/business.roovi.com\/fr\/\"},{\"@type\":\"ListItem\",\"position\":2,\"name\":\"Boutique\",\"item\":\"https:\/\/business.roovi.com\/fr\/boutique\/\"},{\"@type\":\"ListItem\",\"position\":3,\"name\":\"Jeu de soci\u00e9t\u00e9 \u00e9ducatif &#8211; Globe Whizz Animals\"}]},{\"@type\":\"WebSite\",\"@id\":\"https:\/\/business.roovi.com\/fr\/#website\",\"url\":\"https:\/\/business.roovi.com\/fr\/\",\"name\":\"Roovi B2B\",\"description\":\"Roovi Business Website\",\"potentialAction\":[{\"@type\":\"SearchAction\",\"target\":{\"@type\":\"EntryPoint\",\"urlTemplate\":\"https:\/\/business.roovi.com\/fr\/?s={search_term_string}\"},\"query-input\":\"required name=search_term_string\"}],\"inLanguage\":\"fr-FR\"}]}<\/script>\n<!-- \/ Yoast SEO plugin. -->","yoast_head_json":{"title":"Jeu de soci\u00e9t\u00e9 \u00e9ducatif - Globe Whizz Animals","description":"Jeu de soci\u00e9t\u00e9 \u00e9ducatif - Globe Whizz Animals","robots":{"index":"index","follow":"follow","max-snippet":"max-snippet:-1","max-image-preview":"max-image-preview:large","max-video-preview":"max-video-preview:-1"},"canonical":"https:\/\/business.roovi.com\/fr\/jeu-de-societe-educatif-globe-whizz-animals\/p\/","og_locale":"fr_FR","og_type":"article","og_title":"Jeu de soci\u00e9t\u00e9 \u00e9ducatif - Globe Whizz Animals","og_description":"Jeu de soci\u00e9t\u00e9 \u00e9ducatif - Globe Whizz Animals","og_url":"https:\/\/business.roovi.com\/fr\/jeu-de-societe-educatif-globe-whizz-animals\/p\/","og_site_name":"Roovi B2B","article_publisher":"https:\/\/www.facebook.com\/wwwjucariero","article_modified_time":"2022-07-13T10:57:59+00:00","og_image":[{"width":1200,"height":1200,"url":"https:\/\/business.roovi.com\/wp-content\/uploads\/2018\/04\/73426_elo_animal_globe_whizz_1.jpg","type":"image\/jpeg"}],"twitter_misc":{"Dur\u00e9e de lecture estim\u00e9e":"2 minutes"},"schema":{"@context":"https:\/\/schema.org","@graph":[{"@type":"WebPage","@id":"https:\/\/business.roovi.com\/fr\/jeu-de-societe-educatif-globe-whizz-animals\/p\/","url":"https:\/\/business.roovi.com\/fr\/jeu-de-societe-educatif-globe-whizz-animals\/p\/","name":"Jeu de soci\u00e9t\u00e9 \u00e9ducatif - Globe Whizz Animals","isPartOf":{"@id":"https:\/\/business.roovi.com\/fr\/#website"},"datePublished":"2018-04-16T10:56:08+00:00","dateModified":"2022-07-13T10:57:59+00:00","description":"Jeu de soci\u00e9t\u00e9 \u00e9ducatif - Globe Whizz Animals","breadcrumb":{"@id":"https:\/\/business.roovi.com\/fr\/jeu-de-societe-educatif-globe-whizz-animals\/p\/#breadcrumb"},"inLanguage":"fr-FR","potentialAction":[{"@type":"ReadAction","target":["https:\/\/business.roovi.com\/fr\/jeu-de-societe-educatif-globe-whizz-animals\/p\/"]}]},{"@type":"BreadcrumbList","@id":"https:\/\/business.roovi.com\/fr\/jeu-de-societe-educatif-globe-whizz-animals\/p\/#breadcrumb","itemListElement":[{"@type":"ListItem","position":1,"name":"Home","item":"https:\/\/business.roovi.com\/fr\/"},{"@type":"ListItem","position":2,"name":"Boutique","item":"https:\/\/business.roovi.com\/fr\/boutique\/"},{"@type":"ListItem","position":3,"name":"Jeu de soci\u00e9t\u00e9 \u00e9ducatif &#8211; Globe Whizz Animals"}]},{"@type":"WebSite","@id":"https:\/\/business.roovi.com\/fr\/#website","url":"https:\/\/business.roovi.com\/fr\/","name":"Roovi B2B","description":"Roovi Business Website","potentialAction":[{"@type":"SearchAction","target":{"@type":"EntryPoint","urlTemplate":"https:\/\/business.roovi.com\/fr\/?s={search_term_string}"},"query-input":"required name=search_term_string"}],"inLanguage":"fr-FR"}]}},"_links":{"self":[{"href":"https:\/\/business.roovi.com\/fr\/wp-json\/wp\/v2\/product\/54586","targetHints":{"allow":["GET"]}}],"collection":[{"href":"https:\/\/business.roovi.com\/fr\/wp-json\/wp\/v2\/product"}],"about":[{"href":"https:\/\/business.roovi.com\/fr\/wp-json\/wp\/v2\/types\/product"}],"version-history":[{"count":0,"href":"https:\/\/business.roovi.com\/fr\/wp-json\/wp\/v2\/product\/54586\/revisions"}],"wp:featuredmedia":[{"embeddable":true,"href":"https:\/\/business.roovi.com\/fr\/wp-json\/wp\/v2\/media\/45540"}],"wp:attachment":[{"href":"https:\/\/business.roovi.com\/fr\/wp-json\/wp\/v2\/media?parent=54586"}],"wp:term":[{"taxonomy":"product_brand","embeddable":true,"href":"https:\/\/business.roovi.com\/fr\/wp-json\/wp\/v2\/product_brand?post=54586"},{"taxonomy":"product_cat","embeddable":true,"href":"https:\/\/business.roovi.com\/fr\/wp-json\/wp\/v2\/product_cat?post=54586"},{"taxonomy":"product_tag","embeddable":true,"href":"https:\/\/business.roovi.com\/fr\/wp-json\/wp\/v2\/product_tag?post=54586"}],"curies":[{"name":"wp","href":"https:\/\/api.w.org\/{rel}","templated":true}]}}