{"id":54594,"date":"2018-04-16T10:56:08","date_gmt":"2018-04-16T10:56:08","guid":{"rendered":"https:\/\/business.roovi.com\/joc-buboo-descopera-corpul-uman\/p\/"},"modified":"2022-07-13T10:58:03","modified_gmt":"2022-07-13T10:58:03","slug":"jeu-buboo-decouvre-le-corps-humain-jeu-educatif","status":"publish","type":"product","link":"https:\/\/business.roovi.com\/fr\/jeu-buboo-decouvre-le-corps-humain-jeu-educatif\/p\/","title":{"rendered":"Jeu Buboo &#8211; D\u00e9couvre le corps humain &#8211; Jeu \u00e9ducatif"},"content":{"rendered":"<p><span style=\"font-weight: 400;\">Parfois, la curiosit\u00e9 des enfants pour le corps humain peut mettre les adultes mal \u00e0 l&rsquo;aise. \u00c0 quoi ressemble la rate ? Comment les poumons sont-ils attach\u00e9s au dos ? Le cerveau ressemble-t-il vraiment \u00e0 une noix ? <\/span><\/p>\n<p><span style=\"font-weight: 400;\">Et si le dessin n&rsquo;est pas ton point fort, \u00eatre capable de dessiner des images r\u00e9alistes d&rsquo;organes pour r\u00e9pondre \u00e0 leurs questions n\u00e9cessite probablement un peu d&rsquo;aide <\/span><\/p>\n<p><span style=\"font-weight: 400;\">D\u00e9couvre avec tes enfants \u00e0 quoi ressemblent les organes internes et o\u00f9 ils sont situ\u00e9s dans le corps humain avec Buboo la chouette &#8211; Corps humain. Un jeu amusant et \u00e9ducatif avec des illustrations simples montrant des images des organes et leur position dans le corps.  <\/span><\/p>\n<p><span style=\"font-weight: 400;\">Le jeu Buboo &#8211; D\u00e9couvrir le corps humain est amusant, interactif et tr\u00e8s appr\u00e9ci\u00e9 des enfants, notamment parce qu&rsquo;il fonctionne bien comme jeu de soci\u00e9t\u00e9 lors d&rsquo;une f\u00eate d&rsquo;enfants, qu&rsquo;il peut \u00eatre un cadeau parfait pour un enfant curieux ou qu&rsquo;il peut \u00eatre jou\u00e9 en famille lorsque le temps froid ou pluvieux te retient \u00e0 l&rsquo;int\u00e9rieur.  <\/span><\/p>\n<h2><span style=\"font-weight: 400;\">Savais-tu que le jeu Buboo &#8211; D\u00e9couvrir le corps humain ..<\/span><\/h2>\n<ul>\n<li><span style=\"font-weight: 400;\">Est un jeu cr\u00e9atif et \u00e9ducatif qui aide \u00e0 d\u00e9velopper la m\u00e9moire.<\/span><\/li>\n<li><span style=\"font-weight: 400;\">Il cultive un esprit de comp\u00e9tition pour tenter de collecter le plus de jetons possible.<\/span><\/li>\n<li><span style=\"font-weight: 400;\">Aide \u00e0 d\u00e9velopper la pens\u00e9e associative en reconnaissant les bonnes images pour les noms,<\/span><\/li>\n<li><span style=\"font-weight: 400;\">C&rsquo;est un moyen unique d&rsquo;aider les enfants \u00e0 d\u00e9couvrir et \u00e0 explorer le corps humain par le jeu, sans se sentir contraints <\/span><\/li>\n<\/ul>\n<p><span style=\"font-weight: 400; font-size: 26px;\">Pourquoi choisir le jeu Buboo &#8211; D\u00e9couvrir le corps humain<\/span><\/p>\n<p><span style=\"font-weight: 400;\">C&rsquo;est un jeu aux r\u00e8gles et \u00e0 la m\u00e9canique simples, facile \u00e0 jouer m\u00eame pour les jeunes enfants lorsqu&rsquo;ils sont curieux de d\u00e9couvrir de nouvelles informations sur le corps humain <\/span><\/p>\n<p><span style=\"font-weight: 400;\">La mignonne petite chouette est charg\u00e9e de distribuer les jetons de fa\u00e7on al\u00e9atoire, sans pr\u00e9f\u00e9rence et sans prendre parti <\/span><\/p>\n<p><span style=\"font-weight: 400;\">Le jeu est bas\u00e9 sur une s\u00e9rie de jetons et de plateaux de jeu \u00e0 2 faces en carton \u00e9pais et solide qui se compl\u00e8tent parfaitement. Les organes tels que le cerveau, la thyro\u00efde, la dent, le c\u0153ur, les poumons, la rate, le foie, l&rsquo;estomac, le pancr\u00e9as, les reins, les os, la vessie, l&rsquo;intestin gr\u00eale ou le c\u00f4lon sont illustr\u00e9s sur les pi\u00e8ces du jeu et trouvent leur place dans le corps humain <\/span><\/p>\n<p><span style=\"font-weight: 400;\">C&rsquo;est un jeu qui convient aussi bien aux avanc\u00e9s qu&rsquo;aux d\u00e9butants, qui peuvent identifier les organes \u00e0 la fois par leur nom et leur image. De plus, il existe 3 variantes de jeu pour tester tes connaissances avec tes petits <\/span><\/p>\n<p><span style=\"font-weight: 400;\">La chouette est fabriqu\u00e9e en plastique solide et le m\u00e9canisme est simple \u00e0 utiliser. Il s&rsquo;agit de d\u00e9placer les globes oculaires de la chouette de haut en bas pour distribuer les jetons. Les tailles sont adapt\u00e9es aux adultes et aux petits curieux.<\/span><\/p>\n<p><span style=\"font-weight: 400;\">Relevez le d\u00e9fi de la chouette Buboo et offrez aux enfants une fa\u00e7on intelligente de d\u00e9couvrir le corps humain.<\/span><\/p>\n<p><span style=\"font-weight: 400;\">\u00c2ge recommand\u00e9 : 8+<\/span><\/p>\n<p><span style=\"font-weight: 400;\">Jou joueurs : 1 &#8211; 4 personnes<\/span><\/p>\n<p><span style=\"font-weight: 400;\">La bo\u00eete contient : Buboo la chouette, 56 jetons de jeu, 16 planches \u00e0 2 faces, r\u00e8gles du jeu <\/span><\/p>\n<p><span style=\"font-weight: 400;\">Jeu non recommand\u00e9 pour les enfants de moins de 3 ans.<\/span><\/p><\/p>\n","protected":false},"excerpt":{"rendered":"<p>Parfois, la curiosit\u00e9 des enfants pour le corps humain peut mettre les adultes mal \u00e0 l&rsquo;aise. \u00c0 quoi ressemble la<\/p>\n","protected":false},"featured_media":45550,"template":"","meta":[],"product_brand":[],"product_cat":[2303,2306],"product_tag":[],"class_list":{"0":"post-54594","1":"product","2":"type-product","3":"status-publish","4":"has-post-thumbnail","6":"product_cat-jeux-de-societe","7":"product_cat-jeux-educatifs-et-jeux-de-quiz","8":"pa_brand-d_toys-fr","9":"pa_country_of_manufacture-ro-fr","10":"pa_filter_age-14-fr","11":"pa_filter_age-7_9-fr","12":"pa_filter_age-9_14-fr","13":"pa_tip_ambalaj-boite","15":"first","16":"instock","17":"taxable","18":"shipping-taxable","19":"product-type-simple"},"yoast_head":"<!-- This site is optimized with the Yoast SEO plugin v20.1 - https:\/\/yoast.com\/wordpress\/plugins\/seo\/ -->\n<title>Jeu Buboo - D\u00e9couvre le corps humain - Jeu \u00e9ducatif<\/title>\n<meta name=\"description\" content=\"Jeu Buboo - D\u00e9couvre le corps humain - Jeu \u00e9ducatif\" \/>\n<meta name=\"robots\" content=\"index, follow, max-snippet:-1, max-image-preview:large, max-video-preview:-1\" \/>\n<link rel=\"canonical\" href=\"https:\/\/business.roovi.com\/fr\/jeu-buboo-decouvre-le-corps-humain-jeu-educatif\/p\/\" \/>\n<meta property=\"og:locale\" content=\"fr_FR\" \/>\n<meta property=\"og:type\" content=\"article\" \/>\n<meta property=\"og:title\" content=\"Jeu Buboo - D\u00e9couvre le corps humain - Jeu \u00e9ducatif\" \/>\n<meta property=\"og:description\" content=\"Jeu Buboo - D\u00e9couvre le corps humain - Jeu \u00e9ducatif\" \/>\n<meta property=\"og:url\" content=\"https:\/\/business.roovi.com\/fr\/jeu-buboo-decouvre-le-corps-humain-jeu-educatif\/p\/\" \/>\n<meta property=\"og:site_name\" content=\"Roovi B2B\" \/>\n<meta property=\"article:publisher\" content=\"https:\/\/www.facebook.com\/wwwjucariero\" \/>\n<meta property=\"article:modified_time\" content=\"2022-07-13T10:58:03+00:00\" \/>\n<meta property=\"og:image\" content=\"https:\/\/business.roovi.com\/wp-content\/uploads\/2018\/04\/72627_elo_1.jpg\" \/>\n\t<meta property=\"og:image:width\" content=\"1200\" \/>\n\t<meta property=\"og:image:height\" content=\"1200\" \/>\n\t<meta property=\"og:image:type\" content=\"image\/jpeg\" \/>\n<meta name=\"twitter:label1\" content=\"Dur\u00e9e de lecture estim\u00e9e\" \/>\n\t<meta name=\"twitter:data1\" content=\"3 minutes\" \/>\n<script type=\"application\/ld+json\" class=\"yoast-schema-graph\">{\"@context\":\"https:\/\/schema.org\",\"@graph\":[{\"@type\":\"WebPage\",\"@id\":\"https:\/\/business.roovi.com\/fr\/jeu-buboo-decouvre-le-corps-humain-jeu-educatif\/p\/\",\"url\":\"https:\/\/business.roovi.com\/fr\/jeu-buboo-decouvre-le-corps-humain-jeu-educatif\/p\/\",\"name\":\"Jeu Buboo - D\u00e9couvre le corps humain - Jeu \u00e9ducatif\",\"isPartOf\":{\"@id\":\"https:\/\/business.roovi.com\/fr\/#website\"},\"datePublished\":\"2018-04-16T10:56:08+00:00\",\"dateModified\":\"2022-07-13T10:58:03+00:00\",\"description\":\"Jeu Buboo - D\u00e9couvre le corps humain - Jeu \u00e9ducatif\",\"breadcrumb\":{\"@id\":\"https:\/\/business.roovi.com\/fr\/jeu-buboo-decouvre-le-corps-humain-jeu-educatif\/p\/#breadcrumb\"},\"inLanguage\":\"fr-FR\",\"potentialAction\":[{\"@type\":\"ReadAction\",\"target\":[\"https:\/\/business.roovi.com\/fr\/jeu-buboo-decouvre-le-corps-humain-jeu-educatif\/p\/\"]}]},{\"@type\":\"BreadcrumbList\",\"@id\":\"https:\/\/business.roovi.com\/fr\/jeu-buboo-decouvre-le-corps-humain-jeu-educatif\/p\/#breadcrumb\",\"itemListElement\":[{\"@type\":\"ListItem\",\"position\":1,\"name\":\"Home\",\"item\":\"https:\/\/business.roovi.com\/fr\/\"},{\"@type\":\"ListItem\",\"position\":2,\"name\":\"Boutique\",\"item\":\"https:\/\/business.roovi.com\/fr\/boutique\/\"},{\"@type\":\"ListItem\",\"position\":3,\"name\":\"Jeu Buboo &#8211; D\u00e9couvre le corps humain &#8211; Jeu \u00e9ducatif\"}]},{\"@type\":\"WebSite\",\"@id\":\"https:\/\/business.roovi.com\/fr\/#website\",\"url\":\"https:\/\/business.roovi.com\/fr\/\",\"name\":\"Roovi B2B\",\"description\":\"Roovi Business Website\",\"potentialAction\":[{\"@type\":\"SearchAction\",\"target\":{\"@type\":\"EntryPoint\",\"urlTemplate\":\"https:\/\/business.roovi.com\/fr\/?s={search_term_string}\"},\"query-input\":\"required name=search_term_string\"}],\"inLanguage\":\"fr-FR\"}]}<\/script>\n<!-- \/ Yoast SEO plugin. -->","yoast_head_json":{"title":"Jeu Buboo - D\u00e9couvre le corps humain - Jeu \u00e9ducatif","description":"Jeu Buboo - D\u00e9couvre le corps humain - Jeu \u00e9ducatif","robots":{"index":"index","follow":"follow","max-snippet":"max-snippet:-1","max-image-preview":"max-image-preview:large","max-video-preview":"max-video-preview:-1"},"canonical":"https:\/\/business.roovi.com\/fr\/jeu-buboo-decouvre-le-corps-humain-jeu-educatif\/p\/","og_locale":"fr_FR","og_type":"article","og_title":"Jeu Buboo - D\u00e9couvre le corps humain - Jeu \u00e9ducatif","og_description":"Jeu Buboo - D\u00e9couvre le corps humain - Jeu \u00e9ducatif","og_url":"https:\/\/business.roovi.com\/fr\/jeu-buboo-decouvre-le-corps-humain-jeu-educatif\/p\/","og_site_name":"Roovi B2B","article_publisher":"https:\/\/www.facebook.com\/wwwjucariero","article_modified_time":"2022-07-13T10:58:03+00:00","og_image":[{"width":1200,"height":1200,"url":"https:\/\/business.roovi.com\/wp-content\/uploads\/2018\/04\/72627_elo_1.jpg","type":"image\/jpeg"}],"twitter_misc":{"Dur\u00e9e de lecture estim\u00e9e":"3 minutes"},"schema":{"@context":"https:\/\/schema.org","@graph":[{"@type":"WebPage","@id":"https:\/\/business.roovi.com\/fr\/jeu-buboo-decouvre-le-corps-humain-jeu-educatif\/p\/","url":"https:\/\/business.roovi.com\/fr\/jeu-buboo-decouvre-le-corps-humain-jeu-educatif\/p\/","name":"Jeu Buboo - D\u00e9couvre le corps humain - Jeu \u00e9ducatif","isPartOf":{"@id":"https:\/\/business.roovi.com\/fr\/#website"},"datePublished":"2018-04-16T10:56:08+00:00","dateModified":"2022-07-13T10:58:03+00:00","description":"Jeu Buboo - D\u00e9couvre le corps humain - Jeu \u00e9ducatif","breadcrumb":{"@id":"https:\/\/business.roovi.com\/fr\/jeu-buboo-decouvre-le-corps-humain-jeu-educatif\/p\/#breadcrumb"},"inLanguage":"fr-FR","potentialAction":[{"@type":"ReadAction","target":["https:\/\/business.roovi.com\/fr\/jeu-buboo-decouvre-le-corps-humain-jeu-educatif\/p\/"]}]},{"@type":"BreadcrumbList","@id":"https:\/\/business.roovi.com\/fr\/jeu-buboo-decouvre-le-corps-humain-jeu-educatif\/p\/#breadcrumb","itemListElement":[{"@type":"ListItem","position":1,"name":"Home","item":"https:\/\/business.roovi.com\/fr\/"},{"@type":"ListItem","position":2,"name":"Boutique","item":"https:\/\/business.roovi.com\/fr\/boutique\/"},{"@type":"ListItem","position":3,"name":"Jeu Buboo &#8211; D\u00e9couvre le corps humain &#8211; Jeu \u00e9ducatif"}]},{"@type":"WebSite","@id":"https:\/\/business.roovi.com\/fr\/#website","url":"https:\/\/business.roovi.com\/fr\/","name":"Roovi B2B","description":"Roovi Business Website","potentialAction":[{"@type":"SearchAction","target":{"@type":"EntryPoint","urlTemplate":"https:\/\/business.roovi.com\/fr\/?s={search_term_string}"},"query-input":"required name=search_term_string"}],"inLanguage":"fr-FR"}]}},"_links":{"self":[{"href":"https:\/\/business.roovi.com\/fr\/wp-json\/wp\/v2\/product\/54594","targetHints":{"allow":["GET"]}}],"collection":[{"href":"https:\/\/business.roovi.com\/fr\/wp-json\/wp\/v2\/product"}],"about":[{"href":"https:\/\/business.roovi.com\/fr\/wp-json\/wp\/v2\/types\/product"}],"version-history":[{"count":0,"href":"https:\/\/business.roovi.com\/fr\/wp-json\/wp\/v2\/product\/54594\/revisions"}],"wp:featuredmedia":[{"embeddable":true,"href":"https:\/\/business.roovi.com\/fr\/wp-json\/wp\/v2\/media\/45550"}],"wp:attachment":[{"href":"https:\/\/business.roovi.com\/fr\/wp-json\/wp\/v2\/media?parent=54594"}],"wp:term":[{"taxonomy":"product_brand","embeddable":true,"href":"https:\/\/business.roovi.com\/fr\/wp-json\/wp\/v2\/product_brand?post=54594"},{"taxonomy":"product_cat","embeddable":true,"href":"https:\/\/business.roovi.com\/fr\/wp-json\/wp\/v2\/product_cat?post=54594"},{"taxonomy":"product_tag","embeddable":true,"href":"https:\/\/business.roovi.com\/fr\/wp-json\/wp\/v2\/product_tag?post=54594"}],"curies":[{"name":"wp","href":"https:\/\/api.w.org\/{rel}","templated":true}]}}