{"id":54606,"date":"2018-04-16T10:56:08","date_gmt":"2018-04-16T10:56:08","guid":{"rendered":"https:\/\/business.roovi.com\/joc-de-%c5%9fah\/p\/"},"modified":"2022-07-13T10:58:16","modified_gmt":"2022-07-13T10:58:16","slug":"jeu-dechecs","status":"publish","type":"product","link":"https:\/\/business.roovi.com\/fr\/jeu-dechecs\/p\/","title":{"rendered":"Jeu d&rsquo;\u00e9checs"},"content":{"rendered":"<p><span style=\"font-weight: 400;\">Savais-tu que les \u00e9checs sont l&rsquo;un des jeux les plus anciens \u00e0 avoir surv\u00e9cu \u00e0 travers les \u00e2ges ? On pense que les \u00e9checs ont leurs origines dans la lointaine Inde, bien que la Perse et la Chine soient \u00e9galement mentionn\u00e9es par les historiens.<\/span><\/p>\n<p><span style=\"font-weight: 400;\">Qu&rsquo;est-ce que les \u00e9checs ? Les \u00e9checs sont un sport et un jeu de l&rsquo;esprit. C&rsquo;est ce jeu qui combine avec succ\u00e8s la pens\u00e9e strat\u00e9gique, la logique et l&rsquo;anticipation, en planifiant soigneusement chaque coup en fonction de celui de l&rsquo;adversaire <\/span><\/p>\n<p><span style=\"font-weight: 400;\">Dans une partie d&rsquo;\u00e9checs, le seul effort physique du joueur consiste \u00e0 d\u00e9placer la pi\u00e8ce sur le plateau. De plus, c&rsquo;est un jeu domin\u00e9 par le silence et la concentration, qui suit des r\u00e8gles bien d\u00e9finies.<\/span><\/p>\n<h2><span style=\"font-weight: 400;\">Savais-tu que le jeu d&rsquo;\u00e9checs..<\/span><\/h2>\n<ul>\n<li><span style=\"font-weight: 400;\">Soutient le d\u00e9veloppement de la pens\u00e9e strat\u00e9gique.<\/span><\/li>\n<li><span style=\"font-weight: 400;\">C&rsquo;est un excellent exercice pour d\u00e9velopper la pens\u00e9e logique et anticipative, en essayant de \u00ab\u00a0voir\u00a0\u00bb les prochains mouvements de ton adversaire.<\/span><\/li>\n<li><span style=\"font-weight: 400;\">Aide \u00e0 d\u00e9velopper l&rsquo;esprit de comp\u00e9tition.<\/span><\/li>\n<li><span style=\"font-weight: 400;\">Cr\u00e9e une discipline qui se refl\u00e8te de mani\u00e8re b\u00e9n\u00e9fique dans tous les aspects de la vie.<\/span><\/li>\n<li><span style=\"font-weight: 400;\">C&rsquo;est un jeu qui consiste \u00e0 se d\u00e9connecter et \u00e0 se concentrer sur un seul objectif.<\/span><\/li>\n<li><span style=\"font-weight: 400;\">Les enfants qui commencent \u00e0 jouer aux \u00e9checs remarqueront une am\u00e9lioration de leur m\u00e9moire, une facilit\u00e9 \u00e0 comprendre la mati\u00e8re et de meilleurs r\u00e9sultats scolaires.<\/span><\/li>\n<\/ul>\n<h2><span style=\"font-weight: 400;\">Pourquoi choisir les \u00e9checs<\/span><\/h2>\n<p><span style=\"font-weight: 400;\">Les pi\u00e8ces de ce jeu d&rsquo;\u00e9checs sont de taille officielle pour la comp\u00e9tition.<\/span><\/p>\n<p><span style=\"font-weight: 400;\">Le jeu d&rsquo;\u00e9checs a une forme compacte et facile \u00e0 transporter pour que tu puisses t&rsquo;entra\u00eener partout, m\u00eame en vacances. Les pi\u00e8ces sont en plastique et la planche est en carton.<\/span><\/p>\n<p><span style=\"font-weight: 400;\">Les \u00e9checs sont un jeu de strat\u00e9gie abstrait et une forme populaire de relaxation.<\/span><\/p>\n<p><span style=\"font-weight: 400;\">\u00c2ge recommand\u00e9 : 14+<\/span><\/p>\n<p><span style=\"font-weight: 400;\">Joueurs : 2 personnes<\/span><\/p>\n<p><span style=\"font-weight: 400;\">La bo\u00eete contient : 32 pi\u00e8ces d&rsquo;\u00e9checs en plastique, 1 \u00e9chiquier en carton.<\/span><\/p>\n<p><span style=\"font-weight: 400;\">Jeu non recommand\u00e9 pour les enfants de moins de 3 ans.<\/span><\/p><\/p>\n","protected":false},"excerpt":{"rendered":"<p>Savais-tu que les \u00e9checs sont l&rsquo;un des jeux les plus anciens \u00e0 avoir surv\u00e9cu \u00e0 travers les \u00e2ges ? On<\/p>\n","protected":false},"featured_media":63931,"template":"","meta":[],"product_brand":[],"product_cat":[2303,2381],"product_tag":[],"class_list":{"0":"post-54606","1":"product","2":"type-product","3":"status-publish","4":"has-post-thumbnail","6":"product_cat-jeux-de-societe","7":"product_cat-jeux-de-societe-celebres","8":"pa_brand-deico-fr","9":"pa_country_of_manufacture-ro-fr","10":"pa_filter_age-14-fr","11":"pa_tip_ambalaj-boite","13":"first","14":"instock","15":"taxable","16":"shipping-taxable","17":"product-type-simple"},"yoast_head":"<!-- This site is optimized with the Yoast SEO plugin v20.1 - https:\/\/yoast.com\/wordpress\/plugins\/seo\/ -->\n<title>Jeu d&#039;\u00e9checs<\/title>\n<meta name=\"description\" content=\"Jeu d&#039;\u00e9checs\" \/>\n<meta name=\"robots\" content=\"index, follow, max-snippet:-1, max-image-preview:large, max-video-preview:-1\" \/>\n<link rel=\"canonical\" href=\"https:\/\/business.roovi.com\/fr\/jeu-dechecs\/p\/\" \/>\n<meta property=\"og:locale\" content=\"fr_FR\" \/>\n<meta property=\"og:type\" content=\"article\" \/>\n<meta property=\"og:title\" content=\"Jeu d&#039;\u00e9checs\" \/>\n<meta property=\"og:description\" content=\"Jeu d&#039;\u00e9checs\" \/>\n<meta property=\"og:url\" content=\"https:\/\/business.roovi.com\/fr\/jeu-dechecs\/p\/\" \/>\n<meta property=\"og:site_name\" content=\"Roovi B2B\" \/>\n<meta property=\"article:publisher\" content=\"https:\/\/www.facebook.com\/wwwjucariero\" \/>\n<meta property=\"article:modified_time\" content=\"2022-07-13T10:58:16+00:00\" \/>\n<meta property=\"og:image\" content=\"https:\/\/business.roovi.com\/wp-content\/uploads\/2018\/04\/73655_elo_sah_1.jpg\" \/>\n\t<meta property=\"og:image:width\" content=\"1200\" \/>\n\t<meta property=\"og:image:height\" content=\"1200\" \/>\n\t<meta property=\"og:image:type\" content=\"image\/jpeg\" \/>\n<meta name=\"twitter:label1\" content=\"Dur\u00e9e de lecture estim\u00e9e\" \/>\n\t<meta name=\"twitter:data1\" content=\"2 minutes\" \/>\n<script type=\"application\/ld+json\" class=\"yoast-schema-graph\">{\"@context\":\"https:\/\/schema.org\",\"@graph\":[{\"@type\":\"WebPage\",\"@id\":\"https:\/\/business.roovi.com\/fr\/jeu-dechecs\/p\/\",\"url\":\"https:\/\/business.roovi.com\/fr\/jeu-dechecs\/p\/\",\"name\":\"Jeu d'\u00e9checs\",\"isPartOf\":{\"@id\":\"https:\/\/business.roovi.com\/fr\/#website\"},\"datePublished\":\"2018-04-16T10:56:08+00:00\",\"dateModified\":\"2022-07-13T10:58:16+00:00\",\"description\":\"Jeu d'\u00e9checs\",\"breadcrumb\":{\"@id\":\"https:\/\/business.roovi.com\/fr\/jeu-dechecs\/p\/#breadcrumb\"},\"inLanguage\":\"fr-FR\",\"potentialAction\":[{\"@type\":\"ReadAction\",\"target\":[\"https:\/\/business.roovi.com\/fr\/jeu-dechecs\/p\/\"]}]},{\"@type\":\"BreadcrumbList\",\"@id\":\"https:\/\/business.roovi.com\/fr\/jeu-dechecs\/p\/#breadcrumb\",\"itemListElement\":[{\"@type\":\"ListItem\",\"position\":1,\"name\":\"Home\",\"item\":\"https:\/\/business.roovi.com\/fr\/\"},{\"@type\":\"ListItem\",\"position\":2,\"name\":\"Boutique\",\"item\":\"https:\/\/business.roovi.com\/fr\/boutique\/\"},{\"@type\":\"ListItem\",\"position\":3,\"name\":\"Jeu d&#8217;\u00e9checs\"}]},{\"@type\":\"WebSite\",\"@id\":\"https:\/\/business.roovi.com\/fr\/#website\",\"url\":\"https:\/\/business.roovi.com\/fr\/\",\"name\":\"Roovi B2B\",\"description\":\"Roovi Business Website\",\"potentialAction\":[{\"@type\":\"SearchAction\",\"target\":{\"@type\":\"EntryPoint\",\"urlTemplate\":\"https:\/\/business.roovi.com\/fr\/?s={search_term_string}\"},\"query-input\":\"required name=search_term_string\"}],\"inLanguage\":\"fr-FR\"}]}<\/script>\n<!-- \/ Yoast SEO plugin. -->","yoast_head_json":{"title":"Jeu d'\u00e9checs","description":"Jeu d'\u00e9checs","robots":{"index":"index","follow":"follow","max-snippet":"max-snippet:-1","max-image-preview":"max-image-preview:large","max-video-preview":"max-video-preview:-1"},"canonical":"https:\/\/business.roovi.com\/fr\/jeu-dechecs\/p\/","og_locale":"fr_FR","og_type":"article","og_title":"Jeu d'\u00e9checs","og_description":"Jeu d'\u00e9checs","og_url":"https:\/\/business.roovi.com\/fr\/jeu-dechecs\/p\/","og_site_name":"Roovi B2B","article_publisher":"https:\/\/www.facebook.com\/wwwjucariero","article_modified_time":"2022-07-13T10:58:16+00:00","og_image":[{"width":1200,"height":1200,"url":"https:\/\/business.roovi.com\/wp-content\/uploads\/2018\/04\/73655_elo_sah_1.jpg","type":"image\/jpeg"}],"twitter_misc":{"Dur\u00e9e de lecture estim\u00e9e":"2 minutes"},"schema":{"@context":"https:\/\/schema.org","@graph":[{"@type":"WebPage","@id":"https:\/\/business.roovi.com\/fr\/jeu-dechecs\/p\/","url":"https:\/\/business.roovi.com\/fr\/jeu-dechecs\/p\/","name":"Jeu d'\u00e9checs","isPartOf":{"@id":"https:\/\/business.roovi.com\/fr\/#website"},"datePublished":"2018-04-16T10:56:08+00:00","dateModified":"2022-07-13T10:58:16+00:00","description":"Jeu d'\u00e9checs","breadcrumb":{"@id":"https:\/\/business.roovi.com\/fr\/jeu-dechecs\/p\/#breadcrumb"},"inLanguage":"fr-FR","potentialAction":[{"@type":"ReadAction","target":["https:\/\/business.roovi.com\/fr\/jeu-dechecs\/p\/"]}]},{"@type":"BreadcrumbList","@id":"https:\/\/business.roovi.com\/fr\/jeu-dechecs\/p\/#breadcrumb","itemListElement":[{"@type":"ListItem","position":1,"name":"Home","item":"https:\/\/business.roovi.com\/fr\/"},{"@type":"ListItem","position":2,"name":"Boutique","item":"https:\/\/business.roovi.com\/fr\/boutique\/"},{"@type":"ListItem","position":3,"name":"Jeu d&#8217;\u00e9checs"}]},{"@type":"WebSite","@id":"https:\/\/business.roovi.com\/fr\/#website","url":"https:\/\/business.roovi.com\/fr\/","name":"Roovi B2B","description":"Roovi Business Website","potentialAction":[{"@type":"SearchAction","target":{"@type":"EntryPoint","urlTemplate":"https:\/\/business.roovi.com\/fr\/?s={search_term_string}"},"query-input":"required name=search_term_string"}],"inLanguage":"fr-FR"}]}},"_links":{"self":[{"href":"https:\/\/business.roovi.com\/fr\/wp-json\/wp\/v2\/product\/54606","targetHints":{"allow":["GET"]}}],"collection":[{"href":"https:\/\/business.roovi.com\/fr\/wp-json\/wp\/v2\/product"}],"about":[{"href":"https:\/\/business.roovi.com\/fr\/wp-json\/wp\/v2\/types\/product"}],"version-history":[{"count":0,"href":"https:\/\/business.roovi.com\/fr\/wp-json\/wp\/v2\/product\/54606\/revisions"}],"wp:featuredmedia":[{"embeddable":true,"href":"https:\/\/business.roovi.com\/fr\/wp-json\/wp\/v2\/media\/63931"}],"wp:attachment":[{"href":"https:\/\/business.roovi.com\/fr\/wp-json\/wp\/v2\/media?parent=54606"}],"wp:term":[{"taxonomy":"product_brand","embeddable":true,"href":"https:\/\/business.roovi.com\/fr\/wp-json\/wp\/v2\/product_brand?post=54606"},{"taxonomy":"product_cat","embeddable":true,"href":"https:\/\/business.roovi.com\/fr\/wp-json\/wp\/v2\/product_cat?post=54606"},{"taxonomy":"product_tag","embeddable":true,"href":"https:\/\/business.roovi.com\/fr\/wp-json\/wp\/v2\/product_tag?post=54606"}],"curies":[{"name":"wp","href":"https:\/\/api.w.org\/{rel}","templated":true}]}}