{"id":54612,"date":"2018-04-16T10:56:08","date_gmt":"2018-04-16T10:56:08","guid":{"rendered":"https:\/\/business.roovi.com\/joc-cuvinte-secrete\/p\/"},"modified":"2022-07-13T10:58:23","modified_gmt":"2022-07-13T10:58:23","slug":"jeu-de-societe-mots-secrets","status":"publish","type":"product","link":"https:\/\/business.roovi.com\/fr\/jeu-de-societe-mots-secrets\/p\/","title":{"rendered":"Jeu de soci\u00e9t\u00e9 &#8211; Mots secrets"},"content":{"rendered":"<p>Que penses-tu d&rsquo;un jeu de lettres magiques avec des codes secrets ? Nous te proposons d&rsquo;essayer le jeu passionnant, Secret Words. Tu recevras des cartes avec des combinaisons de lettres sp\u00e9ciales pour composer de nouveaux mots. D\u00e9code les codes, r\u00e9fl\u00e9chis bien et agis ! Il y a 10 cubes de lettres pour entra\u00eener ton esprit et ton attention. En jouant \u00e0 Secret Words, tu suivras des r\u00e8gles sp\u00e9cifiques \u00e0 chaque tour <\/p>\n<p>Commence par le mot que tu as cr\u00e9\u00e9 au tour pr\u00e9c\u00e9dent, fais tourner la fl\u00e8che tournante et vois ce qu&rsquo;elle te dit ! Ins\u00e8re de nouveaux cubes, change l&rsquo;ordre des lettres ou fais pivoter les cubes jusqu&rsquo;\u00e0 ce que tu composes un mot qui correspond au code sp\u00e9cial de ta carte ! Soumets les lettres \u00e0 une enqu\u00eate minutieuse puis agis ! Le jeu Secret Words enrichit la pens\u00e9e logique et le vocabulaire, d\u00e9veloppe l&rsquo;expression verbale. Recommand\u00e9 pour les enfants de plus de 7 ans. Contenu : 10 cubes de lettres, 33 cartes de code, 1 disque \u00e0 fl\u00e8che rotative, 1 sablier, r\u00e8gles du jeu.<\/p>\n","protected":false},"excerpt":{"rendered":"<p>Que penses-tu d&rsquo;un jeu de lettres magiques avec des codes secrets ? Nous te proposons d&rsquo;essayer le jeu passionnant, Secret<\/p>\n","protected":false},"featured_media":45566,"template":"","meta":[],"product_brand":[],"product_cat":[2305,2303],"product_tag":[],"class_list":{"0":"post-54612","1":"product","2":"type-product","3":"status-publish","4":"has-post-thumbnail","6":"product_cat-jeux-de-famille","7":"product_cat-jeux-de-societe","8":"pa_brand-d_toys-fr","9":"pa_country_of_manufacture-ro-fr","10":"pa_filter_age-14-fr","11":"pa_filter_age-7_9-fr","12":"pa_filter_age-9_14-fr","13":"pa_tip_ambalaj-boite","15":"first","16":"instock","17":"taxable","18":"shipping-taxable","19":"product-type-simple"},"yoast_head":"<!-- This site is optimized with the Yoast SEO plugin v20.1 - https:\/\/yoast.com\/wordpress\/plugins\/seo\/ -->\n<title>Jeu de soci\u00e9t\u00e9 - Mots secrets<\/title>\n<meta name=\"description\" content=\"Jeu de soci\u00e9t\u00e9 - Mots secrets\" \/>\n<meta name=\"robots\" content=\"index, follow, max-snippet:-1, max-image-preview:large, max-video-preview:-1\" \/>\n<link rel=\"canonical\" href=\"https:\/\/business.roovi.com\/fr\/jeu-de-societe-mots-secrets\/p\/\" \/>\n<meta property=\"og:locale\" content=\"fr_FR\" \/>\n<meta property=\"og:type\" content=\"article\" \/>\n<meta property=\"og:title\" content=\"Jeu de soci\u00e9t\u00e9 - Mots secrets\" \/>\n<meta property=\"og:description\" content=\"Jeu de soci\u00e9t\u00e9 - Mots secrets\" \/>\n<meta property=\"og:url\" content=\"https:\/\/business.roovi.com\/fr\/jeu-de-societe-mots-secrets\/p\/\" \/>\n<meta property=\"og:site_name\" content=\"Roovi B2B\" \/>\n<meta property=\"article:publisher\" content=\"https:\/\/www.facebook.com\/wwwjucariero\" \/>\n<meta property=\"article:modified_time\" content=\"2022-07-13T10:58:23+00:00\" \/>\n<meta property=\"og:image\" content=\"https:\/\/business.roovi.com\/wp-content\/uploads\/2018\/04\/73617_elo_cuvinte_secrete_1.jpg\" \/>\n\t<meta property=\"og:image:width\" content=\"1200\" \/>\n\t<meta property=\"og:image:height\" content=\"1200\" \/>\n\t<meta property=\"og:image:type\" content=\"image\/jpeg\" \/>\n<meta name=\"twitter:label1\" content=\"Dur\u00e9e de lecture estim\u00e9e\" \/>\n\t<meta name=\"twitter:data1\" content=\"1 minute\" \/>\n<script type=\"application\/ld+json\" class=\"yoast-schema-graph\">{\"@context\":\"https:\/\/schema.org\",\"@graph\":[{\"@type\":\"WebPage\",\"@id\":\"https:\/\/business.roovi.com\/fr\/jeu-de-societe-mots-secrets\/p\/\",\"url\":\"https:\/\/business.roovi.com\/fr\/jeu-de-societe-mots-secrets\/p\/\",\"name\":\"Jeu de soci\u00e9t\u00e9 - Mots secrets\",\"isPartOf\":{\"@id\":\"https:\/\/business.roovi.com\/fr\/#website\"},\"datePublished\":\"2018-04-16T10:56:08+00:00\",\"dateModified\":\"2022-07-13T10:58:23+00:00\",\"description\":\"Jeu de soci\u00e9t\u00e9 - Mots secrets\",\"breadcrumb\":{\"@id\":\"https:\/\/business.roovi.com\/fr\/jeu-de-societe-mots-secrets\/p\/#breadcrumb\"},\"inLanguage\":\"fr-FR\",\"potentialAction\":[{\"@type\":\"ReadAction\",\"target\":[\"https:\/\/business.roovi.com\/fr\/jeu-de-societe-mots-secrets\/p\/\"]}]},{\"@type\":\"BreadcrumbList\",\"@id\":\"https:\/\/business.roovi.com\/fr\/jeu-de-societe-mots-secrets\/p\/#breadcrumb\",\"itemListElement\":[{\"@type\":\"ListItem\",\"position\":1,\"name\":\"Home\",\"item\":\"https:\/\/business.roovi.com\/fr\/\"},{\"@type\":\"ListItem\",\"position\":2,\"name\":\"Boutique\",\"item\":\"https:\/\/business.roovi.com\/fr\/boutique\/\"},{\"@type\":\"ListItem\",\"position\":3,\"name\":\"Jeu de soci\u00e9t\u00e9 &#8211; Mots secrets\"}]},{\"@type\":\"WebSite\",\"@id\":\"https:\/\/business.roovi.com\/fr\/#website\",\"url\":\"https:\/\/business.roovi.com\/fr\/\",\"name\":\"Roovi B2B\",\"description\":\"Roovi Business Website\",\"potentialAction\":[{\"@type\":\"SearchAction\",\"target\":{\"@type\":\"EntryPoint\",\"urlTemplate\":\"https:\/\/business.roovi.com\/fr\/?s={search_term_string}\"},\"query-input\":\"required name=search_term_string\"}],\"inLanguage\":\"fr-FR\"}]}<\/script>\n<!-- \/ Yoast SEO plugin. -->","yoast_head_json":{"title":"Jeu de soci\u00e9t\u00e9 - Mots secrets","description":"Jeu de soci\u00e9t\u00e9 - Mots secrets","robots":{"index":"index","follow":"follow","max-snippet":"max-snippet:-1","max-image-preview":"max-image-preview:large","max-video-preview":"max-video-preview:-1"},"canonical":"https:\/\/business.roovi.com\/fr\/jeu-de-societe-mots-secrets\/p\/","og_locale":"fr_FR","og_type":"article","og_title":"Jeu de soci\u00e9t\u00e9 - Mots secrets","og_description":"Jeu de soci\u00e9t\u00e9 - Mots secrets","og_url":"https:\/\/business.roovi.com\/fr\/jeu-de-societe-mots-secrets\/p\/","og_site_name":"Roovi B2B","article_publisher":"https:\/\/www.facebook.com\/wwwjucariero","article_modified_time":"2022-07-13T10:58:23+00:00","og_image":[{"width":1200,"height":1200,"url":"https:\/\/business.roovi.com\/wp-content\/uploads\/2018\/04\/73617_elo_cuvinte_secrete_1.jpg","type":"image\/jpeg"}],"twitter_misc":{"Dur\u00e9e de lecture estim\u00e9e":"1 minute"},"schema":{"@context":"https:\/\/schema.org","@graph":[{"@type":"WebPage","@id":"https:\/\/business.roovi.com\/fr\/jeu-de-societe-mots-secrets\/p\/","url":"https:\/\/business.roovi.com\/fr\/jeu-de-societe-mots-secrets\/p\/","name":"Jeu de soci\u00e9t\u00e9 - Mots secrets","isPartOf":{"@id":"https:\/\/business.roovi.com\/fr\/#website"},"datePublished":"2018-04-16T10:56:08+00:00","dateModified":"2022-07-13T10:58:23+00:00","description":"Jeu de soci\u00e9t\u00e9 - Mots secrets","breadcrumb":{"@id":"https:\/\/business.roovi.com\/fr\/jeu-de-societe-mots-secrets\/p\/#breadcrumb"},"inLanguage":"fr-FR","potentialAction":[{"@type":"ReadAction","target":["https:\/\/business.roovi.com\/fr\/jeu-de-societe-mots-secrets\/p\/"]}]},{"@type":"BreadcrumbList","@id":"https:\/\/business.roovi.com\/fr\/jeu-de-societe-mots-secrets\/p\/#breadcrumb","itemListElement":[{"@type":"ListItem","position":1,"name":"Home","item":"https:\/\/business.roovi.com\/fr\/"},{"@type":"ListItem","position":2,"name":"Boutique","item":"https:\/\/business.roovi.com\/fr\/boutique\/"},{"@type":"ListItem","position":3,"name":"Jeu de soci\u00e9t\u00e9 &#8211; Mots secrets"}]},{"@type":"WebSite","@id":"https:\/\/business.roovi.com\/fr\/#website","url":"https:\/\/business.roovi.com\/fr\/","name":"Roovi B2B","description":"Roovi Business Website","potentialAction":[{"@type":"SearchAction","target":{"@type":"EntryPoint","urlTemplate":"https:\/\/business.roovi.com\/fr\/?s={search_term_string}"},"query-input":"required name=search_term_string"}],"inLanguage":"fr-FR"}]}},"_links":{"self":[{"href":"https:\/\/business.roovi.com\/fr\/wp-json\/wp\/v2\/product\/54612","targetHints":{"allow":["GET"]}}],"collection":[{"href":"https:\/\/business.roovi.com\/fr\/wp-json\/wp\/v2\/product"}],"about":[{"href":"https:\/\/business.roovi.com\/fr\/wp-json\/wp\/v2\/types\/product"}],"version-history":[{"count":0,"href":"https:\/\/business.roovi.com\/fr\/wp-json\/wp\/v2\/product\/54612\/revisions"}],"wp:featuredmedia":[{"embeddable":true,"href":"https:\/\/business.roovi.com\/fr\/wp-json\/wp\/v2\/media\/45566"}],"wp:attachment":[{"href":"https:\/\/business.roovi.com\/fr\/wp-json\/wp\/v2\/media?parent=54612"}],"wp:term":[{"taxonomy":"product_brand","embeddable":true,"href":"https:\/\/business.roovi.com\/fr\/wp-json\/wp\/v2\/product_brand?post=54612"},{"taxonomy":"product_cat","embeddable":true,"href":"https:\/\/business.roovi.com\/fr\/wp-json\/wp\/v2\/product_cat?post=54612"},{"taxonomy":"product_tag","embeddable":true,"href":"https:\/\/business.roovi.com\/fr\/wp-json\/wp\/v2\/product_tag?post=54612"}],"curies":[{"name":"wp","href":"https:\/\/api.w.org\/{rel}","templated":true}]}}