{"id":54885,"date":"2018-04-16T10:56:16","date_gmt":"2018-04-16T10:56:16","guid":{"rendered":"https:\/\/business.roovi.com\/puzzle-adulti-1000-piese-cartoon-collection-stonehenge\/p\/"},"modified":"2022-07-13T11:04:29","modified_gmt":"2022-07-13T11:04:29","slug":"puzzle-adulte-de-1000-pieces-cartoon-collection-stonehenge","status":"publish","type":"product","link":"https:\/\/business.roovi.com\/fr\/puzzle-adulte-de-1000-pieces-cartoon-collection-stonehenge\/p\/","title":{"rendered":"Puzzle adulte de 1000 pi\u00e8ces &#8211; Cartoon Collection &#8211; Stonehenge"},"content":{"rendered":"<p><span style=\"font-weight: 400;\">Tu es toujours fascin\u00e9 par les personnages anim\u00e9s et tu aimes toujours les d\u00e9fis des jeux de r\u00e9flexion ? Retrouve tes deux passions dans une collection originale et amusante : le puzzle de 1000 pi\u00e8ces Cartoon Collection.<\/span><\/p>\n<p><span style=\"font-weight: 400;\">Cartoon 1000 Piece Puzzle &#8211; Stonehenge te pr\u00e9sente une illustration unique dans laquelle de nombreux personnages anim\u00e9s amusants jouent autour de Stonehenge. Certains essaient de mettre les pierres dans un ordre diff\u00e9rent, d&rsquo;autres unissent leurs forces et tentent d&#8217;emporter les pierres g\u00e9antes, d&rsquo;autres encore sont simplement fascin\u00e9s par le paysage. Ce qui est certain, c&rsquo;est que chaque lutin du puzzle de Stonehenge de 1000 pi\u00e8ces a une t\u00e2che pr\u00e9cise, aucun d&rsquo;entre eux n&rsquo;est l\u00e0 au hasard.<\/span><\/p>\n<p><span style=\"font-weight: 400;\">Fascinant et myst\u00e9rieux, Stonehenge a connu de nombreuses repr\u00e9sentations diff\u00e9rentes au fil des ans. Mais dans un sc\u00e9nario anim\u00e9, avec autant de personnages adorables, tu ne l&rsquo;as certainement jamais rencontr\u00e9 nulle part auparavant.<\/span><\/p>\n<p><span style=\"font-weight: 400;\">Le puzzle Stonehenge 1000 pi\u00e8ces te propose de relever le d\u00e9fi en faisant passer les jeux de puzzle au niveau sup\u00e9rieur. Si tu n&rsquo;es pas assez courageuse pour t&rsquo;attaquer toi-m\u00eame \u00e0 ce travail laborieux, appelle tes enfants pour t&rsquo;aider. Tu es assur\u00e9 d&rsquo;avoir jusqu&rsquo;\u00e0 30 heures de d\u00e9tente et de plaisir colossal.<\/span><\/p>\n<p><strong>Pourquoi choisir Cartoon Collection &#8211; Stonehenge puzzle 1000 pi\u00e8ces ?<\/strong><\/p>\n<p><span style=\"font-weight: 400;\">Tu obtiens une planche unique de 50 x 70 cm pour d\u00e9corer ta maison.<\/span><\/p>\n<p><span style=\"font-weight: 400;\">Il est fabriqu\u00e9 en carton bleu de haute qualit\u00e9, ce qui le rend tr\u00e8s solide.<\/span><\/p>\n<p><span style=\"font-weight: 400;\">Les 1000 pi\u00e8ces du puzzle sont d\u00e9coup\u00e9es avec pr\u00e9cision et s&#8217;embo\u00eetent parfaitement pour que l&rsquo;image assembl\u00e9e soit impeccable.<\/span><\/p>\n<p><span style=\"font-weight: 400;\">La finition est semi-brillante, dans des couleurs vives qui font ressortir la beaut\u00e9 de l&rsquo;illustration.<\/span><\/p>\n<p><span style=\"font-weight: 400;\">C&rsquo;est un produit respectueux de la nature, fabriqu\u00e9 \u00e0 partir de mat\u00e9riaux recyclables et durables.<\/span><\/p>\n<p><span style=\"font-weight: 400;\">Il convient aux personnes de plus de 14 ans &#8211; l&rsquo;occasion parfaite de s&rsquo;amuser avec tes enfants adolescents.<\/span><\/p>\n<p><span style=\"font-weight: 400;\">Si tu veux bannir la monotonie des froides journ\u00e9es d&rsquo;hiver, le puzzle Stonehenge de 1000 pi\u00e8ces de la collection de puzzles de dessins anim\u00e9s est le bon choix. De plus, cela t&rsquo;aide \u00e0 d\u00e9velopper des comp\u00e9tences que tu utilises dans les activit\u00e9s quotidiennes :<\/span><\/p>\n<ul>\n<li><span style=\"font-weight: 400;\">Cela d\u00e9veloppe ton attention aux d\u00e9tails.<\/span><\/li>\n<li><span style=\"font-weight: 400;\">Il cultive ta patience.<\/span><\/li>\n<li><span style=\"font-weight: 400;\">Cela te permet de rester concentr\u00e9 sur une seule t\u00e2che.<\/span><\/li>\n<li><span style=\"font-weight: 400;\">Il d\u00e9veloppe ta pens\u00e9e logique.<\/span><\/li>\n<li><span style=\"font-weight: 400;\">Il entra\u00eene ta dext\u00e9rit\u00e9.<\/span><\/li>\n<\/ul>\n<p><strong>Tu savais que&#8230; ?<\/strong><\/p>\n<p><span style=\"font-weight: 400;\">On estime que les travaux sur Stonehenge ont commenc\u00e9 en 3000 avant J-C. Mais on ne sait pas avec certitude qui a command\u00e9 la construction et qui l&rsquo;a construite.<\/span><\/p>\n<p><span style=\"font-weight: 400;\">Cependant, on pense que le complexe a \u00e9t\u00e9 construit pour suivre le solstice d&rsquo;\u00e9t\u00e9.<\/span><\/p>\n<p><span style=\"font-weight: 400;\">La plus grosse pierre de Stonehenge p\u00e8se environ 50 tonnes. La fa\u00e7on dont il a \u00e9t\u00e9 transport\u00e9 \u00e0 cet endroit depuis quelque 200 miles reste un myst\u00e8re.<\/span><\/p>\n<p><span style=\"font-weight: 400;\">Les amateurs de l\u00e9gendes arthuriennes attribuent sa construction au magicien Merlin, qui l&rsquo;aurait d\u00e9plac\u00e9 d&rsquo;Irlande o\u00f9 il se trouvait \u00e0 l&rsquo;origine et l&rsquo;aurait reconstruit dans le Wiltshire en m\u00e9moire des 3 000 nobles tu\u00e9s dans la bataille contre les Saxons.<\/span><\/p>\n<p><span style=\"font-weight: 400;\">Ce site du patrimoine mondial de l&rsquo;UNESCO est visit\u00e9 chaque ann\u00e9e par plus d&rsquo;un million de touristes du monde entier.<\/span><\/p>\n<p><strong>Cartoon Collection Puzzle 1000 pi\u00e8ces &#8211; Stonehenge : moment de connexion avec les proches<\/strong><\/p>\n<p><span style=\"font-weight: 400;\">Le temps pass\u00e9 avec les \u00eatres chers est rare et donc extr\u00eamement pr\u00e9cieux. Si tu veux organiser une activit\u00e9 cr\u00e9ative et amusante, le puzzle Stonehenge de 1000 pi\u00e8ces de la collection Cartoon Puzzle est une option int\u00e9ressante.<\/span><\/p>\n<p><span style=\"font-weight: 400;\">Au fil des moments de recherche des bonnes pi\u00e8ces, saupoudre les \u00e9l\u00e9ments de l\u00e9gende qui planent autour de cette merveille du monde et ta soir\u00e9e familiale relaxante prend l&rsquo;allure d&rsquo;un fabuleux divertissement. Tu appr\u00e9cies la compagnie de tes proches et tu cr\u00e9es ensemble des souvenirs pr\u00e9cieux qui r\u00e9jouiront ton \u00e2me pendant des ann\u00e9es.<\/span><\/p>\n<p><span style=\"font-weight: 400;\">Choisis le puzzle Stonehenge de 1000 pi\u00e8ces de la collection de puzzles Cartoon et vis une exp\u00e9rience \u00e9tonnante de relaxation et de d\u00e9connexion du quotidien. Garde ce jeu de puzzle chez toi pour les moments o\u00f9 tu veux bannir la monotonie ou mets-le dans ton cadre et rappelle-toi toujours la joie de la cr\u00e9ation avec tes proches.<\/span><\/p>\n<p><span style=\"font-weight: 400;\">Le puzzle Stonehenge de 1000 pi\u00e8ces de la collection Cartoon puzzle peut \u00eatre un excellent cadeau pour les f\u00eates ou pour les moments o\u00f9 tu veux donner \u00e0 tes amis un d\u00e9fi mental sp\u00e9cial.<\/span><\/p><\/p>\n","protected":false},"excerpt":{"rendered":"<p>Tu es toujours fascin\u00e9 par les personnages anim\u00e9s et tu aimes toujours les d\u00e9fis des jeux de r\u00e9flexion ? Retrouve<\/p>\n","protected":false},"featured_media":46782,"template":"","meta":[],"product_brand":[],"product_cat":[2314,2316,2315],"product_tag":[],"class_list":{"0":"post-54885","1":"product","2":"type-product","3":"status-publish","4":"has-post-thumbnail","6":"product_cat-puzzles-fr","7":"product_cat-puzzles-de-1000-pieces","8":"product_cat-puzzles-pour-adultes","9":"pa_bax-10-fr","10":"pa_brand-d_toys-fr","11":"pa_country_of_manufacture-ro-fr","12":"pa_filter_age-14-fr","13":"pa_painter-cartooncollection-fr","14":"pa_tip_ambalaj-boite","15":"pa_tip_puzzle-classique","17":"first","18":"instock","19":"taxable","20":"shipping-taxable","21":"product-type-simple"},"yoast_head":"<!-- This site is optimized with the Yoast SEO plugin v20.1 - https:\/\/yoast.com\/wordpress\/plugins\/seo\/ -->\n<title>Puzzle adulte de 1000 pi\u00e8ces - Cartoon Collection - Stonehenge<\/title>\n<meta name=\"description\" content=\"Puzzle adulte de 1000 pi\u00e8ces - Cartoon Collection - Stonehenge\" \/>\n<meta name=\"robots\" content=\"index, follow, max-snippet:-1, max-image-preview:large, max-video-preview:-1\" \/>\n<link rel=\"canonical\" href=\"https:\/\/business.roovi.com\/fr\/puzzle-adulte-de-1000-pieces-cartoon-collection-stonehenge\/p\/\" \/>\n<meta property=\"og:locale\" content=\"fr_FR\" \/>\n<meta property=\"og:type\" content=\"article\" \/>\n<meta property=\"og:title\" content=\"Puzzle adulte de 1000 pi\u00e8ces - Cartoon Collection - Stonehenge\" \/>\n<meta property=\"og:description\" content=\"Puzzle adulte de 1000 pi\u00e8ces - Cartoon Collection - Stonehenge\" \/>\n<meta property=\"og:url\" content=\"https:\/\/business.roovi.com\/fr\/puzzle-adulte-de-1000-pieces-cartoon-collection-stonehenge\/p\/\" \/>\n<meta property=\"og:site_name\" content=\"Roovi B2B\" \/>\n<meta property=\"article:publisher\" content=\"https:\/\/www.facebook.com\/wwwjucariero\" \/>\n<meta property=\"article:modified_time\" content=\"2022-07-13T11:04:29+00:00\" \/>\n<meta property=\"og:image\" content=\"https:\/\/business.roovi.com\/wp-content\/uploads\/2018\/04\/61218-02_ansamblu_dimensiuni_cutie_cm_1200x1200.png\" \/>\n\t<meta property=\"og:image:width\" content=\"2000\" \/>\n\t<meta property=\"og:image:height\" content=\"2000\" \/>\n\t<meta property=\"og:image:type\" content=\"image\/png\" \/>\n<meta name=\"twitter:label1\" content=\"Dur\u00e9e de lecture estim\u00e9e\" \/>\n\t<meta name=\"twitter:data1\" content=\"4 minutes\" \/>\n<script type=\"application\/ld+json\" class=\"yoast-schema-graph\">{\"@context\":\"https:\/\/schema.org\",\"@graph\":[{\"@type\":\"WebPage\",\"@id\":\"https:\/\/business.roovi.com\/fr\/puzzle-adulte-de-1000-pieces-cartoon-collection-stonehenge\/p\/\",\"url\":\"https:\/\/business.roovi.com\/fr\/puzzle-adulte-de-1000-pieces-cartoon-collection-stonehenge\/p\/\",\"name\":\"Puzzle adulte de 1000 pi\u00e8ces - Cartoon Collection - Stonehenge\",\"isPartOf\":{\"@id\":\"https:\/\/business.roovi.com\/fr\/#website\"},\"datePublished\":\"2018-04-16T10:56:16+00:00\",\"dateModified\":\"2022-07-13T11:04:29+00:00\",\"description\":\"Puzzle adulte de 1000 pi\u00e8ces - Cartoon Collection - Stonehenge\",\"breadcrumb\":{\"@id\":\"https:\/\/business.roovi.com\/fr\/puzzle-adulte-de-1000-pieces-cartoon-collection-stonehenge\/p\/#breadcrumb\"},\"inLanguage\":\"fr-FR\",\"potentialAction\":[{\"@type\":\"ReadAction\",\"target\":[\"https:\/\/business.roovi.com\/fr\/puzzle-adulte-de-1000-pieces-cartoon-collection-stonehenge\/p\/\"]}]},{\"@type\":\"BreadcrumbList\",\"@id\":\"https:\/\/business.roovi.com\/fr\/puzzle-adulte-de-1000-pieces-cartoon-collection-stonehenge\/p\/#breadcrumb\",\"itemListElement\":[{\"@type\":\"ListItem\",\"position\":1,\"name\":\"Home\",\"item\":\"https:\/\/business.roovi.com\/fr\/\"},{\"@type\":\"ListItem\",\"position\":2,\"name\":\"Boutique\",\"item\":\"https:\/\/business.roovi.com\/fr\/boutique\/\"},{\"@type\":\"ListItem\",\"position\":3,\"name\":\"Puzzle adulte de 1000 pi\u00e8ces &#8211; Cartoon Collection &#8211; Stonehenge\"}]},{\"@type\":\"WebSite\",\"@id\":\"https:\/\/business.roovi.com\/fr\/#website\",\"url\":\"https:\/\/business.roovi.com\/fr\/\",\"name\":\"Roovi B2B\",\"description\":\"Roovi Business Website\",\"potentialAction\":[{\"@type\":\"SearchAction\",\"target\":{\"@type\":\"EntryPoint\",\"urlTemplate\":\"https:\/\/business.roovi.com\/fr\/?s={search_term_string}\"},\"query-input\":\"required name=search_term_string\"}],\"inLanguage\":\"fr-FR\"}]}<\/script>\n<!-- \/ Yoast SEO plugin. -->","yoast_head_json":{"title":"Puzzle adulte de 1000 pi\u00e8ces - Cartoon Collection - Stonehenge","description":"Puzzle adulte de 1000 pi\u00e8ces - Cartoon Collection - Stonehenge","robots":{"index":"index","follow":"follow","max-snippet":"max-snippet:-1","max-image-preview":"max-image-preview:large","max-video-preview":"max-video-preview:-1"},"canonical":"https:\/\/business.roovi.com\/fr\/puzzle-adulte-de-1000-pieces-cartoon-collection-stonehenge\/p\/","og_locale":"fr_FR","og_type":"article","og_title":"Puzzle adulte de 1000 pi\u00e8ces - Cartoon Collection - Stonehenge","og_description":"Puzzle adulte de 1000 pi\u00e8ces - Cartoon Collection - Stonehenge","og_url":"https:\/\/business.roovi.com\/fr\/puzzle-adulte-de-1000-pieces-cartoon-collection-stonehenge\/p\/","og_site_name":"Roovi B2B","article_publisher":"https:\/\/www.facebook.com\/wwwjucariero","article_modified_time":"2022-07-13T11:04:29+00:00","og_image":[{"width":2000,"height":2000,"url":"https:\/\/business.roovi.com\/wp-content\/uploads\/2018\/04\/61218-02_ansamblu_dimensiuni_cutie_cm_1200x1200.png","type":"image\/png"}],"twitter_misc":{"Dur\u00e9e de lecture estim\u00e9e":"4 minutes"},"schema":{"@context":"https:\/\/schema.org","@graph":[{"@type":"WebPage","@id":"https:\/\/business.roovi.com\/fr\/puzzle-adulte-de-1000-pieces-cartoon-collection-stonehenge\/p\/","url":"https:\/\/business.roovi.com\/fr\/puzzle-adulte-de-1000-pieces-cartoon-collection-stonehenge\/p\/","name":"Puzzle adulte de 1000 pi\u00e8ces - Cartoon Collection - Stonehenge","isPartOf":{"@id":"https:\/\/business.roovi.com\/fr\/#website"},"datePublished":"2018-04-16T10:56:16+00:00","dateModified":"2022-07-13T11:04:29+00:00","description":"Puzzle adulte de 1000 pi\u00e8ces - Cartoon Collection - Stonehenge","breadcrumb":{"@id":"https:\/\/business.roovi.com\/fr\/puzzle-adulte-de-1000-pieces-cartoon-collection-stonehenge\/p\/#breadcrumb"},"inLanguage":"fr-FR","potentialAction":[{"@type":"ReadAction","target":["https:\/\/business.roovi.com\/fr\/puzzle-adulte-de-1000-pieces-cartoon-collection-stonehenge\/p\/"]}]},{"@type":"BreadcrumbList","@id":"https:\/\/business.roovi.com\/fr\/puzzle-adulte-de-1000-pieces-cartoon-collection-stonehenge\/p\/#breadcrumb","itemListElement":[{"@type":"ListItem","position":1,"name":"Home","item":"https:\/\/business.roovi.com\/fr\/"},{"@type":"ListItem","position":2,"name":"Boutique","item":"https:\/\/business.roovi.com\/fr\/boutique\/"},{"@type":"ListItem","position":3,"name":"Puzzle adulte de 1000 pi\u00e8ces &#8211; Cartoon Collection &#8211; Stonehenge"}]},{"@type":"WebSite","@id":"https:\/\/business.roovi.com\/fr\/#website","url":"https:\/\/business.roovi.com\/fr\/","name":"Roovi B2B","description":"Roovi Business Website","potentialAction":[{"@type":"SearchAction","target":{"@type":"EntryPoint","urlTemplate":"https:\/\/business.roovi.com\/fr\/?s={search_term_string}"},"query-input":"required name=search_term_string"}],"inLanguage":"fr-FR"}]}},"_links":{"self":[{"href":"https:\/\/business.roovi.com\/fr\/wp-json\/wp\/v2\/product\/54885","targetHints":{"allow":["GET"]}}],"collection":[{"href":"https:\/\/business.roovi.com\/fr\/wp-json\/wp\/v2\/product"}],"about":[{"href":"https:\/\/business.roovi.com\/fr\/wp-json\/wp\/v2\/types\/product"}],"version-history":[{"count":0,"href":"https:\/\/business.roovi.com\/fr\/wp-json\/wp\/v2\/product\/54885\/revisions"}],"wp:featuredmedia":[{"embeddable":true,"href":"https:\/\/business.roovi.com\/fr\/wp-json\/wp\/v2\/media\/46782"}],"wp:attachment":[{"href":"https:\/\/business.roovi.com\/fr\/wp-json\/wp\/v2\/media?parent=54885"}],"wp:term":[{"taxonomy":"product_brand","embeddable":true,"href":"https:\/\/business.roovi.com\/fr\/wp-json\/wp\/v2\/product_brand?post=54885"},{"taxonomy":"product_cat","embeddable":true,"href":"https:\/\/business.roovi.com\/fr\/wp-json\/wp\/v2\/product_cat?post=54885"},{"taxonomy":"product_tag","embeddable":true,"href":"https:\/\/business.roovi.com\/fr\/wp-json\/wp\/v2\/product_tag?post=54885"}],"curies":[{"name":"wp","href":"https:\/\/api.w.org\/{rel}","templated":true}]}}