{"id":54887,"date":"2018-04-16T10:56:16","date_gmt":"2018-04-16T10:56:16","guid":{"rendered":"https:\/\/business.roovi.com\/puzzle-adulti-1000-piese-cartoon-collection-egyptian-pyramid\/p\/"},"modified":"2022-07-13T11:04:34","modified_gmt":"2022-07-13T11:04:34","slug":"puzzle-adulte-de-1000-pieces-collection-cartoon-pyramide-egyptienne","status":"publish","type":"product","link":"https:\/\/business.roovi.com\/fr\/puzzle-adulte-de-1000-pieces-collection-cartoon-pyramide-egyptienne\/p\/","title":{"rendered":"Puzzle adulte de 1000 pi\u00e8ces &#8211; Collection Cartoon &#8211; Pyramide \u00e9gyptienne"},"content":{"rendered":"<p><span style=\"font-weight: 400;\">Tu te sens inspir\u00e9 et mis \u00e0 l&rsquo;\u00e9cart ? La collection de puzzles de dessins anim\u00e9s te va comme un gant. D\u00e9couvre des jeux de puzzle de 1000 pi\u00e8ces avec des illustrations anim\u00e9es qui te divertissent et entra\u00eenent ta m\u00e9moire et ta pers\u00e9v\u00e9rance <\/span><\/p>\n<p><span style=\"font-weight: 400;\">Le puzzle Pyramide \u00e9gyptienne de 1000 pi\u00e8ces de la collection Cartoon Puzzle pr\u00e9sente une illustration originale qui donne une interpr\u00e9tation unique de la construction des c\u00e9l\u00e8bres pyramides \u00e9gyptiennes. Des personnages anim\u00e9s, pleins d&rsquo;humour et de personnalit\u00e9, sont \u00e0 l&rsquo;\u0153uvre sur la fabuleuse construction <\/span><\/p>\n<p><span style=\"font-weight: 400;\">Avec beaucoup d&rsquo;imagination et un grand souci du d\u00e9tail, l&rsquo;artiste Biro Donat a cr\u00e9\u00e9 des personnages anim\u00e9s qui te raviront et t&rsquo;amuseront pendant que tu assembleras le puzzle de 1000 pi\u00e8ces <\/span><\/p>\n<p><span style=\"font-weight: 400;\">Si tu es un aficionado des puzzles, d\u00e9couvrir chaque personnage et sa place dans l&rsquo;histoire sera un beau d\u00e9fi. Si tu es une d\u00e9butante, mais que tu as envie de grandes choses, pense \u00e0 demander \u00e0 ta bande d&rsquo;amis de t&rsquo;aider \u00e0 recr\u00e9er l&rsquo;image. Le plaisir est maximal, et la peinture finale sera un merveilleux d\u00e9lice pour tous les participants.<\/span><\/p>\n<p><strong>Pourquoi choisir le puzzle Cartoon &#8211; Pyramide \u00e9gyptienne de 1000 pi\u00e8ces ?<\/strong><\/p>\n<p><span style=\"font-weight: 400;\">Tu obtiens une peinture unique de 50 x 70 cm pour d\u00e9corer ta maison.<\/span><\/p>\n<p><span style=\"font-weight: 400;\">Il est fabriqu\u00e9 en carton bleu de haute qualit\u00e9, ce qui le rend tr\u00e8s solide.<\/span><\/p>\n<p><span style=\"font-weight: 400;\">Les 1000 pi\u00e8ces du puzzle sont d\u00e9coup\u00e9es avec pr\u00e9cision et s&#8217;embo\u00eetent parfaitement pour que l&rsquo;image assembl\u00e9e soit impeccable.<\/span><\/p>\n<p><span style=\"font-weight: 400;\">La finition est semi-brillante, dans des couleurs vives qui font ressortir la beaut\u00e9 de l&rsquo;illustration.<\/span><\/p>\n<p><span style=\"font-weight: 400;\">C&rsquo;est un produit respectueux de la nature, fabriqu\u00e9 \u00e0 partir de mat\u00e9riaux recyclables et durables.<\/span><\/p>\n<p><span style=\"font-weight: 400;\">Il convient aux personnes de plus de 14 ans &#8211; l&rsquo;occasion parfaite de s&rsquo;amuser avec tes enfants adolescents.<\/span><\/p>\n<p><span style=\"font-weight: 400;\">Cela peut \u00eatre une occasion de socialiser et de se connecter avec ton groupe d&rsquo;amis.<\/span><\/p>\n<p><span style=\"font-weight: 400;\">Entra\u00eene ton imagination en suivant les traces des personnages qui aident \u00e0 construire la grande pyramide.<\/span><\/p>\n<p><strong>Tu savais que&#8230; ?<\/strong><\/p>\n<p><span style=\"font-weight: 400;\">Il y a plus de 100 pyramides en \u00c9gypte, et les experts estiment qu&rsquo;il en reste encore d&rsquo;autres \u00e0 d\u00e9couvrir.<\/span><\/p>\n<p><span style=\"font-weight: 400;\">La structure de la Grande Pyramide de Gizeh fonctionne comme un cadran solaire.<\/span><\/p>\n<p><span style=\"font-weight: 400;\">Il n&rsquo;y a pas deux pyramides identiques &#8211; elles ne sont pas construites de la m\u00eame fa\u00e7on.<\/span><\/p>\n<p><span style=\"font-weight: 400;\">Apparemment, les pyramides n&rsquo;ont pas \u00e9t\u00e9 construites par des esclaves, selon les anciennes th\u00e9ories. Les b\u00e2tisseurs de pyramides poss\u00e9daient leurs propres tombes, ce qui indique qu&rsquo;ils \u00e9taient honor\u00e9s pour leur travail, ils ne pouvaient donc pas \u00eatre des esclaves.<\/span><\/p>\n<p><strong>Puzzle cartoon de 1000 pi\u00e8ces &#8211; Pyramide \u00e9gyptienne opportunit\u00e9 sociale avec des amis<\/strong><\/p>\n<p><span style=\"font-weight: 400;\">Pour les soir\u00e9es o\u00f9 le froid te retient \u00e0 l&rsquo;int\u00e9rieur ou pour les week-ends o\u00f9 tu veux \u00e9chapper \u00e0 la monotonie, le puzzle Pyramide \u00e9gyptienne de 1000 pi\u00e8ces apporte d\u00e9tente et bonne humeur entre amis <\/span><\/p>\n<p><span style=\"font-weight: 400;\">Divise les pi\u00e8ces, mets chaque personnage \u00e0 sa place dans l&rsquo;histoire du puzzle de 1000 pi\u00e8ces et obtiens une image qui te rappellera toujours des moments m\u00e9morables. Profite d&rsquo;une illustration pleine de couleurs et de vibrations positives, et pourquoi ne pas planifier un voyage au pays des c\u00e9l\u00e8bres pyramides dans un avenir proche.<\/span><\/p>\n<p><span style=\"font-weight: 400;\">Choisis le puzzle Pyramides \u00e9gyptiennes de 1000 pi\u00e8ces de la collection de puzzles Cartoon pour donner de la valeur \u00e0 ton temps libre ou l&rsquo;offrir \u00e0 tes amis amateurs de puzzles.<\/span><\/p><\/p>\n","protected":false},"excerpt":{"rendered":"<p>Tu te sens inspir\u00e9 et mis \u00e0 l&rsquo;\u00e9cart ? La collection de puzzles de dessins anim\u00e9s te va comme un<\/p>\n","protected":false},"featured_media":46789,"template":"","meta":[],"product_brand":[],"product_cat":[2314,2316,2315],"product_tag":[],"class_list":{"0":"post-54887","1":"product","2":"type-product","3":"status-publish","4":"has-post-thumbnail","6":"product_cat-puzzles-fr","7":"product_cat-puzzles-de-1000-pieces","8":"product_cat-puzzles-pour-adultes","9":"pa_bax-10-fr","10":"pa_brand-d_toys-fr","11":"pa_country_of_manufacture-ro-fr","12":"pa_filter_age-14-fr","13":"pa_painter-cartooncollection-fr","14":"pa_tip_ambalaj-boite","15":"pa_tip_puzzle-classique","17":"first","18":"instock","19":"taxable","20":"shipping-taxable","21":"product-type-simple"},"yoast_head":"<!-- This site is optimized with the Yoast SEO plugin v20.1 - https:\/\/yoast.com\/wordpress\/plugins\/seo\/ -->\n<title>Puzzle adulte de 1000 pi\u00e8ces - Collection Cartoon - Pyramide \u00e9gyptienne<\/title>\n<meta name=\"description\" content=\"Puzzle adulte de 1000 pi\u00e8ces - Collection Cartoon - Pyramide \u00e9gyptienne\" \/>\n<meta name=\"robots\" content=\"index, follow, max-snippet:-1, max-image-preview:large, max-video-preview:-1\" \/>\n<link rel=\"canonical\" href=\"https:\/\/business.roovi.com\/fr\/puzzle-adulte-de-1000-pieces-collection-cartoon-pyramide-egyptienne\/p\/\" \/>\n<meta property=\"og:locale\" content=\"fr_FR\" \/>\n<meta property=\"og:type\" content=\"article\" \/>\n<meta property=\"og:title\" content=\"Puzzle adulte de 1000 pi\u00e8ces - Collection Cartoon - Pyramide \u00e9gyptienne\" \/>\n<meta property=\"og:description\" content=\"Puzzle adulte de 1000 pi\u00e8ces - Collection Cartoon - Pyramide \u00e9gyptienne\" \/>\n<meta property=\"og:url\" content=\"https:\/\/business.roovi.com\/fr\/puzzle-adulte-de-1000-pieces-collection-cartoon-pyramide-egyptienne\/p\/\" \/>\n<meta property=\"og:site_name\" content=\"Roovi B2B\" \/>\n<meta property=\"article:publisher\" content=\"https:\/\/www.facebook.com\/wwwjucariero\" \/>\n<meta property=\"article:modified_time\" content=\"2022-07-13T11:04:34+00:00\" \/>\n<meta property=\"og:image\" content=\"https:\/\/business.roovi.com\/wp-content\/uploads\/2018\/04\/61218-03_ansamblu_dimensiuni_cutie_cm_1200x1200.png\" \/>\n\t<meta property=\"og:image:width\" content=\"1200\" \/>\n\t<meta property=\"og:image:height\" content=\"1200\" \/>\n\t<meta property=\"og:image:type\" content=\"image\/png\" \/>\n<meta name=\"twitter:label1\" content=\"Dur\u00e9e de lecture estim\u00e9e\" \/>\n\t<meta name=\"twitter:data1\" content=\"3 minutes\" \/>\n<script type=\"application\/ld+json\" class=\"yoast-schema-graph\">{\"@context\":\"https:\/\/schema.org\",\"@graph\":[{\"@type\":\"WebPage\",\"@id\":\"https:\/\/business.roovi.com\/fr\/puzzle-adulte-de-1000-pieces-collection-cartoon-pyramide-egyptienne\/p\/\",\"url\":\"https:\/\/business.roovi.com\/fr\/puzzle-adulte-de-1000-pieces-collection-cartoon-pyramide-egyptienne\/p\/\",\"name\":\"Puzzle adulte de 1000 pi\u00e8ces - Collection Cartoon - Pyramide \u00e9gyptienne\",\"isPartOf\":{\"@id\":\"https:\/\/business.roovi.com\/fr\/#website\"},\"datePublished\":\"2018-04-16T10:56:16+00:00\",\"dateModified\":\"2022-07-13T11:04:34+00:00\",\"description\":\"Puzzle adulte de 1000 pi\u00e8ces - Collection Cartoon - Pyramide \u00e9gyptienne\",\"breadcrumb\":{\"@id\":\"https:\/\/business.roovi.com\/fr\/puzzle-adulte-de-1000-pieces-collection-cartoon-pyramide-egyptienne\/p\/#breadcrumb\"},\"inLanguage\":\"fr-FR\",\"potentialAction\":[{\"@type\":\"ReadAction\",\"target\":[\"https:\/\/business.roovi.com\/fr\/puzzle-adulte-de-1000-pieces-collection-cartoon-pyramide-egyptienne\/p\/\"]}]},{\"@type\":\"BreadcrumbList\",\"@id\":\"https:\/\/business.roovi.com\/fr\/puzzle-adulte-de-1000-pieces-collection-cartoon-pyramide-egyptienne\/p\/#breadcrumb\",\"itemListElement\":[{\"@type\":\"ListItem\",\"position\":1,\"name\":\"Home\",\"item\":\"https:\/\/business.roovi.com\/fr\/\"},{\"@type\":\"ListItem\",\"position\":2,\"name\":\"Boutique\",\"item\":\"https:\/\/business.roovi.com\/fr\/boutique\/\"},{\"@type\":\"ListItem\",\"position\":3,\"name\":\"Puzzle adulte de 1000 pi\u00e8ces &#8211; Collection Cartoon &#8211; Pyramide \u00e9gyptienne\"}]},{\"@type\":\"WebSite\",\"@id\":\"https:\/\/business.roovi.com\/fr\/#website\",\"url\":\"https:\/\/business.roovi.com\/fr\/\",\"name\":\"Roovi B2B\",\"description\":\"Roovi Business Website\",\"potentialAction\":[{\"@type\":\"SearchAction\",\"target\":{\"@type\":\"EntryPoint\",\"urlTemplate\":\"https:\/\/business.roovi.com\/fr\/?s={search_term_string}\"},\"query-input\":\"required name=search_term_string\"}],\"inLanguage\":\"fr-FR\"}]}<\/script>\n<!-- \/ Yoast SEO plugin. -->","yoast_head_json":{"title":"Puzzle adulte de 1000 pi\u00e8ces - Collection Cartoon - Pyramide \u00e9gyptienne","description":"Puzzle adulte de 1000 pi\u00e8ces - Collection Cartoon - Pyramide \u00e9gyptienne","robots":{"index":"index","follow":"follow","max-snippet":"max-snippet:-1","max-image-preview":"max-image-preview:large","max-video-preview":"max-video-preview:-1"},"canonical":"https:\/\/business.roovi.com\/fr\/puzzle-adulte-de-1000-pieces-collection-cartoon-pyramide-egyptienne\/p\/","og_locale":"fr_FR","og_type":"article","og_title":"Puzzle adulte de 1000 pi\u00e8ces - Collection Cartoon - Pyramide \u00e9gyptienne","og_description":"Puzzle adulte de 1000 pi\u00e8ces - Collection Cartoon - Pyramide \u00e9gyptienne","og_url":"https:\/\/business.roovi.com\/fr\/puzzle-adulte-de-1000-pieces-collection-cartoon-pyramide-egyptienne\/p\/","og_site_name":"Roovi B2B","article_publisher":"https:\/\/www.facebook.com\/wwwjucariero","article_modified_time":"2022-07-13T11:04:34+00:00","og_image":[{"width":1200,"height":1200,"url":"https:\/\/business.roovi.com\/wp-content\/uploads\/2018\/04\/61218-03_ansamblu_dimensiuni_cutie_cm_1200x1200.png","type":"image\/png"}],"twitter_misc":{"Dur\u00e9e de lecture estim\u00e9e":"3 minutes"},"schema":{"@context":"https:\/\/schema.org","@graph":[{"@type":"WebPage","@id":"https:\/\/business.roovi.com\/fr\/puzzle-adulte-de-1000-pieces-collection-cartoon-pyramide-egyptienne\/p\/","url":"https:\/\/business.roovi.com\/fr\/puzzle-adulte-de-1000-pieces-collection-cartoon-pyramide-egyptienne\/p\/","name":"Puzzle adulte de 1000 pi\u00e8ces - Collection Cartoon - Pyramide \u00e9gyptienne","isPartOf":{"@id":"https:\/\/business.roovi.com\/fr\/#website"},"datePublished":"2018-04-16T10:56:16+00:00","dateModified":"2022-07-13T11:04:34+00:00","description":"Puzzle adulte de 1000 pi\u00e8ces - Collection Cartoon - Pyramide \u00e9gyptienne","breadcrumb":{"@id":"https:\/\/business.roovi.com\/fr\/puzzle-adulte-de-1000-pieces-collection-cartoon-pyramide-egyptienne\/p\/#breadcrumb"},"inLanguage":"fr-FR","potentialAction":[{"@type":"ReadAction","target":["https:\/\/business.roovi.com\/fr\/puzzle-adulte-de-1000-pieces-collection-cartoon-pyramide-egyptienne\/p\/"]}]},{"@type":"BreadcrumbList","@id":"https:\/\/business.roovi.com\/fr\/puzzle-adulte-de-1000-pieces-collection-cartoon-pyramide-egyptienne\/p\/#breadcrumb","itemListElement":[{"@type":"ListItem","position":1,"name":"Home","item":"https:\/\/business.roovi.com\/fr\/"},{"@type":"ListItem","position":2,"name":"Boutique","item":"https:\/\/business.roovi.com\/fr\/boutique\/"},{"@type":"ListItem","position":3,"name":"Puzzle adulte de 1000 pi\u00e8ces &#8211; Collection Cartoon &#8211; Pyramide \u00e9gyptienne"}]},{"@type":"WebSite","@id":"https:\/\/business.roovi.com\/fr\/#website","url":"https:\/\/business.roovi.com\/fr\/","name":"Roovi B2B","description":"Roovi Business Website","potentialAction":[{"@type":"SearchAction","target":{"@type":"EntryPoint","urlTemplate":"https:\/\/business.roovi.com\/fr\/?s={search_term_string}"},"query-input":"required name=search_term_string"}],"inLanguage":"fr-FR"}]}},"_links":{"self":[{"href":"https:\/\/business.roovi.com\/fr\/wp-json\/wp\/v2\/product\/54887","targetHints":{"allow":["GET"]}}],"collection":[{"href":"https:\/\/business.roovi.com\/fr\/wp-json\/wp\/v2\/product"}],"about":[{"href":"https:\/\/business.roovi.com\/fr\/wp-json\/wp\/v2\/types\/product"}],"version-history":[{"count":0,"href":"https:\/\/business.roovi.com\/fr\/wp-json\/wp\/v2\/product\/54887\/revisions"}],"wp:featuredmedia":[{"embeddable":true,"href":"https:\/\/business.roovi.com\/fr\/wp-json\/wp\/v2\/media\/46789"}],"wp:attachment":[{"href":"https:\/\/business.roovi.com\/fr\/wp-json\/wp\/v2\/media?parent=54887"}],"wp:term":[{"taxonomy":"product_brand","embeddable":true,"href":"https:\/\/business.roovi.com\/fr\/wp-json\/wp\/v2\/product_brand?post=54887"},{"taxonomy":"product_cat","embeddable":true,"href":"https:\/\/business.roovi.com\/fr\/wp-json\/wp\/v2\/product_cat?post=54887"},{"taxonomy":"product_tag","embeddable":true,"href":"https:\/\/business.roovi.com\/fr\/wp-json\/wp\/v2\/product_tag?post=54887"}],"curies":[{"name":"wp","href":"https:\/\/api.w.org\/{rel}","templated":true}]}}