{"id":54889,"date":"2018-04-16T10:56:16","date_gmt":"2018-04-16T10:56:16","guid":{"rendered":"https:\/\/business.roovi.com\/puzzle-adulti-1000-piese-cartoon-collection-acropolis\/p\/"},"modified":"2022-07-13T11:04:45","modified_gmt":"2022-07-13T11:04:45","slug":"casse-tete-acropolis-casse-tete-adulte-1000-pieces-cartoon-collection","status":"publish","type":"product","link":"https:\/\/business.roovi.com\/fr\/casse-tete-acropolis-casse-tete-adulte-1000-pieces-cartoon-collection\/p\/","title":{"rendered":"Casse-t\u00eate Acropolis &#8211; Casse-t\u00eate adulte 1000 pi\u00e8ces &#8211; Cartoon Collection"},"content":{"rendered":"<p><span style=\"font-weight: 400;\">Pr\u00e9pare-toi \u00e0 de nombreuses heures de d\u00e9tente et d&rsquo;amusement avec la nouvelle collection de puzzles Cartoon. Des personnages dr\u00f4les, humoristiques et fantaisistes apportent de l&rsquo;originalit\u00e9 aux illustrations du puzzle de 1000 pi\u00e8ces. Assemble les images et amuse-toi \u00e0 d\u00e9couvrir chaque lutin de l&rsquo;histoire.<\/span><\/p>\n<p><span style=\"font-weight: 400;\">Le puzzle Acropolis de 1000 pi\u00e8ces de la collection Cartoon te montre un monde en mouvement, anim\u00e9 par des dizaines d&rsquo;adorables personnages qui ont envahi la c\u00e9l\u00e8bre attraction touristique.<\/span><\/p>\n<p><span style=\"font-weight: 400;\">La pl\u00e9thore de personnages augmente la difficult\u00e9 du jeu d&rsquo;\u00e9nigmes, mais comme ils sont tous si mignons et mis en place, c&rsquo;est un plaisir de d\u00e9couvrir leur jeu. Une sc\u00e8ne dynamique et color\u00e9e et une approche audacieuse d&rsquo;un sujet int\u00e9ressant, voil\u00e0 ce que tu trouves dans le puzzle Acropolis de 1000 pi\u00e8ces.<\/span><\/p>\n<p><span style=\"font-weight: 400;\">Les pi\u00e8ces du puzzle adulte Acropolis sont fabriqu\u00e9es en carton de haute qualit\u00e9, d\u00e9coup\u00e9es avec pr\u00e9cision et s&#8217;embo\u00eetent parfaitement. L&rsquo;image assembl\u00e9e est donc parfaite et ajoutera de la couleur et de la sophistication \u00e0 tout endroit o\u00f9 tu l&rsquo;exposes.<\/span><\/p>\n<p><strong>Pourquoi choisir la collection Cartoon &#8211; Acropolis puzzle 1000 pi\u00e8ces ?<\/strong><\/p>\n<p><span style=\"font-weight: 400;\">Tu obtiens une peinture design originale de 50 x 70 cm avec laquelle tu peux d\u00e9corer ta maison.<\/span><\/p>\n<p><span style=\"font-weight: 400;\">Il est fabriqu\u00e9 en carton bleu de haute qualit\u00e9, ce qui le rend plus r\u00e9sistant \u00e0 de multiples utilisations.<\/span><\/p>\n<p><span style=\"font-weight: 400;\">La finition semi-brillante aux couleurs chaudes et vives fait ressortir la beaut\u00e9 de l&rsquo;illustration.<\/span><\/p>\n<p><span style=\"font-weight: 400;\">C&rsquo;est un produit respectueux de la nature, fabriqu\u00e9 \u00e0 partir de mat\u00e9riaux recyclables et durables.<\/span><\/p>\n<p><span style=\"font-weight: 400;\">Convient aux personnes de plus de 14 ans &#8211; amuse-toi au maximum avec tes enfants adolescents.<\/span><\/p>\n<p><span style=\"font-weight: 400;\">Cela peut \u00eatre une bonne occasion de socialiser et de se connecter avec ton groupe d&rsquo;amis.<\/span><\/p>\n<p><span style=\"font-weight: 400;\">Le puzzle Acropolis 1000 pi\u00e8ces est plus qu&rsquo;une occasion de se d\u00e9tendre et de s&rsquo;amuser. Il te donne de multiples avantages qui se refl\u00e8tent \u00e0 de nombreux niveaux :<\/span><\/p>\n<ul>\n<li><span style=\"font-weight: 400;\">Il implique les deux h\u00e9misph\u00e8res c\u00e9r\u00e9braux et devient ainsi un entra\u00eenement c\u00e9r\u00e9bral complet.<\/span><\/li>\n<li><span style=\"font-weight: 400;\">Il garde ta m\u00e9moire vive.<\/span><\/li>\n<li><span style=\"font-weight: 400;\">Elle cultive la patience et la pers\u00e9v\u00e9rance.<\/span><\/li>\n<li><span style=\"font-weight: 400;\">Cela te rend plus attentif aux d\u00e9tails.<\/span><\/li>\n<li><span style=\"font-weight: 400;\">Il d\u00e9veloppe et entretient ta motricit\u00e9 fine et ta coordination.<\/span><\/li>\n<\/ul>\n<p><strong>Tu savais que&#8230; ?<\/strong><\/p>\n<p><span style=\"font-weight: 400;\">L&rsquo;Acropole est aussi appel\u00e9e <\/span><em><span style=\"font-weight: 400;\">Le rocher sacr\u00e9 d&rsquo;Ath\u00e8nes<\/span><\/em><span style=\"font-weight: 400;\"> et est l&rsquo;un des symboles les plus embl\u00e9matiques de la culture grecque antique.<\/span><\/p>\n<p><span style=\"font-weight: 400;\">Le complexe de l&rsquo;Acropole abrite de nombreux b\u00e2timents anciens de grande valeur architecturale et historique : le Parth\u00e9non, les Propyl\u00e9es, l&rsquo;Erechth\u00e9ion et le Temple d&rsquo;Ath\u00e9na Nike.<\/span><\/p>\n<p><span style=\"font-weight: 400;\">L&rsquo;Acropole et le Parth\u00e9non sont tous deux visibles de presque partout \u00e0 Ath\u00e8nes.<\/span><\/p>\n<p><span style=\"font-weight: 400;\">Sur les pentes de l&rsquo;Acropole se trouve la plus ancienne station m\u00e9t\u00e9orologique du monde, construite il y a plus de 2000 ans.<\/span><\/p>\n<p><strong>Puzzle cartoon de 1000 pi\u00e8ces &#8211; Acropolis &#8211; une grande dose de plaisir <\/strong><\/p>\n<p><span style=\"font-weight: 400;\">Tu veux passer du temps de qualit\u00e9 avec tes proches et t&rsquo;amuser en m\u00eame temps ? Le puzzle Acropolis de 1000 pi\u00e8ces de la collection de puzzles Cartoon est le choix id\u00e9al <\/span><\/p>\n<p><span style=\"font-weight: 400;\">Avec tes proches, tu peux recr\u00e9er le monde en mouvement des personnages uniques qui ont envahi le symbole antique de la Gr\u00e8ce antique. Les sc\u00e8nes uniques que tu d\u00e9couvres dans l&rsquo;illustration susciteront des rires et de la bonne humeur tout au long de l&rsquo;activit\u00e9.<\/span><\/p>\n<p><span style=\"font-weight: 400;\">Saisis l&rsquo;histoire unique, assemble l&rsquo;image anim\u00e9e et c\u00e9l\u00e8bre ton dur labeur en encadrant l&rsquo;image obtenue. Le r\u00e9sultat est un objet d\u00e9coratif que les enfants ne manqueront pas de vouloir dans leur chambre.<\/span><\/p>\n<p><span style=\"font-weight: 400;\">Choisis le puzzle Cartoon &#8211; Acropolis de 1000 pi\u00e8ces pour \u00e9gayer les moments ennuyeux ou offre-le en cadeau \u00e0 des amis amateurs de puzzle.<\/span><\/p><\/p>\n","protected":false},"excerpt":{"rendered":"<p>Pr\u00e9pare-toi \u00e0 de nombreuses heures de d\u00e9tente et d&rsquo;amusement avec la nouvelle collection de puzzles Cartoon. Des personnages dr\u00f4les, humoristiques<\/p>\n","protected":false},"featured_media":46796,"template":"","meta":[],"product_brand":[],"product_cat":[2314,2316,2315],"product_tag":[],"class_list":{"0":"post-54889","1":"product","2":"type-product","3":"status-publish","4":"has-post-thumbnail","6":"product_cat-puzzles-fr","7":"product_cat-puzzles-de-1000-pieces","8":"product_cat-puzzles-pour-adultes","9":"pa_bax-10-fr","10":"pa_brand-d_toys-fr","11":"pa_country_of_manufacture-ro-fr","12":"pa_filter_age-14-fr","13":"pa_painter-cartooncollection-fr","14":"pa_tip_ambalaj-boite","15":"pa_tip_puzzle-classique","17":"first","18":"instock","19":"taxable","20":"shipping-taxable","21":"product-type-simple"},"yoast_head":"<!-- This site is optimized with the Yoast SEO plugin v20.1 - https:\/\/yoast.com\/wordpress\/plugins\/seo\/ -->\n<title>Casse-t\u00eate Acropolis - Casse-t\u00eate adulte 1000 pi\u00e8ces - Cartoon Collection<\/title>\n<meta name=\"description\" content=\"Casse-t\u00eate Acropolis - Casse-t\u00eate adulte 1000 pi\u00e8ces - Cartoon Collection\" \/>\n<meta name=\"robots\" content=\"index, follow, max-snippet:-1, max-image-preview:large, max-video-preview:-1\" \/>\n<link rel=\"canonical\" href=\"https:\/\/business.roovi.com\/fr\/casse-tete-acropolis-casse-tete-adulte-1000-pieces-cartoon-collection\/p\/\" \/>\n<meta property=\"og:locale\" content=\"fr_FR\" \/>\n<meta property=\"og:type\" content=\"article\" \/>\n<meta property=\"og:title\" content=\"Casse-t\u00eate Acropolis - Casse-t\u00eate adulte 1000 pi\u00e8ces - Cartoon Collection\" \/>\n<meta property=\"og:description\" content=\"Casse-t\u00eate Acropolis - Casse-t\u00eate adulte 1000 pi\u00e8ces - Cartoon Collection\" \/>\n<meta property=\"og:url\" content=\"https:\/\/business.roovi.com\/fr\/casse-tete-acropolis-casse-tete-adulte-1000-pieces-cartoon-collection\/p\/\" \/>\n<meta property=\"og:site_name\" content=\"Roovi B2B\" \/>\n<meta property=\"article:publisher\" content=\"https:\/\/www.facebook.com\/wwwjucariero\" \/>\n<meta property=\"article:modified_time\" content=\"2022-07-13T11:04:45+00:00\" \/>\n<meta property=\"og:image\" content=\"https:\/\/business.roovi.com\/wp-content\/uploads\/2018\/04\/61218-04_ansamblu_dimensiuni_cutie_cm_1200x1200.png\" \/>\n\t<meta property=\"og:image:width\" content=\"1200\" \/>\n\t<meta property=\"og:image:height\" content=\"1200\" \/>\n\t<meta property=\"og:image:type\" content=\"image\/png\" \/>\n<meta name=\"twitter:label1\" content=\"Dur\u00e9e de lecture estim\u00e9e\" \/>\n\t<meta name=\"twitter:data1\" content=\"3 minutes\" \/>\n<script type=\"application\/ld+json\" class=\"yoast-schema-graph\">{\"@context\":\"https:\/\/schema.org\",\"@graph\":[{\"@type\":\"WebPage\",\"@id\":\"https:\/\/business.roovi.com\/fr\/casse-tete-acropolis-casse-tete-adulte-1000-pieces-cartoon-collection\/p\/\",\"url\":\"https:\/\/business.roovi.com\/fr\/casse-tete-acropolis-casse-tete-adulte-1000-pieces-cartoon-collection\/p\/\",\"name\":\"Casse-t\u00eate Acropolis - Casse-t\u00eate adulte 1000 pi\u00e8ces - Cartoon Collection\",\"isPartOf\":{\"@id\":\"https:\/\/business.roovi.com\/fr\/#website\"},\"datePublished\":\"2018-04-16T10:56:16+00:00\",\"dateModified\":\"2022-07-13T11:04:45+00:00\",\"description\":\"Casse-t\u00eate Acropolis - Casse-t\u00eate adulte 1000 pi\u00e8ces - Cartoon Collection\",\"breadcrumb\":{\"@id\":\"https:\/\/business.roovi.com\/fr\/casse-tete-acropolis-casse-tete-adulte-1000-pieces-cartoon-collection\/p\/#breadcrumb\"},\"inLanguage\":\"fr-FR\",\"potentialAction\":[{\"@type\":\"ReadAction\",\"target\":[\"https:\/\/business.roovi.com\/fr\/casse-tete-acropolis-casse-tete-adulte-1000-pieces-cartoon-collection\/p\/\"]}]},{\"@type\":\"BreadcrumbList\",\"@id\":\"https:\/\/business.roovi.com\/fr\/casse-tete-acropolis-casse-tete-adulte-1000-pieces-cartoon-collection\/p\/#breadcrumb\",\"itemListElement\":[{\"@type\":\"ListItem\",\"position\":1,\"name\":\"Home\",\"item\":\"https:\/\/business.roovi.com\/fr\/\"},{\"@type\":\"ListItem\",\"position\":2,\"name\":\"Boutique\",\"item\":\"https:\/\/business.roovi.com\/fr\/boutique\/\"},{\"@type\":\"ListItem\",\"position\":3,\"name\":\"Casse-t\u00eate Acropolis &#8211; Casse-t\u00eate adulte 1000 pi\u00e8ces &#8211; Cartoon Collection\"}]},{\"@type\":\"WebSite\",\"@id\":\"https:\/\/business.roovi.com\/fr\/#website\",\"url\":\"https:\/\/business.roovi.com\/fr\/\",\"name\":\"Roovi B2B\",\"description\":\"Roovi Business Website\",\"potentialAction\":[{\"@type\":\"SearchAction\",\"target\":{\"@type\":\"EntryPoint\",\"urlTemplate\":\"https:\/\/business.roovi.com\/fr\/?s={search_term_string}\"},\"query-input\":\"required name=search_term_string\"}],\"inLanguage\":\"fr-FR\"}]}<\/script>\n<!-- \/ Yoast SEO plugin. -->","yoast_head_json":{"title":"Casse-t\u00eate Acropolis - Casse-t\u00eate adulte 1000 pi\u00e8ces - Cartoon Collection","description":"Casse-t\u00eate Acropolis - Casse-t\u00eate adulte 1000 pi\u00e8ces - Cartoon Collection","robots":{"index":"index","follow":"follow","max-snippet":"max-snippet:-1","max-image-preview":"max-image-preview:large","max-video-preview":"max-video-preview:-1"},"canonical":"https:\/\/business.roovi.com\/fr\/casse-tete-acropolis-casse-tete-adulte-1000-pieces-cartoon-collection\/p\/","og_locale":"fr_FR","og_type":"article","og_title":"Casse-t\u00eate Acropolis - Casse-t\u00eate adulte 1000 pi\u00e8ces - Cartoon Collection","og_description":"Casse-t\u00eate Acropolis - Casse-t\u00eate adulte 1000 pi\u00e8ces - Cartoon Collection","og_url":"https:\/\/business.roovi.com\/fr\/casse-tete-acropolis-casse-tete-adulte-1000-pieces-cartoon-collection\/p\/","og_site_name":"Roovi B2B","article_publisher":"https:\/\/www.facebook.com\/wwwjucariero","article_modified_time":"2022-07-13T11:04:45+00:00","og_image":[{"width":1200,"height":1200,"url":"https:\/\/business.roovi.com\/wp-content\/uploads\/2018\/04\/61218-04_ansamblu_dimensiuni_cutie_cm_1200x1200.png","type":"image\/png"}],"twitter_misc":{"Dur\u00e9e de lecture estim\u00e9e":"3 minutes"},"schema":{"@context":"https:\/\/schema.org","@graph":[{"@type":"WebPage","@id":"https:\/\/business.roovi.com\/fr\/casse-tete-acropolis-casse-tete-adulte-1000-pieces-cartoon-collection\/p\/","url":"https:\/\/business.roovi.com\/fr\/casse-tete-acropolis-casse-tete-adulte-1000-pieces-cartoon-collection\/p\/","name":"Casse-t\u00eate Acropolis - Casse-t\u00eate adulte 1000 pi\u00e8ces - Cartoon Collection","isPartOf":{"@id":"https:\/\/business.roovi.com\/fr\/#website"},"datePublished":"2018-04-16T10:56:16+00:00","dateModified":"2022-07-13T11:04:45+00:00","description":"Casse-t\u00eate Acropolis - Casse-t\u00eate adulte 1000 pi\u00e8ces - Cartoon Collection","breadcrumb":{"@id":"https:\/\/business.roovi.com\/fr\/casse-tete-acropolis-casse-tete-adulte-1000-pieces-cartoon-collection\/p\/#breadcrumb"},"inLanguage":"fr-FR","potentialAction":[{"@type":"ReadAction","target":["https:\/\/business.roovi.com\/fr\/casse-tete-acropolis-casse-tete-adulte-1000-pieces-cartoon-collection\/p\/"]}]},{"@type":"BreadcrumbList","@id":"https:\/\/business.roovi.com\/fr\/casse-tete-acropolis-casse-tete-adulte-1000-pieces-cartoon-collection\/p\/#breadcrumb","itemListElement":[{"@type":"ListItem","position":1,"name":"Home","item":"https:\/\/business.roovi.com\/fr\/"},{"@type":"ListItem","position":2,"name":"Boutique","item":"https:\/\/business.roovi.com\/fr\/boutique\/"},{"@type":"ListItem","position":3,"name":"Casse-t\u00eate Acropolis &#8211; Casse-t\u00eate adulte 1000 pi\u00e8ces &#8211; Cartoon Collection"}]},{"@type":"WebSite","@id":"https:\/\/business.roovi.com\/fr\/#website","url":"https:\/\/business.roovi.com\/fr\/","name":"Roovi B2B","description":"Roovi Business Website","potentialAction":[{"@type":"SearchAction","target":{"@type":"EntryPoint","urlTemplate":"https:\/\/business.roovi.com\/fr\/?s={search_term_string}"},"query-input":"required name=search_term_string"}],"inLanguage":"fr-FR"}]}},"_links":{"self":[{"href":"https:\/\/business.roovi.com\/fr\/wp-json\/wp\/v2\/product\/54889","targetHints":{"allow":["GET"]}}],"collection":[{"href":"https:\/\/business.roovi.com\/fr\/wp-json\/wp\/v2\/product"}],"about":[{"href":"https:\/\/business.roovi.com\/fr\/wp-json\/wp\/v2\/types\/product"}],"version-history":[{"count":0,"href":"https:\/\/business.roovi.com\/fr\/wp-json\/wp\/v2\/product\/54889\/revisions"}],"wp:featuredmedia":[{"embeddable":true,"href":"https:\/\/business.roovi.com\/fr\/wp-json\/wp\/v2\/media\/46796"}],"wp:attachment":[{"href":"https:\/\/business.roovi.com\/fr\/wp-json\/wp\/v2\/media?parent=54889"}],"wp:term":[{"taxonomy":"product_brand","embeddable":true,"href":"https:\/\/business.roovi.com\/fr\/wp-json\/wp\/v2\/product_brand?post=54889"},{"taxonomy":"product_cat","embeddable":true,"href":"https:\/\/business.roovi.com\/fr\/wp-json\/wp\/v2\/product_cat?post=54889"},{"taxonomy":"product_tag","embeddable":true,"href":"https:\/\/business.roovi.com\/fr\/wp-json\/wp\/v2\/product_tag?post=54889"}],"curies":[{"name":"wp","href":"https:\/\/api.w.org\/{rel}","templated":true}]}}