{"id":54891,"date":"2018-04-16T10:56:16","date_gmt":"2018-04-16T10:56:16","guid":{"rendered":"https:\/\/business.roovi.com\/puzzle-adulti-1000-piese-cartoon-collection-santa-claus-party\/p\/"},"modified":"2022-10-18T10:00:15","modified_gmt":"2022-10-18T10:00:15","slug":"puzzle-adulte-de-1000-pieces-collection-cartoon-fete-du-pere-noel","status":"publish","type":"product","link":"https:\/\/business.roovi.com\/fr\/puzzle-adulte-de-1000-pieces-collection-cartoon-fete-du-pere-noel\/p\/","title":{"rendered":"Puzzle adulte de 1000 pi\u00e8ces &#8211; Collection Cartoon &#8211; F\u00eate du P\u00e8re No\u00ebl"},"content":{"rendered":"<p><span style=\"font-weight: 400;\">Si tu avais l&rsquo;impression que les jeux de puzzle ne sont qu&rsquo;une activit\u00e9 de d\u00e9tente, la collection Cartoon puzzle va changer cela. D\u00e9couvre une s\u00e9rie de puzzles \u00e0 collectionner aux illustrations originales et anim\u00e9es, remplies de personnages int\u00e9ressants qui te divertiront et rendront tes heures de puzzle m\u00e9morables.<\/span><\/p>\n<p><span style=\"font-weight: 400;\">Dans le puzzle de 1000 pi\u00e8ces Cartoon &#8211; Santa Claus Party, les lutins du P\u00e8re No\u00ebl s&rsquo;en donnent \u00e0 c\u0153ur joie ! Ils n&rsquo;ont pas encore fini d&#8217;emballer tous les cadeaux, mais la f\u00eate a d\u00e9j\u00e0 commenc\u00e9. Aux fen\u00eatres, sur le toit ou devant la maison du P\u00e8re No\u00ebl, une foule d&rsquo;adorables lutins ou P\u00e8res No\u00ebl font une sc\u00e8ne dynamique et amusante.<\/span><\/p>\n<p><span style=\"font-weight: 400;\">Si tu regardes attentivement l&rsquo;image de ce jeu de r\u00e9flexion, tu as l&rsquo;impression qu&rsquo;un des personnages va t&rsquo;entra\u00eener dans l&rsquo;histoire \u00e0 tout moment et tu sens l&rsquo;air froid envahir tes narines. Nous t&rsquo;invitons donc dans un royaume de conte de f\u00e9es pour vivre une exp\u00e9rience amusante et relaxante en compagnie des lutins les plus joyeux et les plus joueurs.<\/span><\/p>\n<p><strong>Pourquoi choisir le puzzle 1000 pi\u00e8ces Santa Claus Party ?<\/strong><\/p>\n<p><span style=\"font-weight: 400;\">Tu obtiens une photo originale de 50 x 70 cm pour d\u00e9corer ta maison.<\/span><\/p>\n<p><span style=\"font-weight: 400;\">Il est fabriqu\u00e9 en carton bleu de haute qualit\u00e9, ce qui le rend durable m\u00eame s&rsquo;il est r\u00e9utilis\u00e9 plusieurs fois.<\/span><\/p>\n<p><span style=\"font-weight: 400;\">La finition semi-brillante aux couleurs vives fait ressortir la beaut\u00e9 et la clart\u00e9 de l&rsquo;illustration.<\/span><\/p>\n<p><span style=\"font-weight: 400;\">C&rsquo;est un produit respectueux de la nature, fabriqu\u00e9 \u00e0 partir de mat\u00e9riaux recyclables et durables.<\/span><\/p>\n<p><span style=\"font-weight: 400;\">Convient aux personnes de plus de 14 ans &#8211; amuse-toi au maximum avec tes enfants adolescents.<\/span><\/p>\n<p><span style=\"font-weight: 400;\">Cela peut \u00eatre une bonne occasion de socialiser et de se connecter avec ton groupe d&rsquo;amis.<\/span><\/p>\n<p><span style=\"font-weight: 400;\">C&rsquo;est un cadeau original qui fera sensation sous n&rsquo;importe quel sapin de No\u00ebl.<\/span><\/p>\n<p><strong>Savais-tu que le puzzle de 1000 pi\u00e8ces Santa Claus Party&#8230; ?<\/strong><\/p>\n<p><span style=\"font-weight: 400;\">Elle te donne des moments de d\u00e9tente et beaucoup d&rsquo;\u00e9nergie positive.<\/span><\/p>\n<p><span style=\"font-weight: 400;\">C&rsquo;est super amusant et les personnages de l&rsquo;illustration suscitent beaucoup de sourires et de bonne humeur.<\/span><\/p>\n<p><span style=\"font-weight: 400;\">C&rsquo;est un exercice complexe pour le cerveau et cela permet de garder une bonne m\u00e9moire.<\/span><\/p>\n<p><span style=\"font-weight: 400;\">Il stimule la s\u00e9cr\u00e9tion de dopamine, l&rsquo;hormone du bonheur, qui g\u00e9n\u00e8re du bien-\u00eatre et r\u00e9duit le stress.<\/span><\/p>\n<p><span style=\"font-weight: 400;\">Il t&rsquo;aide \u00e0 te concentrer, cultive la patience et l&rsquo;attention aux d\u00e9tails.<\/span><\/p>\n<p><span style=\"font-weight: 400;\">C&rsquo;est un excellent moyen de se rapprocher de ses proches et de renforcer ses relations.<\/span><\/p>\n<p><strong>Puzzle 1000 pi\u00e8ces Santa Claus Party &#8211; vis un No\u00ebl de conte de f\u00e9es avec tes proches<\/strong><\/p>\n<p><span style=\"font-weight: 400;\">No\u00ebl, c&rsquo;est \u00eatre ensemble, en harmonie et se connecter \u00e0 la magie de la f\u00eate. Le puzzle Santa Claus Party de 1000 pi\u00e8ces est l&rsquo;occasion parfaite de passer du temps de qualit\u00e9 avec tes proches. C&rsquo;est l&rsquo;occasion de se d\u00e9tendre et de renforcer les relations avec la famille ou les amis.<\/span><\/p>\n<p><span style=\"font-weight: 400;\">Partage les pi\u00e8ces, travaille en \u00e9quipe sur chaque sc\u00e8ne et d\u00e9couvre chaque personnage et son r\u00f4le dans l&rsquo;histoire. \u00c0 la fin, profite d&rsquo;une illustration parfaite d\u00e9crivant un monde magique plein de sourires et de bonne humeur.<\/span><\/p>\n<p><span style=\"font-weight: 400;\">Le puzzle cartoon 1000 pi\u00e8ces &#8211; Santa Claus Party est le jeu de puzzle parfait dont tu ne veux pas te passer chez toi. Rassemblez-vous pendant les vacances d&rsquo;hiver ou la veille de No\u00ebl et connectez-vous avec vos proches. Donne de la magie \u00e0 tes amis \u00e0 No\u00ebl et mets un cadeau sp\u00e9cial sous le sapin : le puzzle Santa Claus Party de 1000 pi\u00e8ces.<\/span><\/p>\n","protected":false},"excerpt":{"rendered":"<p>Si tu avais l&rsquo;impression que les jeux de puzzle ne sont qu&rsquo;une activit\u00e9 de d\u00e9tente, la collection Cartoon puzzle va<\/p>\n","protected":false},"featured_media":46803,"template":"","meta":[],"product_brand":[],"product_cat":[2314,2316,2315],"product_tag":[],"class_list":{"0":"post-54891","1":"product","2":"type-product","3":"status-publish","4":"has-post-thumbnail","6":"product_cat-puzzles-fr","7":"product_cat-puzzles-de-1000-pieces","8":"product_cat-puzzles-pour-adultes","9":"pa_bax-10-fr","10":"pa_brand-d_toys-fr","11":"pa_country_of_manufacture-ro-fr","12":"pa_filter_age-14-fr","13":"pa_painter-cartooncollection-fr","14":"pa_tip_ambalaj-boite","15":"pa_tip_puzzle-classique","17":"first","18":"instock","19":"taxable","20":"shipping-taxable","21":"product-type-simple"},"yoast_head":"<!-- This site is optimized with the Yoast SEO plugin v20.1 - https:\/\/yoast.com\/wordpress\/plugins\/seo\/ -->\n<title>Puzzle adulte de 1000 pi\u00e8ces - Collection Cartoon - F\u00eate du P\u00e8re No\u00ebl<\/title>\n<meta name=\"description\" content=\"Puzzle adulte de 1000 pi\u00e8ces - Collection Cartoon - F\u00eate du P\u00e8re No\u00ebl\" \/>\n<meta name=\"robots\" content=\"index, follow, max-snippet:-1, max-image-preview:large, max-video-preview:-1\" \/>\n<link rel=\"canonical\" href=\"https:\/\/business.roovi.com\/fr\/puzzle-adulte-de-1000-pieces-collection-cartoon-fete-du-pere-noel\/p\/\" \/>\n<meta property=\"og:locale\" content=\"fr_FR\" \/>\n<meta property=\"og:type\" content=\"article\" \/>\n<meta property=\"og:title\" content=\"Puzzle adulte de 1000 pi\u00e8ces - Collection Cartoon - F\u00eate du P\u00e8re No\u00ebl\" \/>\n<meta property=\"og:description\" content=\"Puzzle adulte de 1000 pi\u00e8ces - Collection Cartoon - F\u00eate du P\u00e8re No\u00ebl\" \/>\n<meta property=\"og:url\" content=\"https:\/\/business.roovi.com\/fr\/puzzle-adulte-de-1000-pieces-collection-cartoon-fete-du-pere-noel\/p\/\" \/>\n<meta property=\"og:site_name\" content=\"Roovi B2B\" \/>\n<meta property=\"article:publisher\" content=\"https:\/\/www.facebook.com\/wwwjucariero\" \/>\n<meta property=\"article:modified_time\" content=\"2022-10-18T10:00:15+00:00\" \/>\n<meta property=\"og:image\" content=\"https:\/\/business.roovi.com\/wp-content\/uploads\/2018\/04\/61218-07_ansamblu_dimensiuni_cutie_cm_vertical_1200x1200.png\" \/>\n\t<meta property=\"og:image:width\" content=\"1200\" \/>\n\t<meta property=\"og:image:height\" content=\"1200\" \/>\n\t<meta property=\"og:image:type\" content=\"image\/png\" \/>\n<meta name=\"twitter:label1\" content=\"Dur\u00e9e de lecture estim\u00e9e\" \/>\n\t<meta name=\"twitter:data1\" content=\"3 minutes\" \/>\n<script type=\"application\/ld+json\" class=\"yoast-schema-graph\">{\"@context\":\"https:\/\/schema.org\",\"@graph\":[{\"@type\":\"WebPage\",\"@id\":\"https:\/\/business.roovi.com\/fr\/puzzle-adulte-de-1000-pieces-collection-cartoon-fete-du-pere-noel\/p\/\",\"url\":\"https:\/\/business.roovi.com\/fr\/puzzle-adulte-de-1000-pieces-collection-cartoon-fete-du-pere-noel\/p\/\",\"name\":\"Puzzle adulte de 1000 pi\u00e8ces - Collection Cartoon - F\u00eate du P\u00e8re No\u00ebl\",\"isPartOf\":{\"@id\":\"https:\/\/business.roovi.com\/fr\/#website\"},\"datePublished\":\"2018-04-16T10:56:16+00:00\",\"dateModified\":\"2022-10-18T10:00:15+00:00\",\"description\":\"Puzzle adulte de 1000 pi\u00e8ces - Collection Cartoon - F\u00eate du P\u00e8re No\u00ebl\",\"breadcrumb\":{\"@id\":\"https:\/\/business.roovi.com\/fr\/puzzle-adulte-de-1000-pieces-collection-cartoon-fete-du-pere-noel\/p\/#breadcrumb\"},\"inLanguage\":\"fr-FR\",\"potentialAction\":[{\"@type\":\"ReadAction\",\"target\":[\"https:\/\/business.roovi.com\/fr\/puzzle-adulte-de-1000-pieces-collection-cartoon-fete-du-pere-noel\/p\/\"]}]},{\"@type\":\"BreadcrumbList\",\"@id\":\"https:\/\/business.roovi.com\/fr\/puzzle-adulte-de-1000-pieces-collection-cartoon-fete-du-pere-noel\/p\/#breadcrumb\",\"itemListElement\":[{\"@type\":\"ListItem\",\"position\":1,\"name\":\"Home\",\"item\":\"https:\/\/business.roovi.com\/fr\/\"},{\"@type\":\"ListItem\",\"position\":2,\"name\":\"Boutique\",\"item\":\"https:\/\/business.roovi.com\/fr\/boutique\/\"},{\"@type\":\"ListItem\",\"position\":3,\"name\":\"Puzzle adulte de 1000 pi\u00e8ces &#8211; Collection Cartoon &#8211; F\u00eate du P\u00e8re No\u00ebl\"}]},{\"@type\":\"WebSite\",\"@id\":\"https:\/\/business.roovi.com\/fr\/#website\",\"url\":\"https:\/\/business.roovi.com\/fr\/\",\"name\":\"Roovi B2B\",\"description\":\"Roovi Business Website\",\"potentialAction\":[{\"@type\":\"SearchAction\",\"target\":{\"@type\":\"EntryPoint\",\"urlTemplate\":\"https:\/\/business.roovi.com\/fr\/?s={search_term_string}\"},\"query-input\":\"required name=search_term_string\"}],\"inLanguage\":\"fr-FR\"}]}<\/script>\n<!-- \/ Yoast SEO plugin. -->","yoast_head_json":{"title":"Puzzle adulte de 1000 pi\u00e8ces - Collection Cartoon - F\u00eate du P\u00e8re No\u00ebl","description":"Puzzle adulte de 1000 pi\u00e8ces - Collection Cartoon - F\u00eate du P\u00e8re No\u00ebl","robots":{"index":"index","follow":"follow","max-snippet":"max-snippet:-1","max-image-preview":"max-image-preview:large","max-video-preview":"max-video-preview:-1"},"canonical":"https:\/\/business.roovi.com\/fr\/puzzle-adulte-de-1000-pieces-collection-cartoon-fete-du-pere-noel\/p\/","og_locale":"fr_FR","og_type":"article","og_title":"Puzzle adulte de 1000 pi\u00e8ces - Collection Cartoon - F\u00eate du P\u00e8re No\u00ebl","og_description":"Puzzle adulte de 1000 pi\u00e8ces - Collection Cartoon - F\u00eate du P\u00e8re No\u00ebl","og_url":"https:\/\/business.roovi.com\/fr\/puzzle-adulte-de-1000-pieces-collection-cartoon-fete-du-pere-noel\/p\/","og_site_name":"Roovi B2B","article_publisher":"https:\/\/www.facebook.com\/wwwjucariero","article_modified_time":"2022-10-18T10:00:15+00:00","og_image":[{"width":1200,"height":1200,"url":"https:\/\/business.roovi.com\/wp-content\/uploads\/2018\/04\/61218-07_ansamblu_dimensiuni_cutie_cm_vertical_1200x1200.png","type":"image\/png"}],"twitter_misc":{"Dur\u00e9e de lecture estim\u00e9e":"3 minutes"},"schema":{"@context":"https:\/\/schema.org","@graph":[{"@type":"WebPage","@id":"https:\/\/business.roovi.com\/fr\/puzzle-adulte-de-1000-pieces-collection-cartoon-fete-du-pere-noel\/p\/","url":"https:\/\/business.roovi.com\/fr\/puzzle-adulte-de-1000-pieces-collection-cartoon-fete-du-pere-noel\/p\/","name":"Puzzle adulte de 1000 pi\u00e8ces - Collection Cartoon - F\u00eate du P\u00e8re No\u00ebl","isPartOf":{"@id":"https:\/\/business.roovi.com\/fr\/#website"},"datePublished":"2018-04-16T10:56:16+00:00","dateModified":"2022-10-18T10:00:15+00:00","description":"Puzzle adulte de 1000 pi\u00e8ces - Collection Cartoon - F\u00eate du P\u00e8re No\u00ebl","breadcrumb":{"@id":"https:\/\/business.roovi.com\/fr\/puzzle-adulte-de-1000-pieces-collection-cartoon-fete-du-pere-noel\/p\/#breadcrumb"},"inLanguage":"fr-FR","potentialAction":[{"@type":"ReadAction","target":["https:\/\/business.roovi.com\/fr\/puzzle-adulte-de-1000-pieces-collection-cartoon-fete-du-pere-noel\/p\/"]}]},{"@type":"BreadcrumbList","@id":"https:\/\/business.roovi.com\/fr\/puzzle-adulte-de-1000-pieces-collection-cartoon-fete-du-pere-noel\/p\/#breadcrumb","itemListElement":[{"@type":"ListItem","position":1,"name":"Home","item":"https:\/\/business.roovi.com\/fr\/"},{"@type":"ListItem","position":2,"name":"Boutique","item":"https:\/\/business.roovi.com\/fr\/boutique\/"},{"@type":"ListItem","position":3,"name":"Puzzle adulte de 1000 pi\u00e8ces &#8211; Collection Cartoon &#8211; F\u00eate du P\u00e8re No\u00ebl"}]},{"@type":"WebSite","@id":"https:\/\/business.roovi.com\/fr\/#website","url":"https:\/\/business.roovi.com\/fr\/","name":"Roovi B2B","description":"Roovi Business Website","potentialAction":[{"@type":"SearchAction","target":{"@type":"EntryPoint","urlTemplate":"https:\/\/business.roovi.com\/fr\/?s={search_term_string}"},"query-input":"required name=search_term_string"}],"inLanguage":"fr-FR"}]}},"_links":{"self":[{"href":"https:\/\/business.roovi.com\/fr\/wp-json\/wp\/v2\/product\/54891","targetHints":{"allow":["GET"]}}],"collection":[{"href":"https:\/\/business.roovi.com\/fr\/wp-json\/wp\/v2\/product"}],"about":[{"href":"https:\/\/business.roovi.com\/fr\/wp-json\/wp\/v2\/types\/product"}],"version-history":[{"count":0,"href":"https:\/\/business.roovi.com\/fr\/wp-json\/wp\/v2\/product\/54891\/revisions"}],"wp:featuredmedia":[{"embeddable":true,"href":"https:\/\/business.roovi.com\/fr\/wp-json\/wp\/v2\/media\/46803"}],"wp:attachment":[{"href":"https:\/\/business.roovi.com\/fr\/wp-json\/wp\/v2\/media?parent=54891"}],"wp:term":[{"taxonomy":"product_brand","embeddable":true,"href":"https:\/\/business.roovi.com\/fr\/wp-json\/wp\/v2\/product_brand?post=54891"},{"taxonomy":"product_cat","embeddable":true,"href":"https:\/\/business.roovi.com\/fr\/wp-json\/wp\/v2\/product_cat?post=54891"},{"taxonomy":"product_tag","embeddable":true,"href":"https:\/\/business.roovi.com\/fr\/wp-json\/wp\/v2\/product_tag?post=54891"}],"curies":[{"name":"wp","href":"https:\/\/api.w.org\/{rel}","templated":true}]}}