{"id":54895,"date":"2018-04-16T10:56:16","date_gmt":"2018-04-16T10:56:16","guid":{"rendered":"https:\/\/business.roovi.com\/puzzle-1000-piese-imagini-din-romania-manastirea-sucevita\/p\/"},"modified":"2022-07-13T11:05:01","modified_gmt":"2022-07-13T11:05:01","slug":"puzzle-adulte-de-1000-pieces-photos-de-roumanie-monastere-de-sucevita","status":"publish","type":"product","link":"https:\/\/business.roovi.com\/fr\/puzzle-adulte-de-1000-pieces-photos-de-roumanie-monastere-de-sucevita\/p\/","title":{"rendered":"Puzzle adulte de 1000 pi\u00e8ces &#8211; Photos de Roumanie &#8211; Monast\u00e8re de Sucevita"},"content":{"rendered":"<p><span style=\"font-weight: 400;\">Le monast\u00e8re de Sucevita est un symbole pr\u00e9cieux de Bucovine, l&rsquo;une des plus belles r\u00e9gions de Roumanie, o\u00f9 le temps semble parfois s&rsquo;arr\u00eater.<\/span><\/p>\n<p><span style=\"font-weight: 400;\">Tout comme les autres \u00e9glises peintes du nord de la Moldavie, Sucevita est connue pour ses fresques exceptionnelles \u00e0 tendance narrative, qui d\u00e9peignent la vie de saints tels que Saint Georges le Martyr et Saint Nicolas le Hi\u00e9rarque. Fascin\u00e9 par les peintures murales du monast\u00e8re, l&rsquo;\u00e9rudit fran\u00e7ais Paul Henry a d\u00e9clar\u00e9 que les fresques de Sucevita repr\u00e9sentent \u00ab\u00a0le testament de l&rsquo;art classique moldave\u00a0\u00bb, confirmant une fois de plus leur valeur culturelle inestimable.<\/span><\/p>\n<p><span style=\"font-weight: 400;\">Le monast\u00e8re de Sucevita est la derni\u00e8re \u00e9glise aux murs peints de la cha\u00eene d&rsquo;\u00e9glises de Bucovine et constitue un lien entre le style traditionnel \u00e9tabli par les souverains de Moldavie et le nouveau style apparu au XVIe si\u00e8cle <\/span><\/p>\n<p><span style=\"font-weight: 400;\">Ainsi, l&rsquo;\u00e9glise du monast\u00e8re est construite dans le style \u00e9tabli, combinant des \u00e9l\u00e9ments de l&rsquo;art byzantin et gothique, mais elle est entour\u00e9e de hauts murs \u00e9pais avec des tours d\u00e9fensives, semblables aux forteresses m\u00e9di\u00e9vales <\/span><\/p>\n<p><span style=\"font-weight: 400;\">Chacun des monast\u00e8res du nord de la Moldavie a une couleur sp\u00e9cifique qui ressort dans les peintures murales, et si \u00e0 Vorone\u021b on trouve le bleu fascinant et \u00e9lectrisant, \u00e0 Sucevitsa, la couleur rouge impressionne, hypnotise et captive l&rsquo;\u0153il <\/span><\/p>\n<p><span style=\"font-weight: 400;\">Nous t&rsquo;invitons \u00e0 faire un voyage imaginaire \u00e0 travers la Bucovine, \u00e0 d\u00e9couvrir les fins d\u00e9tails que les peintres moldaves, John Zugravul et son fr\u00e8re Sofronie, ont cach\u00e9s dans les tableaux du monast\u00e8re de Sucevita et \u00e0 profiter de chaque pi\u00e8ce qui renouvelle le paysage \u00e0 travers un puzzle de 1000 pi\u00e8ces qui reproduit fid\u00e8lement l&rsquo;image embl\u00e9matique.<\/span><\/p>\n<h2><span style=\"font-weight: 400;\">Pourquoi un puzzle de 1000 pi\u00e8ces pour adultes est si sp\u00e9cial ? Photos de Roumanie<\/span><\/h2>\n<ul>\n<li><span style=\"font-weight: 400;\">Un puzzle est un moyen relaxant de d\u00e9couvrir la beaut\u00e9 et le caract\u00e8re unique de sites touristiques appr\u00e9ci\u00e9s dans le monde entier.<\/span><\/li>\n<li><span style=\"font-weight: 400;\">\u00c0 la fin, tu obtiendras une photo du monast\u00e8re de Sucevita que tu pourras facilement encadrer.<\/span><\/li>\n<li><span style=\"font-weight: 400;\">La taille de ce puzzle est de 68 x 47 cm, assez grande pour devenir un centre de table d\u00e9coratif.<\/span><\/li>\n<li><span style=\"font-weight: 400;\">Les pi\u00e8ces sont fabriqu\u00e9es en carton solide et de haute qualit\u00e9, de sorte que le tableau peut \u00eatre assembl\u00e9 plusieurs fois sans que les pi\u00e8ces soient endommag\u00e9es.<\/span><\/li>\n<li><span style=\"font-weight: 400;\">Nous utilisons des mat\u00e9riaux recyclables et durables pour fabriquer chaque puzzle.<\/span><\/li>\n<li><span style=\"font-weight: 400;\">La finition agr\u00e9able et semi-brillante fait ressortir les couleurs vives de l&rsquo;image.<\/span><\/li>\n<li><span style=\"font-weight: 400;\">Ce jeu de puzzle est un pr\u00e9cieux entra\u00eenement mental, qui sollicite les deux h\u00e9misph\u00e8res c\u00e9r\u00e9braux et am\u00e9liore la m\u00e9moire.<\/span><\/li>\n<li><span style=\"font-weight: 400;\">C&rsquo;est un moyen agr\u00e9able d&rsquo;entra\u00eener et d&rsquo;entretenir la coordination, la motricit\u00e9 et la dext\u00e9rit\u00e9 \u00e0 tout \u00e2ge.<\/span><\/li>\n<li><span style=\"font-weight: 400;\">Il augmente l&rsquo;attention aux d\u00e9tails et la concentration.<\/span><\/li>\n<li><span style=\"font-weight: 400;\">C&rsquo;est un jeu de r\u00e9flexion adapt\u00e9 \u00e0 partir de 14 ans, avec un degr\u00e9 de complexit\u00e9 moyen <\/span><\/li>\n<\/ul>\n<h2><span style=\"font-weight: 400;\">Savais-tu que..<\/span><\/h2>\n<p><span style=\"font-weight: 400;\">L&rsquo;\u00e9glise du monast\u00e8re de Sucevita est le seul lieu de culte peint qui n&rsquo;a pas \u00e9t\u00e9 fond\u00e9 par un prince r\u00e9gnant, bien que la famille Movil\u0103 soit ensuite mont\u00e9e sur le tr\u00f4ne de Moldavie et du Pays roumain. De plus, avec les autres \u00e9glises peintes, c&rsquo;est une attraction touristique incluse dans tous les itin\u00e9raires qui incluent la Bucovine.<\/span><\/p>\n<p><span style=\"font-weight: 400;\">Les murs qui entourent l&rsquo;\u00e9glise font presque 100 m\u00e8tres de long, plus de 3 m\u00e8tres d&rsquo;\u00e9paisseur et parfois plus de 6 m\u00e8tres de haut, tandis que chacune des 5 tours est construite selon un plan architectural unique, avec des formes g\u00e9om\u00e9triques diff\u00e9rentes <\/span><\/p>\n<p><span style=\"font-weight: 400;\">En 2010, l&rsquo;\u00e9glise du monast\u00e8re de Sucevita a \u00e9t\u00e9 inscrite sur la liste du patrimoine mondial de l&rsquo;UNESCO, avec d&rsquo;autres monast\u00e8res du nord de la Moldavie, \u00e9tant consid\u00e9r\u00e9e comme un symbole culturel inestimable <\/span><\/p>\n<h2><span style=\"font-weight: 400;\">Puzzle adulte de 1000 pi\u00e8ces &#8211; relaxation et reconnexion avec le Soi<\/span><\/h2>\n<p><span style=\"font-weight: 400;\">Choisis de d\u00e9couvrir la Roumanie en images \u00e0 l&rsquo;aide d&rsquo;un puzzle et reconstruis pi\u00e8ce par pi\u00e8ce l&rsquo;image de l&rsquo;\u00e9glise du monast\u00e8re de Sucevita, impressionnante tant par sa construction que par les fresques qui ornent la fa\u00e7ade.<\/span><\/p>\n<p><span style=\"font-weight: 400;\">Voici toutes les raisons int\u00e9ressantes de d\u00e9couvrir la fascinante \u00e9glise du monast\u00e8re de Sucevita, sous la forme d&rsquo;un puzzle de 1000 pi\u00e8ces, que tu peux assembler en toute tranquillit\u00e9, en prenant quelques heures pour te d\u00e9tendre \u00e0 loisir <\/span><\/p>\n<p><span style=\"font-weight: 400;\">De plus, assembler un puzzle avec des images de la Roumanie est une activit\u00e9 tr\u00e8s agr\u00e9able, qui permet de se reconnecter avec soi-m\u00eame et ses origines. Une activit\u00e9 pendant laquelle tu peux r\u00e9fl\u00e9chir et te concentrer sur une seule action. De cette fa\u00e7on, tu te d\u00e9connectes du rythme rapide de la vie et tu fais une pause dans le tumulte des pens\u00e9es et des id\u00e9es qui t&rsquo;envahissent chaque jour.<\/span><\/p><\/p>\n","protected":false},"excerpt":{"rendered":"<p>Le monast\u00e8re de Sucevita est un symbole pr\u00e9cieux de Bucovine, l&rsquo;une des plus belles r\u00e9gions de Roumanie, o\u00f9 le temps<\/p>\n","protected":false},"featured_media":46817,"template":"","meta":[],"product_brand":[],"product_cat":[2314,2316,2315],"product_tag":[],"class_list":{"0":"post-54895","1":"product","2":"type-product","3":"status-publish","4":"has-post-thumbnail","6":"product_cat-puzzles-fr","7":"product_cat-puzzles-de-1000-pieces","8":"product_cat-puzzles-pour-adultes","9":"pa_bax-10-fr","10":"pa_brand-d_toys-fr","11":"pa_country_of_manufacture-ro-fr","12":"pa_filter_age-14-fr","13":"pa_painter-romania-fr","14":"pa_tip_ambalaj-boite","15":"pa_tip_puzzle-classique","17":"first","18":"instock","19":"taxable","20":"shipping-taxable","21":"product-type-simple"},"yoast_head":"<!-- This site is optimized with the Yoast SEO plugin v20.1 - https:\/\/yoast.com\/wordpress\/plugins\/seo\/ -->\n<title>Puzzle adulte de 1000 pi\u00e8ces - Photos de Roumanie - Monast\u00e8re de Sucevita<\/title>\n<meta name=\"description\" content=\"Puzzle adulte de 1000 pi\u00e8ces - Photos de Roumanie - Monast\u00e8re de Sucevita\" \/>\n<meta name=\"robots\" content=\"index, follow, max-snippet:-1, max-image-preview:large, max-video-preview:-1\" \/>\n<link rel=\"canonical\" href=\"https:\/\/business.roovi.com\/fr\/puzzle-adulte-de-1000-pieces-photos-de-roumanie-monastere-de-sucevita\/p\/\" \/>\n<meta property=\"og:locale\" content=\"fr_FR\" \/>\n<meta property=\"og:type\" content=\"article\" \/>\n<meta property=\"og:title\" content=\"Puzzle adulte de 1000 pi\u00e8ces - Photos de Roumanie - Monast\u00e8re de Sucevita\" \/>\n<meta property=\"og:description\" content=\"Puzzle adulte de 1000 pi\u00e8ces - Photos de Roumanie - Monast\u00e8re de Sucevita\" \/>\n<meta property=\"og:url\" content=\"https:\/\/business.roovi.com\/fr\/puzzle-adulte-de-1000-pieces-photos-de-roumanie-monastere-de-sucevita\/p\/\" \/>\n<meta property=\"og:site_name\" content=\"Roovi B2B\" \/>\n<meta property=\"article:publisher\" content=\"https:\/\/www.facebook.com\/wwwjucariero\" \/>\n<meta property=\"article:modified_time\" content=\"2022-07-13T11:05:01+00:00\" \/>\n<meta property=\"og:image\" content=\"https:\/\/business.roovi.com\/wp-content\/uploads\/2018\/04\/63038_03.jpg\" \/>\n\t<meta property=\"og:image:width\" content=\"1200\" \/>\n\t<meta property=\"og:image:height\" content=\"1200\" \/>\n\t<meta property=\"og:image:type\" content=\"image\/jpeg\" \/>\n<meta name=\"twitter:label1\" content=\"Dur\u00e9e de lecture estim\u00e9e\" \/>\n\t<meta name=\"twitter:data1\" content=\"4 minutes\" \/>\n<script type=\"application\/ld+json\" class=\"yoast-schema-graph\">{\"@context\":\"https:\/\/schema.org\",\"@graph\":[{\"@type\":\"WebPage\",\"@id\":\"https:\/\/business.roovi.com\/fr\/puzzle-adulte-de-1000-pieces-photos-de-roumanie-monastere-de-sucevita\/p\/\",\"url\":\"https:\/\/business.roovi.com\/fr\/puzzle-adulte-de-1000-pieces-photos-de-roumanie-monastere-de-sucevita\/p\/\",\"name\":\"Puzzle adulte de 1000 pi\u00e8ces - Photos de Roumanie - Monast\u00e8re de Sucevita\",\"isPartOf\":{\"@id\":\"https:\/\/business.roovi.com\/fr\/#website\"},\"datePublished\":\"2018-04-16T10:56:16+00:00\",\"dateModified\":\"2022-07-13T11:05:01+00:00\",\"description\":\"Puzzle adulte de 1000 pi\u00e8ces - Photos de Roumanie - Monast\u00e8re de Sucevita\",\"breadcrumb\":{\"@id\":\"https:\/\/business.roovi.com\/fr\/puzzle-adulte-de-1000-pieces-photos-de-roumanie-monastere-de-sucevita\/p\/#breadcrumb\"},\"inLanguage\":\"fr-FR\",\"potentialAction\":[{\"@type\":\"ReadAction\",\"target\":[\"https:\/\/business.roovi.com\/fr\/puzzle-adulte-de-1000-pieces-photos-de-roumanie-monastere-de-sucevita\/p\/\"]}]},{\"@type\":\"BreadcrumbList\",\"@id\":\"https:\/\/business.roovi.com\/fr\/puzzle-adulte-de-1000-pieces-photos-de-roumanie-monastere-de-sucevita\/p\/#breadcrumb\",\"itemListElement\":[{\"@type\":\"ListItem\",\"position\":1,\"name\":\"Home\",\"item\":\"https:\/\/business.roovi.com\/fr\/\"},{\"@type\":\"ListItem\",\"position\":2,\"name\":\"Boutique\",\"item\":\"https:\/\/business.roovi.com\/fr\/boutique\/\"},{\"@type\":\"ListItem\",\"position\":3,\"name\":\"Puzzle adulte de 1000 pi\u00e8ces &#8211; Photos de Roumanie &#8211; Monast\u00e8re de Sucevita\"}]},{\"@type\":\"WebSite\",\"@id\":\"https:\/\/business.roovi.com\/fr\/#website\",\"url\":\"https:\/\/business.roovi.com\/fr\/\",\"name\":\"Roovi B2B\",\"description\":\"Roovi Business Website\",\"potentialAction\":[{\"@type\":\"SearchAction\",\"target\":{\"@type\":\"EntryPoint\",\"urlTemplate\":\"https:\/\/business.roovi.com\/fr\/?s={search_term_string}\"},\"query-input\":\"required name=search_term_string\"}],\"inLanguage\":\"fr-FR\"}]}<\/script>\n<!-- \/ Yoast SEO plugin. -->","yoast_head_json":{"title":"Puzzle adulte de 1000 pi\u00e8ces - Photos de Roumanie - Monast\u00e8re de Sucevita","description":"Puzzle adulte de 1000 pi\u00e8ces - Photos de Roumanie - Monast\u00e8re de Sucevita","robots":{"index":"index","follow":"follow","max-snippet":"max-snippet:-1","max-image-preview":"max-image-preview:large","max-video-preview":"max-video-preview:-1"},"canonical":"https:\/\/business.roovi.com\/fr\/puzzle-adulte-de-1000-pieces-photos-de-roumanie-monastere-de-sucevita\/p\/","og_locale":"fr_FR","og_type":"article","og_title":"Puzzle adulte de 1000 pi\u00e8ces - Photos de Roumanie - Monast\u00e8re de Sucevita","og_description":"Puzzle adulte de 1000 pi\u00e8ces - Photos de Roumanie - Monast\u00e8re de Sucevita","og_url":"https:\/\/business.roovi.com\/fr\/puzzle-adulte-de-1000-pieces-photos-de-roumanie-monastere-de-sucevita\/p\/","og_site_name":"Roovi B2B","article_publisher":"https:\/\/www.facebook.com\/wwwjucariero","article_modified_time":"2022-07-13T11:05:01+00:00","og_image":[{"width":1200,"height":1200,"url":"https:\/\/business.roovi.com\/wp-content\/uploads\/2018\/04\/63038_03.jpg","type":"image\/jpeg"}],"twitter_misc":{"Dur\u00e9e de lecture estim\u00e9e":"4 minutes"},"schema":{"@context":"https:\/\/schema.org","@graph":[{"@type":"WebPage","@id":"https:\/\/business.roovi.com\/fr\/puzzle-adulte-de-1000-pieces-photos-de-roumanie-monastere-de-sucevita\/p\/","url":"https:\/\/business.roovi.com\/fr\/puzzle-adulte-de-1000-pieces-photos-de-roumanie-monastere-de-sucevita\/p\/","name":"Puzzle adulte de 1000 pi\u00e8ces - Photos de Roumanie - Monast\u00e8re de Sucevita","isPartOf":{"@id":"https:\/\/business.roovi.com\/fr\/#website"},"datePublished":"2018-04-16T10:56:16+00:00","dateModified":"2022-07-13T11:05:01+00:00","description":"Puzzle adulte de 1000 pi\u00e8ces - Photos de Roumanie - Monast\u00e8re de Sucevita","breadcrumb":{"@id":"https:\/\/business.roovi.com\/fr\/puzzle-adulte-de-1000-pieces-photos-de-roumanie-monastere-de-sucevita\/p\/#breadcrumb"},"inLanguage":"fr-FR","potentialAction":[{"@type":"ReadAction","target":["https:\/\/business.roovi.com\/fr\/puzzle-adulte-de-1000-pieces-photos-de-roumanie-monastere-de-sucevita\/p\/"]}]},{"@type":"BreadcrumbList","@id":"https:\/\/business.roovi.com\/fr\/puzzle-adulte-de-1000-pieces-photos-de-roumanie-monastere-de-sucevita\/p\/#breadcrumb","itemListElement":[{"@type":"ListItem","position":1,"name":"Home","item":"https:\/\/business.roovi.com\/fr\/"},{"@type":"ListItem","position":2,"name":"Boutique","item":"https:\/\/business.roovi.com\/fr\/boutique\/"},{"@type":"ListItem","position":3,"name":"Puzzle adulte de 1000 pi\u00e8ces &#8211; Photos de Roumanie &#8211; Monast\u00e8re de Sucevita"}]},{"@type":"WebSite","@id":"https:\/\/business.roovi.com\/fr\/#website","url":"https:\/\/business.roovi.com\/fr\/","name":"Roovi B2B","description":"Roovi Business Website","potentialAction":[{"@type":"SearchAction","target":{"@type":"EntryPoint","urlTemplate":"https:\/\/business.roovi.com\/fr\/?s={search_term_string}"},"query-input":"required name=search_term_string"}],"inLanguage":"fr-FR"}]}},"_links":{"self":[{"href":"https:\/\/business.roovi.com\/fr\/wp-json\/wp\/v2\/product\/54895","targetHints":{"allow":["GET"]}}],"collection":[{"href":"https:\/\/business.roovi.com\/fr\/wp-json\/wp\/v2\/product"}],"about":[{"href":"https:\/\/business.roovi.com\/fr\/wp-json\/wp\/v2\/types\/product"}],"version-history":[{"count":0,"href":"https:\/\/business.roovi.com\/fr\/wp-json\/wp\/v2\/product\/54895\/revisions"}],"wp:featuredmedia":[{"embeddable":true,"href":"https:\/\/business.roovi.com\/fr\/wp-json\/wp\/v2\/media\/46817"}],"wp:attachment":[{"href":"https:\/\/business.roovi.com\/fr\/wp-json\/wp\/v2\/media?parent=54895"}],"wp:term":[{"taxonomy":"product_brand","embeddable":true,"href":"https:\/\/business.roovi.com\/fr\/wp-json\/wp\/v2\/product_brand?post=54895"},{"taxonomy":"product_cat","embeddable":true,"href":"https:\/\/business.roovi.com\/fr\/wp-json\/wp\/v2\/product_cat?post=54895"},{"taxonomy":"product_tag","embeddable":true,"href":"https:\/\/business.roovi.com\/fr\/wp-json\/wp\/v2\/product_tag?post=54895"}],"curies":[{"name":"wp","href":"https:\/\/api.w.org\/{rel}","templated":true}]}}