{"id":54897,"date":"2018-04-16T10:56:16","date_gmt":"2018-04-16T10:56:16","guid":{"rendered":"https:\/\/business.roovi.com\/puzzle-1000-piese-imagini-din-romania-hotel-plai-de-dor-bucovina\/p\/"},"modified":"2022-07-13T11:05:08","modified_gmt":"2022-07-13T11:05:08","slug":"puzzle-adulte-de-1000-pieces-photos-de-roumanie-hotel-plai-de-dor-bucovina","status":"publish","type":"product","link":"https:\/\/business.roovi.com\/fr\/puzzle-adulte-de-1000-pieces-photos-de-roumanie-hotel-plai-de-dor-bucovina\/p\/","title":{"rendered":"Puzzle adulte de 1000 pi\u00e8ces &#8211; Photos de Roumanie &#8211; H\u00f4tel Plai de Dor Bucovina"},"content":{"rendered":"<p><span style=\"font-weight: 400;\">Le b\u00e2timent de l&rsquo;h\u00f4tel Plai de Dor est une construction embl\u00e9matique de la r\u00e9gion de Bucovine, qui conserve les fortes influences du style architectural germanique, que l&rsquo;on trouve principalement dans la r\u00e9gion du Tyrol et en Bavi\u00e8re, en grande partie \u00e0 cause de la domination de l&rsquo;Empire des Habsbourg dans le nord de la Moldavie <\/span><\/p>\n<p><span style=\"font-weight: 400;\">La fa\u00e7ade avec des structures et des balcons en bois et des murs en pierre, les grands bacs de jardin avec des fleurs aux couleurs vives, la combinaison parfaite du blanc immacul\u00e9 et de diverses nuances de brun, sont typiques des b\u00e2timents des r\u00e9gions montagneuses d&rsquo;Autriche et d&rsquo;Allemagne <\/span><\/p>\n<p><span style=\"font-weight: 400;\">Plai de Dor est devenu au fil des ans une attraction touristique \u00e0 part enti\u00e8re, mais aussi un h\u00f4tel populaire pour ceux qui visitent les plaines de Bucovine lors de leur p\u00e8lerinage vers les monast\u00e8res peints du nord de la Moldavie <\/span><\/p>\n<p><span style=\"font-weight: 400;\">Nous t&rsquo;invitons \u00e0 faire un voyage imaginaire \u00e0 travers la Bucovine, gr\u00e2ce \u00e0 un puzzle de 1000 pi\u00e8ces qui reproduit fid\u00e8lement l&rsquo;image embl\u00e9matique de l&rsquo;h\u00f4tel Plai de Dor, pour d\u00e9couvrir des b\u00e2timents moins connus qui donnent un charme particulier au lieu.<\/span><\/p>\n<h2><span style=\"font-weight: 400;\">Pourquoi choisir un puzzle adulte 1000 pi\u00e8ces Pictures from Romania<\/span><\/h2>\n<p><span style=\"font-weight: 400;\">Un puzzle est un moyen relaxant de d\u00e9couvrir la beaut\u00e9 et le caract\u00e8re unique de lieux moins connus.<\/span><\/p>\n<p><span style=\"font-weight: 400;\">\u00c0 la fin, tu obtiendras une photo du Plai de Dor, que tu peux facilement coller et encadrer.<\/span><\/p>\n<p><span style=\"font-weight: 400;\">Nous utilisons des mat\u00e9riaux recyclables et durables pour fabriquer chaque puzzle.<\/span><\/p>\n<p><span style=\"font-weight: 400;\">Les pi\u00e8ces sont fabriqu\u00e9es en carton durable de haute qualit\u00e9, de sorte que le tableau peut \u00eatre assembl\u00e9 plusieurs fois sans que les pi\u00e8ces soient endommag\u00e9es.<\/span><\/p>\n<p><span style=\"font-weight: 400;\">L&rsquo;agr\u00e9able finition semi-brillante fait ressortir les couleurs vives de l&rsquo;image.<\/span><\/p>\n<p><span style=\"font-weight: 400;\">La taille de ce puzzle est de 68 x 47 cm, assez grande pour devenir un centre de table d\u00e9coratif.<\/span><\/p>\n<p><span style=\"font-weight: 400;\">Le jeu de puzzle est un pr\u00e9cieux entra\u00eenement mental, qui sollicite les deux h\u00e9misph\u00e8res c\u00e9r\u00e9braux et am\u00e9liore la m\u00e9moire \u00e0 long terme.<\/span><\/p>\n<p><span style=\"font-weight: 400;\">C&rsquo;est un moyen agr\u00e9able d&rsquo;entra\u00eener et d&rsquo;entretenir la coordination, la motricit\u00e9 et la dext\u00e9rit\u00e9 \u00e0 tout \u00e2ge.<\/span><\/p>\n<p><span style=\"font-weight: 400;\">Il am\u00e9liore l&rsquo;attention aux d\u00e9tails et la concentration.<\/span><\/p>\n<p><span style=\"font-weight: 400;\">C&rsquo;est un jeu de r\u00e9flexion adapt\u00e9 \u00e0 partir de 14 ans, avec un degr\u00e9 de complexit\u00e9 moyen <\/span><\/p>\n<h2><span style=\"font-weight: 400;\">Savais-tu que..<\/span><\/h2>\n<p><span style=\"font-weight: 400;\">L&rsquo;h\u00f4tel Plai de Dor est situ\u00e9 \u00e0 \u00e9gale distance des monast\u00e8res de Bucovine et constitue un excellent point de d\u00e9part pour explorer le nord de la Moldavie, \u00e9tant situ\u00e9 dans une zone calme en pleine nature.<\/span><\/p>\n<h2><span style=\"font-weight: 400;\">Puzzle adulte de 1000 pi\u00e8ces &#8211; Relaxation et reconnexion avec le Soi<\/span><\/h2>\n<p><span style=\"font-weight: 400;\">Choisis de d\u00e9couvrir la Roumanie en images \u00e0 l&rsquo;aide d&rsquo;un puzzle et reconstitue pi\u00e8ce par pi\u00e8ce l&rsquo;image de l&rsquo;h\u00f4tel Plai de Dor, un impressionnant b\u00e2timent de style germanique avec de fortes influences du style de la dynastie des Habsbourg, que l&rsquo;on peut \u00e9galement admirer au ch\u00e2teau de Pele\u0219.<\/span><\/p>\n<p><span style=\"font-weight: 400;\">Voici quelques raisons de d\u00e9couvrir l&rsquo;h\u00f4tel Plai de Dor \u00e0 Sucevita sous la forme d&rsquo;un puzzle de 1000 pi\u00e8ces, que tu peux assembler dans le confort de ta maison ou offrir en cadeau \u00e0 un passionn\u00e9 de voyage.  <\/span><\/p>\n<p><span style=\"font-weight: 400;\">De plus, assembler un puzzle avec des photos de la Roumanie est une activit\u00e9 tr\u00e8s agr\u00e9able, qui permet de se reconnecter avec soi-m\u00eame et ses origines. Une activit\u00e9 pendant laquelle tu peux observer et d\u00e9couvrir des d\u00e9tails inconnus <\/span><\/p>\n<p><span style=\"font-weight: 400;\">De plus, un puzzle de 1000 pi\u00e8ces avec des photos de Roumanie t&rsquo;aide \u00e0 te d\u00e9connecter du rythme rapide de la vie et \u00e0 te donner plus de temps pour ce que tu aimes.<\/span><\/p><\/p>\n","protected":false},"excerpt":{"rendered":"<p>Le b\u00e2timent de l&rsquo;h\u00f4tel Plai de Dor est une construction embl\u00e9matique de la r\u00e9gion de Bucovine, qui conserve les fortes<\/p>\n","protected":false},"featured_media":46819,"template":"","meta":[],"product_brand":[],"product_cat":[2314,2316,2315],"product_tag":[],"class_list":{"0":"post-54897","1":"product","2":"type-product","3":"status-publish","4":"has-post-thumbnail","6":"product_cat-puzzles-fr","7":"product_cat-puzzles-de-1000-pieces","8":"product_cat-puzzles-pour-adultes","9":"pa_bax-10-fr","10":"pa_brand-d_toys-fr","11":"pa_country_of_manufacture-ro-fr","12":"pa_filter_age-14-fr","13":"pa_painter-romania-fr","14":"pa_tip_ambalaj-boite","15":"pa_tip_puzzle-classique","17":"first","18":"instock","19":"taxable","20":"shipping-taxable","21":"product-type-simple"},"yoast_head":"<!-- This site is optimized with the Yoast SEO plugin v20.1 - https:\/\/yoast.com\/wordpress\/plugins\/seo\/ -->\n<title>Puzzle adulte de 1000 pi\u00e8ces - Photos de Roumanie - H\u00f4tel Plai de Dor Bucovina<\/title>\n<meta name=\"description\" content=\"Puzzle adulte de 1000 pi\u00e8ces - Photos de Roumanie - H\u00f4tel Plai de Dor Bucovina\" \/>\n<meta name=\"robots\" content=\"index, follow, max-snippet:-1, max-image-preview:large, max-video-preview:-1\" \/>\n<link rel=\"canonical\" href=\"https:\/\/business.roovi.com\/fr\/puzzle-adulte-de-1000-pieces-photos-de-roumanie-hotel-plai-de-dor-bucovina\/p\/\" \/>\n<meta property=\"og:locale\" content=\"fr_FR\" \/>\n<meta property=\"og:type\" content=\"article\" \/>\n<meta property=\"og:title\" content=\"Puzzle adulte de 1000 pi\u00e8ces - Photos de Roumanie - H\u00f4tel Plai de Dor Bucovina\" \/>\n<meta property=\"og:description\" content=\"Puzzle adulte de 1000 pi\u00e8ces - Photos de Roumanie - H\u00f4tel Plai de Dor Bucovina\" \/>\n<meta property=\"og:url\" content=\"https:\/\/business.roovi.com\/fr\/puzzle-adulte-de-1000-pieces-photos-de-roumanie-hotel-plai-de-dor-bucovina\/p\/\" \/>\n<meta property=\"og:site_name\" content=\"Roovi B2B\" \/>\n<meta property=\"article:publisher\" content=\"https:\/\/www.facebook.com\/wwwjucariero\" \/>\n<meta property=\"article:modified_time\" content=\"2022-07-13T11:05:08+00:00\" \/>\n<meta property=\"og:image\" content=\"https:\/\/business.roovi.com\/wp-content\/uploads\/2018\/04\/63038_05.jpg\" \/>\n\t<meta property=\"og:image:width\" content=\"1200\" \/>\n\t<meta property=\"og:image:height\" content=\"1200\" \/>\n\t<meta property=\"og:image:type\" content=\"image\/jpeg\" \/>\n<meta name=\"twitter:label1\" content=\"Dur\u00e9e de lecture estim\u00e9e\" \/>\n\t<meta name=\"twitter:data1\" content=\"3 minutes\" \/>\n<script type=\"application\/ld+json\" class=\"yoast-schema-graph\">{\"@context\":\"https:\/\/schema.org\",\"@graph\":[{\"@type\":\"WebPage\",\"@id\":\"https:\/\/business.roovi.com\/fr\/puzzle-adulte-de-1000-pieces-photos-de-roumanie-hotel-plai-de-dor-bucovina\/p\/\",\"url\":\"https:\/\/business.roovi.com\/fr\/puzzle-adulte-de-1000-pieces-photos-de-roumanie-hotel-plai-de-dor-bucovina\/p\/\",\"name\":\"Puzzle adulte de 1000 pi\u00e8ces - Photos de Roumanie - H\u00f4tel Plai de Dor Bucovina\",\"isPartOf\":{\"@id\":\"https:\/\/business.roovi.com\/fr\/#website\"},\"datePublished\":\"2018-04-16T10:56:16+00:00\",\"dateModified\":\"2022-07-13T11:05:08+00:00\",\"description\":\"Puzzle adulte de 1000 pi\u00e8ces - Photos de Roumanie - H\u00f4tel Plai de Dor Bucovina\",\"breadcrumb\":{\"@id\":\"https:\/\/business.roovi.com\/fr\/puzzle-adulte-de-1000-pieces-photos-de-roumanie-hotel-plai-de-dor-bucovina\/p\/#breadcrumb\"},\"inLanguage\":\"fr-FR\",\"potentialAction\":[{\"@type\":\"ReadAction\",\"target\":[\"https:\/\/business.roovi.com\/fr\/puzzle-adulte-de-1000-pieces-photos-de-roumanie-hotel-plai-de-dor-bucovina\/p\/\"]}]},{\"@type\":\"BreadcrumbList\",\"@id\":\"https:\/\/business.roovi.com\/fr\/puzzle-adulte-de-1000-pieces-photos-de-roumanie-hotel-plai-de-dor-bucovina\/p\/#breadcrumb\",\"itemListElement\":[{\"@type\":\"ListItem\",\"position\":1,\"name\":\"Home\",\"item\":\"https:\/\/business.roovi.com\/fr\/\"},{\"@type\":\"ListItem\",\"position\":2,\"name\":\"Boutique\",\"item\":\"https:\/\/business.roovi.com\/fr\/boutique\/\"},{\"@type\":\"ListItem\",\"position\":3,\"name\":\"Puzzle adulte de 1000 pi\u00e8ces &#8211; Photos de Roumanie &#8211; H\u00f4tel Plai de Dor Bucovina\"}]},{\"@type\":\"WebSite\",\"@id\":\"https:\/\/business.roovi.com\/fr\/#website\",\"url\":\"https:\/\/business.roovi.com\/fr\/\",\"name\":\"Roovi B2B\",\"description\":\"Roovi Business Website\",\"potentialAction\":[{\"@type\":\"SearchAction\",\"target\":{\"@type\":\"EntryPoint\",\"urlTemplate\":\"https:\/\/business.roovi.com\/fr\/?s={search_term_string}\"},\"query-input\":\"required name=search_term_string\"}],\"inLanguage\":\"fr-FR\"}]}<\/script>\n<!-- \/ Yoast SEO plugin. -->","yoast_head_json":{"title":"Puzzle adulte de 1000 pi\u00e8ces - Photos de Roumanie - H\u00f4tel Plai de Dor Bucovina","description":"Puzzle adulte de 1000 pi\u00e8ces - Photos de Roumanie - H\u00f4tel Plai de Dor Bucovina","robots":{"index":"index","follow":"follow","max-snippet":"max-snippet:-1","max-image-preview":"max-image-preview:large","max-video-preview":"max-video-preview:-1"},"canonical":"https:\/\/business.roovi.com\/fr\/puzzle-adulte-de-1000-pieces-photos-de-roumanie-hotel-plai-de-dor-bucovina\/p\/","og_locale":"fr_FR","og_type":"article","og_title":"Puzzle adulte de 1000 pi\u00e8ces - Photos de Roumanie - H\u00f4tel Plai de Dor Bucovina","og_description":"Puzzle adulte de 1000 pi\u00e8ces - Photos de Roumanie - H\u00f4tel Plai de Dor Bucovina","og_url":"https:\/\/business.roovi.com\/fr\/puzzle-adulte-de-1000-pieces-photos-de-roumanie-hotel-plai-de-dor-bucovina\/p\/","og_site_name":"Roovi B2B","article_publisher":"https:\/\/www.facebook.com\/wwwjucariero","article_modified_time":"2022-07-13T11:05:08+00:00","og_image":[{"width":1200,"height":1200,"url":"https:\/\/business.roovi.com\/wp-content\/uploads\/2018\/04\/63038_05.jpg","type":"image\/jpeg"}],"twitter_misc":{"Dur\u00e9e de lecture estim\u00e9e":"3 minutes"},"schema":{"@context":"https:\/\/schema.org","@graph":[{"@type":"WebPage","@id":"https:\/\/business.roovi.com\/fr\/puzzle-adulte-de-1000-pieces-photos-de-roumanie-hotel-plai-de-dor-bucovina\/p\/","url":"https:\/\/business.roovi.com\/fr\/puzzle-adulte-de-1000-pieces-photos-de-roumanie-hotel-plai-de-dor-bucovina\/p\/","name":"Puzzle adulte de 1000 pi\u00e8ces - Photos de Roumanie - H\u00f4tel Plai de Dor Bucovina","isPartOf":{"@id":"https:\/\/business.roovi.com\/fr\/#website"},"datePublished":"2018-04-16T10:56:16+00:00","dateModified":"2022-07-13T11:05:08+00:00","description":"Puzzle adulte de 1000 pi\u00e8ces - Photos de Roumanie - H\u00f4tel Plai de Dor Bucovina","breadcrumb":{"@id":"https:\/\/business.roovi.com\/fr\/puzzle-adulte-de-1000-pieces-photos-de-roumanie-hotel-plai-de-dor-bucovina\/p\/#breadcrumb"},"inLanguage":"fr-FR","potentialAction":[{"@type":"ReadAction","target":["https:\/\/business.roovi.com\/fr\/puzzle-adulte-de-1000-pieces-photos-de-roumanie-hotel-plai-de-dor-bucovina\/p\/"]}]},{"@type":"BreadcrumbList","@id":"https:\/\/business.roovi.com\/fr\/puzzle-adulte-de-1000-pieces-photos-de-roumanie-hotel-plai-de-dor-bucovina\/p\/#breadcrumb","itemListElement":[{"@type":"ListItem","position":1,"name":"Home","item":"https:\/\/business.roovi.com\/fr\/"},{"@type":"ListItem","position":2,"name":"Boutique","item":"https:\/\/business.roovi.com\/fr\/boutique\/"},{"@type":"ListItem","position":3,"name":"Puzzle adulte de 1000 pi\u00e8ces &#8211; Photos de Roumanie &#8211; H\u00f4tel Plai de Dor Bucovina"}]},{"@type":"WebSite","@id":"https:\/\/business.roovi.com\/fr\/#website","url":"https:\/\/business.roovi.com\/fr\/","name":"Roovi B2B","description":"Roovi Business Website","potentialAction":[{"@type":"SearchAction","target":{"@type":"EntryPoint","urlTemplate":"https:\/\/business.roovi.com\/fr\/?s={search_term_string}"},"query-input":"required name=search_term_string"}],"inLanguage":"fr-FR"}]}},"_links":{"self":[{"href":"https:\/\/business.roovi.com\/fr\/wp-json\/wp\/v2\/product\/54897","targetHints":{"allow":["GET"]}}],"collection":[{"href":"https:\/\/business.roovi.com\/fr\/wp-json\/wp\/v2\/product"}],"about":[{"href":"https:\/\/business.roovi.com\/fr\/wp-json\/wp\/v2\/types\/product"}],"version-history":[{"count":0,"href":"https:\/\/business.roovi.com\/fr\/wp-json\/wp\/v2\/product\/54897\/revisions"}],"wp:featuredmedia":[{"embeddable":true,"href":"https:\/\/business.roovi.com\/fr\/wp-json\/wp\/v2\/media\/46819"}],"wp:attachment":[{"href":"https:\/\/business.roovi.com\/fr\/wp-json\/wp\/v2\/media?parent=54897"}],"wp:term":[{"taxonomy":"product_brand","embeddable":true,"href":"https:\/\/business.roovi.com\/fr\/wp-json\/wp\/v2\/product_brand?post=54897"},{"taxonomy":"product_cat","embeddable":true,"href":"https:\/\/business.roovi.com\/fr\/wp-json\/wp\/v2\/product_cat?post=54897"},{"taxonomy":"product_tag","embeddable":true,"href":"https:\/\/business.roovi.com\/fr\/wp-json\/wp\/v2\/product_tag?post=54897"}],"curies":[{"name":"wp","href":"https:\/\/api.w.org\/{rel}","templated":true}]}}