{"id":54899,"date":"2018-04-16T10:56:16","date_gmt":"2018-04-16T10:56:16","guid":{"rendered":"https:\/\/business.roovi.com\/puzzle-1000-piese-imagini-din-romania-castelul-bran-ziua\/p\/"},"modified":"2022-07-13T11:05:13","modified_gmt":"2022-07-13T11:05:13","slug":"puzzle-adulte-de-1000-pieces-images-de-roumanie-journee-du-chateau-de-bran","status":"publish","type":"product","link":"https:\/\/business.roovi.com\/fr\/puzzle-adulte-de-1000-pieces-images-de-roumanie-journee-du-chateau-de-bran\/p\/","title":{"rendered":"Puzzle adulte de 1000 pi\u00e8ces &#8211; Images de Roumanie &#8211; Journ\u00e9e du ch\u00e2teau de Bran"},"content":{"rendered":"<p><span style=\"font-weight: 400;\">Le ch\u00e2teau de Bran est l&rsquo;un des monuments et attractions touristiques les plus c\u00e9l\u00e8bres de Roumanie, tant au niveau national qu&rsquo;international. En raison de son \u00e9norme importance \u00e9conomique, militaire et plus tard culturelle, mais aussi de son emplacement strat\u00e9gique \u00e0 la fronti\u00e8re sud de la Transylvanie, elle a \u00e9t\u00e9 utilis\u00e9e au fil du temps comme poste de douane, forteresse et r\u00e9sidence royale.<\/span><\/p>\n<p><span style=\"font-weight: 400;\">Une construction massive en pierre, avec des murs blancs et un toit \u00e9carlate, des tours et des murs \u00e9pais visibles de loin, elle a \u00e9t\u00e9 construite sur une colline entre M\u0103gura et Dealul Cet\u0103\u021bii, \u00e0 seulement 30 km de Brasov.<\/span><\/p>\n<p><span style=\"font-weight: 400;\">Connu partout comme le ch\u00e2teau de Dracula, le ch\u00e2teau de Bran, ainsi que la l\u00e9gende de Vlad l&rsquo;Empaleur, ont servi d&rsquo;inspiration \u00e0 l&rsquo;\u00e9crivain Bram Stoker pour fa\u00e7onner l&rsquo;histoire du vampire sanguinaire dans le c\u00e9l\u00e8bre roman \u00ab\u00a0Dracula\u00a0\u00bb.<\/span><\/p>\n<p><span style=\"font-weight: 400;\">Plus tard, le ch\u00e2teau de Bran est devenu le lieu de l&rsquo;\u00e2me de la reine Marie de Roumanie, qui l&rsquo;a transform\u00e9 en r\u00e9sidence priv\u00e9e, o\u00f9 elle cherchait souvent la paix et le calme, pr\u00e8s des paysans de la r\u00e9gion de Bran, portant fi\u00e8rement des costumes folkloriques.<\/span><\/p>\n<p><span style=\"font-weight: 400;\">Nous t&rsquo;invitons donc \u00e0 un voyage imaginaire \u00e0 travers le col de Bran, \u00e0 la fronti\u00e8re de la Transylvanie, pour d\u00e9couvrir un b\u00e2timent qui impressionne par sa structure et son apparence imposantes, mais qui est aussi intime et accueillant, d\u00e9cor\u00e9 de fa\u00e7on minimale mais avec beaucoup de go\u00fbt.  Pi\u00e8ce par pi\u00e8ce, tu pourras recr\u00e9er une image embl\u00e9matique du ch\u00e2teau sur la falaise, \u00e0 travers un puzzle de 1000 pi\u00e8ces.<\/span><\/p>\n<h2><span style=\"font-weight: 400;\">Pourquoi choisir un puzzle adulte 1000 pi\u00e8ces Pictures de Roumanie<\/span><\/h2>\n<ul>\n<li><span style=\"font-weight: 400;\">Un puzzle est un moyen relaxant de d\u00e9couvrir la beaut\u00e9 et le caract\u00e8re unique des sites touristiques et des l\u00e9gendes c\u00e9l\u00e8bres dans le monde entier.<\/span><\/li>\n<li><span style=\"font-weight: 400;\">\u00c0 la fin, tu obtiendras une photo du ch\u00e2teau de Bran, qui peut devenir un point focal dans n&rsquo;importe quelle pi\u00e8ce.<\/span><\/li>\n<li><span style=\"font-weight: 400;\">La taille de ce puzzle est de 68 x 47 cm, assez grande pour devenir un centre de table d\u00e9coratif et apporter un anonymat \u00e0 un espace terne.<\/span><\/li>\n<li><span style=\"font-weight: 400;\">Nous utilisons des mat\u00e9riaux recyclables et durables pour fabriquer chaque puzzle.<\/span><\/li>\n<li><span style=\"font-weight: 400;\">Les pi\u00e8ces sont fabriqu\u00e9es en carton durable et de haute qualit\u00e9, de sorte que l&rsquo;image peut \u00eatre assembl\u00e9e plusieurs fois sans que les pi\u00e8ces soient endommag\u00e9es.<\/span><\/li>\n<li><span style=\"font-weight: 400;\">L&rsquo;agr\u00e9able finition semi-brillante fait ressortir les couleurs vives et donne de la clart\u00e9 \u00e0 l&rsquo;image.<\/span><\/li>\n<li><span style=\"font-weight: 400;\">Le jeu de puzzle est un entra\u00eenement mental pr\u00e9cieux, qui engage les deux h\u00e9misph\u00e8res du cerveau et aide \u00e0 am\u00e9liorer la m\u00e9moire.<\/span><\/li>\n<li><span style=\"font-weight: 400;\">C&rsquo;est un moyen agr\u00e9able d&rsquo;entra\u00eener et d&rsquo;entretenir la coordination, la motricit\u00e9 et la dext\u00e9rit\u00e9 \u00e0 tout \u00e2ge.<\/span><\/li>\n<li><span style=\"font-weight: 400;\">Il augmente l&rsquo;attention aux d\u00e9tails et la concentration.<\/span><\/li>\n<li><span style=\"font-weight: 400;\">C&rsquo;est un jeu adapt\u00e9 \u00e0 partir de 14 ans, avec un degr\u00e9 de complexit\u00e9 moyen <\/span><\/li>\n<\/ul>\n<h2><span style=\"font-weight: 400;\">Le savais-tu ?<\/span><\/h2>\n<p><span style=\"font-weight: 400;\">Les premi\u00e8res preuves documentaires du ch\u00e2teau de Bran remontent \u00e0 1377, bien que ses origines semblent \u00eatre bien plus anciennes, fortement li\u00e9es \u00e0 l&rsquo;arriv\u00e9e des chevaliers teutoniques dans la r\u00e9gion de Transylvanie.<\/span><\/p>\n<p><span style=\"font-weight: 400;\">Pendant une courte p\u00e9riode, le ch\u00e2teau de Bran a \u00e9t\u00e9 le lieu de s\u00e9pulture du c\u0153ur de la reine Mary avant qu&rsquo;il ne soit d\u00e9plac\u00e9 \u00e0 Balchik.<\/span><\/p>\n<p><span style=\"font-weight: 400;\">Le ch\u00e2teau appartient d\u00e9sormais \u00e0 un descendant de la famille royale, Dominic de Habsbourg.<\/span><\/p>\n<p><span style=\"font-weight: 400;\">Le ch\u00e2teau est reli\u00e9 par un tunnel secret \u00e0 la chapelle en pierre situ\u00e9e \u00e0 l&rsquo;ext\u00e9rieur de ses murs, o\u00f9 la reine Marie se retirait souvent pour prier.<\/span><\/p>\n<h2><span style=\"font-weight: 400;\">Puzzle adulte de 1000 pi\u00e8ces &#8211; pour les passionn\u00e9s de beaut\u00e9<\/span><\/h2>\n<p><span style=\"font-weight: 400;\">Choisis de d\u00e9couvrir la Roumanie d&rsquo;une nouvelle fa\u00e7on avec un puzzle et reconstitue pi\u00e8ce par pi\u00e8ce l&rsquo;image du ch\u00e2teau de Bran, qui se dresse de fa\u00e7on si imposante sur un rocher <\/span><\/p>\n<p><span style=\"font-weight: 400;\">Voici toutes les raisons que tu as maintenant de d\u00e9couvrir la fascinante r\u00e9gion de Bran et le c\u00e9l\u00e8bre Ch\u00e2teau-Castle, sous la forme d&rsquo;un puzzle de 1000 pi\u00e8ces que tu peux assembler toi-m\u00eame ou avec tes proches <\/span><\/p>\n<p><span style=\"font-weight: 400;\">Cela peut aussi \u00eatre une bonne occasion de raconter des histoires sur l&rsquo;histoire, la tradition et les anciennes zones historiques de notre pays.<\/span><\/p>\n<p><span style=\"font-weight: 400;\">De plus, assembler un puzzle avec des photos de la Roumanie est une activit\u00e9 tr\u00e8s agr\u00e9able, qui te permet de renouer avec tes origines, de d\u00e9couvrir des d\u00e9tails et des monuments impressionnants, tout en te d\u00e9tendant et en te d\u00e9connectant de l&rsquo;agitation de la vie quotidienne.<\/span><\/p><\/p>\n","protected":false},"excerpt":{"rendered":"<p>Le ch\u00e2teau de Bran est l&rsquo;un des monuments et attractions touristiques les plus c\u00e9l\u00e8bres de Roumanie, tant au niveau national<\/p>\n","protected":false},"featured_media":46821,"template":"","meta":[],"product_brand":[],"product_cat":[2314,2316,2315],"product_tag":[],"class_list":{"0":"post-54899","1":"product","2":"type-product","3":"status-publish","4":"has-post-thumbnail","6":"product_cat-puzzles-fr","7":"product_cat-puzzles-de-1000-pieces","8":"product_cat-puzzles-pour-adultes","9":"pa_bax-10-fr","10":"pa_brand-d_toys-fr","11":"pa_country_of_manufacture-ro-fr","12":"pa_filter_age-14-fr","13":"pa_painter-romania-fr","14":"pa_tip_ambalaj-boite","15":"pa_tip_puzzle-classique","17":"first","18":"instock","19":"taxable","20":"shipping-taxable","21":"product-type-simple"},"yoast_head":"<!-- This site is optimized with the Yoast SEO plugin v20.1 - https:\/\/yoast.com\/wordpress\/plugins\/seo\/ -->\n<title>Puzzle adulte de 1000 pi\u00e8ces - Images de Roumanie - Journ\u00e9e du ch\u00e2teau de Bran<\/title>\n<meta name=\"description\" content=\"Puzzle adulte de 1000 pi\u00e8ces - Images de Roumanie - Journ\u00e9e du ch\u00e2teau de Bran\" \/>\n<meta name=\"robots\" content=\"index, follow, max-snippet:-1, max-image-preview:large, max-video-preview:-1\" \/>\n<link rel=\"canonical\" href=\"https:\/\/business.roovi.com\/fr\/puzzle-adulte-de-1000-pieces-images-de-roumanie-journee-du-chateau-de-bran\/p\/\" \/>\n<meta property=\"og:locale\" content=\"fr_FR\" \/>\n<meta property=\"og:type\" content=\"article\" \/>\n<meta property=\"og:title\" content=\"Puzzle adulte de 1000 pi\u00e8ces - Images de Roumanie - Journ\u00e9e du ch\u00e2teau de Bran\" \/>\n<meta property=\"og:description\" content=\"Puzzle adulte de 1000 pi\u00e8ces - Images de Roumanie - Journ\u00e9e du ch\u00e2teau de Bran\" \/>\n<meta property=\"og:url\" content=\"https:\/\/business.roovi.com\/fr\/puzzle-adulte-de-1000-pieces-images-de-roumanie-journee-du-chateau-de-bran\/p\/\" \/>\n<meta property=\"og:site_name\" content=\"Roovi B2B\" \/>\n<meta property=\"article:publisher\" content=\"https:\/\/www.facebook.com\/wwwjucariero\" \/>\n<meta property=\"article:modified_time\" content=\"2022-07-13T11:05:13+00:00\" \/>\n<meta property=\"og:image\" content=\"https:\/\/business.roovi.com\/wp-content\/uploads\/2018\/04\/63038-06_ansamblu_dimensiuni_cutie_cm.png\" \/>\n\t<meta property=\"og:image:width\" content=\"2000\" \/>\n\t<meta property=\"og:image:height\" content=\"2000\" \/>\n\t<meta property=\"og:image:type\" content=\"image\/png\" \/>\n<meta name=\"twitter:label1\" content=\"Dur\u00e9e de lecture estim\u00e9e\" \/>\n\t<meta name=\"twitter:data1\" content=\"4 minutes\" \/>\n<script type=\"application\/ld+json\" class=\"yoast-schema-graph\">{\"@context\":\"https:\/\/schema.org\",\"@graph\":[{\"@type\":\"WebPage\",\"@id\":\"https:\/\/business.roovi.com\/fr\/puzzle-adulte-de-1000-pieces-images-de-roumanie-journee-du-chateau-de-bran\/p\/\",\"url\":\"https:\/\/business.roovi.com\/fr\/puzzle-adulte-de-1000-pieces-images-de-roumanie-journee-du-chateau-de-bran\/p\/\",\"name\":\"Puzzle adulte de 1000 pi\u00e8ces - Images de Roumanie - Journ\u00e9e du ch\u00e2teau de Bran\",\"isPartOf\":{\"@id\":\"https:\/\/business.roovi.com\/fr\/#website\"},\"datePublished\":\"2018-04-16T10:56:16+00:00\",\"dateModified\":\"2022-07-13T11:05:13+00:00\",\"description\":\"Puzzle adulte de 1000 pi\u00e8ces - Images de Roumanie - Journ\u00e9e du ch\u00e2teau de Bran\",\"breadcrumb\":{\"@id\":\"https:\/\/business.roovi.com\/fr\/puzzle-adulte-de-1000-pieces-images-de-roumanie-journee-du-chateau-de-bran\/p\/#breadcrumb\"},\"inLanguage\":\"fr-FR\",\"potentialAction\":[{\"@type\":\"ReadAction\",\"target\":[\"https:\/\/business.roovi.com\/fr\/puzzle-adulte-de-1000-pieces-images-de-roumanie-journee-du-chateau-de-bran\/p\/\"]}]},{\"@type\":\"BreadcrumbList\",\"@id\":\"https:\/\/business.roovi.com\/fr\/puzzle-adulte-de-1000-pieces-images-de-roumanie-journee-du-chateau-de-bran\/p\/#breadcrumb\",\"itemListElement\":[{\"@type\":\"ListItem\",\"position\":1,\"name\":\"Home\",\"item\":\"https:\/\/business.roovi.com\/fr\/\"},{\"@type\":\"ListItem\",\"position\":2,\"name\":\"Boutique\",\"item\":\"https:\/\/business.roovi.com\/fr\/boutique\/\"},{\"@type\":\"ListItem\",\"position\":3,\"name\":\"Puzzle adulte de 1000 pi\u00e8ces &#8211; Images de Roumanie &#8211; Journ\u00e9e du ch\u00e2teau de Bran\"}]},{\"@type\":\"WebSite\",\"@id\":\"https:\/\/business.roovi.com\/fr\/#website\",\"url\":\"https:\/\/business.roovi.com\/fr\/\",\"name\":\"Roovi B2B\",\"description\":\"Roovi Business Website\",\"potentialAction\":[{\"@type\":\"SearchAction\",\"target\":{\"@type\":\"EntryPoint\",\"urlTemplate\":\"https:\/\/business.roovi.com\/fr\/?s={search_term_string}\"},\"query-input\":\"required name=search_term_string\"}],\"inLanguage\":\"fr-FR\"}]}<\/script>\n<!-- \/ Yoast SEO plugin. -->","yoast_head_json":{"title":"Puzzle adulte de 1000 pi\u00e8ces - Images de Roumanie - Journ\u00e9e du ch\u00e2teau de Bran","description":"Puzzle adulte de 1000 pi\u00e8ces - Images de Roumanie - Journ\u00e9e du ch\u00e2teau de Bran","robots":{"index":"index","follow":"follow","max-snippet":"max-snippet:-1","max-image-preview":"max-image-preview:large","max-video-preview":"max-video-preview:-1"},"canonical":"https:\/\/business.roovi.com\/fr\/puzzle-adulte-de-1000-pieces-images-de-roumanie-journee-du-chateau-de-bran\/p\/","og_locale":"fr_FR","og_type":"article","og_title":"Puzzle adulte de 1000 pi\u00e8ces - Images de Roumanie - Journ\u00e9e du ch\u00e2teau de Bran","og_description":"Puzzle adulte de 1000 pi\u00e8ces - Images de Roumanie - Journ\u00e9e du ch\u00e2teau de Bran","og_url":"https:\/\/business.roovi.com\/fr\/puzzle-adulte-de-1000-pieces-images-de-roumanie-journee-du-chateau-de-bran\/p\/","og_site_name":"Roovi B2B","article_publisher":"https:\/\/www.facebook.com\/wwwjucariero","article_modified_time":"2022-07-13T11:05:13+00:00","og_image":[{"width":2000,"height":2000,"url":"https:\/\/business.roovi.com\/wp-content\/uploads\/2018\/04\/63038-06_ansamblu_dimensiuni_cutie_cm.png","type":"image\/png"}],"twitter_misc":{"Dur\u00e9e de lecture estim\u00e9e":"4 minutes"},"schema":{"@context":"https:\/\/schema.org","@graph":[{"@type":"WebPage","@id":"https:\/\/business.roovi.com\/fr\/puzzle-adulte-de-1000-pieces-images-de-roumanie-journee-du-chateau-de-bran\/p\/","url":"https:\/\/business.roovi.com\/fr\/puzzle-adulte-de-1000-pieces-images-de-roumanie-journee-du-chateau-de-bran\/p\/","name":"Puzzle adulte de 1000 pi\u00e8ces - Images de Roumanie - Journ\u00e9e du ch\u00e2teau de Bran","isPartOf":{"@id":"https:\/\/business.roovi.com\/fr\/#website"},"datePublished":"2018-04-16T10:56:16+00:00","dateModified":"2022-07-13T11:05:13+00:00","description":"Puzzle adulte de 1000 pi\u00e8ces - Images de Roumanie - Journ\u00e9e du ch\u00e2teau de Bran","breadcrumb":{"@id":"https:\/\/business.roovi.com\/fr\/puzzle-adulte-de-1000-pieces-images-de-roumanie-journee-du-chateau-de-bran\/p\/#breadcrumb"},"inLanguage":"fr-FR","potentialAction":[{"@type":"ReadAction","target":["https:\/\/business.roovi.com\/fr\/puzzle-adulte-de-1000-pieces-images-de-roumanie-journee-du-chateau-de-bran\/p\/"]}]},{"@type":"BreadcrumbList","@id":"https:\/\/business.roovi.com\/fr\/puzzle-adulte-de-1000-pieces-images-de-roumanie-journee-du-chateau-de-bran\/p\/#breadcrumb","itemListElement":[{"@type":"ListItem","position":1,"name":"Home","item":"https:\/\/business.roovi.com\/fr\/"},{"@type":"ListItem","position":2,"name":"Boutique","item":"https:\/\/business.roovi.com\/fr\/boutique\/"},{"@type":"ListItem","position":3,"name":"Puzzle adulte de 1000 pi\u00e8ces &#8211; Images de Roumanie &#8211; Journ\u00e9e du ch\u00e2teau de Bran"}]},{"@type":"WebSite","@id":"https:\/\/business.roovi.com\/fr\/#website","url":"https:\/\/business.roovi.com\/fr\/","name":"Roovi B2B","description":"Roovi Business Website","potentialAction":[{"@type":"SearchAction","target":{"@type":"EntryPoint","urlTemplate":"https:\/\/business.roovi.com\/fr\/?s={search_term_string}"},"query-input":"required name=search_term_string"}],"inLanguage":"fr-FR"}]}},"_links":{"self":[{"href":"https:\/\/business.roovi.com\/fr\/wp-json\/wp\/v2\/product\/54899","targetHints":{"allow":["GET"]}}],"collection":[{"href":"https:\/\/business.roovi.com\/fr\/wp-json\/wp\/v2\/product"}],"about":[{"href":"https:\/\/business.roovi.com\/fr\/wp-json\/wp\/v2\/types\/product"}],"version-history":[{"count":0,"href":"https:\/\/business.roovi.com\/fr\/wp-json\/wp\/v2\/product\/54899\/revisions"}],"wp:featuredmedia":[{"embeddable":true,"href":"https:\/\/business.roovi.com\/fr\/wp-json\/wp\/v2\/media\/46821"}],"wp:attachment":[{"href":"https:\/\/business.roovi.com\/fr\/wp-json\/wp\/v2\/media?parent=54899"}],"wp:term":[{"taxonomy":"product_brand","embeddable":true,"href":"https:\/\/business.roovi.com\/fr\/wp-json\/wp\/v2\/product_brand?post=54899"},{"taxonomy":"product_cat","embeddable":true,"href":"https:\/\/business.roovi.com\/fr\/wp-json\/wp\/v2\/product_cat?post=54899"},{"taxonomy":"product_tag","embeddable":true,"href":"https:\/\/business.roovi.com\/fr\/wp-json\/wp\/v2\/product_tag?post=54899"}],"curies":[{"name":"wp","href":"https:\/\/api.w.org\/{rel}","templated":true}]}}