{"id":54901,"date":"2018-04-16T10:56:16","date_gmt":"2018-04-16T10:56:16","guid":{"rendered":"https:\/\/business.roovi.com\/puzzle-1000-piese-imagini-din-romania-castelul-peles-seara\/p\/"},"modified":"2022-07-13T11:05:18","modified_gmt":"2022-07-13T11:05:18","slug":"puzzle-adulte-de-1000-pieces-photos-de-roumanie-chateau-de-peles-le-soir","status":"publish","type":"product","link":"https:\/\/business.roovi.com\/fr\/puzzle-adulte-de-1000-pieces-photos-de-roumanie-chateau-de-peles-le-soir\/p\/","title":{"rendered":"Puzzle adulte de 1000 pi\u00e8ces &#8211; Photos de Roumanie &#8211; Ch\u00e2teau de Peles le soir"},"content":{"rendered":"<p><span style=\"font-weight: 400;\">Le ch\u00e2teau de Pele\u0219 est consid\u00e9r\u00e9 comme une perle de l&rsquo;architecture en raison de la beaut\u00e9 et de la complexit\u00e9 de sa construction, \u00e9tant largement admir\u00e9 et immortalis\u00e9 dans des photographies et des peintures <\/span><\/p>\n<p><span style=\"font-weight: 400;\">Source d&rsquo;inspiration inestimable pour les artistes, le Pele\u0219 Castle est un ch\u00e2teau alpin grandiose qui r\u00e9unit plusieurs styles architecturaux europ\u00e9ens classiques, oscillant entre l&rsquo;\u00e9l\u00e9gance italienne du style n\u00e9o-Renaissance et l&rsquo;esth\u00e9tique allemande.  <\/span><\/p>\n<p><span style=\"font-weight: 400;\">Construit avec les fonds personnels du roi Carol Ier, le ch\u00e2teau Pele\u0219 a servi de r\u00e9sidence d&rsquo;\u00e9t\u00e9 \u00e0 la famille royale roumaine, mais aussi de lieu protocolaire, o\u00f9 l&#8217;empereur de l&rsquo;Empire austro-hongrois, Fran\u00e7ois-Joseph, \u00e9tait re\u00e7u en tant qu&rsquo;invit\u00e9.<\/span><\/p>\n<p><span style=\"font-weight: 400;\">D\u00e9couvre les d\u00e9tails complexes et l&rsquo;architecture imposante du ch\u00e2teau de Peles dans un puzzle de 1000 pi\u00e8ces que tu assembleras avec l&rsquo;excitation d&rsquo;un enfant faisant une nouvelle d\u00e9couverte. Regarde comment, pi\u00e8ce par pi\u00e8ce, le cadre idyllique dans lequel a \u00e9t\u00e9 construit le plus beau ch\u00e2teau de Roumanie prend forme <\/span><\/p>\n<h2><span style=\"font-weight: 400;\">Pourquoi choisir un puzzle adulte 1000 pi\u00e8ces Pictures from Romania<\/span><\/h2>\n<ul>\n<li><span style=\"font-weight: 400;\">Un puzzle est un moyen relaxant de d\u00e9couvrir la beaut\u00e9 et le caract\u00e8re unique de sites touristiques appr\u00e9ci\u00e9s dans le monde entier.<\/span><\/li>\n<li><span style=\"font-weight: 400;\">\u00c0 la fin, tu obtiendras une photo du ch\u00e2teau de Peles que tu pourras transformer en un objet de d\u00e9coration tr\u00e8s admir\u00e9.<\/span><\/li>\n<li><span style=\"font-weight: 400;\">La taille de ce puzzle est de 68 x 47 cm, assez grande pour devenir une pi\u00e8ce ma\u00eetresse qui attire l&rsquo;attention.<\/span><\/li>\n<li><span style=\"font-weight: 400;\">Nous utilisons des mat\u00e9riaux recyclables et durables pour fabriquer chaque puzzle.<\/span><\/li>\n<li><span style=\"font-weight: 400;\">Les pi\u00e8ces sont fabriqu\u00e9es en carton durable et de haute qualit\u00e9, de sorte que le tableau peut \u00eatre assembl\u00e9 plusieurs fois sans que les pi\u00e8ces soient endommag\u00e9es.<\/span><\/li>\n<li><span style=\"font-weight: 400;\">L&rsquo;agr\u00e9able finition semi-brillante fait ressortir les couleurs vives de l&rsquo;image.<\/span><\/li>\n<li><span style=\"font-weight: 400;\">C&rsquo;est un moyen agr\u00e9able d&rsquo;entra\u00eener et d&rsquo;entretenir la coordination, la motricit\u00e9 et la dext\u00e9rit\u00e9 \u00e0 tout \u00e2ge.<\/span><\/li>\n<li><span style=\"font-weight: 400;\">Le jeu de puzzle est un pr\u00e9cieux entra\u00eenement mental, qui sollicite les deux h\u00e9misph\u00e8res du cerveau et am\u00e9liore la m\u00e9moire.<\/span><\/li>\n<li><span style=\"font-weight: 400;\">Il augmente l&rsquo;attention aux d\u00e9tails et la concentration.<\/span><\/li>\n<li><span style=\"font-weight: 400;\">Il convient \u00e0 partir de 14 ans, avec un degr\u00e9 de complexit\u00e9 moyen <\/span><\/li>\n<\/ul>\n<h2><span style=\"font-weight: 400;\">Savais-tu que..<\/span><\/h2>\n<p><span style=\"font-weight: 400;\">Plusieurs dizaines de pi\u00e8ces d&rsquo;or, les premi\u00e8res pi\u00e8ces roumaines portant l&rsquo;image du roi Carol Ier, ont \u00e9t\u00e9 enterr\u00e9es sous la premi\u00e8re pierre du ch\u00e2teau de Peles, pos\u00e9e en 1875.<\/span><\/p>\n<p><span style=\"font-weight: 400;\">Bien qu&rsquo;il puisse facilement \u00eatre consid\u00e9r\u00e9 comme un palais, en raison de sa taille impressionnante, de sa d\u00e9coration int\u00e9rieure grandiose et tr\u00e8s \u00e9l\u00e9gante et de son architecture somptueuse, le ch\u00e2teau de Pele\u0219 a continu\u00e9 \u00e0 \u00eatre appel\u00e9 ch\u00e2teau par la famille royale et les visiteurs <\/span><\/p>\n<p><span style=\"font-weight: 400;\">Selon le plan du ch\u00e2teau, il y a 160 pi\u00e8ces \u00e0 Peles, avec de nombreuses entr\u00e9es et escaliers int\u00e9rieurs, et la tour centrale fait 66 m\u00e8tres de haut. Le ch\u00e2teau de Peles poss\u00e8de \u00e9galement un th\u00e9\u00e2tre, avec une petite sc\u00e8ne, 60 si\u00e8ges dans la salle et la loge royale <\/span><\/p>\n<h2><span style=\"font-weight: 400;\">Puzzle adulte de 1000 pi\u00e8ces &#8211; d\u00e9connecte-toi du rythme rapide de la vie<\/span><\/h2>\n<p><span style=\"font-weight: 400;\">Choisis de d\u00e9couvrir la Roumanie en images, \u00e0 travers des puzzles repr\u00e9sentant des captures iconiques des sites les plus connus et les plus appr\u00e9ci\u00e9s de notre pays. Ainsi, \u00e0 l&rsquo;aide d&rsquo;un puzzle, tu peux \u00eatre toi-m\u00eame l&rsquo;architecte, en reconstruisant pi\u00e8ce par pi\u00e8ce l&rsquo;image du ch\u00e2teau de Peles, impressionnant par l&rsquo;\u00e9l\u00e9gance et la somptuosit\u00e9 de chaque d\u00e9tail <\/span><\/p>\n<p><span style=\"font-weight: 400;\">Voici toutes les raisons int\u00e9ressantes de d\u00e9couvrir le grandiose ch\u00e2teau de Sinaia sous la forme d&rsquo;un puzzle de 1000 pi\u00e8ces.  <\/span><\/p>\n<p><span style=\"font-weight: 400;\">De plus, assembler un puzzle avec des images de la Roumanie est une activit\u00e9 tr\u00e8s relaxante, qui te donne un agr\u00e9able sentiment d&rsquo;appartenance et de reconnexion avec tes origines <\/span><\/p><\/p>\n","protected":false},"excerpt":{"rendered":"<p>Le ch\u00e2teau de Pele\u0219 est consid\u00e9r\u00e9 comme une perle de l&rsquo;architecture en raison de la beaut\u00e9 et de la complexit\u00e9<\/p>\n","protected":false},"featured_media":46828,"template":"","meta":[],"product_brand":[],"product_cat":[2314,2316,2315],"product_tag":[],"class_list":{"0":"post-54901","1":"product","2":"type-product","3":"status-publish","4":"has-post-thumbnail","6":"product_cat-puzzles-fr","7":"product_cat-puzzles-de-1000-pieces","8":"product_cat-puzzles-pour-adultes","9":"pa_bax-10-fr","10":"pa_brand-d_toys-fr","11":"pa_country_of_manufacture-ro-fr","12":"pa_filter_age-14-fr","13":"pa_painter-romania-fr","14":"pa_tip_ambalaj-boite","15":"pa_tip_puzzle-classique","17":"first","18":"instock","19":"taxable","20":"shipping-taxable","21":"product-type-simple"},"yoast_head":"<!-- This site is optimized with the Yoast SEO plugin v20.1 - https:\/\/yoast.com\/wordpress\/plugins\/seo\/ -->\n<title>Puzzle adulte de 1000 pi\u00e8ces - Photos de Roumanie - Ch\u00e2teau de Peles le soir<\/title>\n<meta name=\"description\" content=\"Puzzle adulte de 1000 pi\u00e8ces - Photos de Roumanie - Ch\u00e2teau de Peles le soir\" \/>\n<meta name=\"robots\" content=\"index, follow, max-snippet:-1, max-image-preview:large, max-video-preview:-1\" \/>\n<link rel=\"canonical\" href=\"https:\/\/business.roovi.com\/fr\/puzzle-adulte-de-1000-pieces-photos-de-roumanie-chateau-de-peles-le-soir\/p\/\" \/>\n<meta property=\"og:locale\" content=\"fr_FR\" \/>\n<meta property=\"og:type\" content=\"article\" \/>\n<meta property=\"og:title\" content=\"Puzzle adulte de 1000 pi\u00e8ces - Photos de Roumanie - Ch\u00e2teau de Peles le soir\" \/>\n<meta property=\"og:description\" content=\"Puzzle adulte de 1000 pi\u00e8ces - Photos de Roumanie - Ch\u00e2teau de Peles le soir\" \/>\n<meta property=\"og:url\" content=\"https:\/\/business.roovi.com\/fr\/puzzle-adulte-de-1000-pieces-photos-de-roumanie-chateau-de-peles-le-soir\/p\/\" \/>\n<meta property=\"og:site_name\" content=\"Roovi B2B\" \/>\n<meta property=\"article:publisher\" content=\"https:\/\/www.facebook.com\/wwwjucariero\" \/>\n<meta property=\"article:modified_time\" content=\"2022-07-13T11:05:18+00:00\" \/>\n<meta property=\"og:image\" content=\"https:\/\/business.roovi.com\/wp-content\/uploads\/2018\/04\/63038_07.jpg\" \/>\n\t<meta property=\"og:image:width\" content=\"1200\" \/>\n\t<meta property=\"og:image:height\" content=\"1200\" \/>\n\t<meta property=\"og:image:type\" content=\"image\/jpeg\" \/>\n<meta name=\"twitter:label1\" content=\"Dur\u00e9e de lecture estim\u00e9e\" \/>\n\t<meta name=\"twitter:data1\" content=\"3 minutes\" \/>\n<script type=\"application\/ld+json\" class=\"yoast-schema-graph\">{\"@context\":\"https:\/\/schema.org\",\"@graph\":[{\"@type\":\"WebPage\",\"@id\":\"https:\/\/business.roovi.com\/fr\/puzzle-adulte-de-1000-pieces-photos-de-roumanie-chateau-de-peles-le-soir\/p\/\",\"url\":\"https:\/\/business.roovi.com\/fr\/puzzle-adulte-de-1000-pieces-photos-de-roumanie-chateau-de-peles-le-soir\/p\/\",\"name\":\"Puzzle adulte de 1000 pi\u00e8ces - Photos de Roumanie - Ch\u00e2teau de Peles le soir\",\"isPartOf\":{\"@id\":\"https:\/\/business.roovi.com\/fr\/#website\"},\"datePublished\":\"2018-04-16T10:56:16+00:00\",\"dateModified\":\"2022-07-13T11:05:18+00:00\",\"description\":\"Puzzle adulte de 1000 pi\u00e8ces - Photos de Roumanie - Ch\u00e2teau de Peles le soir\",\"breadcrumb\":{\"@id\":\"https:\/\/business.roovi.com\/fr\/puzzle-adulte-de-1000-pieces-photos-de-roumanie-chateau-de-peles-le-soir\/p\/#breadcrumb\"},\"inLanguage\":\"fr-FR\",\"potentialAction\":[{\"@type\":\"ReadAction\",\"target\":[\"https:\/\/business.roovi.com\/fr\/puzzle-adulte-de-1000-pieces-photos-de-roumanie-chateau-de-peles-le-soir\/p\/\"]}]},{\"@type\":\"BreadcrumbList\",\"@id\":\"https:\/\/business.roovi.com\/fr\/puzzle-adulte-de-1000-pieces-photos-de-roumanie-chateau-de-peles-le-soir\/p\/#breadcrumb\",\"itemListElement\":[{\"@type\":\"ListItem\",\"position\":1,\"name\":\"Home\",\"item\":\"https:\/\/business.roovi.com\/fr\/\"},{\"@type\":\"ListItem\",\"position\":2,\"name\":\"Boutique\",\"item\":\"https:\/\/business.roovi.com\/fr\/boutique\/\"},{\"@type\":\"ListItem\",\"position\":3,\"name\":\"Puzzle adulte de 1000 pi\u00e8ces &#8211; Photos de Roumanie &#8211; Ch\u00e2teau de Peles le soir\"}]},{\"@type\":\"WebSite\",\"@id\":\"https:\/\/business.roovi.com\/fr\/#website\",\"url\":\"https:\/\/business.roovi.com\/fr\/\",\"name\":\"Roovi B2B\",\"description\":\"Roovi Business Website\",\"potentialAction\":[{\"@type\":\"SearchAction\",\"target\":{\"@type\":\"EntryPoint\",\"urlTemplate\":\"https:\/\/business.roovi.com\/fr\/?s={search_term_string}\"},\"query-input\":\"required name=search_term_string\"}],\"inLanguage\":\"fr-FR\"}]}<\/script>\n<!-- \/ Yoast SEO plugin. -->","yoast_head_json":{"title":"Puzzle adulte de 1000 pi\u00e8ces - Photos de Roumanie - Ch\u00e2teau de Peles le soir","description":"Puzzle adulte de 1000 pi\u00e8ces - Photos de Roumanie - Ch\u00e2teau de Peles le soir","robots":{"index":"index","follow":"follow","max-snippet":"max-snippet:-1","max-image-preview":"max-image-preview:large","max-video-preview":"max-video-preview:-1"},"canonical":"https:\/\/business.roovi.com\/fr\/puzzle-adulte-de-1000-pieces-photos-de-roumanie-chateau-de-peles-le-soir\/p\/","og_locale":"fr_FR","og_type":"article","og_title":"Puzzle adulte de 1000 pi\u00e8ces - Photos de Roumanie - Ch\u00e2teau de Peles le soir","og_description":"Puzzle adulte de 1000 pi\u00e8ces - Photos de Roumanie - Ch\u00e2teau de Peles le soir","og_url":"https:\/\/business.roovi.com\/fr\/puzzle-adulte-de-1000-pieces-photos-de-roumanie-chateau-de-peles-le-soir\/p\/","og_site_name":"Roovi B2B","article_publisher":"https:\/\/www.facebook.com\/wwwjucariero","article_modified_time":"2022-07-13T11:05:18+00:00","og_image":[{"width":1200,"height":1200,"url":"https:\/\/business.roovi.com\/wp-content\/uploads\/2018\/04\/63038_07.jpg","type":"image\/jpeg"}],"twitter_misc":{"Dur\u00e9e de lecture estim\u00e9e":"3 minutes"},"schema":{"@context":"https:\/\/schema.org","@graph":[{"@type":"WebPage","@id":"https:\/\/business.roovi.com\/fr\/puzzle-adulte-de-1000-pieces-photos-de-roumanie-chateau-de-peles-le-soir\/p\/","url":"https:\/\/business.roovi.com\/fr\/puzzle-adulte-de-1000-pieces-photos-de-roumanie-chateau-de-peles-le-soir\/p\/","name":"Puzzle adulte de 1000 pi\u00e8ces - Photos de Roumanie - Ch\u00e2teau de Peles le soir","isPartOf":{"@id":"https:\/\/business.roovi.com\/fr\/#website"},"datePublished":"2018-04-16T10:56:16+00:00","dateModified":"2022-07-13T11:05:18+00:00","description":"Puzzle adulte de 1000 pi\u00e8ces - Photos de Roumanie - Ch\u00e2teau de Peles le soir","breadcrumb":{"@id":"https:\/\/business.roovi.com\/fr\/puzzle-adulte-de-1000-pieces-photos-de-roumanie-chateau-de-peles-le-soir\/p\/#breadcrumb"},"inLanguage":"fr-FR","potentialAction":[{"@type":"ReadAction","target":["https:\/\/business.roovi.com\/fr\/puzzle-adulte-de-1000-pieces-photos-de-roumanie-chateau-de-peles-le-soir\/p\/"]}]},{"@type":"BreadcrumbList","@id":"https:\/\/business.roovi.com\/fr\/puzzle-adulte-de-1000-pieces-photos-de-roumanie-chateau-de-peles-le-soir\/p\/#breadcrumb","itemListElement":[{"@type":"ListItem","position":1,"name":"Home","item":"https:\/\/business.roovi.com\/fr\/"},{"@type":"ListItem","position":2,"name":"Boutique","item":"https:\/\/business.roovi.com\/fr\/boutique\/"},{"@type":"ListItem","position":3,"name":"Puzzle adulte de 1000 pi\u00e8ces &#8211; Photos de Roumanie &#8211; Ch\u00e2teau de Peles le soir"}]},{"@type":"WebSite","@id":"https:\/\/business.roovi.com\/fr\/#website","url":"https:\/\/business.roovi.com\/fr\/","name":"Roovi B2B","description":"Roovi Business Website","potentialAction":[{"@type":"SearchAction","target":{"@type":"EntryPoint","urlTemplate":"https:\/\/business.roovi.com\/fr\/?s={search_term_string}"},"query-input":"required name=search_term_string"}],"inLanguage":"fr-FR"}]}},"_links":{"self":[{"href":"https:\/\/business.roovi.com\/fr\/wp-json\/wp\/v2\/product\/54901","targetHints":{"allow":["GET"]}}],"collection":[{"href":"https:\/\/business.roovi.com\/fr\/wp-json\/wp\/v2\/product"}],"about":[{"href":"https:\/\/business.roovi.com\/fr\/wp-json\/wp\/v2\/types\/product"}],"version-history":[{"count":0,"href":"https:\/\/business.roovi.com\/fr\/wp-json\/wp\/v2\/product\/54901\/revisions"}],"wp:featuredmedia":[{"embeddable":true,"href":"https:\/\/business.roovi.com\/fr\/wp-json\/wp\/v2\/media\/46828"}],"wp:attachment":[{"href":"https:\/\/business.roovi.com\/fr\/wp-json\/wp\/v2\/media?parent=54901"}],"wp:term":[{"taxonomy":"product_brand","embeddable":true,"href":"https:\/\/business.roovi.com\/fr\/wp-json\/wp\/v2\/product_brand?post=54901"},{"taxonomy":"product_cat","embeddable":true,"href":"https:\/\/business.roovi.com\/fr\/wp-json\/wp\/v2\/product_cat?post=54901"},{"taxonomy":"product_tag","embeddable":true,"href":"https:\/\/business.roovi.com\/fr\/wp-json\/wp\/v2\/product_tag?post=54901"}],"curies":[{"name":"wp","href":"https:\/\/api.w.org\/{rel}","templated":true}]}}