{"id":54903,"date":"2018-04-16T10:56:16","date_gmt":"2018-04-16T10:56:16","guid":{"rendered":"https:\/\/business.roovi.com\/puzzle-1000-piese-imagini-din-romania-castelul-peles-ziua\/p\/"},"modified":"2022-07-13T11:05:23","modified_gmt":"2022-07-13T11:05:23","slug":"puzzle-adulte-de-1000-pieces-images-de-roumanie-journee-du-chateau-de-peles","status":"publish","type":"product","link":"https:\/\/business.roovi.com\/fr\/puzzle-adulte-de-1000-pieces-images-de-roumanie-journee-du-chateau-de-peles\/p\/","title":{"rendered":"Puzzle adulte de 1000 pi\u00e8ces &#8211; Images de Roumanie &#8211; Journ\u00e9e du ch\u00e2teau de Peles"},"content":{"rendered":"<p><span style=\"font-weight: 400;\">D\u00e9couvre un ch\u00e2teau comme il n&rsquo;y en a pas d&rsquo;autre au monde, nich\u00e9 dans l&rsquo;intimit\u00e9 des montagnes et de la for\u00eat, dans un cadre enchanteur loin de l&rsquo;agitation de la vie quotidienne <\/span><\/p>\n<p><span style=\"font-weight: 400;\">Le ch\u00e2teau de Pele\u0219 est l&rsquo;incarnation du bon go\u00fbt et de l&rsquo;\u00e9l\u00e9gance architecturale, combinant d\u00e9licatement le romantisme du style n\u00e9o-Renaissance avec la fermet\u00e9 et la rigueur du style n\u00e9o-gothique. La m\u00eame combinaison int\u00e9ressante de styles se retrouve au Schloss Neuschwanstein en Bavi\u00e8re, qui est \u00e0 la fois romantique et parfois m\u00eame brutaliste.<\/span><\/p>\n<p><span style=\"font-weight: 400;\">Chaque pi\u00e8ce du puzzle t&#8217;emm\u00e8ne dans un voyage royal, au cours duquel tu peux regarder l&rsquo;un des ch\u00e2teaux les plus beaux et les plus \u00e9l\u00e9gants d&rsquo;Europe prendre forme. D\u00e9couvre les fins d\u00e9tails qui ornent la fa\u00e7ade de Peles et la rare beaut\u00e9 naturelle qui l&rsquo;entoure gr\u00e2ce \u00e0 un puzzle de 1000 pi\u00e8ces qui reproduit fid\u00e8lement l&rsquo;image bien connue du ch\u00e2teau embl\u00e9matique.<\/span><\/p>\n<h2><span style=\"font-weight: 400;\">Pourquoi choisir un puzzle adulte 1000 pi\u00e8ces Pictures from Romania<\/span><\/h2>\n<ul>\n<li><span style=\"font-weight: 400;\">Un puzzle est un moyen relaxant de d\u00e9couvrir la beaut\u00e9 et le caract\u00e8re unique de sites touristiques appr\u00e9ci\u00e9s dans le monde entier.<\/span><\/li>\n<li><span style=\"font-weight: 400;\">\u00c0 la fin, tu obtiendras une photo fascinante du ch\u00e2teau de Peles que tu pourras facilement encadrer.<\/span><\/li>\n<li><span style=\"font-weight: 400;\">La taille de ce puzzle est de 68 x 47 cm, assez grande pour devenir une pi\u00e8ce ma\u00eetresse dans n&rsquo;importe quel d\u00e9cor.<\/span><\/li>\n<li><span style=\"font-weight: 400;\">Les pi\u00e8ces sont fabriqu\u00e9es en carton durable de haute qualit\u00e9, de sorte que le tableau peut \u00eatre assembl\u00e9 plusieurs fois sans que les pi\u00e8ces soient endommag\u00e9es.<\/span><\/li>\n<li><span style=\"font-weight: 400;\">L&rsquo;agr\u00e9able finition semi-brillante fait ressortir les couleurs vives de l&rsquo;image.<\/span><\/li>\n<li><span style=\"font-weight: 400;\">Nous utilisons des mat\u00e9riaux recyclables et durables pour fabriquer chaque puzzle.<\/span><\/li>\n<li><span style=\"font-weight: 400;\">Il convient \u00e0 partir de 14 ans, avec un niveau de complexit\u00e9 moyen.<\/span><\/li>\n<li><span style=\"font-weight: 400;\">Il augmente l&rsquo;attention aux d\u00e9tails et la concentration.<\/span><\/li>\n<li><span style=\"font-weight: 400;\">Le jeu de puzzle est un pr\u00e9cieux entra\u00eenement mental, qui sollicite les deux h\u00e9misph\u00e8res du cerveau et am\u00e9liore la m\u00e9moire.<\/span><\/li>\n<li><span style=\"font-weight: 400;\">C&rsquo;est un moyen agr\u00e9able d&rsquo;entra\u00eener et d&rsquo;entretenir la coordination, la motricit\u00e9 et la dext\u00e9rit\u00e9 \u00e0 tout \u00e2ge.<\/span><\/li>\n<\/ul>\n<h2><span style=\"font-weight: 400;\">Savais-tu que..<\/span><\/h2>\n<p><span style=\"font-weight: 400;\">Le ch\u00e2teau de Peles a \u00e9t\u00e9 le premier ch\u00e2teau enti\u00e8rement \u00e9lectrifi\u00e9 d&rsquo;Europe, car il poss\u00e9dait sa propre centrale \u00e9lectrique qui le fournissait en \u00e9lectricit\u00e9.<\/span><\/p>\n<p><span style=\"font-weight: 400;\">Pele\u0219 a \u00e9galement b\u00e9n\u00e9fici\u00e9 d&rsquo;installations tr\u00e8s modernes pour l&rsquo;\u00e9poque \u00e0 laquelle elle a \u00e9t\u00e9 construite, avec un syst\u00e8me d&rsquo;aspiration centralis\u00e9 pour le nettoyage, un syst\u00e8me de chauffage centralis\u00e9 dans les murs et m\u00eame un ascenseur \u00e9lectrique. De plus, le plafond en verre du hall d&rsquo;entr\u00e9e est mobile et peut \u00eatre actionn\u00e9 par un moteur \u00e9lectrique.<\/span><\/p>\n<p><span style=\"font-weight: 400;\">Charles II \u00e9tait le premier roi n\u00e9 sur le sol roumain et le premier roi \u00e0 \u00eatre baptis\u00e9 dans la religion orthodoxe. Il \u00e9tait \u00e9galement le seul roi \u00e0 ne pas poss\u00e9der le ch\u00e2teau de Pele\u0219, qui est pass\u00e9 directement en possession de son fils, le roi Michel Ier <\/span><\/p>\n<p><span style=\"font-weight: 400;\">Parce que le roi Carol Ier voulait un ch\u00e2teau unique, \u00e9l\u00e9gant et pourtant pas tr\u00e8s cher, il a cat\u00e9goriquement refus\u00e9 les 3 premiers projets de Pele\u0219, qui ressemblaient plut\u00f4t \u00e0 des copies peu originales d&rsquo;autres palais d&rsquo;Europe occidentale. De plus, la construction de Pele\u0219 a \u00e9t\u00e9 enti\u00e8rement financ\u00e9e par l&rsquo;argent personnel du roi, qui a vendu une propri\u00e9t\u00e9 en Allemagne pour achever la construction <\/span><\/p>\n<h2><span style=\"font-weight: 400;\">Puzzle adulte de 1000 pi\u00e8ces &#8211; d\u00e9couvre le plaisir de la relaxation active<\/span><\/h2>\n<p><span style=\"font-weight: 400;\">Choisis de d\u00e9couvrir la Roumanie en images, \u00e0 travers des puzzles de 1000 pi\u00e8ces repr\u00e9sentant des captures iconiques des sites les plus connus et les plus appr\u00e9ci\u00e9s de notre pays. Ainsi, \u00e0 l&rsquo;aide d&rsquo;un puzzle, tu peux reconstituer pi\u00e8ce par pi\u00e8ce l&rsquo;image de l&rsquo;impressionnant et somptueux ch\u00e2teau de Pele\u0219, et d\u00e9couvrir des d\u00e9tails cach\u00e9s que tu n&rsquo;avais jamais remarqu\u00e9s auparavant <\/span><\/p>\n<p><span style=\"font-weight: 400;\">Voici combien de raisons, pour le moins int\u00e9ressantes, te poussent maintenant \u00e0 d\u00e9couvrir le grandiose ch\u00e2teau de Pele\u0219 sous la forme d&rsquo;un puzzle de 1000 pi\u00e8ces.  <\/span><\/p>\n<p><span style=\"font-weight: 400;\">De plus, assembler un puzzle avec des photos de Roumanie est une activit\u00e9 tr\u00e8s relaxante et cr\u00e9ative, qui te donne un agr\u00e9able sentiment d&rsquo;appartenance et de reconnexion avec tes origines <\/span><\/p><\/p>\n","protected":false},"excerpt":{"rendered":"<p>D\u00e9couvre un ch\u00e2teau comme il n&rsquo;y en a pas d&rsquo;autre au monde, nich\u00e9 dans l&rsquo;intimit\u00e9 des montagnes et de la<\/p>\n","protected":false},"featured_media":46830,"template":"","meta":[],"product_brand":[],"product_cat":[2314,2316,2315],"product_tag":[],"class_list":{"0":"post-54903","1":"product","2":"type-product","3":"status-publish","4":"has-post-thumbnail","6":"product_cat-puzzles-fr","7":"product_cat-puzzles-de-1000-pieces","8":"product_cat-puzzles-pour-adultes","9":"pa_bax-10-fr","10":"pa_brand-d_toys-fr","11":"pa_country_of_manufacture-ro-fr","12":"pa_filter_age-14-fr","13":"pa_painter-romania-fr","14":"pa_tip_ambalaj-boite","15":"pa_tip_puzzle-classique","17":"first","18":"instock","19":"taxable","20":"shipping-taxable","21":"product-type-simple"},"yoast_head":"<!-- This site is optimized with the Yoast SEO plugin v20.1 - https:\/\/yoast.com\/wordpress\/plugins\/seo\/ -->\n<title>Puzzle adulte de 1000 pi\u00e8ces - Images de Roumanie - Journ\u00e9e du ch\u00e2teau de Peles<\/title>\n<meta name=\"description\" content=\"Puzzle adulte de 1000 pi\u00e8ces - Images de Roumanie - Journ\u00e9e du ch\u00e2teau de Peles\" \/>\n<meta name=\"robots\" content=\"index, follow, max-snippet:-1, max-image-preview:large, max-video-preview:-1\" \/>\n<link rel=\"canonical\" href=\"https:\/\/business.roovi.com\/fr\/puzzle-adulte-de-1000-pieces-images-de-roumanie-journee-du-chateau-de-peles\/p\/\" \/>\n<meta property=\"og:locale\" content=\"fr_FR\" \/>\n<meta property=\"og:type\" content=\"article\" \/>\n<meta property=\"og:title\" content=\"Puzzle adulte de 1000 pi\u00e8ces - Images de Roumanie - Journ\u00e9e du ch\u00e2teau de Peles\" \/>\n<meta property=\"og:description\" content=\"Puzzle adulte de 1000 pi\u00e8ces - Images de Roumanie - Journ\u00e9e du ch\u00e2teau de Peles\" \/>\n<meta property=\"og:url\" content=\"https:\/\/business.roovi.com\/fr\/puzzle-adulte-de-1000-pieces-images-de-roumanie-journee-du-chateau-de-peles\/p\/\" \/>\n<meta property=\"og:site_name\" content=\"Roovi B2B\" \/>\n<meta property=\"article:publisher\" content=\"https:\/\/www.facebook.com\/wwwjucariero\" \/>\n<meta property=\"article:modified_time\" content=\"2022-07-13T11:05:23+00:00\" \/>\n<meta property=\"og:image\" content=\"https:\/\/business.roovi.com\/wp-content\/uploads\/2018\/04\/63038_08.jpg\" \/>\n\t<meta property=\"og:image:width\" content=\"1200\" \/>\n\t<meta property=\"og:image:height\" content=\"1200\" \/>\n\t<meta property=\"og:image:type\" content=\"image\/jpeg\" \/>\n<meta name=\"twitter:label1\" content=\"Dur\u00e9e de lecture estim\u00e9e\" \/>\n\t<meta name=\"twitter:data1\" content=\"4 minutes\" \/>\n<script type=\"application\/ld+json\" class=\"yoast-schema-graph\">{\"@context\":\"https:\/\/schema.org\",\"@graph\":[{\"@type\":\"WebPage\",\"@id\":\"https:\/\/business.roovi.com\/fr\/puzzle-adulte-de-1000-pieces-images-de-roumanie-journee-du-chateau-de-peles\/p\/\",\"url\":\"https:\/\/business.roovi.com\/fr\/puzzle-adulte-de-1000-pieces-images-de-roumanie-journee-du-chateau-de-peles\/p\/\",\"name\":\"Puzzle adulte de 1000 pi\u00e8ces - Images de Roumanie - Journ\u00e9e du ch\u00e2teau de Peles\",\"isPartOf\":{\"@id\":\"https:\/\/business.roovi.com\/fr\/#website\"},\"datePublished\":\"2018-04-16T10:56:16+00:00\",\"dateModified\":\"2022-07-13T11:05:23+00:00\",\"description\":\"Puzzle adulte de 1000 pi\u00e8ces - Images de Roumanie - Journ\u00e9e du ch\u00e2teau de Peles\",\"breadcrumb\":{\"@id\":\"https:\/\/business.roovi.com\/fr\/puzzle-adulte-de-1000-pieces-images-de-roumanie-journee-du-chateau-de-peles\/p\/#breadcrumb\"},\"inLanguage\":\"fr-FR\",\"potentialAction\":[{\"@type\":\"ReadAction\",\"target\":[\"https:\/\/business.roovi.com\/fr\/puzzle-adulte-de-1000-pieces-images-de-roumanie-journee-du-chateau-de-peles\/p\/\"]}]},{\"@type\":\"BreadcrumbList\",\"@id\":\"https:\/\/business.roovi.com\/fr\/puzzle-adulte-de-1000-pieces-images-de-roumanie-journee-du-chateau-de-peles\/p\/#breadcrumb\",\"itemListElement\":[{\"@type\":\"ListItem\",\"position\":1,\"name\":\"Home\",\"item\":\"https:\/\/business.roovi.com\/fr\/\"},{\"@type\":\"ListItem\",\"position\":2,\"name\":\"Boutique\",\"item\":\"https:\/\/business.roovi.com\/fr\/boutique\/\"},{\"@type\":\"ListItem\",\"position\":3,\"name\":\"Puzzle adulte de 1000 pi\u00e8ces &#8211; Images de Roumanie &#8211; Journ\u00e9e du ch\u00e2teau de Peles\"}]},{\"@type\":\"WebSite\",\"@id\":\"https:\/\/business.roovi.com\/fr\/#website\",\"url\":\"https:\/\/business.roovi.com\/fr\/\",\"name\":\"Roovi B2B\",\"description\":\"Roovi Business Website\",\"potentialAction\":[{\"@type\":\"SearchAction\",\"target\":{\"@type\":\"EntryPoint\",\"urlTemplate\":\"https:\/\/business.roovi.com\/fr\/?s={search_term_string}\"},\"query-input\":\"required name=search_term_string\"}],\"inLanguage\":\"fr-FR\"}]}<\/script>\n<!-- \/ Yoast SEO plugin. -->","yoast_head_json":{"title":"Puzzle adulte de 1000 pi\u00e8ces - Images de Roumanie - Journ\u00e9e du ch\u00e2teau de Peles","description":"Puzzle adulte de 1000 pi\u00e8ces - Images de Roumanie - Journ\u00e9e du ch\u00e2teau de Peles","robots":{"index":"index","follow":"follow","max-snippet":"max-snippet:-1","max-image-preview":"max-image-preview:large","max-video-preview":"max-video-preview:-1"},"canonical":"https:\/\/business.roovi.com\/fr\/puzzle-adulte-de-1000-pieces-images-de-roumanie-journee-du-chateau-de-peles\/p\/","og_locale":"fr_FR","og_type":"article","og_title":"Puzzle adulte de 1000 pi\u00e8ces - Images de Roumanie - Journ\u00e9e du ch\u00e2teau de Peles","og_description":"Puzzle adulte de 1000 pi\u00e8ces - Images de Roumanie - Journ\u00e9e du ch\u00e2teau de Peles","og_url":"https:\/\/business.roovi.com\/fr\/puzzle-adulte-de-1000-pieces-images-de-roumanie-journee-du-chateau-de-peles\/p\/","og_site_name":"Roovi B2B","article_publisher":"https:\/\/www.facebook.com\/wwwjucariero","article_modified_time":"2022-07-13T11:05:23+00:00","og_image":[{"width":1200,"height":1200,"url":"https:\/\/business.roovi.com\/wp-content\/uploads\/2018\/04\/63038_08.jpg","type":"image\/jpeg"}],"twitter_misc":{"Dur\u00e9e de lecture estim\u00e9e":"4 minutes"},"schema":{"@context":"https:\/\/schema.org","@graph":[{"@type":"WebPage","@id":"https:\/\/business.roovi.com\/fr\/puzzle-adulte-de-1000-pieces-images-de-roumanie-journee-du-chateau-de-peles\/p\/","url":"https:\/\/business.roovi.com\/fr\/puzzle-adulte-de-1000-pieces-images-de-roumanie-journee-du-chateau-de-peles\/p\/","name":"Puzzle adulte de 1000 pi\u00e8ces - Images de Roumanie - Journ\u00e9e du ch\u00e2teau de Peles","isPartOf":{"@id":"https:\/\/business.roovi.com\/fr\/#website"},"datePublished":"2018-04-16T10:56:16+00:00","dateModified":"2022-07-13T11:05:23+00:00","description":"Puzzle adulte de 1000 pi\u00e8ces - Images de Roumanie - Journ\u00e9e du ch\u00e2teau de Peles","breadcrumb":{"@id":"https:\/\/business.roovi.com\/fr\/puzzle-adulte-de-1000-pieces-images-de-roumanie-journee-du-chateau-de-peles\/p\/#breadcrumb"},"inLanguage":"fr-FR","potentialAction":[{"@type":"ReadAction","target":["https:\/\/business.roovi.com\/fr\/puzzle-adulte-de-1000-pieces-images-de-roumanie-journee-du-chateau-de-peles\/p\/"]}]},{"@type":"BreadcrumbList","@id":"https:\/\/business.roovi.com\/fr\/puzzle-adulte-de-1000-pieces-images-de-roumanie-journee-du-chateau-de-peles\/p\/#breadcrumb","itemListElement":[{"@type":"ListItem","position":1,"name":"Home","item":"https:\/\/business.roovi.com\/fr\/"},{"@type":"ListItem","position":2,"name":"Boutique","item":"https:\/\/business.roovi.com\/fr\/boutique\/"},{"@type":"ListItem","position":3,"name":"Puzzle adulte de 1000 pi\u00e8ces &#8211; Images de Roumanie &#8211; Journ\u00e9e du ch\u00e2teau de Peles"}]},{"@type":"WebSite","@id":"https:\/\/business.roovi.com\/fr\/#website","url":"https:\/\/business.roovi.com\/fr\/","name":"Roovi B2B","description":"Roovi Business Website","potentialAction":[{"@type":"SearchAction","target":{"@type":"EntryPoint","urlTemplate":"https:\/\/business.roovi.com\/fr\/?s={search_term_string}"},"query-input":"required name=search_term_string"}],"inLanguage":"fr-FR"}]}},"_links":{"self":[{"href":"https:\/\/business.roovi.com\/fr\/wp-json\/wp\/v2\/product\/54903","targetHints":{"allow":["GET"]}}],"collection":[{"href":"https:\/\/business.roovi.com\/fr\/wp-json\/wp\/v2\/product"}],"about":[{"href":"https:\/\/business.roovi.com\/fr\/wp-json\/wp\/v2\/types\/product"}],"version-history":[{"count":0,"href":"https:\/\/business.roovi.com\/fr\/wp-json\/wp\/v2\/product\/54903\/revisions"}],"wp:featuredmedia":[{"embeddable":true,"href":"https:\/\/business.roovi.com\/fr\/wp-json\/wp\/v2\/media\/46830"}],"wp:attachment":[{"href":"https:\/\/business.roovi.com\/fr\/wp-json\/wp\/v2\/media?parent=54903"}],"wp:term":[{"taxonomy":"product_brand","embeddable":true,"href":"https:\/\/business.roovi.com\/fr\/wp-json\/wp\/v2\/product_brand?post=54903"},{"taxonomy":"product_cat","embeddable":true,"href":"https:\/\/business.roovi.com\/fr\/wp-json\/wp\/v2\/product_cat?post=54903"},{"taxonomy":"product_tag","embeddable":true,"href":"https:\/\/business.roovi.com\/fr\/wp-json\/wp\/v2\/product_tag?post=54903"}],"curies":[{"name":"wp","href":"https:\/\/api.w.org\/{rel}","templated":true}]}}