{"id":54905,"date":"2018-04-16T10:56:16","date_gmt":"2018-04-16T10:56:16","guid":{"rendered":"https:\/\/business.roovi.com\/puzzle-1000-piese-imagini-din-romania-castelul-bran-noaptea\/p\/"},"modified":"2022-07-13T11:05:27","modified_gmt":"2022-07-13T11:05:27","slug":"puzzle-adulte-1000-pieces-photos-de-roumanie-chateau-de-bran-la-nuit","status":"publish","type":"product","link":"https:\/\/business.roovi.com\/fr\/puzzle-adulte-1000-pieces-photos-de-roumanie-chateau-de-bran-la-nuit\/p\/","title":{"rendered":"Puzzle adulte 1000 pi\u00e8ces &#8211; Photos de Roumanie &#8211; Ch\u00e2teau de Bran la nuit"},"content":{"rendered":"<p><span style=\"font-weight: 400;\">Le ch\u00e2teau de Bran ou ch\u00e2teau de Dracula est le monument culturel le plus visit\u00e9 de notre pays, tant par les Roumains que par les touristes \u00e9trangers partis sur les traces du comte Dracula.  <\/span><\/p>\n<p><span style=\"font-weight: 400;\">Consid\u00e9r\u00e9 comme un ch\u00e2teau sp\u00e9cial, Bran a \u00e9t\u00e9 une source d&rsquo;inspiration inestimable pour l&rsquo;\u00e9crivain Bram Stoker, qui a transform\u00e9 la l\u00e9gende de Vlad l&rsquo;Empaleur en une histoire qui a captiv\u00e9 des millions de personnes, projet\u00e9e ensuite dans de nombreux films &#8211; l&rsquo;histoire du vampire assoiff\u00e9 de sang dans le c\u00e9l\u00e8bre roman de fiction \u00ab\u00a0Comte Dracula\u00a0\u00bb.<\/span><\/p>\n<p><span style=\"font-weight: 400;\">\u00c0 travers les \u00e2ges, le ch\u00e2teau de Bran a \u00e9t\u00e9 un poste de douane pour les marchandises entrant et sortant de Transylvanie, une forteresse d\u00e9fendant l&rsquo;Empire ottoman en expansion et enfin une r\u00e9sidence royale.<\/span><\/p>\n<p><span style=\"font-weight: 400;\">Un b\u00e2timent massif en pierre avec des murs blancs et un toit \u00e9carlate, avec des tours et des murs \u00e9pais visibles au loin, il a \u00e9t\u00e9 construit sur une falaise \u00e0 seulement 30 km de Brasov et faisait partie de la cha\u00eene de fortifications de Transylvanie.<\/span><\/p>\n<p><span style=\"font-weight: 400;\">Nous t&rsquo;invitons \u00e0 t&rsquo;arr\u00eater \u00e0 la fronti\u00e8re de la Transylvanie et de la Valachie, pour d\u00e9couvrir un b\u00e2timent qui impressionne par sa structure et son aspect imposant dans un puzzle pour adultes \u00e0 l&rsquo;aspect particulier. Ancienne r\u00e9sidence de la famille royale, le ch\u00e2teau de Bran est d\u00e9cor\u00e9 de fa\u00e7on minimale dans une atmosph\u00e8re intime et accueillante.  Pi\u00e8ce par pi\u00e8ce, tu pourras recr\u00e9er une image iconique du ch\u00e2teau sur la falaise gr\u00e2ce \u00e0 un puzzle de 1000 pi\u00e8ces.<\/span><\/p>\n<h2><span style=\"font-weight: 400;\">Pourquoi choisir un puzzle adulte 1000 pi\u00e8ces Pictures from Romania<\/span><\/h2>\n<ul>\n<li><span style=\"font-weight: 400;\">Un puzzle est un moyen relaxant de d\u00e9couvrir la beaut\u00e9 et le caract\u00e8re unique des sites touristiques et des l\u00e9gendes c\u00e9l\u00e8bres dans le monde entier.<\/span><\/li>\n<li><span style=\"font-weight: 400;\">\u00c0 la fin, tu obtiendras une photo du ch\u00e2teau de Bran, qui peut devenir un point focal dans n&rsquo;importe quelle pi\u00e8ce.<\/span><\/li>\n<li><span style=\"font-weight: 400;\">La taille de ce puzzle est de 68 x 47 cm, suffisamment grande pour devenir une pi\u00e8ce ma\u00eetresse d\u00e9corative et sortir un espace autrement terne de son anonymat.<\/span><\/li>\n<li><span style=\"font-weight: 400;\">Nous utilisons des mat\u00e9riaux recyclables et durables pour fabriquer chaque puzzle.<\/span><\/li>\n<li><span style=\"font-weight: 400;\">Les pi\u00e8ces sont fabriqu\u00e9es en carton durable et de haute qualit\u00e9, de sorte que l&rsquo;image peut \u00eatre assembl\u00e9e plusieurs fois sans que les pi\u00e8ces soient endommag\u00e9es.<\/span><\/li>\n<li><span style=\"font-weight: 400;\">L&rsquo;agr\u00e9able finition semi-brillante fait ressortir les couleurs vives et donne de la clart\u00e9 \u00e0 l&rsquo;image.<\/span><\/li>\n<li><span style=\"font-weight: 400;\">Le jeu de puzzle est un pr\u00e9cieux entra\u00eenement mental, qui engage les deux h\u00e9misph\u00e8res du cerveau et aide \u00e0 am\u00e9liorer la m\u00e9moire.<\/span><\/li>\n<li><span style=\"font-weight: 400;\">C&rsquo;est un moyen agr\u00e9able d&rsquo;entra\u00eener et d&rsquo;entretenir la coordination, la motricit\u00e9 et la dext\u00e9rit\u00e9 \u00e0 tout \u00e2ge.<\/span><\/li>\n<li><span style=\"font-weight: 400;\">Il augmente l&rsquo;attention aux d\u00e9tails et la concentration.<\/span><\/li>\n<li><span style=\"font-weight: 400;\">C&rsquo;est un jeu adapt\u00e9 \u00e0 partir de 14 ans, avec un degr\u00e9 de complexit\u00e9 moyen <\/span><\/li>\n<\/ul>\n<h2><span style=\"font-weight: 400;\">Le savais-tu ?<\/span><\/h2>\n<p><span style=\"font-weight: 400;\">La premi\u00e8re trace documentaire du ch\u00e2teau de Bran remonte \u00e0 1377, mais on pense que ses origines sont bien plus anciennes, fortement li\u00e9es \u00e0 l&rsquo;arriv\u00e9e des chevaliers teutoniques dans la r\u00e9gion de Transylvanie, qui y ont construit une forteresse en bois.<\/span><\/p>\n<p><span style=\"font-weight: 400;\">Le ch\u00e2teau appartient maintenant \u00e0 un descendant de la famille royale, Dominique de Habsbourg, qui a voulu maintenir le b\u00e2timent dans le circuit touristique, afin qu&rsquo;il puisse \u00eatre visit\u00e9 par tous ceux qui veulent apprendre l&rsquo;histoire de la Maison royale de Roumanie.<\/span><\/p>\n<p><span style=\"font-weight: 400;\">La reine Mary aimait tellement les gens et les lieux ici que pendant une courte p\u00e9riode, le coffre avec le c\u0153ur de la reine a \u00e9t\u00e9 enterr\u00e9 dans le ch\u00e2teau de Bran. Il a ensuite \u00e9t\u00e9 d\u00e9plac\u00e9 \u00e0 Balchik, un autre endroit proche de l&rsquo;\u00e2me de la reine.<\/span><\/p>\n<h2><span style=\"font-weight: 400;\">Puzzle pour adultes de 1000 pi\u00e8ces &#8211; des heures de relaxation et de d\u00e9connexion<\/span><\/h2>\n<p><span style=\"font-weight: 400;\">Choisis de d\u00e9couvrir la Roumanie d&rsquo;une nouvelle fa\u00e7on avec un puzzle et reconstruis pi\u00e8ce par pi\u00e8ce l&rsquo;image du ch\u00e2teau de Bran, qui se dresse au sommet d&rsquo;une falaise <\/span><\/p>\n<p><span style=\"font-weight: 400;\">Explore la r\u00e9gion fascinante de Bran et le c\u00e9l\u00e8bre ch\u00e2teau-ch\u00e2teau au clair de lune avec un puzzle de 1000 pi\u00e8ces que tu peux assembler seul ou avec tes proches. Ou pourquoi ne pas l&rsquo;offrir en cadeau \u00e0 une personne fascin\u00e9e par les mythes et l&rsquo;histoire.<\/span><\/p>\n<p><span style=\"font-weight: 400;\">Cela peut aussi \u00eatre une bonne occasion de raconter des histoires sur l&rsquo;histoire, la tradition et les anciennes zones historiques de notre pays.<\/span><\/p>\n<p><span style=\"font-weight: 400;\">De plus, assembler un puzzle avec des photos de la Roumanie est une activit\u00e9 tr\u00e8s agr\u00e9able, qui te permet de renouer avec tes origines, de d\u00e9couvrir des d\u00e9tails et des monuments impressionnants, tout en te d\u00e9tendant et en te d\u00e9connectant de l&rsquo;agitation de la vie quotidienne.<\/span><\/p><\/p>\n","protected":false},"excerpt":{"rendered":"<p>Le ch\u00e2teau de Bran ou ch\u00e2teau de Dracula est le monument culturel le plus visit\u00e9 de notre pays, tant par<\/p>\n","protected":false},"featured_media":46832,"template":"","meta":[],"product_brand":[],"product_cat":[2314,2316,2315],"product_tag":[],"class_list":{"0":"post-54905","1":"product","2":"type-product","3":"status-publish","4":"has-post-thumbnail","6":"product_cat-puzzles-fr","7":"product_cat-puzzles-de-1000-pieces","8":"product_cat-puzzles-pour-adultes","9":"pa_bax-10-fr","10":"pa_brand-d_toys-fr","11":"pa_country_of_manufacture-ro-fr","12":"pa_filter_age-14-fr","13":"pa_painter-romania-fr","14":"pa_tip_ambalaj-boite","15":"pa_tip_puzzle-classique","17":"first","18":"instock","19":"taxable","20":"shipping-taxable","21":"product-type-simple"},"yoast_head":"<!-- This site is optimized with the Yoast SEO plugin v20.1 - https:\/\/yoast.com\/wordpress\/plugins\/seo\/ -->\n<title>Puzzle adulte 1000 pi\u00e8ces - Photos de Roumanie - Ch\u00e2teau de Bran la nuit<\/title>\n<meta name=\"description\" content=\"Puzzle adulte 1000 pi\u00e8ces - Photos de Roumanie - Ch\u00e2teau de Bran la nuit\" \/>\n<meta name=\"robots\" content=\"index, follow, max-snippet:-1, max-image-preview:large, max-video-preview:-1\" \/>\n<link rel=\"canonical\" href=\"https:\/\/business.roovi.com\/fr\/puzzle-adulte-1000-pieces-photos-de-roumanie-chateau-de-bran-la-nuit\/p\/\" \/>\n<meta property=\"og:locale\" content=\"fr_FR\" \/>\n<meta property=\"og:type\" content=\"article\" \/>\n<meta property=\"og:title\" content=\"Puzzle adulte 1000 pi\u00e8ces - Photos de Roumanie - Ch\u00e2teau de Bran la nuit\" \/>\n<meta property=\"og:description\" content=\"Puzzle adulte 1000 pi\u00e8ces - Photos de Roumanie - Ch\u00e2teau de Bran la nuit\" \/>\n<meta property=\"og:url\" content=\"https:\/\/business.roovi.com\/fr\/puzzle-adulte-1000-pieces-photos-de-roumanie-chateau-de-bran-la-nuit\/p\/\" \/>\n<meta property=\"og:site_name\" content=\"Roovi B2B\" \/>\n<meta property=\"article:publisher\" content=\"https:\/\/www.facebook.com\/wwwjucariero\" \/>\n<meta property=\"article:modified_time\" content=\"2022-07-13T11:05:27+00:00\" \/>\n<meta property=\"og:image\" content=\"https:\/\/business.roovi.com\/wp-content\/uploads\/2018\/04\/63038_09.jpg\" \/>\n\t<meta property=\"og:image:width\" content=\"1200\" \/>\n\t<meta property=\"og:image:height\" content=\"1200\" \/>\n\t<meta property=\"og:image:type\" content=\"image\/jpeg\" \/>\n<meta name=\"twitter:label1\" content=\"Dur\u00e9e de lecture estim\u00e9e\" \/>\n\t<meta name=\"twitter:data1\" content=\"4 minutes\" \/>\n<script type=\"application\/ld+json\" class=\"yoast-schema-graph\">{\"@context\":\"https:\/\/schema.org\",\"@graph\":[{\"@type\":\"WebPage\",\"@id\":\"https:\/\/business.roovi.com\/fr\/puzzle-adulte-1000-pieces-photos-de-roumanie-chateau-de-bran-la-nuit\/p\/\",\"url\":\"https:\/\/business.roovi.com\/fr\/puzzle-adulte-1000-pieces-photos-de-roumanie-chateau-de-bran-la-nuit\/p\/\",\"name\":\"Puzzle adulte 1000 pi\u00e8ces - Photos de Roumanie - Ch\u00e2teau de Bran la nuit\",\"isPartOf\":{\"@id\":\"https:\/\/business.roovi.com\/fr\/#website\"},\"datePublished\":\"2018-04-16T10:56:16+00:00\",\"dateModified\":\"2022-07-13T11:05:27+00:00\",\"description\":\"Puzzle adulte 1000 pi\u00e8ces - Photos de Roumanie - Ch\u00e2teau de Bran la nuit\",\"breadcrumb\":{\"@id\":\"https:\/\/business.roovi.com\/fr\/puzzle-adulte-1000-pieces-photos-de-roumanie-chateau-de-bran-la-nuit\/p\/#breadcrumb\"},\"inLanguage\":\"fr-FR\",\"potentialAction\":[{\"@type\":\"ReadAction\",\"target\":[\"https:\/\/business.roovi.com\/fr\/puzzle-adulte-1000-pieces-photos-de-roumanie-chateau-de-bran-la-nuit\/p\/\"]}]},{\"@type\":\"BreadcrumbList\",\"@id\":\"https:\/\/business.roovi.com\/fr\/puzzle-adulte-1000-pieces-photos-de-roumanie-chateau-de-bran-la-nuit\/p\/#breadcrumb\",\"itemListElement\":[{\"@type\":\"ListItem\",\"position\":1,\"name\":\"Home\",\"item\":\"https:\/\/business.roovi.com\/fr\/\"},{\"@type\":\"ListItem\",\"position\":2,\"name\":\"Boutique\",\"item\":\"https:\/\/business.roovi.com\/fr\/boutique\/\"},{\"@type\":\"ListItem\",\"position\":3,\"name\":\"Puzzle adulte 1000 pi\u00e8ces &#8211; Photos de Roumanie &#8211; Ch\u00e2teau de Bran la nuit\"}]},{\"@type\":\"WebSite\",\"@id\":\"https:\/\/business.roovi.com\/fr\/#website\",\"url\":\"https:\/\/business.roovi.com\/fr\/\",\"name\":\"Roovi B2B\",\"description\":\"Roovi Business Website\",\"potentialAction\":[{\"@type\":\"SearchAction\",\"target\":{\"@type\":\"EntryPoint\",\"urlTemplate\":\"https:\/\/business.roovi.com\/fr\/?s={search_term_string}\"},\"query-input\":\"required name=search_term_string\"}],\"inLanguage\":\"fr-FR\"}]}<\/script>\n<!-- \/ Yoast SEO plugin. -->","yoast_head_json":{"title":"Puzzle adulte 1000 pi\u00e8ces - Photos de Roumanie - Ch\u00e2teau de Bran la nuit","description":"Puzzle adulte 1000 pi\u00e8ces - Photos de Roumanie - Ch\u00e2teau de Bran la nuit","robots":{"index":"index","follow":"follow","max-snippet":"max-snippet:-1","max-image-preview":"max-image-preview:large","max-video-preview":"max-video-preview:-1"},"canonical":"https:\/\/business.roovi.com\/fr\/puzzle-adulte-1000-pieces-photos-de-roumanie-chateau-de-bran-la-nuit\/p\/","og_locale":"fr_FR","og_type":"article","og_title":"Puzzle adulte 1000 pi\u00e8ces - Photos de Roumanie - Ch\u00e2teau de Bran la nuit","og_description":"Puzzle adulte 1000 pi\u00e8ces - Photos de Roumanie - Ch\u00e2teau de Bran la nuit","og_url":"https:\/\/business.roovi.com\/fr\/puzzle-adulte-1000-pieces-photos-de-roumanie-chateau-de-bran-la-nuit\/p\/","og_site_name":"Roovi B2B","article_publisher":"https:\/\/www.facebook.com\/wwwjucariero","article_modified_time":"2022-07-13T11:05:27+00:00","og_image":[{"width":1200,"height":1200,"url":"https:\/\/business.roovi.com\/wp-content\/uploads\/2018\/04\/63038_09.jpg","type":"image\/jpeg"}],"twitter_misc":{"Dur\u00e9e de lecture estim\u00e9e":"4 minutes"},"schema":{"@context":"https:\/\/schema.org","@graph":[{"@type":"WebPage","@id":"https:\/\/business.roovi.com\/fr\/puzzle-adulte-1000-pieces-photos-de-roumanie-chateau-de-bran-la-nuit\/p\/","url":"https:\/\/business.roovi.com\/fr\/puzzle-adulte-1000-pieces-photos-de-roumanie-chateau-de-bran-la-nuit\/p\/","name":"Puzzle adulte 1000 pi\u00e8ces - Photos de Roumanie - Ch\u00e2teau de Bran la nuit","isPartOf":{"@id":"https:\/\/business.roovi.com\/fr\/#website"},"datePublished":"2018-04-16T10:56:16+00:00","dateModified":"2022-07-13T11:05:27+00:00","description":"Puzzle adulte 1000 pi\u00e8ces - Photos de Roumanie - Ch\u00e2teau de Bran la nuit","breadcrumb":{"@id":"https:\/\/business.roovi.com\/fr\/puzzle-adulte-1000-pieces-photos-de-roumanie-chateau-de-bran-la-nuit\/p\/#breadcrumb"},"inLanguage":"fr-FR","potentialAction":[{"@type":"ReadAction","target":["https:\/\/business.roovi.com\/fr\/puzzle-adulte-1000-pieces-photos-de-roumanie-chateau-de-bran-la-nuit\/p\/"]}]},{"@type":"BreadcrumbList","@id":"https:\/\/business.roovi.com\/fr\/puzzle-adulte-1000-pieces-photos-de-roumanie-chateau-de-bran-la-nuit\/p\/#breadcrumb","itemListElement":[{"@type":"ListItem","position":1,"name":"Home","item":"https:\/\/business.roovi.com\/fr\/"},{"@type":"ListItem","position":2,"name":"Boutique","item":"https:\/\/business.roovi.com\/fr\/boutique\/"},{"@type":"ListItem","position":3,"name":"Puzzle adulte 1000 pi\u00e8ces &#8211; Photos de Roumanie &#8211; Ch\u00e2teau de Bran la nuit"}]},{"@type":"WebSite","@id":"https:\/\/business.roovi.com\/fr\/#website","url":"https:\/\/business.roovi.com\/fr\/","name":"Roovi B2B","description":"Roovi Business Website","potentialAction":[{"@type":"SearchAction","target":{"@type":"EntryPoint","urlTemplate":"https:\/\/business.roovi.com\/fr\/?s={search_term_string}"},"query-input":"required name=search_term_string"}],"inLanguage":"fr-FR"}]}},"_links":{"self":[{"href":"https:\/\/business.roovi.com\/fr\/wp-json\/wp\/v2\/product\/54905","targetHints":{"allow":["GET"]}}],"collection":[{"href":"https:\/\/business.roovi.com\/fr\/wp-json\/wp\/v2\/product"}],"about":[{"href":"https:\/\/business.roovi.com\/fr\/wp-json\/wp\/v2\/types\/product"}],"version-history":[{"count":0,"href":"https:\/\/business.roovi.com\/fr\/wp-json\/wp\/v2\/product\/54905\/revisions"}],"wp:featuredmedia":[{"embeddable":true,"href":"https:\/\/business.roovi.com\/fr\/wp-json\/wp\/v2\/media\/46832"}],"wp:attachment":[{"href":"https:\/\/business.roovi.com\/fr\/wp-json\/wp\/v2\/media?parent=54905"}],"wp:term":[{"taxonomy":"product_brand","embeddable":true,"href":"https:\/\/business.roovi.com\/fr\/wp-json\/wp\/v2\/product_brand?post=54905"},{"taxonomy":"product_cat","embeddable":true,"href":"https:\/\/business.roovi.com\/fr\/wp-json\/wp\/v2\/product_cat?post=54905"},{"taxonomy":"product_tag","embeddable":true,"href":"https:\/\/business.roovi.com\/fr\/wp-json\/wp\/v2\/product_tag?post=54905"}],"curies":[{"name":"wp","href":"https:\/\/api.w.org\/{rel}","templated":true}]}}