{"id":54907,"date":"2018-04-16T10:56:16","date_gmt":"2018-04-16T10:56:16","guid":{"rendered":"https:\/\/business.roovi.com\/puzzle-1000-piese-imagini-din-romania-sighisoara-noaptea\/p\/"},"modified":"2022-07-13T11:05:32","modified_gmt":"2022-07-13T11:05:32","slug":"puzzle-adulte-de-1000-pieces-photos-de-roumanie-sighisoara-la-nuit","status":"publish","type":"product","link":"https:\/\/business.roovi.com\/fr\/puzzle-adulte-de-1000-pieces-photos-de-roumanie-sighisoara-la-nuit\/p\/","title":{"rendered":"Puzzle adulte de 1000 pi\u00e8ces &#8211; Photos de Roumanie &#8211; Sighisoara la nuit"},"content":{"rendered":"<p><span style=\"font-weight: 400;\">Sighisoara est, sans aucun doute, la ville la plus color\u00e9e de Roumanie. Une ville m\u00e9di\u00e9vale fascinante avec des rues pav\u00e9es et des maisons multicolores, elle conserve l&rsquo;atmosph\u00e8re d&rsquo;antan <\/span><\/p>\n<p><span style=\"font-weight: 400;\">Une petite promenade dans les rues \u00e9troites du centre historique de Sighisoara, en admirant les vieux b\u00e2timents ou les tours des guildes d&rsquo;artisans, te transportera dans la m\u00eame atmosph\u00e8re agr\u00e9able que tu peux trouver dans la vieille ville de Prague ou de Vienne <\/span><\/p>\n<p><span style=\"font-weight: 400;\">Si tu te retrouves dans les rues \u00e9troites du centre historique \u00e0 la fin du mois de juillet, tu as de fortes chances de rencontrer des chevaliers et des demoiselles, d&rsquo;\u00e9couter des m\u00e9nestrels chanter ou de regarder des chevaliers m\u00e9di\u00e9vaux se battre avec des \u00e9p\u00e9es et des lances. Et ne t&rsquo;inqui\u00e8te pas, tu n&rsquo;es pas de retour au Moyen \u00c2ge, tu viens d&rsquo;arriver au d\u00e9j\u00e0 c\u00e9l\u00e8bre festival m\u00e9di\u00e9val de Sighisoara.  <\/span><\/p>\n<p><span style=\"font-weight: 400;\">Mais au-del\u00e0 de l&rsquo;air m\u00e9di\u00e9val et de l&rsquo;atmosph\u00e8re fascinante, Sighisoara est aussi une ville de l\u00e9gendes, visit\u00e9e chaque ann\u00e9e par des touristes sur la piste de Dracula, car c&rsquo;est ici que se trouve la maison o\u00f9 Vlad \u021aepes, \u00e9galement surnomm\u00e9 Vlad Dracul, est n\u00e9.  <\/span><\/p>\n<p><span style=\"font-weight: 400;\">Entre au c\u0153ur de la Transylvanie, \u00e0 Sighisoara, et d\u00e9couvre une ville de conte de f\u00e9es que tu peux recr\u00e9er dans toute sa splendeur avec un puzzle de 1000 pi\u00e8ces.  <\/span><\/p>\n<h2><span style=\"font-weight: 400;\">Pourquoi choisir un puzzle adulte 1000 pi\u00e8ces Pictures de Roumanie<\/span><\/h2>\n<ul>\n<li><span style=\"font-weight: 400;\">Un puzzle est un moyen relaxant de d\u00e9couvrir la beaut\u00e9 et le caract\u00e8re unique des sites touristiques et des l\u00e9gendes c\u00e9l\u00e8bres dans le monde entier.<\/span><\/li>\n<li><span style=\"font-weight: 400;\">\u00c0 la fin, tu obtiendras une photo fascinante d&rsquo;une rue pav\u00e9e de Sighisoara, avec la tour de l&rsquo;horloge qui s&rsquo;\u00e9l\u00e8ve en arri\u00e8re-plan <\/span><\/li>\n<li><span style=\"font-weight: 400;\">La taille de ce puzzle est de 68 x 47 cm, suffisamment grande pour devenir une pi\u00e8ce ma\u00eetresse de la d\u00e9coration qui mettra en valeur n&rsquo;importe quelle pi\u00e8ce si tu choisis de la transformer en tableau.<\/span><\/li>\n<li><span style=\"font-weight: 400;\">Il convient aux personnes de 14 ans et plus, avec un niveau de complexit\u00e9 moyen <\/span><\/li>\n<li><span style=\"font-weight: 400;\">Nous utilisons des mat\u00e9riaux recyclables et durables pour fabriquer chaque puzzle.<\/span><\/li>\n<li><span style=\"font-weight: 400;\">Les pi\u00e8ces sont fabriqu\u00e9es en carton durable et de haute qualit\u00e9, de sorte que le tableau peut \u00eatre assembl\u00e9 plusieurs fois sans que les pi\u00e8ces soient endommag\u00e9es.<\/span><\/li>\n<li><span style=\"font-weight: 400;\">L&rsquo;agr\u00e9able finition semi-brillante fait ressortir les couleurs vives et donne de la clart\u00e9 \u00e0 l&rsquo;image.<\/span><\/li>\n<li><span style=\"font-weight: 400;\">Le jeu de puzzle est un pr\u00e9cieux entra\u00eenement mental, qui engage les deux h\u00e9misph\u00e8res du cerveau et aide \u00e0 am\u00e9liorer la m\u00e9moire.<\/span><\/li>\n<li><span style=\"font-weight: 400;\">C&rsquo;est un moyen agr\u00e9able d&rsquo;entra\u00eener et d&rsquo;entretenir la coordination, la motricit\u00e9 et la dext\u00e9rit\u00e9 \u00e0 tout \u00e2ge.<\/span><\/li>\n<li><span style=\"font-weight: 400;\">Il augmente l&rsquo;attention aux d\u00e9tails et la concentration.<\/span><\/li>\n<\/ul>\n<h2><span style=\"font-weight: 400;\">Savais-tu que..<\/span><\/h2>\n<p><span style=\"font-weight: 400;\">Sighisoara est la plus grande forteresse m\u00e9di\u00e9vale d&rsquo;Europe qui a \u00e9t\u00e9 continuellement habit\u00e9e, et ses origines remontent \u00e0 l&rsquo;\u00e9poque des Daciens.<\/span><\/p>\n<p><span style=\"font-weight: 400;\">Depuis 1999, la forteresse m\u00e9di\u00e9vale de Sighisoara est inscrite sur la liste du patrimoine mondial de l&rsquo;UNESCO et est consid\u00e9r\u00e9e comme un symbole de la culture mondiale de grande valeur.<\/span><\/p>\n<p><span style=\"font-weight: 400;\">La forteresse de Sighisoara, ou Schassburg &#8211; d&rsquo;apr\u00e8s son nom allemand, est entour\u00e9e d&rsquo;un mur fortifi\u00e9 qui comptait \u00e0 l&rsquo;origine 14 tours, correspondant \u00e0 toutes les guildes d&rsquo;artisans, et 5 bastions d\u00e9fensifs. Parmi elles, seules 9 tours et 2 bastions ont surv\u00e9cu au passage du temps et peuvent \u00eatre admir\u00e9es lors d&rsquo;une visite de la forteresse.<\/span><\/p>\n<p><span style=\"font-weight: 400;\">Une visite de la Citadelle n&rsquo;est pas compl\u00e8te sans une visite de l&rsquo;\u00c9cole sur la Colline, en montant les 175 marches en bois du Passage de l&rsquo;Escalier jusqu&rsquo;au superbe \u00e9difice \u00e0 la longue histoire <\/span><\/p>\n<h2><span style=\"font-weight: 400;\">Puzzle pour adultes de 1000 pi\u00e8ces &#8211; des heures de relaxation et de d\u00e9tente<\/span><\/h2>\n<p><span style=\"font-weight: 400;\">Choisis de d\u00e9couvrir la Roumanie d&rsquo;une nouvelle fa\u00e7on avec un puzzle et reconstruis, pi\u00e8ce par pi\u00e8ce, un plan de la magnifique forteresse m\u00e9di\u00e9vale de Sighisoara <\/span><\/p>\n<p><span style=\"font-weight: 400;\">D\u00e9couvre la Tour de l&rsquo;horloge et les b\u00e2timents historiques avec un puzzle de 1000 pi\u00e8ces \u00e0 assembler \u00e0 ton gr\u00e9. Offrez-vous quelques heures de paix et de d\u00e9tente bien m\u00e9rit\u00e9es, ce dont tout amateur de casse-t\u00eate a envie de temps en temps <\/span><\/p>\n<p><span style=\"font-weight: 400;\">De plus, assembler un puzzle avec des photos de la Roumanie est une activit\u00e9 tr\u00e8s agr\u00e9able, qui te permet de renouer avec tes origines, de d\u00e9couvrir des d\u00e9tails et des monuments impressionnants, tout en te d\u00e9tendant et en te d\u00e9connectant de l&rsquo;agitation de la vie quotidienne.<\/span><\/p><\/p>\n","protected":false},"excerpt":{"rendered":"<p>Sighisoara est, sans aucun doute, la ville la plus color\u00e9e de Roumanie. Une ville m\u00e9di\u00e9vale fascinante avec des rues pav\u00e9es<\/p>\n","protected":false},"featured_media":46834,"template":"","meta":[],"product_brand":[],"product_cat":[2314,2316,2315],"product_tag":[],"class_list":{"0":"post-54907","1":"product","2":"type-product","3":"status-publish","4":"has-post-thumbnail","6":"product_cat-puzzles-fr","7":"product_cat-puzzles-de-1000-pieces","8":"product_cat-puzzles-pour-adultes","9":"pa_bax-10-fr","10":"pa_brand-d_toys-fr","11":"pa_country_of_manufacture-ro-fr","12":"pa_filter_age-14-fr","13":"pa_painter-romania-fr","14":"pa_tip_ambalaj-boite","15":"pa_tip_puzzle-classique","17":"first","18":"instock","19":"taxable","20":"shipping-taxable","21":"product-type-simple"},"yoast_head":"<!-- This site is optimized with the Yoast SEO plugin v20.1 - https:\/\/yoast.com\/wordpress\/plugins\/seo\/ -->\n<title>Puzzle adulte de 1000 pi\u00e8ces - Photos de Roumanie - Sighisoara la nuit<\/title>\n<meta name=\"description\" content=\"Puzzle adulte de 1000 pi\u00e8ces - Photos de Roumanie - Sighisoara la nuit\" \/>\n<meta name=\"robots\" content=\"index, follow, max-snippet:-1, max-image-preview:large, max-video-preview:-1\" \/>\n<link rel=\"canonical\" href=\"https:\/\/business.roovi.com\/fr\/puzzle-adulte-de-1000-pieces-photos-de-roumanie-sighisoara-la-nuit\/p\/\" \/>\n<meta property=\"og:locale\" content=\"fr_FR\" \/>\n<meta property=\"og:type\" content=\"article\" \/>\n<meta property=\"og:title\" content=\"Puzzle adulte de 1000 pi\u00e8ces - Photos de Roumanie - Sighisoara la nuit\" \/>\n<meta property=\"og:description\" content=\"Puzzle adulte de 1000 pi\u00e8ces - Photos de Roumanie - Sighisoara la nuit\" \/>\n<meta property=\"og:url\" content=\"https:\/\/business.roovi.com\/fr\/puzzle-adulte-de-1000-pieces-photos-de-roumanie-sighisoara-la-nuit\/p\/\" \/>\n<meta property=\"og:site_name\" content=\"Roovi B2B\" \/>\n<meta property=\"article:publisher\" content=\"https:\/\/www.facebook.com\/wwwjucariero\" \/>\n<meta property=\"article:modified_time\" content=\"2022-07-13T11:05:32+00:00\" \/>\n<meta property=\"og:image\" content=\"https:\/\/business.roovi.com\/wp-content\/uploads\/2018\/04\/63038_10.jpg\" \/>\n\t<meta property=\"og:image:width\" content=\"1200\" \/>\n\t<meta property=\"og:image:height\" content=\"1200\" \/>\n\t<meta property=\"og:image:type\" content=\"image\/jpeg\" \/>\n<meta name=\"twitter:label1\" content=\"Dur\u00e9e de lecture estim\u00e9e\" \/>\n\t<meta name=\"twitter:data1\" content=\"4 minutes\" \/>\n<script type=\"application\/ld+json\" class=\"yoast-schema-graph\">{\"@context\":\"https:\/\/schema.org\",\"@graph\":[{\"@type\":\"WebPage\",\"@id\":\"https:\/\/business.roovi.com\/fr\/puzzle-adulte-de-1000-pieces-photos-de-roumanie-sighisoara-la-nuit\/p\/\",\"url\":\"https:\/\/business.roovi.com\/fr\/puzzle-adulte-de-1000-pieces-photos-de-roumanie-sighisoara-la-nuit\/p\/\",\"name\":\"Puzzle adulte de 1000 pi\u00e8ces - Photos de Roumanie - Sighisoara la nuit\",\"isPartOf\":{\"@id\":\"https:\/\/business.roovi.com\/fr\/#website\"},\"datePublished\":\"2018-04-16T10:56:16+00:00\",\"dateModified\":\"2022-07-13T11:05:32+00:00\",\"description\":\"Puzzle adulte de 1000 pi\u00e8ces - Photos de Roumanie - Sighisoara la nuit\",\"breadcrumb\":{\"@id\":\"https:\/\/business.roovi.com\/fr\/puzzle-adulte-de-1000-pieces-photos-de-roumanie-sighisoara-la-nuit\/p\/#breadcrumb\"},\"inLanguage\":\"fr-FR\",\"potentialAction\":[{\"@type\":\"ReadAction\",\"target\":[\"https:\/\/business.roovi.com\/fr\/puzzle-adulte-de-1000-pieces-photos-de-roumanie-sighisoara-la-nuit\/p\/\"]}]},{\"@type\":\"BreadcrumbList\",\"@id\":\"https:\/\/business.roovi.com\/fr\/puzzle-adulte-de-1000-pieces-photos-de-roumanie-sighisoara-la-nuit\/p\/#breadcrumb\",\"itemListElement\":[{\"@type\":\"ListItem\",\"position\":1,\"name\":\"Home\",\"item\":\"https:\/\/business.roovi.com\/fr\/\"},{\"@type\":\"ListItem\",\"position\":2,\"name\":\"Boutique\",\"item\":\"https:\/\/business.roovi.com\/fr\/boutique\/\"},{\"@type\":\"ListItem\",\"position\":3,\"name\":\"Puzzle adulte de 1000 pi\u00e8ces &#8211; Photos de Roumanie &#8211; Sighisoara la nuit\"}]},{\"@type\":\"WebSite\",\"@id\":\"https:\/\/business.roovi.com\/fr\/#website\",\"url\":\"https:\/\/business.roovi.com\/fr\/\",\"name\":\"Roovi B2B\",\"description\":\"Roovi Business Website\",\"potentialAction\":[{\"@type\":\"SearchAction\",\"target\":{\"@type\":\"EntryPoint\",\"urlTemplate\":\"https:\/\/business.roovi.com\/fr\/?s={search_term_string}\"},\"query-input\":\"required name=search_term_string\"}],\"inLanguage\":\"fr-FR\"}]}<\/script>\n<!-- \/ Yoast SEO plugin. -->","yoast_head_json":{"title":"Puzzle adulte de 1000 pi\u00e8ces - Photos de Roumanie - Sighisoara la nuit","description":"Puzzle adulte de 1000 pi\u00e8ces - Photos de Roumanie - Sighisoara la nuit","robots":{"index":"index","follow":"follow","max-snippet":"max-snippet:-1","max-image-preview":"max-image-preview:large","max-video-preview":"max-video-preview:-1"},"canonical":"https:\/\/business.roovi.com\/fr\/puzzle-adulte-de-1000-pieces-photos-de-roumanie-sighisoara-la-nuit\/p\/","og_locale":"fr_FR","og_type":"article","og_title":"Puzzle adulte de 1000 pi\u00e8ces - Photos de Roumanie - Sighisoara la nuit","og_description":"Puzzle adulte de 1000 pi\u00e8ces - Photos de Roumanie - Sighisoara la nuit","og_url":"https:\/\/business.roovi.com\/fr\/puzzle-adulte-de-1000-pieces-photos-de-roumanie-sighisoara-la-nuit\/p\/","og_site_name":"Roovi B2B","article_publisher":"https:\/\/www.facebook.com\/wwwjucariero","article_modified_time":"2022-07-13T11:05:32+00:00","og_image":[{"width":1200,"height":1200,"url":"https:\/\/business.roovi.com\/wp-content\/uploads\/2018\/04\/63038_10.jpg","type":"image\/jpeg"}],"twitter_misc":{"Dur\u00e9e de lecture estim\u00e9e":"4 minutes"},"schema":{"@context":"https:\/\/schema.org","@graph":[{"@type":"WebPage","@id":"https:\/\/business.roovi.com\/fr\/puzzle-adulte-de-1000-pieces-photos-de-roumanie-sighisoara-la-nuit\/p\/","url":"https:\/\/business.roovi.com\/fr\/puzzle-adulte-de-1000-pieces-photos-de-roumanie-sighisoara-la-nuit\/p\/","name":"Puzzle adulte de 1000 pi\u00e8ces - Photos de Roumanie - Sighisoara la nuit","isPartOf":{"@id":"https:\/\/business.roovi.com\/fr\/#website"},"datePublished":"2018-04-16T10:56:16+00:00","dateModified":"2022-07-13T11:05:32+00:00","description":"Puzzle adulte de 1000 pi\u00e8ces - Photos de Roumanie - Sighisoara la nuit","breadcrumb":{"@id":"https:\/\/business.roovi.com\/fr\/puzzle-adulte-de-1000-pieces-photos-de-roumanie-sighisoara-la-nuit\/p\/#breadcrumb"},"inLanguage":"fr-FR","potentialAction":[{"@type":"ReadAction","target":["https:\/\/business.roovi.com\/fr\/puzzle-adulte-de-1000-pieces-photos-de-roumanie-sighisoara-la-nuit\/p\/"]}]},{"@type":"BreadcrumbList","@id":"https:\/\/business.roovi.com\/fr\/puzzle-adulte-de-1000-pieces-photos-de-roumanie-sighisoara-la-nuit\/p\/#breadcrumb","itemListElement":[{"@type":"ListItem","position":1,"name":"Home","item":"https:\/\/business.roovi.com\/fr\/"},{"@type":"ListItem","position":2,"name":"Boutique","item":"https:\/\/business.roovi.com\/fr\/boutique\/"},{"@type":"ListItem","position":3,"name":"Puzzle adulte de 1000 pi\u00e8ces &#8211; Photos de Roumanie &#8211; Sighisoara la nuit"}]},{"@type":"WebSite","@id":"https:\/\/business.roovi.com\/fr\/#website","url":"https:\/\/business.roovi.com\/fr\/","name":"Roovi B2B","description":"Roovi Business Website","potentialAction":[{"@type":"SearchAction","target":{"@type":"EntryPoint","urlTemplate":"https:\/\/business.roovi.com\/fr\/?s={search_term_string}"},"query-input":"required name=search_term_string"}],"inLanguage":"fr-FR"}]}},"_links":{"self":[{"href":"https:\/\/business.roovi.com\/fr\/wp-json\/wp\/v2\/product\/54907","targetHints":{"allow":["GET"]}}],"collection":[{"href":"https:\/\/business.roovi.com\/fr\/wp-json\/wp\/v2\/product"}],"about":[{"href":"https:\/\/business.roovi.com\/fr\/wp-json\/wp\/v2\/types\/product"}],"version-history":[{"count":0,"href":"https:\/\/business.roovi.com\/fr\/wp-json\/wp\/v2\/product\/54907\/revisions"}],"wp:featuredmedia":[{"embeddable":true,"href":"https:\/\/business.roovi.com\/fr\/wp-json\/wp\/v2\/media\/46834"}],"wp:attachment":[{"href":"https:\/\/business.roovi.com\/fr\/wp-json\/wp\/v2\/media?parent=54907"}],"wp:term":[{"taxonomy":"product_brand","embeddable":true,"href":"https:\/\/business.roovi.com\/fr\/wp-json\/wp\/v2\/product_brand?post=54907"},{"taxonomy":"product_cat","embeddable":true,"href":"https:\/\/business.roovi.com\/fr\/wp-json\/wp\/v2\/product_cat?post=54907"},{"taxonomy":"product_tag","embeddable":true,"href":"https:\/\/business.roovi.com\/fr\/wp-json\/wp\/v2\/product_tag?post=54907"}],"curies":[{"name":"wp","href":"https:\/\/api.w.org\/{rel}","templated":true}]}}