{"id":54911,"date":"2018-04-16T10:56:16","date_gmt":"2018-04-16T10:56:16","guid":{"rendered":"https:\/\/business.roovi.com\/puzzle-adulti-1000-piese-peisaje-de-noapte-gent-belgia\/p\/"},"modified":"2022-07-13T11:05:42","modified_gmt":"2022-07-13T11:05:42","slug":"puzzle-adulte-1000-pieces-paysages-de-nuit-gand-belgique","status":"publish","type":"product","link":"https:\/\/business.roovi.com\/fr\/puzzle-adulte-1000-pieces-paysages-de-nuit-gand-belgique\/p\/","title":{"rendered":"Puzzle adulte 1000 pi\u00e8ces Paysages de nuit &#8211; Gand, Belgique"},"content":{"rendered":"<p><span style=\"font-weight: 400;\">Tu es passionn\u00e9 par les voyages et les jeux de r\u00e9flexion ? La collection de puzzles 1000 pi\u00e8ces Paysages de nuit combine ces deux passions et ram\u00e8ne \u00e0 la maison des images de sites c\u00e9l\u00e8bres du monde entier.<\/span><\/p>\n<p><span style=\"font-weight: 400;\">Le puzzle de 1000 pi\u00e8ces Gand, Belgique capture une vue du coucher de soleil de la ville \u00e9galement connue comme la Venise du Nord. Si le mauvais temps ou d&rsquo;autres raisons te retiennent \u00e0 l&rsquo;int\u00e9rieur et que tu ne peux pas te permettre une escapade dans la ville de Gand, cet impressionnant jeu de puzzle est une excellente alternative pour se d\u00e9lecter de la beaut\u00e9 d&rsquo;une ville europ\u00e9enne.<\/span><\/p>\n<p><span style=\"font-weight: 400;\">L&rsquo;une des plus anciennes villes de Belgique, Gand est la capitale de la Flandre orientale, une ville dont l&rsquo;architecture combine des \u00e9l\u00e9ments m\u00e9di\u00e9vaux et modernes. Gand respire l&rsquo;art, la culture et la sophistication, c&rsquo;est un endroit que tu n&rsquo;oublieras jamais une fois que tu l&rsquo;auras d\u00e9couvert.<\/span><\/p>\n<p><span style=\"font-weight: 400;\">Tu auras le m\u00eame sentiment une fois que tu auras assembl\u00e9 le puzzle de Gand de 1000 pi\u00e8ces. Une image relaxante qui t&#8217;emm\u00e8ne faire une promenade tranquille sur les rives de la Lys, en admirant les bateaux qui flottent sur les vagues et les lumi\u00e8res qui se refl\u00e8tent dans l&rsquo;eau. Laisse libre cours \u00e0 ton imagination et construis un tableau fascinant qui donnera \u00e0 ta maison une touche raffin\u00e9e.<\/span><\/p>\n<p><strong>Pourquoi choisir le puzzle 1000 pi\u00e8ces<\/strong> <strong>Paysages de nuit &#8211; Gent ?<\/strong><\/p>\n<p><span style=\"font-weight: 400;\">Tu obtiens un tableau de 47 x 68 cm qui peut \u00eatre un superbe objet de d\u00e9coration.<\/span><\/p>\n<p><span style=\"font-weight: 400;\">C&rsquo;est un puzzle en carton bleu de haute qualit\u00e9, tr\u00e8s r\u00e9sistant \u00e0 de multiples utilisations.<\/span><\/p>\n<p><span style=\"font-weight: 400;\">Les mat\u00e9riaux utilis\u00e9s sont recyclables et durables.<\/span><\/p>\n<p><span style=\"font-weight: 400;\">Elle a une finition semi-brillante dans des couleurs agr\u00e9ables qui mettent en valeur la clart\u00e9 de l&rsquo;image.<\/span><\/p>\n<p><span style=\"font-weight: 400;\">Il convient aux personnes de plus de 14 ans et a un niveau de difficult\u00e9 moyen.<\/span><\/p>\n<p><span style=\"font-weight: 400;\">Un jeu de puzzle de la collection Nightscapes est un moyen relaxant de d\u00e9couvrir des lieux c\u00e9l\u00e8bres du monde, remplis de symboles et de l\u00e9gendes uniques.<\/span><\/p>\n<p><span style=\"font-weight: 400;\">C&rsquo;est un bon moyen d&rsquo;entra\u00eener ta m\u00e9moire et ton imagination.<\/span><\/p>\n<p><span style=\"font-weight: 400;\">Il cultive ton attention et ta patience.<\/span><\/p>\n<p><strong>Tu savais que&#8230; ?<\/strong><\/p>\n<p><span style=\"font-weight: 400;\">Le nom de la ville, <\/span><em><span style=\"font-weight: 400;\">Gent <\/span><\/em><span style=\"font-weight: 400;\">vient du terme celtique <\/span><em><span style=\"font-weight: 400;\">Ganda <\/span><\/em><span style=\"font-weight: 400;\">ce qui signifie <\/span><em><span style=\"font-weight: 400;\"><\/span><\/em><span style=\"font-weight: 400;\">La ville \u00e9tait \u00e0 l&rsquo;origine une colonie situ\u00e9e au confluent de l&rsquo;Escaut et de la Lys.<\/span><\/p>\n<p><span style=\"font-weight: 400;\">En 1300, Gand \u00e9tait l&rsquo;une des villes les plus grandes et les plus riches d&rsquo;Europe du Nord, avec environ 60 000 habitants.<\/span><\/p>\n<p><span style=\"font-weight: 400;\">En 1949, l&rsquo;impressionnant ch\u00e2teau m\u00e9di\u00e9val de Gravensteen, au c\u0153ur de la ville, a \u00e9t\u00e9 assi\u00e9g\u00e9 par un groupe d&rsquo;\u00e9tudiants qui se sont rebell\u00e9s contre la hausse du prix de la bi\u00e8re.<\/span><\/p>\n<p><span style=\"font-weight: 400;\">\u00c0 une \u00e9poque, Gand et Bruges \u00e9taient rivales. Il a fallu plus de 350 ans pour construire le canal de 40 km qui les relie.<\/span><\/p>\n<p><strong>Puzzle 1000 pi\u00e8ces Gent &#8211; un s\u00e9jour imaginaire dans une ville europ\u00e9enne<\/strong><\/p>\n<p><span style=\"font-weight: 400;\">Explore la beaut\u00e9 de la petite ville europ\u00e9enne \u00e0 travers un puzzle exceptionnel de 1000 pi\u00e8ces. Imagine-toi sur l&rsquo;une des terrasses le long de la Lys et admire la vue de r\u00eave qui se d\u00e9roule devant toi <\/span><\/p>\n<p><span style=\"font-weight: 400;\">\u00c0 quelques pas de l\u00e0 se trouve le ch\u00e2teau de Gravensteen, que tu viens de visiter et dont l&rsquo;image est encore dans ta t\u00eate. Tu le mets pi\u00e8ce par pi\u00e8ce et le vis avec joie. Et lorsque la peinture est termin\u00e9e, tu admires la sc\u00e8ne que tu viens de vivre mentalement <\/span><\/p>\n<p><span style=\"font-weight: 400;\">Assemble le tableau toi-m\u00eame, aux moments o\u00f9 tu veux te d\u00e9connecter du quotidien, ou avec tes proches les jours o\u00f9 le mauvais temps te retient \u00e0 l&rsquo;int\u00e9rieur. Ou bien ach\u00e8te le jeu de puzzles et offre-le en cadeau \u00e0 une amie qui aime les puzzles de 1000 pi\u00e8ces. Quelle que soit la version que tu choisis, le puzzle Gent de 1000 pi\u00e8ces te mettra de nombreux sourires de joie sur le visage.<\/span><\/p><\/p>\n","protected":false},"excerpt":{"rendered":"<p>Tu es passionn\u00e9 par les voyages et les jeux de r\u00e9flexion ? La collection de puzzles 1000 pi\u00e8ces Paysages de<\/p>\n","protected":false},"featured_media":46838,"template":"","meta":[],"product_brand":[],"product_cat":[2314,2316,2315],"product_tag":[],"class_list":{"0":"post-54911","1":"product","2":"type-product","3":"status-publish","4":"has-post-thumbnail","6":"product_cat-puzzles-fr","7":"product_cat-puzzles-de-1000-pieces","8":"product_cat-puzzles-pour-adultes","9":"pa_bax-10-fr","10":"pa_brand-d_toys-fr","11":"pa_country_of_manufacture-ro-fr","12":"pa_filter_age-14-fr","13":"pa_painter-nightlandscapes-fr","14":"pa_tip_ambalaj-boite","15":"pa_tip_puzzle-classique","17":"first","18":"instock","19":"taxable","20":"shipping-taxable","21":"product-type-simple"},"yoast_head":"<!-- This site is optimized with the Yoast SEO plugin v20.1 - https:\/\/yoast.com\/wordpress\/plugins\/seo\/ -->\n<title>Puzzle adulte 1000 pi\u00e8ces Paysages de nuit - Gand, Belgique<\/title>\n<meta name=\"description\" content=\"Puzzle adulte 1000 pi\u00e8ces Paysages de nuit - Gand, Belgique\" \/>\n<meta name=\"robots\" content=\"index, follow, max-snippet:-1, max-image-preview:large, max-video-preview:-1\" \/>\n<link rel=\"canonical\" href=\"https:\/\/business.roovi.com\/fr\/puzzle-adulte-1000-pieces-paysages-de-nuit-gand-belgique\/p\/\" \/>\n<meta property=\"og:locale\" content=\"fr_FR\" \/>\n<meta property=\"og:type\" content=\"article\" \/>\n<meta property=\"og:title\" content=\"Puzzle adulte 1000 pi\u00e8ces Paysages de nuit - Gand, Belgique\" \/>\n<meta property=\"og:description\" content=\"Puzzle adulte 1000 pi\u00e8ces Paysages de nuit - Gand, Belgique\" \/>\n<meta property=\"og:url\" content=\"https:\/\/business.roovi.com\/fr\/puzzle-adulte-1000-pieces-paysages-de-nuit-gand-belgique\/p\/\" \/>\n<meta property=\"og:site_name\" content=\"Roovi B2B\" \/>\n<meta property=\"article:publisher\" content=\"https:\/\/www.facebook.com\/wwwjucariero\" \/>\n<meta property=\"article:modified_time\" content=\"2022-07-13T11:05:42+00:00\" \/>\n<meta property=\"og:image\" content=\"https:\/\/business.roovi.com\/wp-content\/uploads\/2018\/04\/64301-03-ansamblu_dimensiuni-cutie-cm_orizontal.png\" \/>\n\t<meta property=\"og:image:width\" content=\"940\" \/>\n\t<meta property=\"og:image:height\" content=\"940\" \/>\n\t<meta property=\"og:image:type\" content=\"image\/png\" \/>\n<meta name=\"twitter:label1\" content=\"Dur\u00e9e de lecture estim\u00e9e\" \/>\n\t<meta name=\"twitter:data1\" content=\"3 minutes\" \/>\n<script type=\"application\/ld+json\" class=\"yoast-schema-graph\">{\"@context\":\"https:\/\/schema.org\",\"@graph\":[{\"@type\":\"WebPage\",\"@id\":\"https:\/\/business.roovi.com\/fr\/puzzle-adulte-1000-pieces-paysages-de-nuit-gand-belgique\/p\/\",\"url\":\"https:\/\/business.roovi.com\/fr\/puzzle-adulte-1000-pieces-paysages-de-nuit-gand-belgique\/p\/\",\"name\":\"Puzzle adulte 1000 pi\u00e8ces Paysages de nuit - Gand, Belgique\",\"isPartOf\":{\"@id\":\"https:\/\/business.roovi.com\/fr\/#website\"},\"datePublished\":\"2018-04-16T10:56:16+00:00\",\"dateModified\":\"2022-07-13T11:05:42+00:00\",\"description\":\"Puzzle adulte 1000 pi\u00e8ces Paysages de nuit - Gand, Belgique\",\"breadcrumb\":{\"@id\":\"https:\/\/business.roovi.com\/fr\/puzzle-adulte-1000-pieces-paysages-de-nuit-gand-belgique\/p\/#breadcrumb\"},\"inLanguage\":\"fr-FR\",\"potentialAction\":[{\"@type\":\"ReadAction\",\"target\":[\"https:\/\/business.roovi.com\/fr\/puzzle-adulte-1000-pieces-paysages-de-nuit-gand-belgique\/p\/\"]}]},{\"@type\":\"BreadcrumbList\",\"@id\":\"https:\/\/business.roovi.com\/fr\/puzzle-adulte-1000-pieces-paysages-de-nuit-gand-belgique\/p\/#breadcrumb\",\"itemListElement\":[{\"@type\":\"ListItem\",\"position\":1,\"name\":\"Home\",\"item\":\"https:\/\/business.roovi.com\/fr\/\"},{\"@type\":\"ListItem\",\"position\":2,\"name\":\"Boutique\",\"item\":\"https:\/\/business.roovi.com\/fr\/boutique\/\"},{\"@type\":\"ListItem\",\"position\":3,\"name\":\"Puzzle adulte 1000 pi\u00e8ces Paysages de nuit &#8211; Gand, Belgique\"}]},{\"@type\":\"WebSite\",\"@id\":\"https:\/\/business.roovi.com\/fr\/#website\",\"url\":\"https:\/\/business.roovi.com\/fr\/\",\"name\":\"Roovi B2B\",\"description\":\"Roovi Business Website\",\"potentialAction\":[{\"@type\":\"SearchAction\",\"target\":{\"@type\":\"EntryPoint\",\"urlTemplate\":\"https:\/\/business.roovi.com\/fr\/?s={search_term_string}\"},\"query-input\":\"required name=search_term_string\"}],\"inLanguage\":\"fr-FR\"}]}<\/script>\n<!-- \/ Yoast SEO plugin. -->","yoast_head_json":{"title":"Puzzle adulte 1000 pi\u00e8ces Paysages de nuit - Gand, Belgique","description":"Puzzle adulte 1000 pi\u00e8ces Paysages de nuit - Gand, Belgique","robots":{"index":"index","follow":"follow","max-snippet":"max-snippet:-1","max-image-preview":"max-image-preview:large","max-video-preview":"max-video-preview:-1"},"canonical":"https:\/\/business.roovi.com\/fr\/puzzle-adulte-1000-pieces-paysages-de-nuit-gand-belgique\/p\/","og_locale":"fr_FR","og_type":"article","og_title":"Puzzle adulte 1000 pi\u00e8ces Paysages de nuit - Gand, Belgique","og_description":"Puzzle adulte 1000 pi\u00e8ces Paysages de nuit - Gand, Belgique","og_url":"https:\/\/business.roovi.com\/fr\/puzzle-adulte-1000-pieces-paysages-de-nuit-gand-belgique\/p\/","og_site_name":"Roovi B2B","article_publisher":"https:\/\/www.facebook.com\/wwwjucariero","article_modified_time":"2022-07-13T11:05:42+00:00","og_image":[{"width":940,"height":940,"url":"https:\/\/business.roovi.com\/wp-content\/uploads\/2018\/04\/64301-03-ansamblu_dimensiuni-cutie-cm_orizontal.png","type":"image\/png"}],"twitter_misc":{"Dur\u00e9e de lecture estim\u00e9e":"3 minutes"},"schema":{"@context":"https:\/\/schema.org","@graph":[{"@type":"WebPage","@id":"https:\/\/business.roovi.com\/fr\/puzzle-adulte-1000-pieces-paysages-de-nuit-gand-belgique\/p\/","url":"https:\/\/business.roovi.com\/fr\/puzzle-adulte-1000-pieces-paysages-de-nuit-gand-belgique\/p\/","name":"Puzzle adulte 1000 pi\u00e8ces Paysages de nuit - Gand, Belgique","isPartOf":{"@id":"https:\/\/business.roovi.com\/fr\/#website"},"datePublished":"2018-04-16T10:56:16+00:00","dateModified":"2022-07-13T11:05:42+00:00","description":"Puzzle adulte 1000 pi\u00e8ces Paysages de nuit - Gand, Belgique","breadcrumb":{"@id":"https:\/\/business.roovi.com\/fr\/puzzle-adulte-1000-pieces-paysages-de-nuit-gand-belgique\/p\/#breadcrumb"},"inLanguage":"fr-FR","potentialAction":[{"@type":"ReadAction","target":["https:\/\/business.roovi.com\/fr\/puzzle-adulte-1000-pieces-paysages-de-nuit-gand-belgique\/p\/"]}]},{"@type":"BreadcrumbList","@id":"https:\/\/business.roovi.com\/fr\/puzzle-adulte-1000-pieces-paysages-de-nuit-gand-belgique\/p\/#breadcrumb","itemListElement":[{"@type":"ListItem","position":1,"name":"Home","item":"https:\/\/business.roovi.com\/fr\/"},{"@type":"ListItem","position":2,"name":"Boutique","item":"https:\/\/business.roovi.com\/fr\/boutique\/"},{"@type":"ListItem","position":3,"name":"Puzzle adulte 1000 pi\u00e8ces Paysages de nuit &#8211; Gand, Belgique"}]},{"@type":"WebSite","@id":"https:\/\/business.roovi.com\/fr\/#website","url":"https:\/\/business.roovi.com\/fr\/","name":"Roovi B2B","description":"Roovi Business Website","potentialAction":[{"@type":"SearchAction","target":{"@type":"EntryPoint","urlTemplate":"https:\/\/business.roovi.com\/fr\/?s={search_term_string}"},"query-input":"required name=search_term_string"}],"inLanguage":"fr-FR"}]}},"_links":{"self":[{"href":"https:\/\/business.roovi.com\/fr\/wp-json\/wp\/v2\/product\/54911","targetHints":{"allow":["GET"]}}],"collection":[{"href":"https:\/\/business.roovi.com\/fr\/wp-json\/wp\/v2\/product"}],"about":[{"href":"https:\/\/business.roovi.com\/fr\/wp-json\/wp\/v2\/types\/product"}],"version-history":[{"count":0,"href":"https:\/\/business.roovi.com\/fr\/wp-json\/wp\/v2\/product\/54911\/revisions"}],"wp:featuredmedia":[{"embeddable":true,"href":"https:\/\/business.roovi.com\/fr\/wp-json\/wp\/v2\/media\/46838"}],"wp:attachment":[{"href":"https:\/\/business.roovi.com\/fr\/wp-json\/wp\/v2\/media?parent=54911"}],"wp:term":[{"taxonomy":"product_brand","embeddable":true,"href":"https:\/\/business.roovi.com\/fr\/wp-json\/wp\/v2\/product_brand?post=54911"},{"taxonomy":"product_cat","embeddable":true,"href":"https:\/\/business.roovi.com\/fr\/wp-json\/wp\/v2\/product_cat?post=54911"},{"taxonomy":"product_tag","embeddable":true,"href":"https:\/\/business.roovi.com\/fr\/wp-json\/wp\/v2\/product_tag?post=54911"}],"curies":[{"name":"wp","href":"https:\/\/api.w.org\/{rel}","templated":true}]}}