{"id":54913,"date":"2018-04-16T10:56:16","date_gmt":"2018-04-16T10:56:16","guid":{"rendered":"https:\/\/business.roovi.com\/puzzle-adulti-1000-piese-peisaje-de-noapte-venetia\/p\/"},"modified":"2022-07-13T11:05:47","modified_gmt":"2022-07-13T11:05:47","slug":"puzzle-adulte-1000-pieces-paysages-de-nuit-venise","status":"publish","type":"product","link":"https:\/\/business.roovi.com\/fr\/puzzle-adulte-1000-pieces-paysages-de-nuit-venise\/p\/","title":{"rendered":"Puzzle Adulte 1000 pi\u00e8ces Paysages de Nuit &#8211; Venise"},"content":{"rendered":"<p><span style=\"font-weight: 400;\">Le puzzle de Venise de 1000 pi\u00e8ces active tes capacit\u00e9s c\u00e9r\u00e9brales et te permet de faire un voyage fascinant dans la ville la plus romantique d&rsquo;Europe.<\/span><\/p>\n<p><span style=\"font-weight: 400;\">Vieille d&rsquo;environ 1 500 ans, Venise est une ville impr\u00e9gn\u00e9e d&rsquo;histoire et de symbolisme. Pendant plus de 800 ans, la R\u00e9publique de Venise a \u00e9t\u00e9 la plus grande puissance navale d&rsquo;Europe. Il y a environ 450 <\/span><em><span style=\"font-weight: 400;\">palazzi<\/span><\/em><span style=\"font-weight: 400;\">construit dans diff\u00e9rents styles architecturaux : baroque, gothique et byzantin.<\/span><\/p>\n<p><span style=\"font-weight: 400;\">Ville form\u00e9e sur un archipel de 122 \u00eeles, elle a battu la nature en prouvant que des b\u00e2timents impressionnants peuvent \u00eatre construits dans un endroit qui n&rsquo;est pas habitable. Une puissance \u00e9conomique, politique et culturelle impressionnante qui fascine encore et attire des visiteurs du monde entier.<\/span><\/p>\n<p><span style=\"font-weight: 400;\">Le puzzle de Venise de 1000 pi\u00e8ces t&#8217;emm\u00e8ne dans un voyage nocturne \u00e0 travers cette ville fascinante. Tu peux te visualiser dans ton esprit lors d&rsquo;une promenade en gondole le long des canaux, en admirant les b\u00e2timents impressionnants ou \u00e0 une terrasse chic en train de siroter le cappuccino le plus aromatique. L&rsquo;image du puzzle de 1000 pi\u00e8ces r\u00e9veille des souvenirs ou des souhaits, et l&rsquo;image finale ravit tes yeux et ajoute du charme \u00e0 tout endroit o\u00f9 tu l&rsquo;exposes.<\/span><\/p>\n<p><strong>Pourquoi choisir le puzzle 1000 pi\u00e8ces Nightscapes &#8211; Venise <\/strong><\/p>\n<p><span style=\"font-weight: 400;\">Tu vas profiter d&rsquo;une peinture de 47 x 68 cm.<\/span><\/p>\n<p><span style=\"font-weight: 400;\">Tu peux exposer ton tableau et faire ressortir l&rsquo;anonymat d&rsquo;un endroit terne de ta maison.<\/span><\/p>\n<p><span style=\"font-weight: 400;\">Les 1000 pi\u00e8ces du puzzle sont fabriqu\u00e9es en carton bleu de haute qualit\u00e9 qui s&rsquo;harmonise parfaitement m\u00eame lorsqu&rsquo;il est utilis\u00e9 \u00e0 plusieurs fins.<\/span><\/p>\n<p><span style=\"font-weight: 400;\">Les mat\u00e9riaux utilis\u00e9s sont recyclables et durables.<\/span><\/p>\n<p><span style=\"font-weight: 400;\">Il a une finition semi-brillante dans des couleurs agr\u00e9ables qui font ressortir la clart\u00e9 de l&rsquo;image.<\/span><\/p>\n<p><span style=\"font-weight: 400;\">Il convient aux personnes de plus de 14 ans &#8211; id\u00e9al pour passer du temps avec tes enfants adolescents.<\/span><\/p>\n<p><span style=\"font-weight: 400;\">Un jeu de puzzle de la collection Nightscapes est un moyen relaxant de d\u00e9couvrir des lieux c\u00e9l\u00e8bres du monde entier, remplis de symboles et de l\u00e9gendes uniques.<\/span><\/p>\n<p><span style=\"font-weight: 400;\">C&rsquo;est un bon moyen d&rsquo;entra\u00eener ta m\u00e9moire et ton imagination.<\/span><\/p>\n<p><span style=\"font-weight: 400;\">Cela te d\u00e9tend et t&rsquo;aide \u00e0 appr\u00e9cier les petites choses de la vie.<\/span><\/p>\n<p><strong>Tu savais que&#8230; ?<\/strong><\/p>\n<p><span style=\"font-weight: 400;\">La gondole, symbole de Venise, est faite de 8 types de bois et p\u00e8se 600 kg.<\/span><\/p>\n<p><span style=\"font-weight: 400;\">Toutes les gondoles sont noires. Cela a \u00e9t\u00e9 \u00e9tabli par la loi.<\/span><\/p>\n<p><span style=\"font-weight: 400;\">La premi\u00e8re femme gondoli\u00e8re n&rsquo;a obtenu son permis qu&rsquo;en 2010 <\/span><\/p>\n<p><span style=\"font-weight: 400;\">Pas moins de 400 ponts traversent les canaux de la ville sur l&rsquo;eau.<\/span><\/p>\n<p><span style=\"font-weight: 400;\">Il y a 124 \u00e9glises \u00e0 Venise.<\/span><\/p>\n<p><span style=\"font-weight: 400;\">La premi\u00e8re mention du carnaval de Venise remonte \u00e0 1162.<\/span><\/p>\n<p><span style=\"font-weight: 400;\">Le savoureux tiramisu est une sp\u00e9cialit\u00e9 v\u00e9nitienne.<\/span><\/p>\n<p><strong>Puzzle Venise 1000 pi\u00e8ces &#8211; d\u00e9connecte-toi du rythme rapide de la vie<\/strong><\/p>\n<p><span style=\"font-weight: 400;\">D\u00e9couvrir une ville embl\u00e9matique du monde \u00e0 travers un jeu de puzzle peut \u00eatre un exercice d&rsquo;imagination tr\u00e8s divertissant et passionnant. Imagine que tu as atterri dans la ville des eaux et que, o\u00f9 que tu veuilles aller, tu y arrives&#8230; en flottant, en gondole <\/span><\/p>\n<p><span style=\"font-weight: 400;\">L&rsquo;image de l&rsquo;eau au cr\u00e9puscule et des gondoles qui flottent lentement sur les canaux est extr\u00eamement apaisante et te d\u00e9connecte de tous tes soucis quotidiens. Fais une pause dans le rythme rapide de la vie et recharge tes batteries avec un jeu de puzzle \u00e0 l&rsquo;image claire et pleine d&rsquo;ondes positives.<\/span><\/p>\n<p><span style=\"font-weight: 400;\">Avec le puzzle de Venise de 1000 pi\u00e8ces, tu ch\u00e9ris chaque moment libre. Que tu choisisses de recr\u00e9er l&rsquo;image seule dans l&rsquo;intimit\u00e9 ou que tu pr\u00e9f\u00e8res la compagnie d&rsquo;amis pour socialiser et cr\u00e9er une image unique, le puzzle de 1000 pi\u00e8ces Paysages de nuit &#8211; Venise est l&rsquo;option parfaite.<\/span><\/p><\/p>\n","protected":false},"excerpt":{"rendered":"<p>Le puzzle de Venise de 1000 pi\u00e8ces active tes capacit\u00e9s c\u00e9r\u00e9brales et te permet de faire un voyage fascinant dans<\/p>\n","protected":false},"featured_media":46845,"template":"","meta":[],"product_brand":[],"product_cat":[2314,2316,2315],"product_tag":[],"class_list":{"0":"post-54913","1":"product","2":"type-product","3":"status-publish","4":"has-post-thumbnail","6":"product_cat-puzzles-fr","7":"product_cat-puzzles-de-1000-pieces","8":"product_cat-puzzles-pour-adultes","9":"pa_bax-10-fr","10":"pa_brand-d_toys-fr","11":"pa_country_of_manufacture-ro-fr","12":"pa_filter_age-14-fr","13":"pa_painter-nightlandscapes-fr","14":"pa_tip_ambalaj-boite","15":"pa_tip_puzzle-classique","17":"first","18":"instock","19":"taxable","20":"shipping-taxable","21":"product-type-simple"},"yoast_head":"<!-- This site is optimized with the Yoast SEO plugin v20.1 - https:\/\/yoast.com\/wordpress\/plugins\/seo\/ -->\n<title>Puzzle Adulte 1000 pi\u00e8ces Paysages de Nuit - Venise<\/title>\n<meta name=\"description\" content=\"Puzzle Adulte 1000 pi\u00e8ces Paysages de Nuit - Venise\" \/>\n<meta name=\"robots\" content=\"index, follow, max-snippet:-1, max-image-preview:large, max-video-preview:-1\" \/>\n<link rel=\"canonical\" href=\"https:\/\/business.roovi.com\/fr\/puzzle-adulte-1000-pieces-paysages-de-nuit-venise\/p\/\" \/>\n<meta property=\"og:locale\" content=\"fr_FR\" \/>\n<meta property=\"og:type\" content=\"article\" \/>\n<meta property=\"og:title\" content=\"Puzzle Adulte 1000 pi\u00e8ces Paysages de Nuit - Venise\" \/>\n<meta property=\"og:description\" content=\"Puzzle Adulte 1000 pi\u00e8ces Paysages de Nuit - Venise\" \/>\n<meta property=\"og:url\" content=\"https:\/\/business.roovi.com\/fr\/puzzle-adulte-1000-pieces-paysages-de-nuit-venise\/p\/\" \/>\n<meta property=\"og:site_name\" content=\"Roovi B2B\" \/>\n<meta property=\"article:publisher\" content=\"https:\/\/www.facebook.com\/wwwjucariero\" \/>\n<meta property=\"article:modified_time\" content=\"2022-07-13T11:05:47+00:00\" \/>\n<meta property=\"og:image\" content=\"https:\/\/business.roovi.com\/wp-content\/uploads\/2018\/04\/64301-04-ansamblu_dimensiuni-cutie-cm_orizontal.png\" \/>\n\t<meta property=\"og:image:width\" content=\"900\" \/>\n\t<meta property=\"og:image:height\" content=\"900\" \/>\n\t<meta property=\"og:image:type\" content=\"image\/png\" \/>\n<meta name=\"twitter:label1\" content=\"Dur\u00e9e de lecture estim\u00e9e\" \/>\n\t<meta name=\"twitter:data1\" content=\"3 minutes\" \/>\n<script type=\"application\/ld+json\" class=\"yoast-schema-graph\">{\"@context\":\"https:\/\/schema.org\",\"@graph\":[{\"@type\":\"WebPage\",\"@id\":\"https:\/\/business.roovi.com\/fr\/puzzle-adulte-1000-pieces-paysages-de-nuit-venise\/p\/\",\"url\":\"https:\/\/business.roovi.com\/fr\/puzzle-adulte-1000-pieces-paysages-de-nuit-venise\/p\/\",\"name\":\"Puzzle Adulte 1000 pi\u00e8ces Paysages de Nuit - Venise\",\"isPartOf\":{\"@id\":\"https:\/\/business.roovi.com\/fr\/#website\"},\"datePublished\":\"2018-04-16T10:56:16+00:00\",\"dateModified\":\"2022-07-13T11:05:47+00:00\",\"description\":\"Puzzle Adulte 1000 pi\u00e8ces Paysages de Nuit - Venise\",\"breadcrumb\":{\"@id\":\"https:\/\/business.roovi.com\/fr\/puzzle-adulte-1000-pieces-paysages-de-nuit-venise\/p\/#breadcrumb\"},\"inLanguage\":\"fr-FR\",\"potentialAction\":[{\"@type\":\"ReadAction\",\"target\":[\"https:\/\/business.roovi.com\/fr\/puzzle-adulte-1000-pieces-paysages-de-nuit-venise\/p\/\"]}]},{\"@type\":\"BreadcrumbList\",\"@id\":\"https:\/\/business.roovi.com\/fr\/puzzle-adulte-1000-pieces-paysages-de-nuit-venise\/p\/#breadcrumb\",\"itemListElement\":[{\"@type\":\"ListItem\",\"position\":1,\"name\":\"Home\",\"item\":\"https:\/\/business.roovi.com\/fr\/\"},{\"@type\":\"ListItem\",\"position\":2,\"name\":\"Boutique\",\"item\":\"https:\/\/business.roovi.com\/fr\/boutique\/\"},{\"@type\":\"ListItem\",\"position\":3,\"name\":\"Puzzle Adulte 1000 pi\u00e8ces Paysages de Nuit &#8211; Venise\"}]},{\"@type\":\"WebSite\",\"@id\":\"https:\/\/business.roovi.com\/fr\/#website\",\"url\":\"https:\/\/business.roovi.com\/fr\/\",\"name\":\"Roovi B2B\",\"description\":\"Roovi Business Website\",\"potentialAction\":[{\"@type\":\"SearchAction\",\"target\":{\"@type\":\"EntryPoint\",\"urlTemplate\":\"https:\/\/business.roovi.com\/fr\/?s={search_term_string}\"},\"query-input\":\"required name=search_term_string\"}],\"inLanguage\":\"fr-FR\"}]}<\/script>\n<!-- \/ Yoast SEO plugin. -->","yoast_head_json":{"title":"Puzzle Adulte 1000 pi\u00e8ces Paysages de Nuit - Venise","description":"Puzzle Adulte 1000 pi\u00e8ces Paysages de Nuit - Venise","robots":{"index":"index","follow":"follow","max-snippet":"max-snippet:-1","max-image-preview":"max-image-preview:large","max-video-preview":"max-video-preview:-1"},"canonical":"https:\/\/business.roovi.com\/fr\/puzzle-adulte-1000-pieces-paysages-de-nuit-venise\/p\/","og_locale":"fr_FR","og_type":"article","og_title":"Puzzle Adulte 1000 pi\u00e8ces Paysages de Nuit - Venise","og_description":"Puzzle Adulte 1000 pi\u00e8ces Paysages de Nuit - Venise","og_url":"https:\/\/business.roovi.com\/fr\/puzzle-adulte-1000-pieces-paysages-de-nuit-venise\/p\/","og_site_name":"Roovi B2B","article_publisher":"https:\/\/www.facebook.com\/wwwjucariero","article_modified_time":"2022-07-13T11:05:47+00:00","og_image":[{"width":900,"height":900,"url":"https:\/\/business.roovi.com\/wp-content\/uploads\/2018\/04\/64301-04-ansamblu_dimensiuni-cutie-cm_orizontal.png","type":"image\/png"}],"twitter_misc":{"Dur\u00e9e de lecture estim\u00e9e":"3 minutes"},"schema":{"@context":"https:\/\/schema.org","@graph":[{"@type":"WebPage","@id":"https:\/\/business.roovi.com\/fr\/puzzle-adulte-1000-pieces-paysages-de-nuit-venise\/p\/","url":"https:\/\/business.roovi.com\/fr\/puzzle-adulte-1000-pieces-paysages-de-nuit-venise\/p\/","name":"Puzzle Adulte 1000 pi\u00e8ces Paysages de Nuit - Venise","isPartOf":{"@id":"https:\/\/business.roovi.com\/fr\/#website"},"datePublished":"2018-04-16T10:56:16+00:00","dateModified":"2022-07-13T11:05:47+00:00","description":"Puzzle Adulte 1000 pi\u00e8ces Paysages de Nuit - Venise","breadcrumb":{"@id":"https:\/\/business.roovi.com\/fr\/puzzle-adulte-1000-pieces-paysages-de-nuit-venise\/p\/#breadcrumb"},"inLanguage":"fr-FR","potentialAction":[{"@type":"ReadAction","target":["https:\/\/business.roovi.com\/fr\/puzzle-adulte-1000-pieces-paysages-de-nuit-venise\/p\/"]}]},{"@type":"BreadcrumbList","@id":"https:\/\/business.roovi.com\/fr\/puzzle-adulte-1000-pieces-paysages-de-nuit-venise\/p\/#breadcrumb","itemListElement":[{"@type":"ListItem","position":1,"name":"Home","item":"https:\/\/business.roovi.com\/fr\/"},{"@type":"ListItem","position":2,"name":"Boutique","item":"https:\/\/business.roovi.com\/fr\/boutique\/"},{"@type":"ListItem","position":3,"name":"Puzzle Adulte 1000 pi\u00e8ces Paysages de Nuit &#8211; Venise"}]},{"@type":"WebSite","@id":"https:\/\/business.roovi.com\/fr\/#website","url":"https:\/\/business.roovi.com\/fr\/","name":"Roovi B2B","description":"Roovi Business Website","potentialAction":[{"@type":"SearchAction","target":{"@type":"EntryPoint","urlTemplate":"https:\/\/business.roovi.com\/fr\/?s={search_term_string}"},"query-input":"required name=search_term_string"}],"inLanguage":"fr-FR"}]}},"_links":{"self":[{"href":"https:\/\/business.roovi.com\/fr\/wp-json\/wp\/v2\/product\/54913","targetHints":{"allow":["GET"]}}],"collection":[{"href":"https:\/\/business.roovi.com\/fr\/wp-json\/wp\/v2\/product"}],"about":[{"href":"https:\/\/business.roovi.com\/fr\/wp-json\/wp\/v2\/types\/product"}],"version-history":[{"count":0,"href":"https:\/\/business.roovi.com\/fr\/wp-json\/wp\/v2\/product\/54913\/revisions"}],"wp:featuredmedia":[{"embeddable":true,"href":"https:\/\/business.roovi.com\/fr\/wp-json\/wp\/v2\/media\/46845"}],"wp:attachment":[{"href":"https:\/\/business.roovi.com\/fr\/wp-json\/wp\/v2\/media?parent=54913"}],"wp:term":[{"taxonomy":"product_brand","embeddable":true,"href":"https:\/\/business.roovi.com\/fr\/wp-json\/wp\/v2\/product_brand?post=54913"},{"taxonomy":"product_cat","embeddable":true,"href":"https:\/\/business.roovi.com\/fr\/wp-json\/wp\/v2\/product_cat?post=54913"},{"taxonomy":"product_tag","embeddable":true,"href":"https:\/\/business.roovi.com\/fr\/wp-json\/wp\/v2\/product_tag?post=54913"}],"curies":[{"name":"wp","href":"https:\/\/api.w.org\/{rel}","templated":true}]}}