{"id":55019,"date":"2018-04-16T10:56:09","date_gmt":"2018-04-16T10:56:09","guid":{"rendered":"https:\/\/business.roovi.com\/joc-copacul-fermecat\/p\/"},"modified":"2022-07-13T11:09:04","modified_gmt":"2022-07-13T11:09:04","slug":"jeu-educatif-larbre-enchante","status":"publish","type":"product","link":"https:\/\/business.roovi.com\/fr\/jeu-educatif-larbre-enchante\/p\/","title":{"rendered":"Jeu \u00e9ducatif &#8211; L&rsquo;Arbre Enchant\u00e9"},"content":{"rendered":"<p>L&rsquo;Arbre Enchant\u00e9 est un super jeu sur les diff\u00e9rentes esp\u00e8ces d&rsquo;animaux, les plantes et la protection des ressources de la plan\u00e8te. Le jeu contient de jolies illustrations et de nombreuses informations pratiques sur les moyens de prot\u00e9ger l&rsquo;environnement. Prot\u00e8ge les ressources de la Terre, pour que l&rsquo;arbre enchant\u00e9 prenne vie et que la nature renaisse ! De nombreuses questions, d\u00e9fis et activit\u00e9s fascinantes t&rsquo;attendent. Comment peux-tu \u00e9viter de polluer la nature ? En utilisant moins d&rsquo;eau, en recyclant, en plantant des arbres, en ramassant les d\u00e9chets, en utilisant moins d&rsquo;\u00e9lectricit\u00e9. Tu peux trouver ces activit\u00e9s sur les jetons de jeu. Remplis tes cartes de jeu avec les jetons appropri\u00e9s. Sauve les animaux en voie de disparition ! <\/p>\n<p>L&rsquo;Arbre Enchant\u00e9 t&rsquo;apprend \u00e0 \u00eatre responsable de la Terre en acqu\u00e9rant des connaissances importantes sur la nature. Le jeu d\u00e9veloppe la culture g\u00e9n\u00e9rale, le comportement \u00e9cologique et les capacit\u00e9s d&rsquo;observation. L&rsquo;Arbre Enchant\u00e9 a 2 variantes de jeu. Tu peux aussi jouer en \u00e9quipe : r\u00e9ponds aux questions, retourne les planches et profite de l&rsquo;\u00e9panouissement de la nature ! Contenu : 55 cartes questions, 32 cartes animaux, 16 planches Arbre enchant\u00e9, 120 jetons, 1 d\u00e9, r\u00e8gles du jeu. Recommand\u00e9 pour les enfants de plus de 8 ans, pour 2-4 joueurs <\/p>\n","protected":false},"excerpt":{"rendered":"<p>L&rsquo;Arbre Enchant\u00e9 est un super jeu sur les diff\u00e9rentes esp\u00e8ces d&rsquo;animaux, les plantes et la protection des ressources de la<\/p>\n","protected":false},"featured_media":45658,"template":"","meta":[],"product_brand":[],"product_cat":[2303,2306],"product_tag":[],"class_list":{"0":"post-55019","1":"product","2":"type-product","3":"status-publish","4":"has-post-thumbnail","6":"product_cat-jeux-de-societe","7":"product_cat-jeux-educatifs-et-jeux-de-quiz","8":"pa_brand-d_toys-fr","9":"pa_country_of_manufacture-ro-fr","10":"pa_filter_age-14-fr","11":"pa_filter_age-7_9-fr","12":"pa_filter_age-9_14-fr","13":"pa_tip_ambalaj-boite","15":"first","16":"instock","17":"taxable","18":"shipping-taxable","19":"product-type-simple"},"yoast_head":"<!-- This site is optimized with the Yoast SEO plugin v20.1 - https:\/\/yoast.com\/wordpress\/plugins\/seo\/ -->\n<title>Jeu \u00e9ducatif - L&#039;Arbre Enchant\u00e9<\/title>\n<meta name=\"description\" content=\"Jeu \u00e9ducatif - L&#039;Arbre Enchant\u00e9\" \/>\n<meta name=\"robots\" content=\"index, follow, max-snippet:-1, max-image-preview:large, max-video-preview:-1\" \/>\n<link rel=\"canonical\" href=\"https:\/\/business.roovi.com\/fr\/jeu-educatif-larbre-enchante\/p\/\" \/>\n<meta property=\"og:locale\" content=\"fr_FR\" \/>\n<meta property=\"og:type\" content=\"article\" \/>\n<meta property=\"og:title\" content=\"Jeu \u00e9ducatif - L&#039;Arbre Enchant\u00e9\" \/>\n<meta property=\"og:description\" content=\"Jeu \u00e9ducatif - L&#039;Arbre Enchant\u00e9\" \/>\n<meta property=\"og:url\" content=\"https:\/\/business.roovi.com\/fr\/jeu-educatif-larbre-enchante\/p\/\" \/>\n<meta property=\"og:site_name\" content=\"Roovi B2B\" \/>\n<meta property=\"article:publisher\" content=\"https:\/\/www.facebook.com\/wwwjucariero\" \/>\n<meta property=\"article:modified_time\" content=\"2022-07-13T11:09:04+00:00\" \/>\n<meta property=\"og:image\" content=\"https:\/\/business.roovi.com\/wp-content\/uploads\/2018\/04\/74140_elo_copacul_fermecat.jpg\" \/>\n\t<meta property=\"og:image:width\" content=\"1200\" \/>\n\t<meta property=\"og:image:height\" content=\"1200\" \/>\n\t<meta property=\"og:image:type\" content=\"image\/jpeg\" \/>\n<meta name=\"twitter:label1\" content=\"Dur\u00e9e de lecture estim\u00e9e\" \/>\n\t<meta name=\"twitter:data1\" content=\"1 minute\" \/>\n<script type=\"application\/ld+json\" class=\"yoast-schema-graph\">{\"@context\":\"https:\/\/schema.org\",\"@graph\":[{\"@type\":\"WebPage\",\"@id\":\"https:\/\/business.roovi.com\/fr\/jeu-educatif-larbre-enchante\/p\/\",\"url\":\"https:\/\/business.roovi.com\/fr\/jeu-educatif-larbre-enchante\/p\/\",\"name\":\"Jeu \u00e9ducatif - L'Arbre Enchant\u00e9\",\"isPartOf\":{\"@id\":\"https:\/\/business.roovi.com\/fr\/#website\"},\"datePublished\":\"2018-04-16T10:56:09+00:00\",\"dateModified\":\"2022-07-13T11:09:04+00:00\",\"description\":\"Jeu \u00e9ducatif - L'Arbre Enchant\u00e9\",\"breadcrumb\":{\"@id\":\"https:\/\/business.roovi.com\/fr\/jeu-educatif-larbre-enchante\/p\/#breadcrumb\"},\"inLanguage\":\"fr-FR\",\"potentialAction\":[{\"@type\":\"ReadAction\",\"target\":[\"https:\/\/business.roovi.com\/fr\/jeu-educatif-larbre-enchante\/p\/\"]}]},{\"@type\":\"BreadcrumbList\",\"@id\":\"https:\/\/business.roovi.com\/fr\/jeu-educatif-larbre-enchante\/p\/#breadcrumb\",\"itemListElement\":[{\"@type\":\"ListItem\",\"position\":1,\"name\":\"Home\",\"item\":\"https:\/\/business.roovi.com\/fr\/\"},{\"@type\":\"ListItem\",\"position\":2,\"name\":\"Boutique\",\"item\":\"https:\/\/business.roovi.com\/fr\/boutique\/\"},{\"@type\":\"ListItem\",\"position\":3,\"name\":\"Jeu \u00e9ducatif &#8211; L&#8217;Arbre Enchant\u00e9\"}]},{\"@type\":\"WebSite\",\"@id\":\"https:\/\/business.roovi.com\/fr\/#website\",\"url\":\"https:\/\/business.roovi.com\/fr\/\",\"name\":\"Roovi B2B\",\"description\":\"Roovi Business Website\",\"potentialAction\":[{\"@type\":\"SearchAction\",\"target\":{\"@type\":\"EntryPoint\",\"urlTemplate\":\"https:\/\/business.roovi.com\/fr\/?s={search_term_string}\"},\"query-input\":\"required name=search_term_string\"}],\"inLanguage\":\"fr-FR\"}]}<\/script>\n<!-- \/ Yoast SEO plugin. -->","yoast_head_json":{"title":"Jeu \u00e9ducatif - L'Arbre Enchant\u00e9","description":"Jeu \u00e9ducatif - L'Arbre Enchant\u00e9","robots":{"index":"index","follow":"follow","max-snippet":"max-snippet:-1","max-image-preview":"max-image-preview:large","max-video-preview":"max-video-preview:-1"},"canonical":"https:\/\/business.roovi.com\/fr\/jeu-educatif-larbre-enchante\/p\/","og_locale":"fr_FR","og_type":"article","og_title":"Jeu \u00e9ducatif - L'Arbre Enchant\u00e9","og_description":"Jeu \u00e9ducatif - L'Arbre Enchant\u00e9","og_url":"https:\/\/business.roovi.com\/fr\/jeu-educatif-larbre-enchante\/p\/","og_site_name":"Roovi B2B","article_publisher":"https:\/\/www.facebook.com\/wwwjucariero","article_modified_time":"2022-07-13T11:09:04+00:00","og_image":[{"width":1200,"height":1200,"url":"https:\/\/business.roovi.com\/wp-content\/uploads\/2018\/04\/74140_elo_copacul_fermecat.jpg","type":"image\/jpeg"}],"twitter_misc":{"Dur\u00e9e de lecture estim\u00e9e":"1 minute"},"schema":{"@context":"https:\/\/schema.org","@graph":[{"@type":"WebPage","@id":"https:\/\/business.roovi.com\/fr\/jeu-educatif-larbre-enchante\/p\/","url":"https:\/\/business.roovi.com\/fr\/jeu-educatif-larbre-enchante\/p\/","name":"Jeu \u00e9ducatif - L'Arbre Enchant\u00e9","isPartOf":{"@id":"https:\/\/business.roovi.com\/fr\/#website"},"datePublished":"2018-04-16T10:56:09+00:00","dateModified":"2022-07-13T11:09:04+00:00","description":"Jeu \u00e9ducatif - L'Arbre Enchant\u00e9","breadcrumb":{"@id":"https:\/\/business.roovi.com\/fr\/jeu-educatif-larbre-enchante\/p\/#breadcrumb"},"inLanguage":"fr-FR","potentialAction":[{"@type":"ReadAction","target":["https:\/\/business.roovi.com\/fr\/jeu-educatif-larbre-enchante\/p\/"]}]},{"@type":"BreadcrumbList","@id":"https:\/\/business.roovi.com\/fr\/jeu-educatif-larbre-enchante\/p\/#breadcrumb","itemListElement":[{"@type":"ListItem","position":1,"name":"Home","item":"https:\/\/business.roovi.com\/fr\/"},{"@type":"ListItem","position":2,"name":"Boutique","item":"https:\/\/business.roovi.com\/fr\/boutique\/"},{"@type":"ListItem","position":3,"name":"Jeu \u00e9ducatif &#8211; L&#8217;Arbre Enchant\u00e9"}]},{"@type":"WebSite","@id":"https:\/\/business.roovi.com\/fr\/#website","url":"https:\/\/business.roovi.com\/fr\/","name":"Roovi B2B","description":"Roovi Business Website","potentialAction":[{"@type":"SearchAction","target":{"@type":"EntryPoint","urlTemplate":"https:\/\/business.roovi.com\/fr\/?s={search_term_string}"},"query-input":"required name=search_term_string"}],"inLanguage":"fr-FR"}]}},"_links":{"self":[{"href":"https:\/\/business.roovi.com\/fr\/wp-json\/wp\/v2\/product\/55019","targetHints":{"allow":["GET"]}}],"collection":[{"href":"https:\/\/business.roovi.com\/fr\/wp-json\/wp\/v2\/product"}],"about":[{"href":"https:\/\/business.roovi.com\/fr\/wp-json\/wp\/v2\/types\/product"}],"version-history":[{"count":0,"href":"https:\/\/business.roovi.com\/fr\/wp-json\/wp\/v2\/product\/55019\/revisions"}],"wp:featuredmedia":[{"embeddable":true,"href":"https:\/\/business.roovi.com\/fr\/wp-json\/wp\/v2\/media\/45658"}],"wp:attachment":[{"href":"https:\/\/business.roovi.com\/fr\/wp-json\/wp\/v2\/media?parent=55019"}],"wp:term":[{"taxonomy":"product_brand","embeddable":true,"href":"https:\/\/business.roovi.com\/fr\/wp-json\/wp\/v2\/product_brand?post=55019"},{"taxonomy":"product_cat","embeddable":true,"href":"https:\/\/business.roovi.com\/fr\/wp-json\/wp\/v2\/product_cat?post=55019"},{"taxonomy":"product_tag","embeddable":true,"href":"https:\/\/business.roovi.com\/fr\/wp-json\/wp\/v2\/product_tag?post=55019"}],"curies":[{"name":"wp","href":"https:\/\/api.w.org\/{rel}","templated":true}]}}