{"id":55024,"date":"2018-04-16T10:56:09","date_gmt":"2018-04-16T10:56:09","guid":{"rendered":"https:\/\/business.roovi.com\/joc-cei-trei-purcelusi\/p\/"},"modified":"2022-07-13T11:09:11","modified_gmt":"2022-07-13T11:09:11","slug":"jeu-de-societe-et-cooperation-les-trois-petits-cochons","status":"publish","type":"product","link":"https:\/\/business.roovi.com\/fr\/jeu-de-societe-et-cooperation-les-trois-petits-cochons\/p\/","title":{"rendered":"Jeu de soci\u00e9t\u00e9 et coop\u00e9ration &#8211; Les Trois Petits Cochons"},"content":{"rendered":"<p>Les Trois Petits Cochons est un nouveau jeu de soci\u00e9t\u00e9 coop\u00e9ratif pour 2-4 joueurs. Les porcelets doivent travailler ensemble pour construire leurs maisons et se d\u00e9fendre contre le loup. Si, au cours de la partie, les joueurs collectent les 14 jetons loup avant de remplir leurs bo\u00eetes, tous les joueurs perdent et le loup gagne la partie. Avec le jeu coop\u00e9ratif Les Trois Petits Cochons, les enfants peuvent apprendre \u00e0 travailler ensemble pour un objectif commun, s&rsquo;entraider, encourager les autres joueurs <\/p>\n<p>Le jeu d\u00e9veloppe l&rsquo;esprit d&rsquo;\u00e9quipe, les comp\u00e9tences de collaboration et de communication et la dext\u00e9rit\u00e9 des enfants, tout en offrant de nombreuses heures de plaisir. Le jeu des Trois Petits Cochons contient trois types de bo\u00eetes en carton solides \u00e0 assembler pendant le jeu. Composants : 1 plateau de jeu, 4 pions cochon en bois, 1 disque fl\u00e8che, 14 jetons de jeu, 15 cartes de construction, 1 d\u00e9, r\u00e8gles du jeu. L&rsquo;\u00e2ge minimum recommand\u00e9 est de 5 ans.<\/p>\n","protected":false},"excerpt":{"rendered":"<p>Les Trois Petits Cochons est un nouveau jeu de soci\u00e9t\u00e9 coop\u00e9ratif pour 2-4 joueurs. Les porcelets doivent travailler ensemble pour<\/p>\n","protected":false},"featured_media":45662,"template":"","meta":[],"product_brand":[],"product_cat":[2305,2303],"product_tag":[],"class_list":{"0":"post-55024","1":"product","2":"type-product","3":"status-publish","4":"has-post-thumbnail","6":"product_cat-jeux-de-famille","7":"product_cat-jeux-de-societe","8":"pa_brand-d_toys-fr","9":"pa_country_of_manufacture-ro-fr","10":"pa_filter_age-14-fr","11":"pa_filter_age-5_7-fr","12":"pa_filter_age-7_9-fr","13":"pa_filter_age-9_14-fr","14":"pa_tip_ambalaj-boite","16":"first","17":"instock","18":"taxable","19":"shipping-taxable","20":"product-type-simple"},"yoast_head":"<!-- This site is optimized with the Yoast SEO plugin v20.1 - https:\/\/yoast.com\/wordpress\/plugins\/seo\/ -->\n<title>Jeu de soci\u00e9t\u00e9 et coop\u00e9ration - Les Trois Petits Cochons<\/title>\n<meta name=\"description\" content=\"Jeu de soci\u00e9t\u00e9 et coop\u00e9ration - Les Trois Petits Cochons\" \/>\n<meta name=\"robots\" content=\"index, follow, max-snippet:-1, max-image-preview:large, max-video-preview:-1\" \/>\n<link rel=\"canonical\" href=\"https:\/\/business.roovi.com\/fr\/jeu-de-societe-et-cooperation-les-trois-petits-cochons\/p\/\" \/>\n<meta property=\"og:locale\" content=\"fr_FR\" \/>\n<meta property=\"og:type\" content=\"article\" \/>\n<meta property=\"og:title\" content=\"Jeu de soci\u00e9t\u00e9 et coop\u00e9ration - Les Trois Petits Cochons\" \/>\n<meta property=\"og:description\" content=\"Jeu de soci\u00e9t\u00e9 et coop\u00e9ration - Les Trois Petits Cochons\" \/>\n<meta property=\"og:url\" content=\"https:\/\/business.roovi.com\/fr\/jeu-de-societe-et-cooperation-les-trois-petits-cochons\/p\/\" \/>\n<meta property=\"og:site_name\" content=\"Roovi B2B\" \/>\n<meta property=\"article:publisher\" content=\"https:\/\/www.facebook.com\/wwwjucariero\" \/>\n<meta property=\"article:modified_time\" content=\"2022-07-13T11:09:11+00:00\" \/>\n<meta property=\"og:image\" content=\"https:\/\/business.roovi.com\/wp-content\/uploads\/2018\/04\/74218_elo_purcelus_1.jpg\" \/>\n\t<meta property=\"og:image:width\" content=\"1200\" \/>\n\t<meta property=\"og:image:height\" content=\"1200\" \/>\n\t<meta property=\"og:image:type\" content=\"image\/jpeg\" \/>\n<meta name=\"twitter:label1\" content=\"Dur\u00e9e de lecture estim\u00e9e\" \/>\n\t<meta name=\"twitter:data1\" content=\"1 minute\" \/>\n<script type=\"application\/ld+json\" class=\"yoast-schema-graph\">{\"@context\":\"https:\/\/schema.org\",\"@graph\":[{\"@type\":\"WebPage\",\"@id\":\"https:\/\/business.roovi.com\/fr\/jeu-de-societe-et-cooperation-les-trois-petits-cochons\/p\/\",\"url\":\"https:\/\/business.roovi.com\/fr\/jeu-de-societe-et-cooperation-les-trois-petits-cochons\/p\/\",\"name\":\"Jeu de soci\u00e9t\u00e9 et coop\u00e9ration - Les Trois Petits Cochons\",\"isPartOf\":{\"@id\":\"https:\/\/business.roovi.com\/fr\/#website\"},\"datePublished\":\"2018-04-16T10:56:09+00:00\",\"dateModified\":\"2022-07-13T11:09:11+00:00\",\"description\":\"Jeu de soci\u00e9t\u00e9 et coop\u00e9ration - Les Trois Petits Cochons\",\"breadcrumb\":{\"@id\":\"https:\/\/business.roovi.com\/fr\/jeu-de-societe-et-cooperation-les-trois-petits-cochons\/p\/#breadcrumb\"},\"inLanguage\":\"fr-FR\",\"potentialAction\":[{\"@type\":\"ReadAction\",\"target\":[\"https:\/\/business.roovi.com\/fr\/jeu-de-societe-et-cooperation-les-trois-petits-cochons\/p\/\"]}]},{\"@type\":\"BreadcrumbList\",\"@id\":\"https:\/\/business.roovi.com\/fr\/jeu-de-societe-et-cooperation-les-trois-petits-cochons\/p\/#breadcrumb\",\"itemListElement\":[{\"@type\":\"ListItem\",\"position\":1,\"name\":\"Home\",\"item\":\"https:\/\/business.roovi.com\/fr\/\"},{\"@type\":\"ListItem\",\"position\":2,\"name\":\"Boutique\",\"item\":\"https:\/\/business.roovi.com\/fr\/boutique\/\"},{\"@type\":\"ListItem\",\"position\":3,\"name\":\"Jeu de soci\u00e9t\u00e9 et coop\u00e9ration &#8211; Les Trois Petits Cochons\"}]},{\"@type\":\"WebSite\",\"@id\":\"https:\/\/business.roovi.com\/fr\/#website\",\"url\":\"https:\/\/business.roovi.com\/fr\/\",\"name\":\"Roovi B2B\",\"description\":\"Roovi Business Website\",\"potentialAction\":[{\"@type\":\"SearchAction\",\"target\":{\"@type\":\"EntryPoint\",\"urlTemplate\":\"https:\/\/business.roovi.com\/fr\/?s={search_term_string}\"},\"query-input\":\"required name=search_term_string\"}],\"inLanguage\":\"fr-FR\"}]}<\/script>\n<!-- \/ Yoast SEO plugin. -->","yoast_head_json":{"title":"Jeu de soci\u00e9t\u00e9 et coop\u00e9ration - Les Trois Petits Cochons","description":"Jeu de soci\u00e9t\u00e9 et coop\u00e9ration - Les Trois Petits Cochons","robots":{"index":"index","follow":"follow","max-snippet":"max-snippet:-1","max-image-preview":"max-image-preview:large","max-video-preview":"max-video-preview:-1"},"canonical":"https:\/\/business.roovi.com\/fr\/jeu-de-societe-et-cooperation-les-trois-petits-cochons\/p\/","og_locale":"fr_FR","og_type":"article","og_title":"Jeu de soci\u00e9t\u00e9 et coop\u00e9ration - Les Trois Petits Cochons","og_description":"Jeu de soci\u00e9t\u00e9 et coop\u00e9ration - Les Trois Petits Cochons","og_url":"https:\/\/business.roovi.com\/fr\/jeu-de-societe-et-cooperation-les-trois-petits-cochons\/p\/","og_site_name":"Roovi B2B","article_publisher":"https:\/\/www.facebook.com\/wwwjucariero","article_modified_time":"2022-07-13T11:09:11+00:00","og_image":[{"width":1200,"height":1200,"url":"https:\/\/business.roovi.com\/wp-content\/uploads\/2018\/04\/74218_elo_purcelus_1.jpg","type":"image\/jpeg"}],"twitter_misc":{"Dur\u00e9e de lecture estim\u00e9e":"1 minute"},"schema":{"@context":"https:\/\/schema.org","@graph":[{"@type":"WebPage","@id":"https:\/\/business.roovi.com\/fr\/jeu-de-societe-et-cooperation-les-trois-petits-cochons\/p\/","url":"https:\/\/business.roovi.com\/fr\/jeu-de-societe-et-cooperation-les-trois-petits-cochons\/p\/","name":"Jeu de soci\u00e9t\u00e9 et coop\u00e9ration - Les Trois Petits Cochons","isPartOf":{"@id":"https:\/\/business.roovi.com\/fr\/#website"},"datePublished":"2018-04-16T10:56:09+00:00","dateModified":"2022-07-13T11:09:11+00:00","description":"Jeu de soci\u00e9t\u00e9 et coop\u00e9ration - Les Trois Petits Cochons","breadcrumb":{"@id":"https:\/\/business.roovi.com\/fr\/jeu-de-societe-et-cooperation-les-trois-petits-cochons\/p\/#breadcrumb"},"inLanguage":"fr-FR","potentialAction":[{"@type":"ReadAction","target":["https:\/\/business.roovi.com\/fr\/jeu-de-societe-et-cooperation-les-trois-petits-cochons\/p\/"]}]},{"@type":"BreadcrumbList","@id":"https:\/\/business.roovi.com\/fr\/jeu-de-societe-et-cooperation-les-trois-petits-cochons\/p\/#breadcrumb","itemListElement":[{"@type":"ListItem","position":1,"name":"Home","item":"https:\/\/business.roovi.com\/fr\/"},{"@type":"ListItem","position":2,"name":"Boutique","item":"https:\/\/business.roovi.com\/fr\/boutique\/"},{"@type":"ListItem","position":3,"name":"Jeu de soci\u00e9t\u00e9 et coop\u00e9ration &#8211; Les Trois Petits Cochons"}]},{"@type":"WebSite","@id":"https:\/\/business.roovi.com\/fr\/#website","url":"https:\/\/business.roovi.com\/fr\/","name":"Roovi B2B","description":"Roovi Business Website","potentialAction":[{"@type":"SearchAction","target":{"@type":"EntryPoint","urlTemplate":"https:\/\/business.roovi.com\/fr\/?s={search_term_string}"},"query-input":"required name=search_term_string"}],"inLanguage":"fr-FR"}]}},"_links":{"self":[{"href":"https:\/\/business.roovi.com\/fr\/wp-json\/wp\/v2\/product\/55024","targetHints":{"allow":["GET"]}}],"collection":[{"href":"https:\/\/business.roovi.com\/fr\/wp-json\/wp\/v2\/product"}],"about":[{"href":"https:\/\/business.roovi.com\/fr\/wp-json\/wp\/v2\/types\/product"}],"version-history":[{"count":0,"href":"https:\/\/business.roovi.com\/fr\/wp-json\/wp\/v2\/product\/55024\/revisions"}],"wp:featuredmedia":[{"embeddable":true,"href":"https:\/\/business.roovi.com\/fr\/wp-json\/wp\/v2\/media\/45662"}],"wp:attachment":[{"href":"https:\/\/business.roovi.com\/fr\/wp-json\/wp\/v2\/media?parent=55024"}],"wp:term":[{"taxonomy":"product_brand","embeddable":true,"href":"https:\/\/business.roovi.com\/fr\/wp-json\/wp\/v2\/product_brand?post=55024"},{"taxonomy":"product_cat","embeddable":true,"href":"https:\/\/business.roovi.com\/fr\/wp-json\/wp\/v2\/product_cat?post=55024"},{"taxonomy":"product_tag","embeddable":true,"href":"https:\/\/business.roovi.com\/fr\/wp-json\/wp\/v2\/product_tag?post=55024"}],"curies":[{"name":"wp","href":"https:\/\/api.w.org\/{rel}","templated":true}]}}