{"id":55027,"date":"2018-04-16T10:56:09","date_gmt":"2018-04-16T10:56:09","guid":{"rendered":"https:\/\/business.roovi.com\/joc-labirintul-minotaurului\/p\/"},"modified":"2022-07-13T11:09:15","modified_gmt":"2022-07-13T11:09:15","slug":"jeu-de-strategie-minotaurs-labyrinth","status":"publish","type":"product","link":"https:\/\/business.roovi.com\/fr\/jeu-de-strategie-minotaurs-labyrinth\/p\/","title":{"rendered":"Jeu de strat\u00e9gie &#8211; Minotaur&rsquo;s Labyrinth"},"content":{"rendered":"<p>Le jeu de strat\u00e9gie The Minotaur&rsquo;s Labyrinth te guidera dans le monde de la mythologie antique. Tu peux maintenant entrer dans le r\u00f4le d&rsquo;un guerrier grec pour p\u00e9n\u00e9trer dans le myst\u00e9rieux labyrinthe et collecter des jetons d&rsquo;or. Fais attention \u00e0 ce que le minotaure, la fabuleuse cr\u00e9ature mi-homme mi-taureau, ne te rep\u00e8re pas. Les buissons et la v\u00e9g\u00e9tation peuvent te cacher, tu es aussi prot\u00e9g\u00e9 dans les zones s\u00fbres. Mais s&rsquo;il te rep\u00e8re, il laissera sa trace et te traquera, permettant ainsi aux autres joueurs de collecter des jetons en or ! <\/p>\n<p>Le labyrinthe du Minotaure te donne le plaisir de jouer avec deux niveaux de difficult\u00e9 sur deux c\u00f4t\u00e9s du plateau. Une fabuleuse aventure avec de nombreuses p\u00e9rip\u00e9ties t&rsquo;attend ! Le jeu est con\u00e7u pour 2-4 joueurs. Contenu : 1 plateau de jeu double face, 4 pi\u00e8ces de jeu Guerriers grecs, 1 pi\u00e8ce de jeu Minotaure (+ 1 pi\u00e8ce de rechange), 3 d\u00e9s, 25 jetons de jeu (+ 5 jetons de rechange), r\u00e8gles du jeu.<\/p>\n","protected":false},"excerpt":{"rendered":"<p>Le jeu de strat\u00e9gie The Minotaur&rsquo;s Labyrinth te guidera dans le monde de la mythologie antique. Tu peux maintenant entrer<\/p>\n","protected":false},"featured_media":45664,"template":"","meta":[],"product_brand":[],"product_cat":[2305,2303],"product_tag":[],"class_list":{"0":"post-55027","1":"product","2":"type-product","3":"status-publish","4":"has-post-thumbnail","6":"product_cat-jeux-de-famille","7":"product_cat-jeux-de-societe","8":"pa_brand-d_toys-fr","9":"pa_country_of_manufacture-ro-fr","10":"pa_filter_age-14-fr","11":"pa_filter_age-9_14-fr","12":"pa_tip_ambalaj-boite","14":"first","15":"instock","16":"taxable","17":"shipping-taxable","18":"product-type-simple"},"yoast_head":"<!-- This site is optimized with the Yoast SEO plugin v20.1 - https:\/\/yoast.com\/wordpress\/plugins\/seo\/ -->\n<title>Jeu de strat\u00e9gie - Minotaur&#039;s Labyrinth<\/title>\n<meta name=\"description\" content=\"Jeu de strat\u00e9gie - Minotaur&#039;s Labyrinth\" \/>\n<meta name=\"robots\" content=\"index, follow, max-snippet:-1, max-image-preview:large, max-video-preview:-1\" \/>\n<link rel=\"canonical\" href=\"https:\/\/business.roovi.com\/fr\/jeu-de-strategie-minotaurs-labyrinth\/p\/\" \/>\n<meta property=\"og:locale\" content=\"fr_FR\" \/>\n<meta property=\"og:type\" content=\"article\" \/>\n<meta property=\"og:title\" content=\"Jeu de strat\u00e9gie - Minotaur&#039;s Labyrinth\" \/>\n<meta property=\"og:description\" content=\"Jeu de strat\u00e9gie - Minotaur&#039;s Labyrinth\" \/>\n<meta property=\"og:url\" content=\"https:\/\/business.roovi.com\/fr\/jeu-de-strategie-minotaurs-labyrinth\/p\/\" \/>\n<meta property=\"og:site_name\" content=\"Roovi B2B\" \/>\n<meta property=\"article:publisher\" content=\"https:\/\/www.facebook.com\/wwwjucariero\" \/>\n<meta property=\"article:modified_time\" content=\"2022-07-13T11:09:15+00:00\" \/>\n<meta property=\"og:image\" content=\"https:\/\/business.roovi.com\/wp-content\/uploads\/2018\/04\/73945_elo_labirintul_minotaurului.jpg\" \/>\n\t<meta property=\"og:image:width\" content=\"1200\" \/>\n\t<meta property=\"og:image:height\" content=\"1200\" \/>\n\t<meta property=\"og:image:type\" content=\"image\/jpeg\" \/>\n<meta name=\"twitter:label1\" content=\"Dur\u00e9e de lecture estim\u00e9e\" \/>\n\t<meta name=\"twitter:data1\" content=\"1 minute\" \/>\n<script type=\"application\/ld+json\" class=\"yoast-schema-graph\">{\"@context\":\"https:\/\/schema.org\",\"@graph\":[{\"@type\":\"WebPage\",\"@id\":\"https:\/\/business.roovi.com\/fr\/jeu-de-strategie-minotaurs-labyrinth\/p\/\",\"url\":\"https:\/\/business.roovi.com\/fr\/jeu-de-strategie-minotaurs-labyrinth\/p\/\",\"name\":\"Jeu de strat\u00e9gie - Minotaur's Labyrinth\",\"isPartOf\":{\"@id\":\"https:\/\/business.roovi.com\/fr\/#website\"},\"datePublished\":\"2018-04-16T10:56:09+00:00\",\"dateModified\":\"2022-07-13T11:09:15+00:00\",\"description\":\"Jeu de strat\u00e9gie - Minotaur's Labyrinth\",\"breadcrumb\":{\"@id\":\"https:\/\/business.roovi.com\/fr\/jeu-de-strategie-minotaurs-labyrinth\/p\/#breadcrumb\"},\"inLanguage\":\"fr-FR\",\"potentialAction\":[{\"@type\":\"ReadAction\",\"target\":[\"https:\/\/business.roovi.com\/fr\/jeu-de-strategie-minotaurs-labyrinth\/p\/\"]}]},{\"@type\":\"BreadcrumbList\",\"@id\":\"https:\/\/business.roovi.com\/fr\/jeu-de-strategie-minotaurs-labyrinth\/p\/#breadcrumb\",\"itemListElement\":[{\"@type\":\"ListItem\",\"position\":1,\"name\":\"Home\",\"item\":\"https:\/\/business.roovi.com\/fr\/\"},{\"@type\":\"ListItem\",\"position\":2,\"name\":\"Boutique\",\"item\":\"https:\/\/business.roovi.com\/fr\/boutique\/\"},{\"@type\":\"ListItem\",\"position\":3,\"name\":\"Jeu de strat\u00e9gie &#8211; Minotaur&#8217;s Labyrinth\"}]},{\"@type\":\"WebSite\",\"@id\":\"https:\/\/business.roovi.com\/fr\/#website\",\"url\":\"https:\/\/business.roovi.com\/fr\/\",\"name\":\"Roovi B2B\",\"description\":\"Roovi Business Website\",\"potentialAction\":[{\"@type\":\"SearchAction\",\"target\":{\"@type\":\"EntryPoint\",\"urlTemplate\":\"https:\/\/business.roovi.com\/fr\/?s={search_term_string}\"},\"query-input\":\"required name=search_term_string\"}],\"inLanguage\":\"fr-FR\"}]}<\/script>\n<!-- \/ Yoast SEO plugin. -->","yoast_head_json":{"title":"Jeu de strat\u00e9gie - Minotaur's Labyrinth","description":"Jeu de strat\u00e9gie - Minotaur's Labyrinth","robots":{"index":"index","follow":"follow","max-snippet":"max-snippet:-1","max-image-preview":"max-image-preview:large","max-video-preview":"max-video-preview:-1"},"canonical":"https:\/\/business.roovi.com\/fr\/jeu-de-strategie-minotaurs-labyrinth\/p\/","og_locale":"fr_FR","og_type":"article","og_title":"Jeu de strat\u00e9gie - Minotaur's Labyrinth","og_description":"Jeu de strat\u00e9gie - Minotaur's Labyrinth","og_url":"https:\/\/business.roovi.com\/fr\/jeu-de-strategie-minotaurs-labyrinth\/p\/","og_site_name":"Roovi B2B","article_publisher":"https:\/\/www.facebook.com\/wwwjucariero","article_modified_time":"2022-07-13T11:09:15+00:00","og_image":[{"width":1200,"height":1200,"url":"https:\/\/business.roovi.com\/wp-content\/uploads\/2018\/04\/73945_elo_labirintul_minotaurului.jpg","type":"image\/jpeg"}],"twitter_misc":{"Dur\u00e9e de lecture estim\u00e9e":"1 minute"},"schema":{"@context":"https:\/\/schema.org","@graph":[{"@type":"WebPage","@id":"https:\/\/business.roovi.com\/fr\/jeu-de-strategie-minotaurs-labyrinth\/p\/","url":"https:\/\/business.roovi.com\/fr\/jeu-de-strategie-minotaurs-labyrinth\/p\/","name":"Jeu de strat\u00e9gie - Minotaur's Labyrinth","isPartOf":{"@id":"https:\/\/business.roovi.com\/fr\/#website"},"datePublished":"2018-04-16T10:56:09+00:00","dateModified":"2022-07-13T11:09:15+00:00","description":"Jeu de strat\u00e9gie - Minotaur's Labyrinth","breadcrumb":{"@id":"https:\/\/business.roovi.com\/fr\/jeu-de-strategie-minotaurs-labyrinth\/p\/#breadcrumb"},"inLanguage":"fr-FR","potentialAction":[{"@type":"ReadAction","target":["https:\/\/business.roovi.com\/fr\/jeu-de-strategie-minotaurs-labyrinth\/p\/"]}]},{"@type":"BreadcrumbList","@id":"https:\/\/business.roovi.com\/fr\/jeu-de-strategie-minotaurs-labyrinth\/p\/#breadcrumb","itemListElement":[{"@type":"ListItem","position":1,"name":"Home","item":"https:\/\/business.roovi.com\/fr\/"},{"@type":"ListItem","position":2,"name":"Boutique","item":"https:\/\/business.roovi.com\/fr\/boutique\/"},{"@type":"ListItem","position":3,"name":"Jeu de strat\u00e9gie &#8211; Minotaur&#8217;s Labyrinth"}]},{"@type":"WebSite","@id":"https:\/\/business.roovi.com\/fr\/#website","url":"https:\/\/business.roovi.com\/fr\/","name":"Roovi B2B","description":"Roovi Business Website","potentialAction":[{"@type":"SearchAction","target":{"@type":"EntryPoint","urlTemplate":"https:\/\/business.roovi.com\/fr\/?s={search_term_string}"},"query-input":"required name=search_term_string"}],"inLanguage":"fr-FR"}]}},"_links":{"self":[{"href":"https:\/\/business.roovi.com\/fr\/wp-json\/wp\/v2\/product\/55027","targetHints":{"allow":["GET"]}}],"collection":[{"href":"https:\/\/business.roovi.com\/fr\/wp-json\/wp\/v2\/product"}],"about":[{"href":"https:\/\/business.roovi.com\/fr\/wp-json\/wp\/v2\/types\/product"}],"version-history":[{"count":0,"href":"https:\/\/business.roovi.com\/fr\/wp-json\/wp\/v2\/product\/55027\/revisions"}],"wp:featuredmedia":[{"embeddable":true,"href":"https:\/\/business.roovi.com\/fr\/wp-json\/wp\/v2\/media\/45664"}],"wp:attachment":[{"href":"https:\/\/business.roovi.com\/fr\/wp-json\/wp\/v2\/media?parent=55027"}],"wp:term":[{"taxonomy":"product_brand","embeddable":true,"href":"https:\/\/business.roovi.com\/fr\/wp-json\/wp\/v2\/product_brand?post=55027"},{"taxonomy":"product_cat","embeddable":true,"href":"https:\/\/business.roovi.com\/fr\/wp-json\/wp\/v2\/product_cat?post=55027"},{"taxonomy":"product_tag","embeddable":true,"href":"https:\/\/business.roovi.com\/fr\/wp-json\/wp\/v2\/product_tag?post=55027"}],"curies":[{"name":"wp","href":"https:\/\/api.w.org\/{rel}","templated":true}]}}