{"id":55031,"date":"2018-04-16T10:56:09","date_gmt":"2018-04-16T10:56:09","guid":{"rendered":"https:\/\/business.roovi.com\/carti-de-joc-poker-carton\/p\/"},"modified":"2023-03-01T15:24:36","modified_gmt":"2023-03-01T15:24:36","slug":"cartes-a-jouer-poker-carton","status":"publish","type":"product","link":"https:\/\/business.roovi.com\/fr\/cartes-a-jouer-poker-carton\/p\/","title":{"rendered":"Cartes \u00e0 jouer professionnelles &#8211; Poker &#8211; Carton"},"content":{"rendered":"<p><span style=\"font-weight: 400;\">Savais-tu que, bien que d&rsquo;origine incertaine, suppos\u00e9e venir d&rsquo;Asie, les cartes \u00e0 jouer ont \u00e9t\u00e9 introduites en Europe vers la fin du 14e si\u00e8cle ?<\/span><\/p>\n<p><span style=\"font-weight: 400;\">Depuis, les cartes \u00e0 jouer sont pr\u00e9sentes dans les cours royales, les f\u00eates somptueuses et les maisons des roturiers <\/span><\/p>\n<p><span style=\"font-weight: 400;\">En fait, un jeu de cartes \u00e0 jouer est le moyen le plus pratique de maintenir l&rsquo;ambiance et de faire d\u00e9marrer la f\u00eate lors d&rsquo;une r\u00e9union d&rsquo;amis <\/span><\/p>\n<p><span style=\"font-weight: 400;\">Qu&rsquo;est-ce que tu attends ? Prends un jeu de cartes de poker en carton et commence \u00e0 t&rsquo;amuser dans ta maison <\/span><\/p>\n<h2><span style=\"font-weight: 400;\">Pourquoi choisir les cartes de jeu de poker<\/span><\/h2>\n<p><span style=\"font-weight: 400;\">Ils sont un moyen abordable et peu co\u00fbteux d&rsquo;animer une f\u00eate ou de s&rsquo;amuser avec des enfants ou des amis lorsque tu veux quelque chose d&rsquo;amusant mais pas compliqu\u00e9 <\/span><\/p>\n<p><span style=\"font-weight: 400;\">De plus, avec un simple jeu de cartes, tu peux jouer \u00e0 de nombreux jeux, du poker au Macao, \u00e0 la guerre, au scepticisme, \u00e0 Toci, \u00e0 Maciupiciu, etc.<\/span><\/p>\n<p><span style=\"font-weight: 400;\">Ils sont amusants pour les enfants et les adultes et stimulent l&rsquo;attention, la m\u00e9moire, la coordination et le travail d&rsquo;\u00e9quipe. Ils donnent une le\u00e7on importante sur les r\u00e8gles et l&rsquo;importance de les respecter.<\/span><\/p>\n<p><span style=\"font-weight: 400;\">Ils sont \u00e9galement un moyen simple et efficace d&rsquo;enseigner aux enfants la le\u00e7on de patience, l&rsquo;acceptation de la d\u00e9faite et la joie de la r\u00e9ussite <\/span><\/p>\n<p><span style=\"font-weight: 400;\">Et pour les jeunes aventuriers, construire un ch\u00e2teau avec des cartes \u00e0 jouer peut \u00eatre un d\u00e9fi qui les gardera concentr\u00e9s pendant longtemps.<\/span><\/p>\n<p><span style=\"font-weight: 400;\">Quel que soit le jeu auquel tu choisis de jouer, avec tes amis ou tes enfants, un jeu de cartes \u00e0 jouer est indispensable <\/span><\/p>\n<p><span style=\"font-weight: 400;\">Dois-je pr\u00e9ciser qu&rsquo;ils sont en carton, qu&rsquo;ils r\u00e9sistent \u00e0 l&rsquo;usure et qu&rsquo;ils offrent des centaines d&rsquo;heures de plaisir ? De plus, ils sont juste de la bonne taille pour se glisser dans n&rsquo;importe quelle poche, sac ou sac \u00e0 dos et tu peux les emmener partout avec toi.<\/span><\/p>\n<p><span style=\"font-weight: 400;\">Qui aurait cru qu&rsquo;un jeu de cartes pouvait apporter autant d&rsquo;avantages, n&rsquo;est-ce pas ? Procure-toi ton pack d\u00e8s maintenant et fais tes cartes !<\/span><\/p>\n<p><span style=\"font-weight: 400;\">P.S. Les cartes \u00e0 jouer sont \u00e9galement disponibles en version plastique.<\/span><\/p>\n","protected":false},"excerpt":{"rendered":"<p>Savais-tu que, bien que d&rsquo;origine incertaine, suppos\u00e9e venir d&rsquo;Asie, les cartes \u00e0 jouer ont \u00e9t\u00e9 introduites en Europe vers la<\/p>\n","protected":false},"featured_media":68860,"template":"","meta":[],"product_brand":[],"product_cat":[1574,1594],"product_tag":[],"class_list":{"0":"post-55031","1":"product","2":"type-product","3":"status-publish","4":"has-post-thumbnail","6":"product_cat-board-games","7":"product_cat-playing-cards","8":"pa_brand-deico-en","9":"pa_country_of_manufacture-ro-en","10":"pa_filter_age-14-en","11":"pa_tip_ambalaj-box","13":"first","14":"instock","15":"taxable","16":"shipping-taxable","17":"product-type-simple"},"yoast_head":"<!-- This site is optimized with the Yoast SEO plugin v20.1 - https:\/\/yoast.com\/wordpress\/plugins\/seo\/ -->\n<title>Cartes \u00e0 jouer - Poker - Carton<\/title>\n<meta name=\"description\" content=\"Cartes \u00e0 jouer - Poker - Carton\" \/>\n<meta name=\"robots\" content=\"index, follow, max-snippet:-1, max-image-preview:large, max-video-preview:-1\" \/>\n<link rel=\"canonical\" href=\"https:\/\/business.roovi.com\/fr\/cartes-a-jouer-poker-carton\/p\/\" \/>\n<meta property=\"og:locale\" content=\"fr_FR\" \/>\n<meta property=\"og:type\" content=\"article\" \/>\n<meta property=\"og:title\" content=\"Cartes \u00e0 jouer - Poker - Carton\" \/>\n<meta property=\"og:description\" content=\"Cartes \u00e0 jouer - Poker - Carton\" \/>\n<meta property=\"og:url\" content=\"https:\/\/business.roovi.com\/fr\/cartes-a-jouer-poker-carton\/p\/\" \/>\n<meta property=\"og:site_name\" content=\"Roovi B2B\" \/>\n<meta property=\"article:publisher\" content=\"https:\/\/www.facebook.com\/wwwjucariero\" \/>\n<meta property=\"article:modified_time\" content=\"2023-03-01T15:24:36+00:00\" \/>\n<meta property=\"og:image\" content=\"https:\/\/business.roovi.com\/wp-content\/uploads\/2018\/04\/Poker-02.jpg\" \/>\n\t<meta property=\"og:image:width\" content=\"1200\" \/>\n\t<meta property=\"og:image:height\" content=\"1200\" \/>\n\t<meta property=\"og:image:type\" content=\"image\/jpeg\" \/>\n<meta name=\"twitter:label1\" content=\"Dur\u00e9e de lecture estim\u00e9e\" \/>\n\t<meta name=\"twitter:data1\" content=\"2 minutes\" \/>\n<script type=\"application\/ld+json\" class=\"yoast-schema-graph\">{\"@context\":\"https:\/\/schema.org\",\"@graph\":[{\"@type\":\"WebPage\",\"@id\":\"https:\/\/business.roovi.com\/fr\/cartes-a-jouer-poker-carton\/p\/\",\"url\":\"https:\/\/business.roovi.com\/fr\/cartes-a-jouer-poker-carton\/p\/\",\"name\":\"Cartes \u00e0 jouer - Poker - Carton\",\"isPartOf\":{\"@id\":\"https:\/\/business.roovi.com\/fr\/#website\"},\"datePublished\":\"2018-04-16T10:56:09+00:00\",\"dateModified\":\"2023-03-01T15:24:36+00:00\",\"description\":\"Cartes \u00e0 jouer - Poker - Carton\",\"breadcrumb\":{\"@id\":\"https:\/\/business.roovi.com\/fr\/cartes-a-jouer-poker-carton\/p\/#breadcrumb\"},\"inLanguage\":\"fr-FR\",\"potentialAction\":[{\"@type\":\"ReadAction\",\"target\":[\"https:\/\/business.roovi.com\/fr\/cartes-a-jouer-poker-carton\/p\/\"]}]},{\"@type\":\"BreadcrumbList\",\"@id\":\"https:\/\/business.roovi.com\/fr\/cartes-a-jouer-poker-carton\/p\/#breadcrumb\",\"itemListElement\":[{\"@type\":\"ListItem\",\"position\":1,\"name\":\"Home\",\"item\":\"https:\/\/business.roovi.com\/fr\/\"},{\"@type\":\"ListItem\",\"position\":2,\"name\":\"Boutique\",\"item\":\"https:\/\/business.roovi.com\/fr\/boutique\/\"},{\"@type\":\"ListItem\",\"position\":3,\"name\":\"Cartes \u00e0 jouer professionnelles &#8211; Poker &#8211; Carton\"}]},{\"@type\":\"WebSite\",\"@id\":\"https:\/\/business.roovi.com\/fr\/#website\",\"url\":\"https:\/\/business.roovi.com\/fr\/\",\"name\":\"Roovi B2B\",\"description\":\"Roovi Business Website\",\"potentialAction\":[{\"@type\":\"SearchAction\",\"target\":{\"@type\":\"EntryPoint\",\"urlTemplate\":\"https:\/\/business.roovi.com\/fr\/?s={search_term_string}\"},\"query-input\":\"required name=search_term_string\"}],\"inLanguage\":\"fr-FR\"}]}<\/script>\n<!-- \/ Yoast SEO plugin. -->","yoast_head_json":{"title":"Cartes \u00e0 jouer - Poker - Carton","description":"Cartes \u00e0 jouer - Poker - Carton","robots":{"index":"index","follow":"follow","max-snippet":"max-snippet:-1","max-image-preview":"max-image-preview:large","max-video-preview":"max-video-preview:-1"},"canonical":"https:\/\/business.roovi.com\/fr\/cartes-a-jouer-poker-carton\/p\/","og_locale":"fr_FR","og_type":"article","og_title":"Cartes \u00e0 jouer - Poker - Carton","og_description":"Cartes \u00e0 jouer - Poker - Carton","og_url":"https:\/\/business.roovi.com\/fr\/cartes-a-jouer-poker-carton\/p\/","og_site_name":"Roovi B2B","article_publisher":"https:\/\/www.facebook.com\/wwwjucariero","article_modified_time":"2023-03-01T15:24:36+00:00","og_image":[{"width":1200,"height":1200,"url":"https:\/\/business.roovi.com\/wp-content\/uploads\/2018\/04\/Poker-02.jpg","type":"image\/jpeg"}],"twitter_misc":{"Dur\u00e9e de lecture estim\u00e9e":"2 minutes"},"schema":{"@context":"https:\/\/schema.org","@graph":[{"@type":"WebPage","@id":"https:\/\/business.roovi.com\/fr\/cartes-a-jouer-poker-carton\/p\/","url":"https:\/\/business.roovi.com\/fr\/cartes-a-jouer-poker-carton\/p\/","name":"Cartes \u00e0 jouer - Poker - Carton","isPartOf":{"@id":"https:\/\/business.roovi.com\/fr\/#website"},"datePublished":"2018-04-16T10:56:09+00:00","dateModified":"2023-03-01T15:24:36+00:00","description":"Cartes \u00e0 jouer - Poker - Carton","breadcrumb":{"@id":"https:\/\/business.roovi.com\/fr\/cartes-a-jouer-poker-carton\/p\/#breadcrumb"},"inLanguage":"fr-FR","potentialAction":[{"@type":"ReadAction","target":["https:\/\/business.roovi.com\/fr\/cartes-a-jouer-poker-carton\/p\/"]}]},{"@type":"BreadcrumbList","@id":"https:\/\/business.roovi.com\/fr\/cartes-a-jouer-poker-carton\/p\/#breadcrumb","itemListElement":[{"@type":"ListItem","position":1,"name":"Home","item":"https:\/\/business.roovi.com\/fr\/"},{"@type":"ListItem","position":2,"name":"Boutique","item":"https:\/\/business.roovi.com\/fr\/boutique\/"},{"@type":"ListItem","position":3,"name":"Cartes \u00e0 jouer professionnelles &#8211; Poker &#8211; Carton"}]},{"@type":"WebSite","@id":"https:\/\/business.roovi.com\/fr\/#website","url":"https:\/\/business.roovi.com\/fr\/","name":"Roovi B2B","description":"Roovi Business Website","potentialAction":[{"@type":"SearchAction","target":{"@type":"EntryPoint","urlTemplate":"https:\/\/business.roovi.com\/fr\/?s={search_term_string}"},"query-input":"required name=search_term_string"}],"inLanguage":"fr-FR"}]}},"_links":{"self":[{"href":"https:\/\/business.roovi.com\/fr\/wp-json\/wp\/v2\/product\/55031","targetHints":{"allow":["GET"]}}],"collection":[{"href":"https:\/\/business.roovi.com\/fr\/wp-json\/wp\/v2\/product"}],"about":[{"href":"https:\/\/business.roovi.com\/fr\/wp-json\/wp\/v2\/types\/product"}],"version-history":[{"count":0,"href":"https:\/\/business.roovi.com\/fr\/wp-json\/wp\/v2\/product\/55031\/revisions"}],"wp:featuredmedia":[{"embeddable":true,"href":"https:\/\/business.roovi.com\/fr\/wp-json\/wp\/v2\/media\/68860"}],"wp:attachment":[{"href":"https:\/\/business.roovi.com\/fr\/wp-json\/wp\/v2\/media?parent=55031"}],"wp:term":[{"taxonomy":"product_brand","embeddable":true,"href":"https:\/\/business.roovi.com\/fr\/wp-json\/wp\/v2\/product_brand?post=55031"},{"taxonomy":"product_cat","embeddable":true,"href":"https:\/\/business.roovi.com\/fr\/wp-json\/wp\/v2\/product_cat?post=55031"},{"taxonomy":"product_tag","embeddable":true,"href":"https:\/\/business.roovi.com\/fr\/wp-json\/wp\/v2\/product_tag?post=55031"}],"curies":[{"name":"wp","href":"https:\/\/api.w.org\/{rel}","templated":true}]}}