{"id":55090,"date":"2018-04-16T10:56:16","date_gmt":"2018-04-16T10:56:16","guid":{"rendered":"https:\/\/business.roovi.com\/puzzle-adulti-1000-piese-castele-franceze-castel-chambord\/p\/"},"modified":"2022-07-13T11:15:20","modified_gmt":"2022-07-13T11:15:20","slug":"puzzle-adulte-1000-pieces-chateaux-francais-chateau-de-chambord","status":"publish","type":"product","link":"https:\/\/business.roovi.com\/fr\/puzzle-adulte-1000-pieces-chateaux-francais-chateau-de-chambord\/p\/","title":{"rendered":"Puzzle Adulte 1000 pi\u00e8ces Ch\u00e2teaux Fran\u00e7ais &#8211; Ch\u00e2teau de Chambord"},"content":{"rendered":"<p><strong><em>Embarquez pour un voyage fascinant dans la vall\u00e9e de la Loire et d\u00e9couvrez le ch\u00e2teau fran\u00e7ais le plus c\u00e9l\u00e8bre de la r\u00e9gion avec le puzzle de 1000 pi\u00e8ces Ch\u00e2teau de Chambord.<\/em><\/strong><span style=\"font-weight: 400;\"> <\/span><\/p>\n<p><span style=\"font-weight: 400;\">Construit au c\u0153ur du plus grand parc forestier clos d&rsquo;Europe, le ch\u00e2teau de Chambord se distingue par une structure architecturale qui combine des structures m\u00e9di\u00e9vales fran\u00e7aises et de la Renaissance classique.<\/span><\/p>\n<p><span style=\"font-weight: 400;\">Les travaux du Ch\u00e2teau de Chambord ont commenc\u00e9 sous Fran\u00e7ois Ier en 1519, qui a personnellement supervis\u00e9 les travaux. Le roi voulait que le b\u00e2timent serve de domaine de chasse. Cependant, le roi n&rsquo;a pass\u00e9 que 72 jours ici durant sa vie, lors de courtes visites de chasse. \u00c0 cette \u00e9poque, il n&rsquo;y avait pas de sources de nourriture \u00e0 proximit\u00e9, la seule source imm\u00e9diate \u00e9tant le gibier <\/span><\/p>\n<p><span style=\"font-weight: 400;\">De nombreuses ann\u00e9es et de nombreux rois ont pass\u00e9 avant que la construction et l&rsquo;am\u00e9nagement de l&rsquo;imposant ch\u00e2teau ne soient termin\u00e9s. Consid\u00e9r\u00e9 comme un ch\u00e2teau de la d\u00e9mesure en raison de sa taille impressionnante, le ch\u00e2teau de Chambord attire les touristes du monde entier, si bien que presque tous ceux qui viennent dans la vall\u00e9e de la Loire passent par ses portes.<\/span><\/p>\n<p><span style=\"font-weight: 400;\">Maintenant que tu sais \u00e0 quel point le c\u00e9l\u00e8bre ch\u00e2teau a \u00e9t\u00e9 construit, le reconstituer \u00e0 partir de 1 000 pi\u00e8ces de puzzle semble \u00eatre un jeu d&rsquo;enfant. Mets les pi\u00e8ces les unes apr\u00e8s les autres et construis chaque tour du ch\u00e2teau et la vue environnante, et quand le tableau est termin\u00e9, admire un b\u00e2timent monumental dans toute sa splendeur <\/span><\/p>\n<p><strong>Pourquoi choisir le puzzle 1000 pi\u00e8ces Ch\u00e2teaux fran\u00e7ais &#8211; Ch\u00e2teau de Chambord ?<\/strong><\/p>\n<p><span style=\"font-weight: 400;\">Tu obtiens une belle photo de 68 x 47 cm du ch\u00e2teau <\/span><span style=\"font-weight: 400;\">Chambord<\/span><span style=\"font-weight: 400;\">.<\/span><\/p>\n<p><span style=\"font-weight: 400;\">Tu peux utiliser cette peinture \u00e0 des fins d\u00e9coratives pour embellir ta maison.<\/span><\/p>\n<p><span style=\"font-weight: 400;\">Il a une finition semi-brillante dans des couleurs agr\u00e9ables qui font ressortir la clart\u00e9 de l&rsquo;image.<\/span><\/p>\n<p><span style=\"font-weight: 400;\">Il est fabriqu\u00e9 en carton bleu de haute qualit\u00e9, ce qui le rend r\u00e9sistant aux multiples assemblages.<\/span><\/p>\n<p><span style=\"font-weight: 400;\">Les mat\u00e9riaux utilis\u00e9s pour fabriquer ce puzzle de 1000 pi\u00e8ces sont durables et recyclables.<\/span><\/p>\n<p><span style=\"font-weight: 400;\">Convient aux personnes de plus de 14 ans &#8211; raison de passer du temps de qualit\u00e9 avec les adolescents.<\/span><\/p>\n<p><span style=\"font-weight: 400;\">Un puzzle de 1000 pi\u00e8ces est une occasion unique de d\u00e9couvrir le caract\u00e8re unique et la grandeur de sites c\u00e9l\u00e8bres du monde entier.<\/span><\/p>\n<p><strong>Tu savais que&#8230; ?<\/strong><\/p>\n<p><span style=\"font-weight: 400;\">Bien que l&rsquo;histoire ne mentionne pas le nom de L\u00e9onard de Vinci comme architecte du ch\u00e2teau, de nombreux experts pensent que l&rsquo;escalier central et le syst\u00e8me de ventilation innovant portent clairement son g\u00e9nie.<\/span><\/p>\n<p><span style=\"font-weight: 400;\">Le parc du ch\u00e2teau couvre une immense superficie de 5 440 hectares et est entour\u00e9 de 32 kilom\u00e8tres de murs.<\/span><\/p>\n<p><span style=\"font-weight: 400;\">La salamandre est repr\u00e9sent\u00e9e environ 300 fois sur les murs et le plafond du ch\u00e2teau. Ce petit amphibien \u00e9tait l&#8217;embl\u00e8me de Fran\u00e7ois Ier.<\/span><\/p>\n<p><span style=\"font-weight: 400;\">Pendant pr\u00e8s de 80 ans, depuis la mort du roi Fran\u00e7ois Ier, le ch\u00e2teau est rest\u00e9 inutilis\u00e9, devenant une ruine. Ce n&rsquo;est qu&rsquo;en 1639 que le roi Louis XIII a d\u00e9cid\u00e9 de reprendre les travaux de restauration.<\/span><\/p>\n<p><span style=\"font-weight: 400;\">Pendant la Seconde Guerre mondiale, de nombreuses \u0153uvres pr\u00e9cieuses du Mus\u00e9e du Louvre ont \u00e9t\u00e9 h\u00e9berg\u00e9es ici, notamment le portrait de Mona Lisa.<\/span><\/p>\n<p><span style=\"font-weight: 400;\">Le puzzle Chambord Castle 1000 pi\u00e8ces peut \u00eatre un moyen d&rsquo;\u00e9vacuer le stress et de se d\u00e9tacher des probl\u00e8mes quotidiens. Cela te donne aussi diverses possibilit\u00e9s de d\u00e9veloppement :<\/span><\/p>\n<ul>\n<li><span style=\"font-weight: 400;\">C&rsquo;est un exercice complexe pour le cerveau.<\/span><\/li>\n<li><span style=\"font-weight: 400;\">Il am\u00e9liore ta coordination et ta dext\u00e9rit\u00e9.<\/span><\/li>\n<li><span style=\"font-weight: 400;\">Il garde ta m\u00e9moire vive.<\/span><\/li>\n<li><span style=\"font-weight: 400;\">Elle cultive la patience et la pers\u00e9v\u00e9rance.<\/span><\/li>\n<li><span style=\"font-weight: 400;\">Donne un sens aux heures monotones o\u00f9 tu n&rsquo;as rien \u00e0 faire.<\/span><\/li>\n<\/ul>\n<p><span style=\"font-weight: 400;\">Choisis donc le puzzle de 1000 pi\u00e8ces <\/span><span style=\"font-weight: 400;\">Ch\u00e2teau de Chambord et profite de tous les avantages de jouer au puzzle. D\u00e9couvre la gamme compl\u00e8te de puzzles de ch\u00e2teaux fran\u00e7ais de 1000 pi\u00e8ces, assemble les images et cr\u00e9e ta propre collection sp\u00e9ciale d&rsquo;images aux objectifs fascinants.<\/span><\/p><\/p>\n","protected":false},"excerpt":{"rendered":"<p>Embarquez pour un voyage fascinant dans la vall\u00e9e de la Loire et d\u00e9couvrez le ch\u00e2teau fran\u00e7ais le plus c\u00e9l\u00e8bre de<\/p>\n","protected":false},"featured_media":46370,"template":"","meta":[],"product_brand":[],"product_cat":[2314,2316,2315],"product_tag":[],"class_list":{"0":"post-55090","1":"product","2":"type-product","3":"status-publish","4":"has-post-thumbnail","6":"product_cat-puzzles-fr","7":"product_cat-puzzles-de-1000-pieces","8":"product_cat-puzzles-pour-adultes","9":"pa_bax-10-fr","10":"pa_brand-d_toys-fr","11":"pa_country_of_manufacture-ro-fr","12":"pa_filter_age-14-fr","13":"pa_painter-chateaux-francais","14":"pa_tip_ambalaj-boite","15":"pa_tip_puzzle-classique","17":"first","18":"instock","19":"taxable","20":"shipping-taxable","21":"product-type-simple"},"yoast_head":"<!-- This site is optimized with the Yoast SEO plugin v20.1 - https:\/\/yoast.com\/wordpress\/plugins\/seo\/ -->\n<title>Puzzle Adulte 1000 pi\u00e8ces Ch\u00e2teaux Fran\u00e7ais - Ch\u00e2teau de Chambord<\/title>\n<meta name=\"description\" content=\"Puzzle Adulte 1000 pi\u00e8ces Ch\u00e2teaux Fran\u00e7ais - Ch\u00e2teau de Chambord\" \/>\n<meta name=\"robots\" content=\"index, follow, max-snippet:-1, max-image-preview:large, max-video-preview:-1\" \/>\n<link rel=\"canonical\" href=\"https:\/\/business.roovi.com\/fr\/puzzle-adulte-1000-pieces-chateaux-francais-chateau-de-chambord\/p\/\" \/>\n<meta property=\"og:locale\" content=\"fr_FR\" \/>\n<meta property=\"og:type\" content=\"article\" \/>\n<meta property=\"og:title\" content=\"Puzzle Adulte 1000 pi\u00e8ces Ch\u00e2teaux Fran\u00e7ais - Ch\u00e2teau de Chambord\" \/>\n<meta property=\"og:description\" content=\"Puzzle Adulte 1000 pi\u00e8ces Ch\u00e2teaux Fran\u00e7ais - Ch\u00e2teau de Chambord\" \/>\n<meta property=\"og:url\" content=\"https:\/\/business.roovi.com\/fr\/puzzle-adulte-1000-pieces-chateaux-francais-chateau-de-chambord\/p\/\" \/>\n<meta property=\"og:site_name\" content=\"Roovi B2B\" \/>\n<meta property=\"article:publisher\" content=\"https:\/\/www.facebook.com\/wwwjucariero\" \/>\n<meta property=\"article:modified_time\" content=\"2022-07-13T11:15:20+00:00\" \/>\n<meta property=\"og:image\" content=\"https:\/\/business.roovi.com\/wp-content\/uploads\/2018\/04\/67562-01-ansamblu_dimensiuni-cutie-cm_orizontal.png\" \/>\n\t<meta property=\"og:image:width\" content=\"900\" \/>\n\t<meta property=\"og:image:height\" content=\"900\" \/>\n\t<meta property=\"og:image:type\" content=\"image\/png\" \/>\n<meta name=\"twitter:label1\" content=\"Dur\u00e9e de lecture estim\u00e9e\" \/>\n\t<meta name=\"twitter:data1\" content=\"3 minutes\" \/>\n<script type=\"application\/ld+json\" class=\"yoast-schema-graph\">{\"@context\":\"https:\/\/schema.org\",\"@graph\":[{\"@type\":\"WebPage\",\"@id\":\"https:\/\/business.roovi.com\/fr\/puzzle-adulte-1000-pieces-chateaux-francais-chateau-de-chambord\/p\/\",\"url\":\"https:\/\/business.roovi.com\/fr\/puzzle-adulte-1000-pieces-chateaux-francais-chateau-de-chambord\/p\/\",\"name\":\"Puzzle Adulte 1000 pi\u00e8ces Ch\u00e2teaux Fran\u00e7ais - Ch\u00e2teau de Chambord\",\"isPartOf\":{\"@id\":\"https:\/\/business.roovi.com\/fr\/#website\"},\"datePublished\":\"2018-04-16T10:56:16+00:00\",\"dateModified\":\"2022-07-13T11:15:20+00:00\",\"description\":\"Puzzle Adulte 1000 pi\u00e8ces Ch\u00e2teaux Fran\u00e7ais - Ch\u00e2teau de Chambord\",\"breadcrumb\":{\"@id\":\"https:\/\/business.roovi.com\/fr\/puzzle-adulte-1000-pieces-chateaux-francais-chateau-de-chambord\/p\/#breadcrumb\"},\"inLanguage\":\"fr-FR\",\"potentialAction\":[{\"@type\":\"ReadAction\",\"target\":[\"https:\/\/business.roovi.com\/fr\/puzzle-adulte-1000-pieces-chateaux-francais-chateau-de-chambord\/p\/\"]}]},{\"@type\":\"BreadcrumbList\",\"@id\":\"https:\/\/business.roovi.com\/fr\/puzzle-adulte-1000-pieces-chateaux-francais-chateau-de-chambord\/p\/#breadcrumb\",\"itemListElement\":[{\"@type\":\"ListItem\",\"position\":1,\"name\":\"Home\",\"item\":\"https:\/\/business.roovi.com\/fr\/\"},{\"@type\":\"ListItem\",\"position\":2,\"name\":\"Boutique\",\"item\":\"https:\/\/business.roovi.com\/fr\/boutique\/\"},{\"@type\":\"ListItem\",\"position\":3,\"name\":\"Puzzle Adulte 1000 pi\u00e8ces Ch\u00e2teaux Fran\u00e7ais &#8211; Ch\u00e2teau de Chambord\"}]},{\"@type\":\"WebSite\",\"@id\":\"https:\/\/business.roovi.com\/fr\/#website\",\"url\":\"https:\/\/business.roovi.com\/fr\/\",\"name\":\"Roovi B2B\",\"description\":\"Roovi Business Website\",\"potentialAction\":[{\"@type\":\"SearchAction\",\"target\":{\"@type\":\"EntryPoint\",\"urlTemplate\":\"https:\/\/business.roovi.com\/fr\/?s={search_term_string}\"},\"query-input\":\"required name=search_term_string\"}],\"inLanguage\":\"fr-FR\"}]}<\/script>\n<!-- \/ Yoast SEO plugin. -->","yoast_head_json":{"title":"Puzzle Adulte 1000 pi\u00e8ces Ch\u00e2teaux Fran\u00e7ais - Ch\u00e2teau de Chambord","description":"Puzzle Adulte 1000 pi\u00e8ces Ch\u00e2teaux Fran\u00e7ais - Ch\u00e2teau de Chambord","robots":{"index":"index","follow":"follow","max-snippet":"max-snippet:-1","max-image-preview":"max-image-preview:large","max-video-preview":"max-video-preview:-1"},"canonical":"https:\/\/business.roovi.com\/fr\/puzzle-adulte-1000-pieces-chateaux-francais-chateau-de-chambord\/p\/","og_locale":"fr_FR","og_type":"article","og_title":"Puzzle Adulte 1000 pi\u00e8ces Ch\u00e2teaux Fran\u00e7ais - Ch\u00e2teau de Chambord","og_description":"Puzzle Adulte 1000 pi\u00e8ces Ch\u00e2teaux Fran\u00e7ais - Ch\u00e2teau de Chambord","og_url":"https:\/\/business.roovi.com\/fr\/puzzle-adulte-1000-pieces-chateaux-francais-chateau-de-chambord\/p\/","og_site_name":"Roovi B2B","article_publisher":"https:\/\/www.facebook.com\/wwwjucariero","article_modified_time":"2022-07-13T11:15:20+00:00","og_image":[{"width":900,"height":900,"url":"https:\/\/business.roovi.com\/wp-content\/uploads\/2018\/04\/67562-01-ansamblu_dimensiuni-cutie-cm_orizontal.png","type":"image\/png"}],"twitter_misc":{"Dur\u00e9e de lecture estim\u00e9e":"3 minutes"},"schema":{"@context":"https:\/\/schema.org","@graph":[{"@type":"WebPage","@id":"https:\/\/business.roovi.com\/fr\/puzzle-adulte-1000-pieces-chateaux-francais-chateau-de-chambord\/p\/","url":"https:\/\/business.roovi.com\/fr\/puzzle-adulte-1000-pieces-chateaux-francais-chateau-de-chambord\/p\/","name":"Puzzle Adulte 1000 pi\u00e8ces Ch\u00e2teaux Fran\u00e7ais - Ch\u00e2teau de Chambord","isPartOf":{"@id":"https:\/\/business.roovi.com\/fr\/#website"},"datePublished":"2018-04-16T10:56:16+00:00","dateModified":"2022-07-13T11:15:20+00:00","description":"Puzzle Adulte 1000 pi\u00e8ces Ch\u00e2teaux Fran\u00e7ais - Ch\u00e2teau de Chambord","breadcrumb":{"@id":"https:\/\/business.roovi.com\/fr\/puzzle-adulte-1000-pieces-chateaux-francais-chateau-de-chambord\/p\/#breadcrumb"},"inLanguage":"fr-FR","potentialAction":[{"@type":"ReadAction","target":["https:\/\/business.roovi.com\/fr\/puzzle-adulte-1000-pieces-chateaux-francais-chateau-de-chambord\/p\/"]}]},{"@type":"BreadcrumbList","@id":"https:\/\/business.roovi.com\/fr\/puzzle-adulte-1000-pieces-chateaux-francais-chateau-de-chambord\/p\/#breadcrumb","itemListElement":[{"@type":"ListItem","position":1,"name":"Home","item":"https:\/\/business.roovi.com\/fr\/"},{"@type":"ListItem","position":2,"name":"Boutique","item":"https:\/\/business.roovi.com\/fr\/boutique\/"},{"@type":"ListItem","position":3,"name":"Puzzle Adulte 1000 pi\u00e8ces Ch\u00e2teaux Fran\u00e7ais &#8211; Ch\u00e2teau de Chambord"}]},{"@type":"WebSite","@id":"https:\/\/business.roovi.com\/fr\/#website","url":"https:\/\/business.roovi.com\/fr\/","name":"Roovi B2B","description":"Roovi Business Website","potentialAction":[{"@type":"SearchAction","target":{"@type":"EntryPoint","urlTemplate":"https:\/\/business.roovi.com\/fr\/?s={search_term_string}"},"query-input":"required name=search_term_string"}],"inLanguage":"fr-FR"}]}},"_links":{"self":[{"href":"https:\/\/business.roovi.com\/fr\/wp-json\/wp\/v2\/product\/55090","targetHints":{"allow":["GET"]}}],"collection":[{"href":"https:\/\/business.roovi.com\/fr\/wp-json\/wp\/v2\/product"}],"about":[{"href":"https:\/\/business.roovi.com\/fr\/wp-json\/wp\/v2\/types\/product"}],"version-history":[{"count":0,"href":"https:\/\/business.roovi.com\/fr\/wp-json\/wp\/v2\/product\/55090\/revisions"}],"wp:featuredmedia":[{"embeddable":true,"href":"https:\/\/business.roovi.com\/fr\/wp-json\/wp\/v2\/media\/46370"}],"wp:attachment":[{"href":"https:\/\/business.roovi.com\/fr\/wp-json\/wp\/v2\/media?parent=55090"}],"wp:term":[{"taxonomy":"product_brand","embeddable":true,"href":"https:\/\/business.roovi.com\/fr\/wp-json\/wp\/v2\/product_brand?post=55090"},{"taxonomy":"product_cat","embeddable":true,"href":"https:\/\/business.roovi.com\/fr\/wp-json\/wp\/v2\/product_cat?post=55090"},{"taxonomy":"product_tag","embeddable":true,"href":"https:\/\/business.roovi.com\/fr\/wp-json\/wp\/v2\/product_tag?post=55090"}],"curies":[{"name":"wp","href":"https:\/\/api.w.org\/{rel}","templated":true}]}}